{"id":38986,"date":"2026-01-27T11:58:50","date_gmt":"2026-01-27T11:58:50","guid":{"rendered":"https:\/\/hughes1stg.wpenginepowered.com\/sistema-jupiter"},"modified":"2026-02-18T20:24:44","modified_gmt":"2026-02-18T20:24:44","slug":"sistema-jupiter","status":"publish","type":"page","link":"https:\/\/www.hughes.com\/pe\/soluciones\/servicios-satelitales-systems-terrestre\/sistema-jupiter","title":{"rendered":"Sistema JUPITER"},"content":{"rendered":"<!-- Solution Hero --><section class=\"solution-hero-section\">\r\n    <div class=\"shs-wrapper bg-dark border-radius-bottom-lr\">\r\n        <div class=\"shs-hero\"><div class=\"shs-bg-media\"><img src=\"https:\/\/www.hughes.com\/wp-content\/uploads\/2026\/02\/JUPITERSystem.jpg.webp\" srcset=\"https:\/\/www.hughes.com\/wp-content\/uploads\/2026\/02\/JUPITERSystem.jpg.webp 1280w, https:\/\/www.hughes.com\/wp-content\/uploads\/2026\/02\/JUPITERSystem.jpg-300x113.webp 300w, https:\/\/www.hughes.com\/wp-content\/uploads\/2026\/02\/JUPITERSystem.jpg-1024x384.webp 1024w, https:\/\/www.hughes.com\/wp-content\/uploads\/2026\/02\/JUPITERSystem.jpg-768x288.webp 768w\" sizes=\"(max-width: 1280px) 100vw, 1280px\" alt=\"JUPITER System\" class=\"\" loading=\"eager\" decoding=\"async\" width=\"1280\" height=\"480\" fetchpriority=\"high\"><\/div><div class=\"container\">\r\n                <div class=\"shs-hero-content\"><h1 class=\"h1 title\">Sistema JUPITER de Hughes: El sistema VSAT que estableci\u00f3 el est\u00e1ndar<\/h1><h2 class=\"desc\"><p>Conectando todo lo posible, el Sistema JUPITER de Hughes admite implementaciones satelitales para banda ancha de consumidores y empresas, backhaul celular, y movilidad a\u00e9rea y mar\u00edtima.<\/p>\n<\/h2><\/div>\r\n            <\/div><\/div><div class=\"shs-overview\">\r\n                <div class=\"container\">\r\n                    <div class=\"shs-overview-content row\"><div class=\"introduction -lg cell-12\"><p>El Sistema JUPITER\u2122 de Hughes hace posible cada conexi\u00f3n con una arquitectura definida por software, dise\u00f1o listo para 5G y gesti\u00f3n de red virtual habilitada en la nube. Dise\u00f1ado por Hughes, el proveedor l\u00edder mundial en banda ancha satelital, el Sistema JUPITER impulsa millones de conexiones en todo el mundo. <a href=\"https:\/\/www.hughes.com\/pe\/contactenos\"><strong>Cont\u00e1ctenos<\/strong><\/a><strong> para obtener m\u00e1s informaci\u00f3n sobre c\u00f3mo conectarse con el Sistema JUPITER de Hughes.<\/strong><\/p>\n<\/div><div class=\"left-column -lg cell-md-6\"><h3>El poder de lo posible<\/h3>\n<p>JUPITER es el sistema VSAT m\u00e1s utilizado en el mundo. \u00a0Una plataforma de terminal de Apertura Muy Peque\u00f1a (VSAT) para servicios de banda ancha satelital en sat\u00e9lites convencionales y de alto rendimiento (HTS). Pone el poder de lo posible en una plataforma terrestre escalable, permiti\u00e9ndole ofrecer m\u00faltiples servicios desde sus activos satelitales con simplicidad en la gesti\u00f3n, eficiencia operativa y la mejor relaci\u00f3n precio-rendimiento en la industria.<\/p>\n<\/div><div class=\"right-column -lg cell-md-6\"><h3>Habilitando la conectividad en todo el mundo<\/h3>\n<p>El Sistema JUPITER permite la conectividad en todo el mundo, incluyendo Egipto, Indonesia, Filipinas, \u00c1frica, Australia, Om\u00e1n y m\u00e1s. Impulsa una gama de aplicaciones satelitales, como <a href=\"https:\/\/www.hughes.com\/pe\/soluciones\/para-la-brecha-digital\/backhaul-celular\">backhaul celular<\/a>, <a href=\"https:\/\/www.hughes.com\/pe\/soluciones\/para-la-brecha-digital\/wifi-comunitario\">Wi-Fi comunitario<\/a>, movilidad aeron\u00e1utica y mar\u00edtima, y <a href=\"https:\/\/www.hughes.com\/pe\/soluciones\/para-la-brecha-digital\/acceso-a-internet\">acceso a internet<\/a>.<\/p>\n<\/div><\/div>\r\n                <\/div>\r\n            <\/div><\/div>\r\n<\/section>\n\n<!-- Two-Column Content --><section class=\"two-column-content-section space-lg-m\">\r\n        <div class=\"container\"><div class=\"tccs-row row\"><div class=\"tccs-row-left cell-lg-7 cell-md-6\"><div class=\"tccs-text-block bullet-styled\"><h3>Innovaci\u00f3n constante.<\/h3>\n<p>Fabricado en las instalaciones de Hughes en Maryland, EE. UU., el Sistema JUPITER se beneficia de una innovaci\u00f3n continua y su tercera generaci\u00f3n, la &#8220;Serie 3&#8221; incluye:<\/p>\n<ul>\n<li>Hubs o gateways<\/li>\n<li>Terminales de usuario (VSAT)<\/li>\n<li>Software que se actualiza regularmente<\/li>\n<li>Sistemas automatizados de Soporte de Operaciones (OSS) y Sistemas de Soporte Empresarial (BSS)<\/li>\n<\/ul>\n<\/div><\/div><div class=\"tccs-row-right cell-lg-5 cell-md-6\"><div class=\"tccs-image-block\">\r\n                                        <div class=\"tccs-image\"><img src=\"https:\/\/www.hughes.com\/wp-content\/uploads\/2026\/02\/Hughes-EXM-facility.jpg.webp\" srcset=\"https:\/\/www.hughes.com\/wp-content\/uploads\/2026\/02\/Hughes-EXM-facility.jpg.webp 946w, https:\/\/www.hughes.com\/wp-content\/uploads\/2026\/02\/Hughes-EXM-facility.jpg-300x170.webp 300w, https:\/\/www.hughes.com\/wp-content\/uploads\/2026\/02\/Hughes-EXM-facility.jpg-768x434.webp 768w\" sizes=\"auto, (max-width: 946px) 100vw, 946px\" alt=\"Hughes EXM Facility in Maryland, USA\" class=\"\" loading=\"lazy\" decoding=\"async\" width=\"946\" height=\"535\"><\/div>\r\n                                    <\/div><\/div><\/div><\/div>\r\n    <\/section>\r\n<!-- <script>\r\nwindow.hasClicked = window.hasClicked || {};\r\njQuery(document).on('gform_confirmation_loaded', function(event, formId) {\r\n    const formBlocks = document.querySelectorAll('.two-column-content-section .tccs-form-block');\r\n\r\n    formBlocks.forEach(block => {\r\n        const thankYou = block.querySelector('.tccs-thank-you');\r\n\r\n        const leftLink = block.querySelector('[class^=\"left-redirect-link-\"]');\r\n        if(leftLink) {\r\n            const linkFormId = parseInt(leftLink.getAttribute('title'));\r\n            if(!isNaN(linkFormId) && formId === linkFormId) {\r\n                if(thankYou) thankYou.classList.remove('d-none');\r\n                const index = leftLink.className.match(\/left-redirect-link-(\\d+)\/)[1];\r\n                if(!window.hasClicked[index]) {\r\n                    window.hasClicked[index] = true;\r\n                    leftLink.click();\r\n                }\r\n            }\r\n        }\r\n\r\n        const rightLink = block.querySelector('[class^=\"right-redirect-link-\"]');\r\n        if(rightLink) {\r\n            const linkFormId = parseInt(rightLink.getAttribute('title'));\r\n            if(!isNaN(linkFormId) && formId === linkFormId) {\r\n                if(thankYou) thankYou.classList.remove('d-none');\r\n                const index = rightLink.className.match(\/right-redirect-link-(\\d+)\/)[1];\r\n                if(!window.hasClicked[index]) {\r\n                    window.hasClicked[index] = true;\r\n                    rightLink.click();\r\n                }\r\n            }\r\n        }\r\n\r\n    });\r\n});\r\n<\/script> -->\r\n\n\n<!-- Two-Column Content --><section class=\"two-column-content-section space-lg-m\">\r\n        <div class=\"container\"><div class=\"tccs-row row\"><div class=\"tccs-row-left cell-md-6\"><div class=\"tccs-text-block bullet-styled\"><h3>Hardware flexible y escalable<\/h3>\n<p>Los nuevos terminales, data centers y gateways de la Serie 3 del Sistema JUPITER combinan componentes electr\u00f3nicos de vanguardia y una arquitectura de nube privada, integrando de mejor manera los nuevos sat\u00e9lites geoestacionarios con redes terrestres para aumentar la adaptabilidad, mejorar el rendimiento y reducir la latencia. Estas mejoras recientes incluyen:<\/p>\n<ul>\n<li><strong>Un nuevo &#8220;sistema en un chip&#8221;<\/strong> dentro de cada terminal remoto, capaz de ofrecer un servicio de alta velocidad de m\u00e1s de 400 Mbps de descarga (posible gracias a una nueva forma de onda de 500 MHz con mayores tasas de decodificaci\u00f3n)<\/li>\n<li><strong>Arquitectura de gateways de alta densidad<\/strong> que utiliza un conjunto de m\u00f3dems y recursos de procesamiento IP para soportar m\u00e1s de 50 Gbps por rack<\/li>\n<li><strong>Construcci\u00f3n de gateways delgada<\/strong> con equipos dentro del pedestal, lo que facilita su instalaci\u00f3n cerca de centros de datos en la nube y accesos a internet para servicios de mayor velocidad y menor latencia<\/li>\n<li><strong>Data centers centralizados<\/strong>, necesarios para soportar los gateways de banda Q y banda V, que gestionan la aceleraci\u00f3n del tr\u00e1fico y el enrutamiento (a diferencia de un modelo distribuido donde el procesamiento ocurre en cada gateway de forma individual), ayudando a reducir el costo<\/li>\n<li><strong>Terminales de Apertura Muy Peque\u00f1a (VSAT) con la mejor relaci\u00f3n costo-rendimiento,<\/strong> impulsados por el nuevo sistema en un chip<\/li>\n<li><strong>Gesti\u00f3n de red privada en la nube<\/strong> que brinda a los operadores una visi\u00f3n y control en cualquier momento y lugar sobre sus implementaciones satelitales<\/li>\n<\/ul>\n<\/div><\/div><div class=\"tccs-row-right cell-md-6\"><div class=\"tccs-text-block bullet-styled\"><h3>Software m\u00e1s inteligente para un servicio superior<\/h3>\n<p>Los operadores del Sistema JUPITER, tanto nuevos como existentes, disfrutan de un enfoque m\u00e1s inteligente para la orquestaci\u00f3n y gesti\u00f3n de redes gracias a la actualizaci\u00f3n regular del software. Las mejoras m\u00e1s recientes permiten:<\/p>\n<ul>\n<li><strong>Redes satelitales definidas por software<\/strong> con potentes APIs y procesos r\u00e1pidos de reconfiguraci\u00f3n de m\u00f3dems para implementar de mejor manera la nueva clase de cargas \u00fatiles flexibles y definidas por software<\/li>\n<li><strong>Hughes ActiveTechnologies<\/strong>\u2122 para calidad de servicio, control del flujo de tr\u00e1fico, control inteligente de rutas y priorizaci\u00f3n de aplicaciones<\/li>\n<li><strong>Reconfiguraci\u00f3n din\u00e1mica de enrutamiento<\/strong> ajustando las portadoras del canal de retorno para entregar la m\u00e1xima eficiencia posible para todas las aplicaciones.<\/li>\n<li><strong>Cambio de beams m\u00e1s r\u00e1pido y centralizado<\/strong> para mejorar la experiencia del usuario en movilidad a\u00e9rea y mar\u00edtima<\/li>\n<li><strong>Redes inteligentes definidas por software (SDN)<\/strong> para un cambio casi instant\u00e1neo del tr\u00e1fico del gateway entre la banda Q y la banda V, asegurando un servicio continuo independientemente de las condiciones clim\u00e1ticas o cambios en el tr\u00e1fico<\/li>\n<li><strong>Balanceo din\u00e1mico de carga de tr\u00e1fico<\/strong> entre gateways y data centers<\/li>\n<li><strong>Soporte VNO a nivel de sistema<\/strong> con la capacidad de definir y gestionar el ancho de banda de VNO a nivel de sistema (adem\u00e1s de a nivel de beam y gateway).<\/li>\n<li><strong>Hardware preparado para la Serie 3<\/strong> para que los operadores puedan instalar y configurar los componentes del Sistema JUPITER<\/li>\n<\/ul>\n<\/div><\/div><\/div><\/div>\r\n    <\/section>\r\n<!-- <script>\r\nwindow.hasClicked = window.hasClicked || {};\r\njQuery(document).on('gform_confirmation_loaded', function(event, formId) {\r\n    const formBlocks = document.querySelectorAll('.two-column-content-section .tccs-form-block');\r\n\r\n    formBlocks.forEach(block => {\r\n        const thankYou = block.querySelector('.tccs-thank-you');\r\n\r\n        const leftLink = block.querySelector('[class^=\"left-redirect-link-\"]');\r\n        if(leftLink) {\r\n            const linkFormId = parseInt(leftLink.getAttribute('title'));\r\n            if(!isNaN(linkFormId) && formId === linkFormId) {\r\n                if(thankYou) thankYou.classList.remove('d-none');\r\n                const index = leftLink.className.match(\/left-redirect-link-(\\d+)\/)[1];\r\n                if(!window.hasClicked[index]) {\r\n                    window.hasClicked[index] = true;\r\n                    leftLink.click();\r\n                }\r\n            }\r\n        }\r\n\r\n        const rightLink = block.querySelector('[class^=\"right-redirect-link-\"]');\r\n        if(rightLink) {\r\n            const linkFormId = parseInt(rightLink.getAttribute('title'));\r\n            if(!isNaN(linkFormId) && formId === linkFormId) {\r\n                if(thankYou) thankYou.classList.remove('d-none');\r\n                const index = rightLink.className.match(\/right-redirect-link-(\\d+)\/)[1];\r\n                if(!window.hasClicked[index]) {\r\n                    window.hasClicked[index] = true;\r\n                    rightLink.click();\r\n                }\r\n            }\r\n        }\r\n\r\n    });\r\n});\r\n<\/script> -->\r\n\n\n<!-- Text Block --><section class=\"wysiwyg-component space-md-m\">\n        <div class=\"container\">\n            <div class=\"wc-wrap\"><div class=\"wc-decs bullet-styled\"><p>(Ciertas caracter\u00edsticas, como el soporte para cargas \u00fatiles flexibles y beams alimentadores de banda Q y banda V, pueden requerir nuevo hardware)<\/p>\n<\/div><\/div>\n        <\/div>\n    <\/section>","protected":false},"excerpt":{"rendered":"<p>La plataforma JUPITER -el sistema VSAT m\u00e1s utilizado en el mundo- es el sistema preferido por los operadores de redes, los gobiernos, las redes de telefon\u00eda m\u00f3vil y los proveedores de servicios aeron\u00e1uticos y mar\u00edtimos.<\/p>\n","protected":false},"author":1,"featured_media":0,"parent":0,"menu_order":0,"comment_status":"closed","ping_status":"closed","template":"","meta":{"_acf_changed":false,"_searchwp_excluded":"","footnotes":""},"class_list":["post-38986","page","type-page","status-publish","hentry"],"acf":[],"yoast_head":"<!-- This site is optimized with the Yoast SEO plugin v27.3 - https:\/\/yoast.com\/product\/yoast-seo-wordpress\/ -->\n<title>Red Satelital Terrestre del Sistema JUPITER<\/title>\n<meta name=\"description\" content=\"La plataforma JUPITER -el sistema VSAT m\u00e1s utilizado en el mundo- es el sistema preferido por los operadores de redes, los gobiernos, las redes de telefon\u00eda m\u00f3vil y los proveedores de servicios aeron\u00e1uticos y mar\u00edtimos.\" \/>\n<meta name=\"robots\" content=\"index, follow, max-snippet:-1, max-image-preview:large, max-video-preview:-1\" \/>\n<link rel=\"canonical\" href=\"https:\/\/www.hughes.com\/pe\/soluciones\/servicios-satelitales-systems-terrestre\/sistema-jupiter\" \/>\n<meta property=\"og:locale\" content=\"es_ES\" \/>\n<meta property=\"og:type\" content=\"article\" \/>\n<meta property=\"og:title\" content=\"Red Satelital Terrestre del Sistema JUPITER\" \/>\n<meta property=\"og:description\" content=\"La plataforma JUPITER -el sistema VSAT m\u00e1s utilizado en el mundo- es el sistema preferido por los operadores de redes, los gobiernos, las redes de telefon\u00eda m\u00f3vil y los proveedores de servicios aeron\u00e1uticos y mar\u00edtimos.\" \/>\n<meta property=\"og:url\" content=\"https:\/\/www.hughes.com\/pe\/soluciones\/servicios-satelitales-systems-terrestre\/sistema-jupiter\" \/>\n<meta property=\"og:site_name\" content=\"Hughes\" \/>\n<meta property=\"article:publisher\" content=\"https:\/\/www.facebook.com\/HughesConnects\/\" \/>\n<meta property=\"article:modified_time\" content=\"2026-02-18T20:24:44+00:00\" \/>\n<meta property=\"og:image\" content=\"https:\/\/www.hughes.com\/wp-content\/uploads\/2026\/02\/HughesGlobalOpenGraph.jpg\" \/>\n\t<meta property=\"og:image:width\" content=\"1200\" \/>\n\t<meta property=\"og:image:height\" content=\"630\" \/>\n\t<meta property=\"og:image:type\" content=\"image\/jpeg\" \/>\n<meta name=\"twitter:card\" content=\"summary_large_image\" \/>\n<meta name=\"twitter:site\" content=\"@HughesConnects\" \/>\n<script type=\"application\/ld+json\" class=\"yoast-schema-graph\">{\"@context\":\"https:\\\/\\\/schema.org\",\"@graph\":[{\"@type\":\"WebPage\",\"@id\":\"https:\\\/\\\/www.hughes.com\\\/pe\\\/soluciones\\\/servicios-satelitales-systems-terrestre\\\/sistema-jupiter\",\"url\":\"https:\\\/\\\/www.hughes.com\\\/pe\\\/soluciones\\\/servicios-satelitales-systems-terrestre\\\/sistema-jupiter\",\"name\":\"Red Satelital Terrestre del Sistema JUPITER\",\"isPartOf\":{\"@id\":\"https:\\\/\\\/www.hughes.com\\\/pe\\\/#website\"},\"datePublished\":\"2026-01-27T11:58:50+00:00\",\"dateModified\":\"2026-02-18T20:24:44+00:00\",\"description\":\"La plataforma JUPITER -el sistema VSAT m\u00e1s utilizado en el mundo- es el sistema preferido por los operadores de redes, los gobiernos, las redes de telefon\u00eda m\u00f3vil y los proveedores de servicios aeron\u00e1uticos y mar\u00edtimos.\",\"breadcrumb\":{\"@id\":\"https:\\\/\\\/www.hughes.com\\\/pe\\\/soluciones\\\/servicios-satelitales-systems-terrestre\\\/sistema-jupiter#breadcrumb\"},\"inLanguage\":\"es-PE\",\"potentialAction\":[{\"@type\":\"ReadAction\",\"target\":[\"https:\\\/\\\/www.hughes.com\\\/pe\\\/soluciones\\\/servicios-satelitales-systems-terrestre\\\/sistema-jupiter\"]}]},{\"@type\":\"BreadcrumbList\",\"@id\":\"https:\\\/\\\/www.hughes.com\\\/pe\\\/soluciones\\\/servicios-satelitales-systems-terrestre\\\/sistema-jupiter#breadcrumb\",\"itemListElement\":[{\"@type\":\"ListItem\",\"position\":1,\"name\":\"Home\",\"item\":\"https:\\\/\\\/www.hughes.com\\\/pe\"},{\"@type\":\"ListItem\",\"position\":2,\"name\":\"Sistema JUPITER\"}]},{\"@type\":\"WebSite\",\"@id\":\"https:\\\/\\\/www.hughes.com\\\/pe\\\/#website\",\"url\":\"https:\\\/\\\/www.hughes.com\\\/pe\\\/\",\"name\":\"Hughes\",\"description\":\"\",\"publisher\":{\"@id\":\"https:\\\/\\\/www.hughes.com\\\/pe\\\/#organization\"},\"potentialAction\":[{\"@type\":\"SearchAction\",\"target\":{\"@type\":\"EntryPoint\",\"urlTemplate\":\"https:\\\/\\\/www.hughes.com\\\/pe\\\/?s={search_term_string}\"},\"query-input\":{\"@type\":\"PropertyValueSpecification\",\"valueRequired\":true,\"valueName\":\"search_term_string\"}}],\"inLanguage\":\"es-PE\"},{\"@type\":\"Organization\",\"@id\":\"https:\\\/\\\/www.hughes.com\\\/pe\\\/#organization\",\"name\":\"Hughes\",\"url\":\"https:\\\/\\\/www.hughes.com\\\/pe\\\/\",\"logo\":{\"@type\":\"ImageObject\",\"inLanguage\":\"es-PE\",\"@id\":\"https:\\\/\\\/www.hughes.com\\\/pe\\\/#\\\/schema\\\/logo\\\/image\\\/\",\"url\":\"https:\\\/\\\/www.hughes.com\\\/wp-content\\\/uploads\\\/2026\\\/02\\\/HughesEchoStar_Logo.png\",\"contentUrl\":\"https:\\\/\\\/www.hughes.com\\\/wp-content\\\/uploads\\\/2026\\\/02\\\/HughesEchoStar_Logo.png\",\"width\":593,\"height\":213,\"caption\":\"Hughes\"},\"image\":{\"@id\":\"https:\\\/\\\/www.hughes.com\\\/pe\\\/#\\\/schema\\\/logo\\\/image\\\/\"},\"sameAs\":[\"https:\\\/\\\/www.facebook.com\\\/HughesConnects\\\/\",\"https:\\\/\\\/x.com\\\/HughesConnects\",\"https:\\\/\\\/www.youtube.com\\\/user\\\/HughesTV\\\/videos\",\"https:\\\/\\\/www.linkedin.com\\\/company\\\/3569\\\/admin\\\/dashboard\\\/\"]}]}<\/script>\n<!-- \/ Yoast SEO plugin. -->","yoast_head_json":{"title":"Red Satelital Terrestre del Sistema JUPITER","description":"La plataforma JUPITER -el sistema VSAT m\u00e1s utilizado en el mundo- es el sistema preferido por los operadores de redes, los gobiernos, las redes de telefon\u00eda m\u00f3vil y los proveedores de servicios aeron\u00e1uticos y mar\u00edtimos.","robots":{"index":"index","follow":"follow","max-snippet":"max-snippet:-1","max-image-preview":"max-image-preview:large","max-video-preview":"max-video-preview:-1"},"canonical":"https:\/\/www.hughes.com\/pe\/soluciones\/servicios-satelitales-systems-terrestre\/sistema-jupiter","og_locale":"es_ES","og_type":"article","og_title":"Red Satelital Terrestre del Sistema JUPITER","og_description":"La plataforma JUPITER -el sistema VSAT m\u00e1s utilizado en el mundo- es el sistema preferido por los operadores de redes, los gobiernos, las redes de telefon\u00eda m\u00f3vil y los proveedores de servicios aeron\u00e1uticos y mar\u00edtimos.","og_url":"https:\/\/www.hughes.com\/pe\/soluciones\/servicios-satelitales-systems-terrestre\/sistema-jupiter","og_site_name":"Hughes","article_publisher":"https:\/\/www.facebook.com\/HughesConnects\/","article_modified_time":"2026-02-18T20:24:44+00:00","og_image":[{"width":1200,"height":630,"url":"https:\/\/www.hughes.com\/wp-content\/uploads\/2026\/02\/HughesGlobalOpenGraph.jpg","type":"image\/jpeg"}],"twitter_card":"summary_large_image","twitter_site":"@HughesConnects","schema":{"@context":"https:\/\/schema.org","@graph":[{"@type":"WebPage","@id":"https:\/\/www.hughes.com\/pe\/soluciones\/servicios-satelitales-systems-terrestre\/sistema-jupiter","url":"https:\/\/www.hughes.com\/pe\/soluciones\/servicios-satelitales-systems-terrestre\/sistema-jupiter","name":"Red Satelital Terrestre del Sistema JUPITER","isPartOf":{"@id":"https:\/\/www.hughes.com\/pe\/#website"},"datePublished":"2026-01-27T11:58:50+00:00","dateModified":"2026-02-18T20:24:44+00:00","description":"La plataforma JUPITER -el sistema VSAT m\u00e1s utilizado en el mundo- es el sistema preferido por los operadores de redes, los gobiernos, las redes de telefon\u00eda m\u00f3vil y los proveedores de servicios aeron\u00e1uticos y mar\u00edtimos.","breadcrumb":{"@id":"https:\/\/www.hughes.com\/pe\/soluciones\/servicios-satelitales-systems-terrestre\/sistema-jupiter#breadcrumb"},"inLanguage":"es-PE","potentialAction":[{"@type":"ReadAction","target":["https:\/\/www.hughes.com\/pe\/soluciones\/servicios-satelitales-systems-terrestre\/sistema-jupiter"]}]},{"@type":"BreadcrumbList","@id":"https:\/\/www.hughes.com\/pe\/soluciones\/servicios-satelitales-systems-terrestre\/sistema-jupiter#breadcrumb","itemListElement":[{"@type":"ListItem","position":1,"name":"Home","item":"https:\/\/www.hughes.com\/pe"},{"@type":"ListItem","position":2,"name":"Sistema JUPITER"}]},{"@type":"WebSite","@id":"https:\/\/www.hughes.com\/pe\/#website","url":"https:\/\/www.hughes.com\/pe\/","name":"Hughes","description":"","publisher":{"@id":"https:\/\/www.hughes.com\/pe\/#organization"},"potentialAction":[{"@type":"SearchAction","target":{"@type":"EntryPoint","urlTemplate":"https:\/\/www.hughes.com\/pe\/?s={search_term_string}"},"query-input":{"@type":"PropertyValueSpecification","valueRequired":true,"valueName":"search_term_string"}}],"inLanguage":"es-PE"},{"@type":"Organization","@id":"https:\/\/www.hughes.com\/pe\/#organization","name":"Hughes","url":"https:\/\/www.hughes.com\/pe\/","logo":{"@type":"ImageObject","inLanguage":"es-PE","@id":"https:\/\/www.hughes.com\/pe\/#\/schema\/logo\/image\/","url":"https:\/\/www.hughes.com\/wp-content\/uploads\/2026\/02\/HughesEchoStar_Logo.png","contentUrl":"https:\/\/www.hughes.com\/wp-content\/uploads\/2026\/02\/HughesEchoStar_Logo.png","width":593,"height":213,"caption":"Hughes"},"image":{"@id":"https:\/\/www.hughes.com\/pe\/#\/schema\/logo\/image\/"},"sameAs":["https:\/\/www.facebook.com\/HughesConnects\/","https:\/\/x.com\/HughesConnects","https:\/\/www.youtube.com\/user\/HughesTV\/videos","https:\/\/www.linkedin.com\/company\/3569\/admin\/dashboard\/"]}]}},"_links":{"self":[{"href":"https:\/\/www.hughes.com\/pe\/wp-json\/wp\/v2\/pages\/38986","targetHints":{"allow":["GET"]}}],"collection":[{"href":"https:\/\/www.hughes.com\/pe\/wp-json\/wp\/v2\/pages"}],"about":[{"href":"https:\/\/www.hughes.com\/pe\/wp-json\/wp\/v2\/types\/page"}],"author":[{"embeddable":true,"href":"https:\/\/www.hughes.com\/pe\/wp-json\/wp\/v2\/users\/1"}],"replies":[{"embeddable":true,"href":"https:\/\/www.hughes.com\/pe\/wp-json\/wp\/v2\/comments?post=38986"}],"version-history":[{"count":0,"href":"https:\/\/www.hughes.com\/pe\/wp-json\/wp\/v2\/pages\/38986\/revisions"}],"wp:attachment":[{"href":"https:\/\/www.hughes.com\/pe\/wp-json\/wp\/v2\/media?parent=38986"}],"curies":[{"name":"wp","href":"https:\/\/api.w.org\/{rel}","templated":true}]}}