{"id":38956,"date":"2025-12-22T10:08:42","date_gmt":"2025-12-22T10:08:42","guid":{"rendered":"https:\/\/hughes1stg.wpenginepowered.com\/soluciones\/para-la-brecha-digital\/wifi-comunitario"},"modified":"2026-02-19T02:51:08","modified_gmt":"2026-02-19T02:51:08","slug":"wifi-comunitario","status":"publish","type":"page","link":"https:\/\/www.hughes.com\/pe\/soluciones\/para-la-brecha-digital\/wifi-comunitario","title":{"rendered":"Wi-Fi Comunitario"},"content":{"rendered":"<!-- Solution Hero --><section class=\"solution-hero-section\">\r\n    <div class=\"shs-wrapper bg-dark border-radius-bottom-lr\">\r\n        <div class=\"shs-hero\"><div class=\"shs-bg-media\"><img src=\"https:\/\/www.hughes.com\/wp-content\/uploads\/2026\/02\/WWO-DIGITAL-DIVIDE-COMMUNITY-WIFI.png.webp\" srcset=\"https:\/\/www.hughes.com\/wp-content\/uploads\/2026\/02\/WWO-DIGITAL-DIVIDE-COMMUNITY-WIFI.png.webp 1280w, https:\/\/www.hughes.com\/wp-content\/uploads\/2026\/02\/WWO-DIGITAL-DIVIDE-COMMUNITY-WIFI.png-300x113.webp 300w, https:\/\/www.hughes.com\/wp-content\/uploads\/2026\/02\/WWO-DIGITAL-DIVIDE-COMMUNITY-WIFI.png-1024x384.webp 1024w, https:\/\/www.hughes.com\/wp-content\/uploads\/2026\/02\/WWO-DIGITAL-DIVIDE-COMMUNITY-WIFI.png-768x288.webp 768w\" sizes=\"(max-width: 1280px) 100vw, 1280px\" alt=\"Satellite on house in Mexico\" class=\"\" loading=\"eager\" decoding=\"async\" width=\"1280\" height=\"480\" fetchpriority=\"high\"><\/div><div class=\"container\">\r\n                <div class=\"shs-hero-content\"><h1 class=\"h1 title\">Soluciones de Wi-Fi Comunitario por Sat\u00e9lite<\/h1><h2 class=\"desc\"><p>Conectando a los no conectados a trav\u00e9s del acceso a Wi-Fi compartido<\/p>\n<\/h2><\/div>\r\n            <\/div><\/div><div class=\"shs-overview\">\r\n                <div class=\"container\">\r\n                    <div class=\"shs-overview-content row\"><div class=\"introduction -lg cell-12\"><p>Para los operadores y los gobiernos que buscan reducir la brecha digital, la soluci\u00f3n de Wi-Fi Comunitario satelital de Hughes ofrece, de forma r\u00e1pida y f\u00e1cil, un servicio asequible de Internet de alta velocidad a cientos de usuarios a la vez. Ya sea mediante una Obligaci\u00f3n de Servicio Universal (OSU) o a trav\u00e9s de un modelo de suscripci\u00f3n compartida, el Punto de Acceso Wi-Fi, combinado con el backhaul Satelital de Alto Rendimiento, permite ampliar el acceso a Internet a comunidades carentes de servicios o con servicios insuficientes.<\/p>\n<\/div><div class=\"left-column -lg cell-md-6\"><p>Los dos principales retos que se enfrentan al intentar reducir la brecha digital son proporcionar conexi\u00f3n backhaul al \u00e1rea de servicio de banda ancha en cuesti\u00f3n y hacer que el servicio de Internet sea asequible. Mientras que el costo del backhaul terrestre var\u00eda en funci\u00f3n de la distancia al centro de la red, la conexi\u00f3n backhaul por sat\u00e9lite est\u00e1 disponible de forma ubicua y rentable, independientemente de la distancia. El servicio se abarata ofreciendo planes de uso reducido, desde un d\u00f3lar por hora.<\/p>\n<\/div><div class=\"right-column -lg cell-md-6\"><p class=\"text-align-justify\">La soluci\u00f3n de Wi-Fi Comunitario de Hughes incluye el VSAT y el equipo de Wi-Fi que emite la se\u00f1al en un radio de 50 a 80 metros. Una vez que se instala una estaci\u00f3n base y se configura el Punto de Acceso, la comunidad local de usuarios se beneficia del acceso a Internet de alta velocidad.<\/p>\n<p class=\"text-align-justify\"><a href=\"https:\/\/www.hughes.com\/pe\/hughesxpress-wifi\">Haz clic aqu\u00ed para conocer m\u00e1s acerca de HughesXpress Wi-Fi<\/a><\/p>\n<\/div><\/div>\r\n                <\/div>\r\n            <\/div><\/div>\r\n<\/section>\n\n<!-- Text Block --><section class=\"wysiwyg-component space-md-m\">\n        <div class=\"container\">\n            <div class=\"wc-wrap\"><div class=\"wc-decs bullet-styled\"><h3 style=\"text-align: center;\">El Sistema JUPITER\u2122 hace posible las soluciones de Wi-Fi Comunitario en m\u00e1s de 65.000 puntos de acceso en el mundo: en escuelas, bibliotecas, centros comunitarios y tiendas.<\/h3>\n<\/div><\/div>\n        <\/div>\n    <\/section>\n\n<!-- Two-Column Content --><section class=\"two-column-content-section space-lg-m\">\r\n        <div class=\"container\"><div class=\"tccs-row row\"><div class=\"tccs-row-left cell-md-6\"><div class=\"tccs-text-block bullet-styled\"><p>\n    <strong>Ventajas del Sistema JUPITER:<\/strong>\n<\/p>\n<ul>\n<li data-list-item-id=\"e6f5eb98f67f127e74dbe5eca64584458\">\n        Alto desempe\u00f1o, con m\u00e1s de 300 Mbps de rendimiento por terminal con aceleraci\u00f3n\n    <\/li>\n<li data-list-item-id=\"e31897801581c4051ffff33644f6cdbe9\">\n        Plataforma VSAT de \u00faltima generaci\u00f3n dise\u00f1ada y optimizada para servicios de banda ancha\n    <\/li>\n<li data-list-item-id=\"ede3faa89596eab8cc7a50c34f9394ab6\">\n        Permite a los operadores lograr la mayor capacidad y eficiencia posibles\n    <\/li>\n<li data-list-item-id=\"e00637798f8cc28393f878180a4236118\">\n        Protege contra el fraude y el uso indebido mediante una funci\u00f3n integrada de bloqueo entre el Punto de Acceso Wi-Fi y el m\u00f3dem VSAT\n    <\/li>\n<li data-list-item-id=\"eb6080e5d344482119dc10f2942178276\">\n        Cualquier terminal JUPITER HT puede hacer funcionar un servicio de Punto de Acceso Wi-Fi; desde el HT2000 hasta el HT2500\n    <\/li>\n<li data-list-item-id=\"ec1ce974d80073e405a8707302ce09f7c\">\n        Las terminales HT del sistema JUPITER permiten 16,000 sesiones simult\u00e1neas; ideal para servicios de punto de acceso Wi-Fi con muchas conexiones en paralelo<br \/>\n        &nbsp;\n    <\/li>\n<\/ul>\n<\/div><\/div><div class=\"tccs-row-right cell-md-6\"><div class=\"tccs-image-block\">\r\n                                        <div class=\"tccs-image\"><img src=\"https:\/\/www.hughes.com\/wp-content\/uploads\/2026\/02\/gettyimages-651673362-612x612.jpg.webp\" srcset=\"https:\/\/www.hughes.com\/wp-content\/uploads\/2026\/02\/gettyimages-651673362-612x612.jpg.webp 612w, https:\/\/www.hughes.com\/wp-content\/uploads\/2026\/02\/gettyimages-651673362-612x612.jpg-300x200.webp 300w\" sizes=\"auto, (max-width: 612px) 100vw, 612px\" alt=\"Community wifi solutions_placeholder\" class=\"\" loading=\"lazy\" decoding=\"async\" width=\"612\" height=\"408\"><\/div>\r\n                                    <\/div><\/div><\/div><\/div>\r\n    <\/section>\r\n<!-- <script>\r\nwindow.hasClicked = window.hasClicked || {};\r\njQuery(document).on('gform_confirmation_loaded', function(event, formId) {\r\n    const formBlocks = document.querySelectorAll('.two-column-content-section .tccs-form-block');\r\n\r\n    formBlocks.forEach(block => {\r\n        const thankYou = block.querySelector('.tccs-thank-you');\r\n\r\n        const leftLink = block.querySelector('[class^=\"left-redirect-link-\"]');\r\n        if(leftLink) {\r\n            const linkFormId = parseInt(leftLink.getAttribute('title'));\r\n            if(!isNaN(linkFormId) && formId === linkFormId) {\r\n                if(thankYou) thankYou.classList.remove('d-none');\r\n                const index = leftLink.className.match(\/left-redirect-link-(\\d+)\/)[1];\r\n                if(!window.hasClicked[index]) {\r\n                    window.hasClicked[index] = true;\r\n                    leftLink.click();\r\n                }\r\n            }\r\n        }\r\n\r\n        const rightLink = block.querySelector('[class^=\"right-redirect-link-\"]');\r\n        if(rightLink) {\r\n            const linkFormId = parseInt(rightLink.getAttribute('title'));\r\n            if(!isNaN(linkFormId) && formId === linkFormId) {\r\n                if(thankYou) thankYou.classList.remove('d-none');\r\n                const index = rightLink.className.match(\/right-redirect-link-(\\d+)\/)[1];\r\n                if(!window.hasClicked[index]) {\r\n                    window.hasClicked[index] = true;\r\n                    rightLink.click();\r\n                }\r\n            }\r\n        }\r\n\r\n    });\r\n});\r\n<\/script> -->\r\n\n\n<!-- 3-Column CTA --><section class=\"three-column-cta-section space-lg-m\">\r\n        <div class=\"container\"><div class=\"tccs-row row justify-content-center\"><div class=\"tccs-col cell-lg-4 cell-sm-6\"><div class=\"tccs-item text-center\"><div class=\"tccs-content\"><h3 class=\"h6\">Hughes y TELECOMM habilitan puntos de acceso Wi-Fi comunitarios en miles de localidades rurales mexicanas<\/h3><div class=\"btn-wrap\"><a class=\"btn-link -lg\" href=\"https:\/\/www.hughes.com\/pe\/recursos\/prensa\/hughes-y-telecomm-habilitan-puntos-de-acceso-wi-fi-comunitarios-en-miles\" target=\"_self\" rel=\"nofollow\" aria-label=\"Lea el art\u00edculo\" ><span>Lea el art\u00edculo<\/span><\/a><\/div><\/div><\/div><\/div><div class=\"tccs-col cell-lg-4 cell-sm-6\"><div class=\"tccs-item text-center\"><div class=\"tccs-content\"><h3 class=\"h6\">Hughes ayuda a acelerar la conectividad rural en Colombia<\/h3><div class=\"btn-wrap\"><a class=\"btn-link -lg\" href=\"https:\/\/www.hughes.com\/co\/recursos\/blog\/hughes-ayuda-acelerar-la-conectividad-rural-en-colombia\" target=\"_blank\" rel=\"noopener noreferrer\" aria-label=\"Lea el blog\" ><span>Lea el blog<\/span><\/a><\/div><\/div><\/div><\/div><div class=\"tccs-col cell-lg-4 cell-sm-6\"><div class=\"tccs-item text-center\"><div class=\"tccs-content\"><h3 class=\"h6\">Llegando a m\u00e1s de 25.000.000 de personas con acceso a Internet en el mundo<\/h3><div class=\"btn-wrap\"><a class=\"btn-link -lg\" href=\"https:\/\/www.hughes.com\/wp-content\/uploads\/2026\/01\/Community-WiFi-Infographic-ES.pdf\" target=\"_blank\" rel=\"noopener noreferrer\" aria-label=\"Consulte la infograf\u00eda\" ><span>Consulte la infograf\u00eda<\/span><\/a><\/div><\/div><\/div><\/div><\/div><\/div>\r\n    <\/section>\n\n<!-- Two-Column Content --><section class=\"two-column-content-section space-lg-m\">\r\n        <div class=\"container\"><div class=\"sec-heding text-center\">\r\n                    <h2 class=\"h2\">\u00bfQu\u00e9 es el Wi-Fi Comunitario?<\/h2>\r\n                <\/div><div class=\"tccs-row row\"><div class=\"tccs-row-left cell-md-6\"><div class=\"tccs-text-block bullet-styled\"><p class=\"text-align-justify\">\n    <strong>Wi-Fi Comunitario<\/strong> es el acceso a Internet mediante un Punto de Acceso Wi-Fi que puede utilizar cualquier persona con un dispositivo u ordenador port\u00e1til con capacidad Wi-Fi, ya sea prepagado o subvencionado por el gobierno (USO).<br \/>\n    &nbsp;\n<\/p>\n<p class=\"text-align-justify\">\n    <strong>Wi-Fi Comunitario Residencial\/PYME<\/strong> es el acceso a Internet por parte de cualquier hogar, peque\u00f1a o mediana empresa que est\u00e9 dentro del per\u00edmetro del Wi-Fi (normalmente prepagado o subvencionado).<br \/>\n    &nbsp;\n<\/p>\n<p class=\"text-align-justify\">\n    <strong>Wi-Fi Comunitario Satelital<\/strong> es el acceso a Internet mediante un Punto de Acceso Wi-Fi que funciona con conectividad satelital, lo que lo hace ideal para proporcionar un acceso asequible a Internet, incluso en lugares donde la banda ancha por cable o inal\u00e1mbrica no est\u00e9 disponible.<\/p>\n<\/div><\/div><div class=\"tccs-row-right cell-md-6\"><div class=\"tccs-text-block bullet-styled\"><p class=\"text-align-justify\">\n    El acceso al Wi-Fi Comunitario puede implementarse de diferentes maneras para satisfacer las necesidades del operador, del gobierno o de la comunidad. Por ejemplo:\n<\/p>\n<ul>\n<li data-list-item-id=\"eefec7c824e0a0755d1cbee92a592d3f5\">\n<p class=\"text-align-justify\">\n            <strong>Prepagado:<\/strong> Ofrecido por un minorista de servicios de Internet que instala un VSAT y un Punto de Acceso Wi-Fi en sus locales, y luego vende el acceso a Internet al p\u00fablico a un precio asequible, en funci\u00f3n del uso.\n        <\/p>\n<\/li>\n<li data-list-item-id=\"e3b5af23c93895dee0bf039c86e6db818\">\n<p class=\"text-align-justify\">\n            <strong>Subvencionado:<\/strong> Ofrecido por el gobierno, a menudo en colaboraci\u00f3n con una empresa de telecomunicaciones para reducir la brecha digital mediante la prestaci\u00f3n de servicios de Internet de banda ancha en lugares patrocinados por el gobierno; como escuelas, bibliotecas, centros de salud, centros comunitarios. El servicio se ofrece al p\u00fablico de forma gratuita o a precio reducido.\n        <\/p>\n<\/li>\n<li data-list-item-id=\"e679c6b3d5a28821e4261e8bbfe41a94e\">\n<p class=\"text-align-justify\">\n            <strong>Hogar\/PYME:<\/strong> Ofrecido por una empresa de telecomunicaciones que instala un VSAT y un Punto de Acceso Wi-Fi para proporcionar servicio de Internet de banda ancha a un vecindario. Los vecinos pagan una cuota mensual al operador para tener acceso a Internet en sus casas.<br \/>\n            &nbsp;\n        <\/p>\n<\/li>\n<\/ul>\n<\/div><\/div><\/div><\/div>\r\n    <\/section>\r\n<!-- <script>\r\nwindow.hasClicked = window.hasClicked || {};\r\njQuery(document).on('gform_confirmation_loaded', function(event, formId) {\r\n    const formBlocks = document.querySelectorAll('.two-column-content-section .tccs-form-block');\r\n\r\n    formBlocks.forEach(block => {\r\n        const thankYou = block.querySelector('.tccs-thank-you');\r\n\r\n        const leftLink = block.querySelector('[class^=\"left-redirect-link-\"]');\r\n        if(leftLink) {\r\n            const linkFormId = parseInt(leftLink.getAttribute('title'));\r\n            if(!isNaN(linkFormId) && formId === linkFormId) {\r\n                if(thankYou) thankYou.classList.remove('d-none');\r\n                const index = leftLink.className.match(\/left-redirect-link-(\\d+)\/)[1];\r\n                if(!window.hasClicked[index]) {\r\n                    window.hasClicked[index] = true;\r\n                    leftLink.click();\r\n                }\r\n            }\r\n        }\r\n\r\n        const rightLink = block.querySelector('[class^=\"right-redirect-link-\"]');\r\n        if(rightLink) {\r\n            const linkFormId = parseInt(rightLink.getAttribute('title'));\r\n            if(!isNaN(linkFormId) && formId === linkFormId) {\r\n                if(thankYou) thankYou.classList.remove('d-none');\r\n                const index = rightLink.className.match(\/right-redirect-link-(\\d+)\/)[1];\r\n                if(!window.hasClicked[index]) {\r\n                    window.hasClicked[index] = true;\r\n                    rightLink.click();\r\n                }\r\n            }\r\n        }\r\n\r\n    });\r\n});\r\n<\/script> -->\r\n\n\n<!-- Multi-Column Cards --><section class=\"multi-column-cards-section space-lg-m\">\r\n    <div class=\"container\"><div class=\"mccs-wrap rows\"><div class=\"mccs-row row\"><div class=\"mccs-col cell-sm-6 cell-lg-4\">\r\n                                <div class=\"mccs-card\"><div class=\"card-bottom\"><div class=\"card-content\"><h3 class=\"h6 title\">Los Puntos de Acceso Wi-Fi por sat\u00e9lite funcionan<\/h3><div class=\"desc\"><p>Los VSAT de JUPITER generan m\u00e1s de 300 Mbps (UDP) de capacidad Satelital de Alto Rendimiento (HTS) &#8211; suficiente ancho de banda para que los usuarios puedan enviar correos electr\u00f3nicos, participar en las redes sociales, completar solicitudes de empleo, realizar investigaciones o reproducir v\u00eddeos. <\/p>\n<\/div><\/div><\/div><\/div>\r\n                            <\/div><div class=\"mccs-col cell-sm-6 cell-lg-4\">\r\n                                <div class=\"mccs-card\"><div class=\"card-bottom\"><div class=\"card-content\"><h3 class=\"h6 title\">Empoderando comunidades<\/h3><div class=\"desc\"><p>Cuando se instala en una tienda o quiosco local, el comerciante vende los datos a los usuarios a una tarifa. El modelo permite la inclusi\u00f3n digital de forma rentable al tiempo que crea un flujo de ingresos para el comerciante.<\/p>\n<\/div><\/div><\/div><\/div>\r\n                            <\/div><div class=\"mccs-col cell-sm-6 cell-lg-4\">\r\n                                <div class=\"mccs-card\"><div class=\"card-bottom\"><div class=\"card-content\"><h3 class=\"h6 title\">Cumplimiento de requisitos de Obligaci\u00f3n de Servicio Universal (USO)<\/h3><div class=\"desc\"><p>Las soluciones Wi-Fi Comunitarias de Hughes ayudan a los gobiernos de todo el mundo a cumplir con sus compromisos de proporcionar acceso a Internet a todos los ciudadanos, de forma rentable, fiable y r\u00e1pida.<\/p>\n<\/div><\/div><\/div><\/div>\r\n                            <\/div><\/div><\/div><\/div>\r\n<\/section>","protected":false},"excerpt":{"rendered":"","protected":false},"author":1,"featured_media":0,"parent":38938,"menu_order":0,"comment_status":"closed","ping_status":"closed","template":"","meta":{"_acf_changed":true,"_searchwp_excluded":"","footnotes":""},"class_list":["post-38956","page","type-page","status-publish","hentry"],"acf":[],"yoast_head":"<!-- This site is optimized with the Yoast SEO plugin v27.3 - https:\/\/yoast.com\/product\/yoast-seo-wordpress\/ -->\n<title>Soluciones de Wi-Fi Comunitario por Sat\u00e9lite | Hughes<\/title>\n<meta name=\"description\" content=\"Para los operadores y los gobiernos que buscan reducir la brecha digital, la soluci\u00f3n de Wi-Fi Comunitario satelital de Hughes ofrece de forma r\u00e1pida y f\u00e1cil servicios asequibles de Internet de alta velocidad a cientos de usuarios a la vez.\" \/>\n<meta name=\"robots\" content=\"index, follow, max-snippet:-1, max-image-preview:large, max-video-preview:-1\" \/>\n<link rel=\"canonical\" href=\"https:\/\/www.hughes.com\/pe\/soluciones\/para-la-brecha-digital\/wifi-comunitario\" \/>\n<meta property=\"og:locale\" content=\"es_ES\" \/>\n<meta property=\"og:type\" content=\"article\" \/>\n<meta property=\"og:title\" content=\"Soluciones de Wi-Fi Comunitario por Sat\u00e9lite | Hughes\" \/>\n<meta property=\"og:description\" content=\"Para los operadores y los gobiernos que buscan reducir la brecha digital, la soluci\u00f3n de Wi-Fi Comunitario satelital de Hughes ofrece de forma r\u00e1pida y f\u00e1cil servicios asequibles de Internet de alta velocidad a cientos de usuarios a la vez.\" \/>\n<meta property=\"og:url\" content=\"https:\/\/www.hughes.com\/pe\/soluciones\/para-la-brecha-digital\/wifi-comunitario\" \/>\n<meta property=\"og:site_name\" content=\"Hughes\" \/>\n<meta property=\"article:publisher\" content=\"https:\/\/www.facebook.com\/HughesConnects\/\" \/>\n<meta property=\"article:modified_time\" content=\"2026-02-19T02:51:08+00:00\" \/>\n<meta property=\"og:image\" content=\"https:\/\/www.hughes.com\/wp-content\/uploads\/2026\/02\/HughesGlobalOpenGraph.jpg\" \/>\n\t<meta property=\"og:image:width\" content=\"1200\" \/>\n\t<meta property=\"og:image:height\" content=\"630\" \/>\n\t<meta property=\"og:image:type\" content=\"image\/jpeg\" \/>\n<meta name=\"twitter:card\" content=\"summary_large_image\" \/>\n<meta name=\"twitter:site\" content=\"@HughesConnects\" \/>\n<script type=\"application\/ld+json\" class=\"yoast-schema-graph\">{\"@context\":\"https:\\\/\\\/schema.org\",\"@graph\":[{\"@type\":\"WebPage\",\"@id\":\"https:\\\/\\\/www.hughes.com\\\/pe\\\/soluciones\\\/para-la-brecha-digital\\\/wifi-comunitario\",\"url\":\"https:\\\/\\\/www.hughes.com\\\/pe\\\/soluciones\\\/para-la-brecha-digital\\\/wifi-comunitario\",\"name\":\"Soluciones de Wi-Fi Comunitario por Sat\u00e9lite | Hughes\",\"isPartOf\":{\"@id\":\"https:\\\/\\\/www.hughes.com\\\/pe\\\/#website\"},\"datePublished\":\"2025-12-22T10:08:42+00:00\",\"dateModified\":\"2026-02-19T02:51:08+00:00\",\"description\":\"Para los operadores y los gobiernos que buscan reducir la brecha digital, la soluci\u00f3n de Wi-Fi Comunitario satelital de Hughes ofrece de forma r\u00e1pida y f\u00e1cil servicios asequibles de Internet de alta velocidad a cientos de usuarios a la vez.\",\"breadcrumb\":{\"@id\":\"https:\\\/\\\/www.hughes.com\\\/pe\\\/soluciones\\\/para-la-brecha-digital\\\/wifi-comunitario#breadcrumb\"},\"inLanguage\":\"es-PE\",\"potentialAction\":[{\"@type\":\"ReadAction\",\"target\":[\"https:\\\/\\\/www.hughes.com\\\/pe\\\/soluciones\\\/para-la-brecha-digital\\\/wifi-comunitario\"]}]},{\"@type\":\"BreadcrumbList\",\"@id\":\"https:\\\/\\\/www.hughes.com\\\/pe\\\/soluciones\\\/para-la-brecha-digital\\\/wifi-comunitario#breadcrumb\",\"itemListElement\":[{\"@type\":\"ListItem\",\"position\":1,\"name\":\"Home\",\"item\":\"https:\\\/\\\/www.hughes.com\\\/pe\"},{\"@type\":\"ListItem\",\"position\":2,\"name\":\"Soluciones\",\"item\":\"https:\\\/\\\/www.hughes.com\\\/pe\\\/soluciones\"},{\"@type\":\"ListItem\",\"position\":3,\"name\":\"Soluciones para la Brecha Digital\",\"item\":\"https:\\\/\\\/www.hughes.com\\\/pe\\\/soluciones\\\/para-la-brecha-digital\"},{\"@type\":\"ListItem\",\"position\":4,\"name\":\"Wi-Fi Comunitario\"}]},{\"@type\":\"WebSite\",\"@id\":\"https:\\\/\\\/www.hughes.com\\\/pe\\\/#website\",\"url\":\"https:\\\/\\\/www.hughes.com\\\/pe\\\/\",\"name\":\"Hughes\",\"description\":\"\",\"publisher\":{\"@id\":\"https:\\\/\\\/www.hughes.com\\\/pe\\\/#organization\"},\"potentialAction\":[{\"@type\":\"SearchAction\",\"target\":{\"@type\":\"EntryPoint\",\"urlTemplate\":\"https:\\\/\\\/www.hughes.com\\\/pe\\\/?s={search_term_string}\"},\"query-input\":{\"@type\":\"PropertyValueSpecification\",\"valueRequired\":true,\"valueName\":\"search_term_string\"}}],\"inLanguage\":\"es-PE\"},{\"@type\":\"Organization\",\"@id\":\"https:\\\/\\\/www.hughes.com\\\/pe\\\/#organization\",\"name\":\"Hughes\",\"url\":\"https:\\\/\\\/www.hughes.com\\\/pe\\\/\",\"logo\":{\"@type\":\"ImageObject\",\"inLanguage\":\"es-PE\",\"@id\":\"https:\\\/\\\/www.hughes.com\\\/pe\\\/#\\\/schema\\\/logo\\\/image\\\/\",\"url\":\"https:\\\/\\\/www.hughes.com\\\/wp-content\\\/uploads\\\/2026\\\/02\\\/HughesEchoStar_Logo.png\",\"contentUrl\":\"https:\\\/\\\/www.hughes.com\\\/wp-content\\\/uploads\\\/2026\\\/02\\\/HughesEchoStar_Logo.png\",\"width\":593,\"height\":213,\"caption\":\"Hughes\"},\"image\":{\"@id\":\"https:\\\/\\\/www.hughes.com\\\/pe\\\/#\\\/schema\\\/logo\\\/image\\\/\"},\"sameAs\":[\"https:\\\/\\\/www.facebook.com\\\/HughesConnects\\\/\",\"https:\\\/\\\/x.com\\\/HughesConnects\",\"https:\\\/\\\/www.youtube.com\\\/user\\\/HughesTV\\\/videos\",\"https:\\\/\\\/www.linkedin.com\\\/company\\\/3569\\\/admin\\\/dashboard\\\/\"]}]}<\/script>\n<!-- \/ Yoast SEO plugin. -->","yoast_head_json":{"title":"Soluciones de Wi-Fi Comunitario por Sat\u00e9lite | Hughes","description":"Para los operadores y los gobiernos que buscan reducir la brecha digital, la soluci\u00f3n de Wi-Fi Comunitario satelital de Hughes ofrece de forma r\u00e1pida y f\u00e1cil servicios asequibles de Internet de alta velocidad a cientos de usuarios a la vez.","robots":{"index":"index","follow":"follow","max-snippet":"max-snippet:-1","max-image-preview":"max-image-preview:large","max-video-preview":"max-video-preview:-1"},"canonical":"https:\/\/www.hughes.com\/pe\/soluciones\/para-la-brecha-digital\/wifi-comunitario","og_locale":"es_ES","og_type":"article","og_title":"Soluciones de Wi-Fi Comunitario por Sat\u00e9lite | Hughes","og_description":"Para los operadores y los gobiernos que buscan reducir la brecha digital, la soluci\u00f3n de Wi-Fi Comunitario satelital de Hughes ofrece de forma r\u00e1pida y f\u00e1cil servicios asequibles de Internet de alta velocidad a cientos de usuarios a la vez.","og_url":"https:\/\/www.hughes.com\/pe\/soluciones\/para-la-brecha-digital\/wifi-comunitario","og_site_name":"Hughes","article_publisher":"https:\/\/www.facebook.com\/HughesConnects\/","article_modified_time":"2026-02-19T02:51:08+00:00","og_image":[{"width":1200,"height":630,"url":"https:\/\/www.hughes.com\/wp-content\/uploads\/2026\/02\/HughesGlobalOpenGraph.jpg","type":"image\/jpeg"}],"twitter_card":"summary_large_image","twitter_site":"@HughesConnects","schema":{"@context":"https:\/\/schema.org","@graph":[{"@type":"WebPage","@id":"https:\/\/www.hughes.com\/pe\/soluciones\/para-la-brecha-digital\/wifi-comunitario","url":"https:\/\/www.hughes.com\/pe\/soluciones\/para-la-brecha-digital\/wifi-comunitario","name":"Soluciones de Wi-Fi Comunitario por Sat\u00e9lite | Hughes","isPartOf":{"@id":"https:\/\/www.hughes.com\/pe\/#website"},"datePublished":"2025-12-22T10:08:42+00:00","dateModified":"2026-02-19T02:51:08+00:00","description":"Para los operadores y los gobiernos que buscan reducir la brecha digital, la soluci\u00f3n de Wi-Fi Comunitario satelital de Hughes ofrece de forma r\u00e1pida y f\u00e1cil servicios asequibles de Internet de alta velocidad a cientos de usuarios a la vez.","breadcrumb":{"@id":"https:\/\/www.hughes.com\/pe\/soluciones\/para-la-brecha-digital\/wifi-comunitario#breadcrumb"},"inLanguage":"es-PE","potentialAction":[{"@type":"ReadAction","target":["https:\/\/www.hughes.com\/pe\/soluciones\/para-la-brecha-digital\/wifi-comunitario"]}]},{"@type":"BreadcrumbList","@id":"https:\/\/www.hughes.com\/pe\/soluciones\/para-la-brecha-digital\/wifi-comunitario#breadcrumb","itemListElement":[{"@type":"ListItem","position":1,"name":"Home","item":"https:\/\/www.hughes.com\/pe"},{"@type":"ListItem","position":2,"name":"Soluciones","item":"https:\/\/www.hughes.com\/pe\/soluciones"},{"@type":"ListItem","position":3,"name":"Soluciones para la Brecha Digital","item":"https:\/\/www.hughes.com\/pe\/soluciones\/para-la-brecha-digital"},{"@type":"ListItem","position":4,"name":"Wi-Fi Comunitario"}]},{"@type":"WebSite","@id":"https:\/\/www.hughes.com\/pe\/#website","url":"https:\/\/www.hughes.com\/pe\/","name":"Hughes","description":"","publisher":{"@id":"https:\/\/www.hughes.com\/pe\/#organization"},"potentialAction":[{"@type":"SearchAction","target":{"@type":"EntryPoint","urlTemplate":"https:\/\/www.hughes.com\/pe\/?s={search_term_string}"},"query-input":{"@type":"PropertyValueSpecification","valueRequired":true,"valueName":"search_term_string"}}],"inLanguage":"es-PE"},{"@type":"Organization","@id":"https:\/\/www.hughes.com\/pe\/#organization","name":"Hughes","url":"https:\/\/www.hughes.com\/pe\/","logo":{"@type":"ImageObject","inLanguage":"es-PE","@id":"https:\/\/www.hughes.com\/pe\/#\/schema\/logo\/image\/","url":"https:\/\/www.hughes.com\/wp-content\/uploads\/2026\/02\/HughesEchoStar_Logo.png","contentUrl":"https:\/\/www.hughes.com\/wp-content\/uploads\/2026\/02\/HughesEchoStar_Logo.png","width":593,"height":213,"caption":"Hughes"},"image":{"@id":"https:\/\/www.hughes.com\/pe\/#\/schema\/logo\/image\/"},"sameAs":["https:\/\/www.facebook.com\/HughesConnects\/","https:\/\/x.com\/HughesConnects","https:\/\/www.youtube.com\/user\/HughesTV\/videos","https:\/\/www.linkedin.com\/company\/3569\/admin\/dashboard\/"]}]}},"_links":{"self":[{"href":"https:\/\/www.hughes.com\/pe\/wp-json\/wp\/v2\/pages\/38956","targetHints":{"allow":["GET"]}}],"collection":[{"href":"https:\/\/www.hughes.com\/pe\/wp-json\/wp\/v2\/pages"}],"about":[{"href":"https:\/\/www.hughes.com\/pe\/wp-json\/wp\/v2\/types\/page"}],"author":[{"embeddable":true,"href":"https:\/\/www.hughes.com\/pe\/wp-json\/wp\/v2\/users\/1"}],"replies":[{"embeddable":true,"href":"https:\/\/www.hughes.com\/pe\/wp-json\/wp\/v2\/comments?post=38956"}],"version-history":[{"count":0,"href":"https:\/\/www.hughes.com\/pe\/wp-json\/wp\/v2\/pages\/38956\/revisions"}],"up":[{"embeddable":true,"href":"https:\/\/www.hughes.com\/pe\/wp-json\/wp\/v2\/pages\/38938"}],"wp:attachment":[{"href":"https:\/\/www.hughes.com\/pe\/wp-json\/wp\/v2\/media?parent=38956"}],"curies":[{"name":"wp","href":"https:\/\/api.w.org\/{rel}","templated":true}]}}