{"id":38948,"date":"2025-12-22T10:08:29","date_gmt":"2025-12-22T10:08:29","guid":{"rendered":"https:\/\/hughes1stg.wpenginepowered.com\/soluciones\/para-la-brecha-digital\/backhaul-celular"},"modified":"2026-02-18T18:54:27","modified_gmt":"2026-02-18T18:54:27","slug":"backhaul-celular","status":"publish","type":"page","link":"https:\/\/www.hughes.com\/pe\/soluciones\/para-la-brecha-digital\/backhaul-celular","title":{"rendered":"Backhaul Celular"},"content":{"rendered":"<!-- Solution Hero --><section class=\"solution-hero-section\">\r\n    <div class=\"shs-wrapper bg-dark border-radius-bottom-lr\">\r\n        <div class=\"shs-hero\"><div class=\"shs-bg-media\"><img src=\"https:\/\/www.hughes.com\/wp-content\/uploads\/2026\/02\/WWO-DIGITAL-DIVIDE-CELL-BACKHAUL_1.png.webp\" srcset=\"https:\/\/www.hughes.com\/wp-content\/uploads\/2026\/02\/WWO-DIGITAL-DIVIDE-CELL-BACKHAUL_1.png.webp 1600w, https:\/\/www.hughes.com\/wp-content\/uploads\/2026\/02\/WWO-DIGITAL-DIVIDE-CELL-BACKHAUL_1.png-300x113.webp 300w, https:\/\/www.hughes.com\/wp-content\/uploads\/2026\/02\/WWO-DIGITAL-DIVIDE-CELL-BACKHAUL_1.png-1024x384.webp 1024w, https:\/\/www.hughes.com\/wp-content\/uploads\/2026\/02\/WWO-DIGITAL-DIVIDE-CELL-BACKHAUL_1.png-768x288.webp 768w, https:\/\/www.hughes.com\/wp-content\/uploads\/2026\/02\/WWO-DIGITAL-DIVIDE-CELL-BACKHAUL_1.png-1536x576.webp 1536w\" sizes=\"(max-width: 1600px) 100vw, 1600px\" alt=\"Man using cell phone in rural area\" class=\"\" loading=\"eager\" decoding=\"async\" width=\"1600\" height=\"600\" fetchpriority=\"high\"><\/div><div class=\"container\">\r\n                <div class=\"shs-hero-content\"><h1 class=\"h1 title\">Backhaul Satelital para Operadores de Redes M\u00f3viles (ORM) <\/h1><h2 class=\"desc\"><p>Para Operadores de Redes M\u00f3viles (ORM) que buscan ampliar mercados y a\u00f1adir nuevos clientes, el backhaul celular es una soluci\u00f3n ideal y rentable.<\/p>\n<\/h2><\/div>\r\n            <\/div><\/div><div class=\"shs-overview\">\r\n                <div class=\"container\">\r\n                    <div class=\"shs-overview-content row\"><div class=\"left-column -lg cell-md-6\"><p>El backhaul satelital permite ofrecer servicio celular en \u00e1reas que son imposibles o muy costosas de cubrir con los medios terrestres tradicionales como la fibra, el cable o las microondas. Los ORM en pa\u00edses como Chile, Brasil, M\u00e9xico y Per\u00fa cuentan con Hughes para el backhaul del tr\u00e1fico celular en las \u00e1reas de servicio m\u00e1s dif\u00edciles de cubrir, y utilizan el servicio para transmitir se\u00f1ales 2G, 3G, 4G\/LTE, y 5G a cientos de estaciones base.<\/p>\n<p>El Sistema JUPITER\u2122 de Hughes -l\u00edder en el mercado- es una soluci\u00f3n probada de alto rendimiento para redes satelitales, con backhaul para todas las generaciones de tecnolog\u00edas celulares.<\/p>\n<\/div><div class=\"right-column -lg cell-md-6\"><p class=\"text-align-justify\">\n    Ventajas del Sistema JUPITER:\n<\/p>\n<ul>\n<li data-list-item-id=\"e8a70e33cc846e12fb409306e03a1355d\">\n<p class=\"text-align-justify\">\n            Alto desempe\u00f1o, con 200Mbps+ de rendimiento por terminal con aceleraci\u00f3n\n        <\/p>\n<\/li>\n<li data-list-item-id=\"e124543e7e74f48b4a4fc5f7fe9019bfa\">\n<p class=\"text-align-justify\">\n            Alta eficiencia, con optimizaci\u00f3n 4G\/LTE integrada, que ahorra hasta un 60% del ancho de banda satelital.&nbsp;\n        <\/p>\n<\/li>\n<li data-list-item-id=\"e988ed1e93e04f08706d2e875ecad5968\">\n<p class=\"text-align-justify\">\n            Potentes funciones, como aceleraci\u00f3n 4G\/LTE, temporizaci\u00f3n IEEE 1588v2, y GPS integrado.\n        <\/p>\n<\/li>\n<li data-list-item-id=\"e9f5fc97f9904c72cbf63bc909ff99a9c\">\n<p class=\"text-align-justify\">\n            Mejoras avanzadas, como latencia de 600 milisegundos, jitter de 10 milisegundo y menor consumo de energ\u00eda.\n        <\/p>\n<\/li>\n<\/ul>\n<\/div><\/div>\r\n                <\/div>\r\n            <\/div><\/div>\r\n<\/section>\n\n<!-- Text Block --><section class=\"wysiwyg-component space-md-m\">\n        <div class=\"container\">\n            <div class=\"wc-wrap\"><div class=\"wc-decs bullet-styled\"><h2 class=\"text-align-justify\">\n    Sistema JUPITER\u2122 para backhaul satelital<br \/>\n<\/h2>\n<p class=\"text-align-justify\">\n    La creciente demanda mundial de conectividad m\u00f3vil 4G\/LTE y 5G supone un reto importante en muchas zonas rurales y semirrurales. Estos mercados suelen estar situados en zonas remotas y dif\u00edciles de cubrir, que no cuentan con servicios de fibra \u00f3ptica o microondas para facilitar conexiones de backhaul para estaciones de telefon\u00eda m\u00f3vil. Para llevar el servicio a estas zonas, los operadores de redes m\u00f3viles necesitan un medio eficaz y de bajo costo para interconectar las estaciones base de telefon\u00eda m\u00f3vil, independientemente de la distancia, la infraestructura o el terreno. La tecnolog\u00eda de sat\u00e9lites, que puede desplegarse de forma r\u00e1pida y rentable en casi cualquier zona del mundo, es una soluci\u00f3n ideal para afrontar este reto.\n<\/p>\n<p class=\"text-align-justify\">\n    El Sistema JUPITER de Hughes puede desplegarse r\u00e1pidamente en pr\u00e1cticamente cualquier lugar del mundo. Es la mejor opci\u00f3n para la interconexi\u00f3n de las estaciones base de telefon\u00eda m\u00f3vil en las zonas rurales y de dif\u00edcil acceso, y puede utilizarse como respaldo para conexiones terrestres urbanas o para las estaciones base rurales con m\u00faltiples canales de microondas. Esta arquitectura combinada de conexiones terrestres y satelitales ofrece la mayor disponibilidad posible de la red gracias a las dos tecnolog\u00edas que se utilizan, siendo la v\u00eda satelital m\u00e1s robusta en caso de cat\u00e1strofe, ya que permite restablecer el servicio con mayor rapidez tras el desastre.<\/p>\n<\/div><\/div>\n        <\/div>\n    <\/section>\n\n<!-- 3-Column CTA --><section class=\"three-column-cta-section space-lg-m\">\r\n        <div class=\"container\"><div class=\"tccs-row row justify-content-center\"><div class=\"tccs-col cell-lg-4 cell-sm-6\"><div class=\"tccs-item text-center\"><div class=\"tccs-content\"><h3 class=\"h6\">Backhaul Celular por Sat\u00e9lite<\/h3><div class=\"desc\"><p>Infograf\u00eda<\/p>\n<\/div><div class=\"btn-wrap\"><a class=\"btn-link -lg\" href=\"https:\/\/www.hughes.com\/wp-content\/uploads\/2026\/01\/Cellular-Backhaul-Infographic-ES.pdf\" target=\"_blank\" rel=\"noopener noreferrer\" aria-label=\"Descargar\" ><span>Descargar<\/span><\/a><\/div><\/div><\/div><\/div><div class=\"tccs-col cell-lg-4 cell-sm-6\"><div class=\"tccs-item text-center\"><div class=\"tccs-content\"><h3 class=\"h6\">El Sistema JUPITER Marca la Pauta de Eficiencia y Rendimiento<\/h3><div class=\"desc\"><p>Infograf\u00eda<\/p>\n<\/div><div class=\"btn-wrap\"><a class=\"btn-link -lg\" href=\"https:\/\/www.hughes.com\/wp-content\/uploads\/2026\/01\/JUPITER-System-Infographic-Spanish.pdf\" target=\"_blank\" rel=\"noopener noreferrer\" aria-label=\"Descargar\" ><span>Descargar<\/span><\/a><\/div><\/div><\/div><\/div><\/div><\/div>\r\n    <\/section>","protected":false},"excerpt":{"rendered":"","protected":false},"author":1,"featured_media":0,"parent":38938,"menu_order":0,"comment_status":"closed","ping_status":"closed","template":"","meta":{"_acf_changed":false,"_searchwp_excluded":"","footnotes":""},"class_list":["post-38948","page","type-page","status-publish","hentry"],"acf":[],"yoast_head":"<!-- This site is optimized with the Yoast SEO plugin v27.3 - https:\/\/yoast.com\/product\/yoast-seo-wordpress\/ -->\n<title>Backhaul Satelital para Operadores de Redes M\u00f3viles | Hughes<\/title>\n<meta name=\"description\" content=\"El backhaul satelital con el sistema JUPITER\u2122 de Hughes ofrece un medio eficaz y asequible para interconectar las estaciones base celulares, independientemente de la distancia, la infraestructura o el terreno.\" \/>\n<meta name=\"robots\" content=\"index, follow, max-snippet:-1, max-image-preview:large, max-video-preview:-1\" \/>\n<link rel=\"canonical\" href=\"https:\/\/www.hughes.com\/pe\/soluciones\/para-la-brecha-digital\/backhaul-celular\" \/>\n<meta property=\"og:locale\" content=\"es_ES\" \/>\n<meta property=\"og:type\" content=\"article\" \/>\n<meta property=\"og:title\" content=\"Backhaul Satelital para Operadores de Redes M\u00f3viles | Hughes\" \/>\n<meta property=\"og:description\" content=\"El backhaul satelital con el sistema JUPITER\u2122 de Hughes ofrece un medio eficaz y asequible para interconectar las estaciones base celulares, independientemente de la distancia, la infraestructura o el terreno.\" \/>\n<meta property=\"og:url\" content=\"https:\/\/www.hughes.com\/pe\/soluciones\/para-la-brecha-digital\/backhaul-celular\" \/>\n<meta property=\"og:site_name\" content=\"Hughes\" \/>\n<meta property=\"article:publisher\" content=\"https:\/\/www.facebook.com\/HughesConnects\/\" \/>\n<meta property=\"article:modified_time\" content=\"2026-02-18T18:54:27+00:00\" \/>\n<meta property=\"og:image\" content=\"https:\/\/www.hughes.com\/wp-content\/uploads\/2026\/02\/HughesGlobalOpenGraph.jpg\" \/>\n\t<meta property=\"og:image:width\" content=\"1200\" \/>\n\t<meta property=\"og:image:height\" content=\"630\" \/>\n\t<meta property=\"og:image:type\" content=\"image\/jpeg\" \/>\n<meta name=\"twitter:card\" content=\"summary_large_image\" \/>\n<meta name=\"twitter:site\" content=\"@HughesConnects\" \/>\n<script type=\"application\/ld+json\" class=\"yoast-schema-graph\">{\"@context\":\"https:\\\/\\\/schema.org\",\"@graph\":[{\"@type\":\"WebPage\",\"@id\":\"https:\\\/\\\/www.hughes.com\\\/pe\\\/soluciones\\\/para-la-brecha-digital\\\/backhaul-celular\",\"url\":\"https:\\\/\\\/www.hughes.com\\\/pe\\\/soluciones\\\/para-la-brecha-digital\\\/backhaul-celular\",\"name\":\"Backhaul Satelital para Operadores de Redes M\u00f3viles | Hughes\",\"isPartOf\":{\"@id\":\"https:\\\/\\\/www.hughes.com\\\/pe\\\/#website\"},\"datePublished\":\"2025-12-22T10:08:29+00:00\",\"dateModified\":\"2026-02-18T18:54:27+00:00\",\"description\":\"El backhaul satelital con el sistema JUPITER\u2122 de Hughes ofrece un medio eficaz y asequible para interconectar las estaciones base celulares, independientemente de la distancia, la infraestructura o el terreno.\",\"breadcrumb\":{\"@id\":\"https:\\\/\\\/www.hughes.com\\\/pe\\\/soluciones\\\/para-la-brecha-digital\\\/backhaul-celular#breadcrumb\"},\"inLanguage\":\"es-PE\",\"potentialAction\":[{\"@type\":\"ReadAction\",\"target\":[\"https:\\\/\\\/www.hughes.com\\\/pe\\\/soluciones\\\/para-la-brecha-digital\\\/backhaul-celular\"]}]},{\"@type\":\"BreadcrumbList\",\"@id\":\"https:\\\/\\\/www.hughes.com\\\/pe\\\/soluciones\\\/para-la-brecha-digital\\\/backhaul-celular#breadcrumb\",\"itemListElement\":[{\"@type\":\"ListItem\",\"position\":1,\"name\":\"Home\",\"item\":\"https:\\\/\\\/www.hughes.com\\\/pe\"},{\"@type\":\"ListItem\",\"position\":2,\"name\":\"Soluciones\",\"item\":\"https:\\\/\\\/www.hughes.com\\\/pe\\\/soluciones\"},{\"@type\":\"ListItem\",\"position\":3,\"name\":\"Soluciones para la Brecha Digital\",\"item\":\"https:\\\/\\\/www.hughes.com\\\/pe\\\/soluciones\\\/para-la-brecha-digital\"},{\"@type\":\"ListItem\",\"position\":4,\"name\":\"Backhaul Celular\"}]},{\"@type\":\"WebSite\",\"@id\":\"https:\\\/\\\/www.hughes.com\\\/pe\\\/#website\",\"url\":\"https:\\\/\\\/www.hughes.com\\\/pe\\\/\",\"name\":\"Hughes\",\"description\":\"\",\"publisher\":{\"@id\":\"https:\\\/\\\/www.hughes.com\\\/pe\\\/#organization\"},\"potentialAction\":[{\"@type\":\"SearchAction\",\"target\":{\"@type\":\"EntryPoint\",\"urlTemplate\":\"https:\\\/\\\/www.hughes.com\\\/pe\\\/?s={search_term_string}\"},\"query-input\":{\"@type\":\"PropertyValueSpecification\",\"valueRequired\":true,\"valueName\":\"search_term_string\"}}],\"inLanguage\":\"es-PE\"},{\"@type\":\"Organization\",\"@id\":\"https:\\\/\\\/www.hughes.com\\\/pe\\\/#organization\",\"name\":\"Hughes\",\"url\":\"https:\\\/\\\/www.hughes.com\\\/pe\\\/\",\"logo\":{\"@type\":\"ImageObject\",\"inLanguage\":\"es-PE\",\"@id\":\"https:\\\/\\\/www.hughes.com\\\/pe\\\/#\\\/schema\\\/logo\\\/image\\\/\",\"url\":\"https:\\\/\\\/www.hughes.com\\\/wp-content\\\/uploads\\\/2026\\\/02\\\/HughesEchoStar_Logo.png\",\"contentUrl\":\"https:\\\/\\\/www.hughes.com\\\/wp-content\\\/uploads\\\/2026\\\/02\\\/HughesEchoStar_Logo.png\",\"width\":593,\"height\":213,\"caption\":\"Hughes\"},\"image\":{\"@id\":\"https:\\\/\\\/www.hughes.com\\\/pe\\\/#\\\/schema\\\/logo\\\/image\\\/\"},\"sameAs\":[\"https:\\\/\\\/www.facebook.com\\\/HughesConnects\\\/\",\"https:\\\/\\\/x.com\\\/HughesConnects\",\"https:\\\/\\\/www.youtube.com\\\/user\\\/HughesTV\\\/videos\",\"https:\\\/\\\/www.linkedin.com\\\/company\\\/3569\\\/admin\\\/dashboard\\\/\"]}]}<\/script>\n<!-- \/ Yoast SEO plugin. -->","yoast_head_json":{"title":"Backhaul Satelital para Operadores de Redes M\u00f3viles | Hughes","description":"El backhaul satelital con el sistema JUPITER\u2122 de Hughes ofrece un medio eficaz y asequible para interconectar las estaciones base celulares, independientemente de la distancia, la infraestructura o el terreno.","robots":{"index":"index","follow":"follow","max-snippet":"max-snippet:-1","max-image-preview":"max-image-preview:large","max-video-preview":"max-video-preview:-1"},"canonical":"https:\/\/www.hughes.com\/pe\/soluciones\/para-la-brecha-digital\/backhaul-celular","og_locale":"es_ES","og_type":"article","og_title":"Backhaul Satelital para Operadores de Redes M\u00f3viles | Hughes","og_description":"El backhaul satelital con el sistema JUPITER\u2122 de Hughes ofrece un medio eficaz y asequible para interconectar las estaciones base celulares, independientemente de la distancia, la infraestructura o el terreno.","og_url":"https:\/\/www.hughes.com\/pe\/soluciones\/para-la-brecha-digital\/backhaul-celular","og_site_name":"Hughes","article_publisher":"https:\/\/www.facebook.com\/HughesConnects\/","article_modified_time":"2026-02-18T18:54:27+00:00","og_image":[{"width":1200,"height":630,"url":"https:\/\/www.hughes.com\/wp-content\/uploads\/2026\/02\/HughesGlobalOpenGraph.jpg","type":"image\/jpeg"}],"twitter_card":"summary_large_image","twitter_site":"@HughesConnects","schema":{"@context":"https:\/\/schema.org","@graph":[{"@type":"WebPage","@id":"https:\/\/www.hughes.com\/pe\/soluciones\/para-la-brecha-digital\/backhaul-celular","url":"https:\/\/www.hughes.com\/pe\/soluciones\/para-la-brecha-digital\/backhaul-celular","name":"Backhaul Satelital para Operadores de Redes M\u00f3viles | Hughes","isPartOf":{"@id":"https:\/\/www.hughes.com\/pe\/#website"},"datePublished":"2025-12-22T10:08:29+00:00","dateModified":"2026-02-18T18:54:27+00:00","description":"El backhaul satelital con el sistema JUPITER\u2122 de Hughes ofrece un medio eficaz y asequible para interconectar las estaciones base celulares, independientemente de la distancia, la infraestructura o el terreno.","breadcrumb":{"@id":"https:\/\/www.hughes.com\/pe\/soluciones\/para-la-brecha-digital\/backhaul-celular#breadcrumb"},"inLanguage":"es-PE","potentialAction":[{"@type":"ReadAction","target":["https:\/\/www.hughes.com\/pe\/soluciones\/para-la-brecha-digital\/backhaul-celular"]}]},{"@type":"BreadcrumbList","@id":"https:\/\/www.hughes.com\/pe\/soluciones\/para-la-brecha-digital\/backhaul-celular#breadcrumb","itemListElement":[{"@type":"ListItem","position":1,"name":"Home","item":"https:\/\/www.hughes.com\/pe"},{"@type":"ListItem","position":2,"name":"Soluciones","item":"https:\/\/www.hughes.com\/pe\/soluciones"},{"@type":"ListItem","position":3,"name":"Soluciones para la Brecha Digital","item":"https:\/\/www.hughes.com\/pe\/soluciones\/para-la-brecha-digital"},{"@type":"ListItem","position":4,"name":"Backhaul Celular"}]},{"@type":"WebSite","@id":"https:\/\/www.hughes.com\/pe\/#website","url":"https:\/\/www.hughes.com\/pe\/","name":"Hughes","description":"","publisher":{"@id":"https:\/\/www.hughes.com\/pe\/#organization"},"potentialAction":[{"@type":"SearchAction","target":{"@type":"EntryPoint","urlTemplate":"https:\/\/www.hughes.com\/pe\/?s={search_term_string}"},"query-input":{"@type":"PropertyValueSpecification","valueRequired":true,"valueName":"search_term_string"}}],"inLanguage":"es-PE"},{"@type":"Organization","@id":"https:\/\/www.hughes.com\/pe\/#organization","name":"Hughes","url":"https:\/\/www.hughes.com\/pe\/","logo":{"@type":"ImageObject","inLanguage":"es-PE","@id":"https:\/\/www.hughes.com\/pe\/#\/schema\/logo\/image\/","url":"https:\/\/www.hughes.com\/wp-content\/uploads\/2026\/02\/HughesEchoStar_Logo.png","contentUrl":"https:\/\/www.hughes.com\/wp-content\/uploads\/2026\/02\/HughesEchoStar_Logo.png","width":593,"height":213,"caption":"Hughes"},"image":{"@id":"https:\/\/www.hughes.com\/pe\/#\/schema\/logo\/image\/"},"sameAs":["https:\/\/www.facebook.com\/HughesConnects\/","https:\/\/x.com\/HughesConnects","https:\/\/www.youtube.com\/user\/HughesTV\/videos","https:\/\/www.linkedin.com\/company\/3569\/admin\/dashboard\/"]}]}},"_links":{"self":[{"href":"https:\/\/www.hughes.com\/pe\/wp-json\/wp\/v2\/pages\/38948","targetHints":{"allow":["GET"]}}],"collection":[{"href":"https:\/\/www.hughes.com\/pe\/wp-json\/wp\/v2\/pages"}],"about":[{"href":"https:\/\/www.hughes.com\/pe\/wp-json\/wp\/v2\/types\/page"}],"author":[{"embeddable":true,"href":"https:\/\/www.hughes.com\/pe\/wp-json\/wp\/v2\/users\/1"}],"replies":[{"embeddable":true,"href":"https:\/\/www.hughes.com\/pe\/wp-json\/wp\/v2\/comments?post=38948"}],"version-history":[{"count":0,"href":"https:\/\/www.hughes.com\/pe\/wp-json\/wp\/v2\/pages\/38948\/revisions"}],"up":[{"embeddable":true,"href":"https:\/\/www.hughes.com\/pe\/wp-json\/wp\/v2\/pages\/38938"}],"wp:attachment":[{"href":"https:\/\/www.hughes.com\/pe\/wp-json\/wp\/v2\/media?parent=38948"}],"curies":[{"name":"wp","href":"https:\/\/api.w.org\/{rel}","templated":true}]}}