{"id":38922,"date":"2026-01-27T11:58:28","date_gmt":"2026-01-27T11:58:28","guid":{"rendered":"https:\/\/hughes1stg.wpenginepowered.com\/soluciones\/comunicaciones-de-respaldo-para-emergencias"},"modified":"2026-02-18T18:23:54","modified_gmt":"2026-02-18T18:23:54","slug":"comunicaciones-de-respaldo-para-emergencias","status":"publish","type":"page","link":"https:\/\/www.hughes.com\/pe\/soluciones\/comunicaciones-de-respaldo-para-emergencias","title":{"rendered":"Comunicaciones de Respaldo para Emergencias"},"content":{"rendered":"<!-- Solution Hero --><section class=\"solution-hero-section\">\r\n    <div class=\"shs-wrapper bg-dark border-radius-bottom-lr\">\r\n        <div class=\"shs-hero\"><div class=\"shs-bg-media\"><img src=\"https:\/\/www.hughes.com\/wp-content\/uploads\/2026\/02\/emergency-communications-hero.png.webp\" srcset=\"https:\/\/www.hughes.com\/wp-content\/uploads\/2026\/02\/emergency-communications-hero.png.webp 1280w, https:\/\/www.hughes.com\/wp-content\/uploads\/2026\/02\/emergency-communications-hero.png-300x113.webp 300w, https:\/\/www.hughes.com\/wp-content\/uploads\/2026\/02\/emergency-communications-hero.png-1024x384.webp 1024w, https:\/\/www.hughes.com\/wp-content\/uploads\/2026\/02\/emergency-communications-hero.png-768x288.webp 768w\" sizes=\"(max-width: 1280px) 100vw, 1280px\" alt=\"emergency response crew\" class=\"\" loading=\"eager\" decoding=\"async\" width=\"1280\" height=\"480\" fetchpriority=\"high\"><\/div><div class=\"container\">\r\n                <div class=\"shs-hero-content\"><h1 class=\"h1 title\">Sistema de Comunicaciones confiable para Emergencias<\/h1><h2 class=\"desc\"><p>La comunicaci\u00f3n satelital ayuda a los socorristas y a los propietarios de negocios en la gesti\u00f3n de desastres y respuesta frente a emergencias.<\/p>\n<\/h2><\/div>\r\n            <\/div><\/div><div class=\"shs-overview\">\r\n                <div class=\"container\">\r\n                    <div class=\"shs-overview-content row\"><div class=\"introduction -lg cell-12\"><h2 class=\"heading-small-font\"><\/h2>\n<h4><\/h4>\n<\/div><div class=\"left-column -lg cell-md-6\"><p>\n    La comunicaci\u00f3n de emergencia bidireccional es esencial para la ejecuci\u00f3n de un plan de respuesta ante desastres. El despliegue de comunicaciones de emergencia debe ser simple y r\u00e1pido. Las primeras 24 horas del plan de respuesta son las m\u00e1s vitales y ca\u00f3ticas. Tormentas, incendios, terremotos, inundaciones y otros desastres naturales probablemente interrumpir\u00e1n las conexiones terrestres, incluidas las torres de telefon\u00eda m\u00f3vil. Con un generador m\u00f3vil y un terminal satelital, se puede llevar r\u00e1pida y f\u00e1cilmente conectividad a internet y servicio telef\u00f3nico a los primeros socorristas y ciudadanos.<\/p>\n<\/div><div class=\"right-column -lg cell-md-6\"><p>\n    Las empresas necesitan comunicaciones de emergencia como parte de su plan de recuperaci\u00f3n ante desastres. Tiendas de mejoramiento para el hogar, agentes de seguros, instituciones m\u00e9dicas u hospitalarias y otros, se benefician de las comunicaciones satelitales de emergencia.\n<\/p>\n<p>\n    Un plan completo de comunicaciones ante emergencias debe contemplar tel\u00e9fonos VoIP y puntos de acceso Wi-Fi para extender los puntos de comunicaci\u00f3n y acceso a la informaci\u00f3n. A trav\u00e9s de la comunicaci\u00f3n satelital las personas pueden tener acceso a la informaci\u00f3n y entregar un estatus actualizado de las condiciones locales.<\/p>\n<\/div><\/div>\r\n                <\/div>\r\n            <\/div><\/div>\r\n<\/section>\n\n<!-- Text Block --><section class=\"wysiwyg-component space-md-m\">\n        <div class=\"container\">\n            <div class=\"wc-wrap\"><div class=\"wc-decs bullet-styled\"><h3>\n    Preparaci\u00f3n de un sistema de comunicaci\u00f3n de emergencia y provisi\u00f3n de acceso a internet de emergencia<br \/>\n<\/h3>\n<p>\n    El internet es una herramienta valiosa en la vida cotidiana. Cuando ocurre un desastre natural o emergencia, el acceso a internet es fundamental. Las agencias gubernamentales, las empresas y los miembros de la comunidad depender\u00e1n del acceso a internet para comunicarse con los primeros rescatistas y con sus seres queridos.\n<\/p>\n<p>\n    Un sistema de comunicaci\u00f3n de emergencia debe incluir energ\u00eda port\u00e1til, como un generador a gasolina, y conectividad a internet que no dependa del servicio terrestre. La comunicaci\u00f3n satelital es ideal porque no depende de infraestructuras como cables subterr\u00e1neos y torres celulares que podr\u00edan quedar inutilizadas durante un desastre natural. Adem\u00e1s, es r\u00e1pida de configurar en ubicaciones remotas donde la conectividad por cable o celular no est\u00e1 disponible.\n<\/p>\n<p>\n    Despu\u00e9s de establecer una conexi\u00f3n a internet, se puede conectar un punto de acceso Wi-Fi y tel\u00e9fonos VoIP, y el acceso estar\u00e1 disponible para los equipos de respuesta a emergencias y las personas afectadas por el evento.<\/p>\n<\/div><\/div>\n        <\/div>\n    <\/section>\n\n<section class=\"media-block bg-dark space-lg border-radius-bottom-lr\">\r\n        <div class=\"container\"><div class=\"mb-media-main\">\r\n                    <div class=\"mb-media-wrap\">\r\n                        <div class=\"mb-media\"><img src=\"https:\/\/www.hughes.com\/wp-content\/uploads\/2026\/02\/satcellconnect_0.jpg.webp\" srcset=\"https:\/\/www.hughes.com\/wp-content\/uploads\/2026\/02\/satcellconnect_0.jpg.webp 1280w, https:\/\/www.hughes.com\/wp-content\/uploads\/2026\/02\/satcellconnect_0.jpg-300x70.webp 300w, https:\/\/www.hughes.com\/wp-content\/uploads\/2026\/02\/satcellconnect_0.jpg-1024x240.webp 1024w, https:\/\/www.hughes.com\/wp-content\/uploads\/2026\/02\/satcellconnect_0.jpg-768x180.webp 768w\" sizes=\"auto, (max-width: 1280px) 100vw, 1280px\" alt=\"emergencycommunications\" class=\"\" loading=\"lazy\" decoding=\"async\" width=\"1280\" height=\"300\"><\/div>\r\n                    <\/div>\r\n                <\/div><\/div>\r\n    <\/section>\n\n<!-- Two-Column Content --><section class=\"two-column-content-section space-lg-m\">\r\n        <div class=\"container\"><div class=\"tccs-row row\"><div class=\"tccs-row-left cell-md-6\"><div class=\"tccs-text-block bullet-styled\"><h2>\n    Terminales Satelitales Vers\u00e1tiles<br \/>\n<\/h2>\n<p>\n    Para una conectividad r\u00e1pida durante emergencias, Hughes ofrece una gama de terminales satelitales lo suficientemente peque\u00f1os y resistentes para las zonas de desastre m\u00e1s severas. Estas terminales pueden pre-ordenarse y probarse antes de eventos meteorol\u00f3gicos severos para las conexiones m\u00e1s r\u00e1pidas o solicitarse seg\u00fan sea necesario para despliegues m\u00e1s largos.<\/p>\n<\/div><\/div><div class=\"tccs-row-right cell-md-6\"><div class=\"tccs-text-block bullet-styled\"><h2>\n    Redes de Respaldo Resilientes<br \/>\n<\/h2>\n<p>\n    Para organizaciones de todos los tama\u00f1os, un plan de red de respaldo es tan esencial como un plan de negocios. Ofrecemos una variedad de opciones de redundancia de red para asegurar respaldo secundario y terciario en implementaciones de banda ancha y SD-WAN de transporte \u00fanico o m\u00faltiple. Considere la banda ancha de alto rendimiento Geoestacionaria (GEO) o de \u00d3rbita Terrestre Baja (LEO) para respaldar la conectividad de red empresarial en cada sitio.<\/p>\n<\/div><\/div><\/div><\/div>\r\n    <\/section>\r\n<!-- <script>\r\nwindow.hasClicked = window.hasClicked || {};\r\njQuery(document).on('gform_confirmation_loaded', function(event, formId) {\r\n    const formBlocks = document.querySelectorAll('.two-column-content-section .tccs-form-block');\r\n\r\n    formBlocks.forEach(block => {\r\n        const thankYou = block.querySelector('.tccs-thank-you');\r\n\r\n        const leftLink = block.querySelector('[class^=\"left-redirect-link-\"]');\r\n        if(leftLink) {\r\n            const linkFormId = parseInt(leftLink.getAttribute('title'));\r\n            if(!isNaN(linkFormId) && formId === linkFormId) {\r\n                if(thankYou) thankYou.classList.remove('d-none');\r\n                const index = leftLink.className.match(\/left-redirect-link-(\\d+)\/)[1];\r\n                if(!window.hasClicked[index]) {\r\n                    window.hasClicked[index] = true;\r\n                    leftLink.click();\r\n                }\r\n            }\r\n        }\r\n\r\n        const rightLink = block.querySelector('[class^=\"right-redirect-link-\"]');\r\n        if(rightLink) {\r\n            const linkFormId = parseInt(rightLink.getAttribute('title'));\r\n            if(!isNaN(linkFormId) && formId === linkFormId) {\r\n                if(thankYou) thankYou.classList.remove('d-none');\r\n                const index = rightLink.className.match(\/right-redirect-link-(\\d+)\/)[1];\r\n                if(!window.hasClicked[index]) {\r\n                    window.hasClicked[index] = true;\r\n                    rightLink.click();\r\n                }\r\n            }\r\n        }\r\n\r\n    });\r\n});\r\n<\/script> -->\r\n","protected":false},"excerpt":{"rendered":"<p>Con Hughes, mantenga la continuidad operativa de su empresa con soluciones de respaldo para emergencias. Con\u00e9ctese de manera confiable incluso en situaciones cr\u00edticas.<\/p>\n","protected":false},"author":1,"featured_media":0,"parent":38830,"menu_order":0,"comment_status":"closed","ping_status":"closed","template":"","meta":{"_acf_changed":false,"_searchwp_excluded":"","footnotes":""},"class_list":["post-38922","page","type-page","status-publish","hentry"],"acf":[],"yoast_head":"<!-- This site is optimized with the Yoast SEO plugin v27.3 - https:\/\/yoast.com\/product\/yoast-seo-wordpress\/ -->\n<title>Comunicaciones confiables para emergencias | Hughes<\/title>\n<meta name=\"description\" content=\"Con Hughes, mantenga la continuidad operativa de su empresa con soluciones de respaldo para emergencias. Con\u00e9ctese de manera confiable incluso en situaciones cr\u00edticas.\" \/>\n<meta name=\"robots\" content=\"index, follow, max-snippet:-1, max-image-preview:large, max-video-preview:-1\" \/>\n<link rel=\"canonical\" href=\"https:\/\/www.hughes.com\/pe\/soluciones\/comunicaciones-de-respaldo-para-emergencias\" \/>\n<meta property=\"og:locale\" content=\"es_ES\" \/>\n<meta property=\"og:type\" content=\"article\" \/>\n<meta property=\"og:title\" content=\"Comunicaciones confiables para emergencias | Hughes\" \/>\n<meta property=\"og:description\" content=\"Con Hughes, mantenga la continuidad operativa de su empresa con soluciones de respaldo para emergencias. Con\u00e9ctese de manera confiable incluso en situaciones cr\u00edticas.\" \/>\n<meta property=\"og:url\" content=\"https:\/\/www.hughes.com\/pe\/soluciones\/comunicaciones-de-respaldo-para-emergencias\" \/>\n<meta property=\"og:site_name\" content=\"Hughes\" \/>\n<meta property=\"article:publisher\" content=\"https:\/\/www.facebook.com\/HughesConnects\/\" \/>\n<meta property=\"article:modified_time\" content=\"2026-02-18T18:23:54+00:00\" \/>\n<meta property=\"og:image\" content=\"https:\/\/www.hughes.com\/wp-content\/uploads\/2026\/02\/HughesGlobalOpenGraph.jpg\" \/>\n\t<meta property=\"og:image:width\" content=\"1200\" \/>\n\t<meta property=\"og:image:height\" content=\"630\" \/>\n\t<meta property=\"og:image:type\" content=\"image\/jpeg\" \/>\n<meta name=\"twitter:card\" content=\"summary_large_image\" \/>\n<meta name=\"twitter:site\" content=\"@HughesConnects\" \/>\n<script type=\"application\/ld+json\" class=\"yoast-schema-graph\">{\"@context\":\"https:\\\/\\\/schema.org\",\"@graph\":[{\"@type\":\"WebPage\",\"@id\":\"https:\\\/\\\/www.hughes.com\\\/pe\\\/soluciones\\\/comunicaciones-de-respaldo-para-emergencias\",\"url\":\"https:\\\/\\\/www.hughes.com\\\/pe\\\/soluciones\\\/comunicaciones-de-respaldo-para-emergencias\",\"name\":\"Comunicaciones confiables para emergencias | Hughes\",\"isPartOf\":{\"@id\":\"https:\\\/\\\/www.hughes.com\\\/pe\\\/#website\"},\"datePublished\":\"2026-01-27T11:58:28+00:00\",\"dateModified\":\"2026-02-18T18:23:54+00:00\",\"description\":\"Con Hughes, mantenga la continuidad operativa de su empresa con soluciones de respaldo para emergencias. Con\u00e9ctese de manera confiable incluso en situaciones cr\u00edticas.\",\"breadcrumb\":{\"@id\":\"https:\\\/\\\/www.hughes.com\\\/pe\\\/soluciones\\\/comunicaciones-de-respaldo-para-emergencias#breadcrumb\"},\"inLanguage\":\"es-PE\",\"potentialAction\":[{\"@type\":\"ReadAction\",\"target\":[\"https:\\\/\\\/www.hughes.com\\\/pe\\\/soluciones\\\/comunicaciones-de-respaldo-para-emergencias\"]}]},{\"@type\":\"BreadcrumbList\",\"@id\":\"https:\\\/\\\/www.hughes.com\\\/pe\\\/soluciones\\\/comunicaciones-de-respaldo-para-emergencias#breadcrumb\",\"itemListElement\":[{\"@type\":\"ListItem\",\"position\":1,\"name\":\"Home\",\"item\":\"https:\\\/\\\/www.hughes.com\\\/pe\"},{\"@type\":\"ListItem\",\"position\":2,\"name\":\"Soluciones\",\"item\":\"https:\\\/\\\/www.hughes.com\\\/pe\\\/soluciones\"},{\"@type\":\"ListItem\",\"position\":3,\"name\":\"Comunicaciones de Respaldo para Emergencias\"}]},{\"@type\":\"WebSite\",\"@id\":\"https:\\\/\\\/www.hughes.com\\\/pe\\\/#website\",\"url\":\"https:\\\/\\\/www.hughes.com\\\/pe\\\/\",\"name\":\"Hughes\",\"description\":\"\",\"publisher\":{\"@id\":\"https:\\\/\\\/www.hughes.com\\\/pe\\\/#organization\"},\"potentialAction\":[{\"@type\":\"SearchAction\",\"target\":{\"@type\":\"EntryPoint\",\"urlTemplate\":\"https:\\\/\\\/www.hughes.com\\\/pe\\\/?s={search_term_string}\"},\"query-input\":{\"@type\":\"PropertyValueSpecification\",\"valueRequired\":true,\"valueName\":\"search_term_string\"}}],\"inLanguage\":\"es-PE\"},{\"@type\":\"Organization\",\"@id\":\"https:\\\/\\\/www.hughes.com\\\/pe\\\/#organization\",\"name\":\"Hughes\",\"url\":\"https:\\\/\\\/www.hughes.com\\\/pe\\\/\",\"logo\":{\"@type\":\"ImageObject\",\"inLanguage\":\"es-PE\",\"@id\":\"https:\\\/\\\/www.hughes.com\\\/pe\\\/#\\\/schema\\\/logo\\\/image\\\/\",\"url\":\"https:\\\/\\\/www.hughes.com\\\/wp-content\\\/uploads\\\/2026\\\/02\\\/HughesEchoStar_Logo.png\",\"contentUrl\":\"https:\\\/\\\/www.hughes.com\\\/wp-content\\\/uploads\\\/2026\\\/02\\\/HughesEchoStar_Logo.png\",\"width\":593,\"height\":213,\"caption\":\"Hughes\"},\"image\":{\"@id\":\"https:\\\/\\\/www.hughes.com\\\/pe\\\/#\\\/schema\\\/logo\\\/image\\\/\"},\"sameAs\":[\"https:\\\/\\\/www.facebook.com\\\/HughesConnects\\\/\",\"https:\\\/\\\/x.com\\\/HughesConnects\",\"https:\\\/\\\/www.youtube.com\\\/user\\\/HughesTV\\\/videos\",\"https:\\\/\\\/www.linkedin.com\\\/company\\\/3569\\\/admin\\\/dashboard\\\/\"]}]}<\/script>\n<!-- \/ Yoast SEO plugin. -->","yoast_head_json":{"title":"Comunicaciones confiables para emergencias | Hughes","description":"Con Hughes, mantenga la continuidad operativa de su empresa con soluciones de respaldo para emergencias. Con\u00e9ctese de manera confiable incluso en situaciones cr\u00edticas.","robots":{"index":"index","follow":"follow","max-snippet":"max-snippet:-1","max-image-preview":"max-image-preview:large","max-video-preview":"max-video-preview:-1"},"canonical":"https:\/\/www.hughes.com\/pe\/soluciones\/comunicaciones-de-respaldo-para-emergencias","og_locale":"es_ES","og_type":"article","og_title":"Comunicaciones confiables para emergencias | Hughes","og_description":"Con Hughes, mantenga la continuidad operativa de su empresa con soluciones de respaldo para emergencias. Con\u00e9ctese de manera confiable incluso en situaciones cr\u00edticas.","og_url":"https:\/\/www.hughes.com\/pe\/soluciones\/comunicaciones-de-respaldo-para-emergencias","og_site_name":"Hughes","article_publisher":"https:\/\/www.facebook.com\/HughesConnects\/","article_modified_time":"2026-02-18T18:23:54+00:00","og_image":[{"width":1200,"height":630,"url":"https:\/\/www.hughes.com\/wp-content\/uploads\/2026\/02\/HughesGlobalOpenGraph.jpg","type":"image\/jpeg"}],"twitter_card":"summary_large_image","twitter_site":"@HughesConnects","schema":{"@context":"https:\/\/schema.org","@graph":[{"@type":"WebPage","@id":"https:\/\/www.hughes.com\/pe\/soluciones\/comunicaciones-de-respaldo-para-emergencias","url":"https:\/\/www.hughes.com\/pe\/soluciones\/comunicaciones-de-respaldo-para-emergencias","name":"Comunicaciones confiables para emergencias | Hughes","isPartOf":{"@id":"https:\/\/www.hughes.com\/pe\/#website"},"datePublished":"2026-01-27T11:58:28+00:00","dateModified":"2026-02-18T18:23:54+00:00","description":"Con Hughes, mantenga la continuidad operativa de su empresa con soluciones de respaldo para emergencias. Con\u00e9ctese de manera confiable incluso en situaciones cr\u00edticas.","breadcrumb":{"@id":"https:\/\/www.hughes.com\/pe\/soluciones\/comunicaciones-de-respaldo-para-emergencias#breadcrumb"},"inLanguage":"es-PE","potentialAction":[{"@type":"ReadAction","target":["https:\/\/www.hughes.com\/pe\/soluciones\/comunicaciones-de-respaldo-para-emergencias"]}]},{"@type":"BreadcrumbList","@id":"https:\/\/www.hughes.com\/pe\/soluciones\/comunicaciones-de-respaldo-para-emergencias#breadcrumb","itemListElement":[{"@type":"ListItem","position":1,"name":"Home","item":"https:\/\/www.hughes.com\/pe"},{"@type":"ListItem","position":2,"name":"Soluciones","item":"https:\/\/www.hughes.com\/pe\/soluciones"},{"@type":"ListItem","position":3,"name":"Comunicaciones de Respaldo para Emergencias"}]},{"@type":"WebSite","@id":"https:\/\/www.hughes.com\/pe\/#website","url":"https:\/\/www.hughes.com\/pe\/","name":"Hughes","description":"","publisher":{"@id":"https:\/\/www.hughes.com\/pe\/#organization"},"potentialAction":[{"@type":"SearchAction","target":{"@type":"EntryPoint","urlTemplate":"https:\/\/www.hughes.com\/pe\/?s={search_term_string}"},"query-input":{"@type":"PropertyValueSpecification","valueRequired":true,"valueName":"search_term_string"}}],"inLanguage":"es-PE"},{"@type":"Organization","@id":"https:\/\/www.hughes.com\/pe\/#organization","name":"Hughes","url":"https:\/\/www.hughes.com\/pe\/","logo":{"@type":"ImageObject","inLanguage":"es-PE","@id":"https:\/\/www.hughes.com\/pe\/#\/schema\/logo\/image\/","url":"https:\/\/www.hughes.com\/wp-content\/uploads\/2026\/02\/HughesEchoStar_Logo.png","contentUrl":"https:\/\/www.hughes.com\/wp-content\/uploads\/2026\/02\/HughesEchoStar_Logo.png","width":593,"height":213,"caption":"Hughes"},"image":{"@id":"https:\/\/www.hughes.com\/pe\/#\/schema\/logo\/image\/"},"sameAs":["https:\/\/www.facebook.com\/HughesConnects\/","https:\/\/x.com\/HughesConnects","https:\/\/www.youtube.com\/user\/HughesTV\/videos","https:\/\/www.linkedin.com\/company\/3569\/admin\/dashboard\/"]}]}},"_links":{"self":[{"href":"https:\/\/www.hughes.com\/pe\/wp-json\/wp\/v2\/pages\/38922","targetHints":{"allow":["GET"]}}],"collection":[{"href":"https:\/\/www.hughes.com\/pe\/wp-json\/wp\/v2\/pages"}],"about":[{"href":"https:\/\/www.hughes.com\/pe\/wp-json\/wp\/v2\/types\/page"}],"author":[{"embeddable":true,"href":"https:\/\/www.hughes.com\/pe\/wp-json\/wp\/v2\/users\/1"}],"replies":[{"embeddable":true,"href":"https:\/\/www.hughes.com\/pe\/wp-json\/wp\/v2\/comments?post=38922"}],"version-history":[{"count":0,"href":"https:\/\/www.hughes.com\/pe\/wp-json\/wp\/v2\/pages\/38922\/revisions"}],"up":[{"embeddable":true,"href":"https:\/\/www.hughes.com\/pe\/wp-json\/wp\/v2\/pages\/38830"}],"wp:attachment":[{"href":"https:\/\/www.hughes.com\/pe\/wp-json\/wp\/v2\/media?parent=38922"}],"curies":[{"name":"wp","href":"https:\/\/api.w.org\/{rel}","templated":true}]}}