{"id":38806,"date":"2025-12-22T10:56:02","date_gmt":"2025-12-22T10:56:02","guid":{"rendered":"https:\/\/hughes1stg.wpenginepowered.com\/prensa"},"modified":"2026-02-17T03:28:08","modified_gmt":"2026-02-17T03:28:08","slug":"prensa","status":"publish","type":"page","link":"https:\/\/www.hughes.com\/pe\/prensa","title":{"rendered":"Prensa"},"content":{"rendered":"<!-- Listing Hero --><section class=\"listing-hero-section bg-dark border-radius-bottom-lr\">\r\n    <div class=\"container\"><div class=\"breadcrumbs\"><span property=\"itemListElement\" typeof=\"ListItem\"><a property=\"item\" typeof=\"WebPage\" title=\"Go to Home.\" href=\"https:\/\/www.hughes.com\/pe\" class=\"home\" aria-current=\"page\"><span property=\"name\">Home<\/span><\/a><meta property=\"position\" content=\"1\"><\/span><\/div><div class=\"sec-heading\"><h1 class=\"h1\">Prensa<\/h1><\/div><\/div>\r\n<\/section><!-- Press Release Listing --><section class=\"press-release-listing space-lg-m press-releases-view\">\r\n    <div class=\"container\">\r\n        <form class=\"listing-filter-form\" method=\"post\" id=\"filter_form\">\r\n            <input type=\"hidden\" name=\"lg_year_select\" id=\"lg_year_select\" value=\"\" \/>\r\n            <input type=\"hidden\" name=\"current_page_url\" id=\"current_page_url\" value=\"https:\/\/www.hughes.com\/pe\/prensa\" \/>\r\n            <input type=\"hidden\" name=\"pager\" id=\"pager\" value=\"1\">\r\n            <input type=\"hidden\" name=\"max_pages\" id=\"max_pages\" value=\"2\" \/>\r\n            <input type=\"hidden\" name=\"page_id\" id=\"page_id\" value=\"38806\">\r\n            <input type=\"hidden\" name=\"posts_per_page\" id=\"posts_per_page\" value=\"12\" \/>\r\n            <input type=\"hidden\" name=\"lg_type_select\" class=\"lg_type_select\" value=\"\" \/>\r\n            <input type=\"hidden\" name=\"listing_view\" id=\"listing_view\" value=\"press-releases\" \/>\r\n            <input type=\"hidden\" name=\"post_type\" id=\"post_type\" value=\"press-releases\" \/>\r\n            <input type=\"hidden\" name=\"view\" id=\"view\" value=\"\" \/><div class=\"row prl-wrapper\"><div class=\"prl-left cell-lg-3 cell-md-4\">\r\n                            <div class=\"prl-dropdown\">\r\n                                <div class=\"filter-title\">\r\n                                <h5 class=\"h5\">A\u00f1os<\/h5>\r\n                                    <i class=\"icon\"><svg aria-hidden=\"true\" width=\"24\" height=\"24\" viewBox=\"0 0 24 24\" fill=\"currentColor\"><use xlink:href=\"#icon-caret-down\"><\/use><\/svg><\/i>\r\n                                <\/div>\r\n                                <ul class=\"checkbox-filter no-list\"><li class=\"checkbox\">\r\n                                            <input type=\"checkbox\" class=\"cat-filter\" name=\"year\" id=\"year_2025\"  value=\"2025\" data-label=\"2025\" >\r\n                                            <label for=\"year_2025\" data-label=\"2025\">2025<\/label>\r\n                                        <\/li><li class=\"checkbox\">\r\n                                            <input type=\"checkbox\" class=\"cat-filter\" name=\"year\" id=\"year_2024\"  value=\"2024\" data-label=\"2024\" >\r\n                                            <label for=\"year_2024\" data-label=\"2024\">2024<\/label>\r\n                                        <\/li><li class=\"checkbox\">\r\n                                            <input type=\"checkbox\" class=\"cat-filter\" name=\"year\" id=\"year_2023\"  value=\"2023\" data-label=\"2023\" >\r\n                                            <label for=\"year_2023\" data-label=\"2023\">2023<\/label>\r\n                                        <\/li><\/ul>\r\n                            <\/div>\r\n                        <\/div><div class=\"prl-right cell-lg-9 cell-md-8\">\r\n                    <div class=\"prl-list\"><div class=\"prl-item\">\r\n            <span class=\"eyebrow-text\">05\/01\/2025<\/span>\r\n            <h5 class=\"title\"><a href=\"https:\/\/www.hughes.com\/pe\/recursos\/prensa\/hughes-es-reconocido-por-ericsson-como-socio-del-ano\" title=\"Hughes es reconocido por Ericsson como Socio del A\u00f1o\" target=\"_self\">Hughes es reconocido por Ericsson como Socio del A\u00f1o<\/a><\/h5><\/div><div class=\"prl-item\">\r\n            <span class=\"eyebrow-text\">04\/10\/2025<\/span>\r\n            <h5 class=\"title\"><a href=\"https:\/\/www.hughes.com\/pe\/recursos\/prensa\/hughes-lanza-una-innovadora-antena-compacta-esa-y-amplia-sus-soluciones-de\" title=\"Hughes lanza una innovadora antena compacta ESA y ampl\u00eda sus soluciones de conectividad global\" target=\"_self\">Hughes lanza una innovadora antena compacta ESA y ampl\u00eda sus soluciones de conectividad global<\/a><\/h5><\/div><div class=\"prl-item\">\r\n            <span class=\"eyebrow-text\">02\/19\/2025<\/span>\r\n            <h5 class=\"title\"><a href=\"https:\/\/www.hughes.com\/pe\/recursos\/prensa\/hughes-aprovecha-la-solucion-hisky-para-proporcionar-conectividad-a-un-cliente-del-sector-energetico-en-brasil\" title=\"Hughes aprovecha la soluci\u00f3n hiSky para proporcionar conectividad a un cliente del sector energ\u00e9tico en Brasil\" target=\"_self\">Hughes aprovecha la soluci\u00f3n hiSky para proporcionar conectividad a un cliente del sector energ\u00e9tico en Brasil<\/a><\/h5><\/div><div class=\"prl-item\">\r\n            <span class=\"eyebrow-text\">12\/07\/2024<\/span>\r\n            <h5 class=\"title\"><a href=\"https:\/\/www.hughes.com\/pe\/recursos\/prensa\/antena-electronicamente-orientable-esa-de-hughes-mejorara-experiencia-de-los-usuarios-a-bordo\" title=\"Antena Electr\u00f3nicamente Orientable (ESA) de Hughes mejorar\u00e1 experiencia de los usuarios a bordo\" target=\"_self\">Antena Electr\u00f3nicamente Orientable (ESA) de Hughes mejorar\u00e1 experiencia de los usuarios a bordo<\/a><\/h5><\/div><div class=\"prl-item\">\r\n            <span class=\"eyebrow-text\">12\/01\/2024<\/span>\r\n            <h5 class=\"title\"><a href=\"https:\/\/www.hughes.com\/pe\/recursos\/prensa\/hughes-entre-los-cinco-proveedores-con-las-puntuaciones-mas-altas-en-los-seis-casos\" title=\"Hughes entre los cinco proveedores con las puntuaciones m\u00e1s altas en los seis Casos de Uso en el informe 2024 de Gartner\u00ae Critical Capabilities for Managed Network Services\" target=\"_self\">Hughes entre los cinco proveedores con las puntuaciones m\u00e1s altas en los seis Casos de Uso en el informe 2024 de Gartner\u00ae Critical Capabilities for Managed Network Services<\/a><\/h5><\/div><div class=\"prl-item\">\r\n            <span class=\"eyebrow-text\">12\/01\/2024<\/span>\r\n            <h5 class=\"title\"><a href=\"https:\/\/www.hughes.com\/pe\/recursos\/prensa\/hughes-gana-en-los-premios-eikon-2024-con-su-innovador-proyecto-conectando-suenos\" title=\"Hughes gana en los Premios EIKON 2024 con su iniciativa &#8220;Conectando Sue\u00f1os&#8221;\" target=\"_self\">Hughes gana en los Premios EIKON 2024 con su iniciativa &#8220;Conectando Sue\u00f1os&#8221;<\/a><\/h5><\/div><div class=\"prl-item\">\r\n            <span class=\"eyebrow-text\">08\/24\/2024<\/span>\r\n            <h5 class=\"title\"><a href=\"https:\/\/www.hughes.com\/pe\/recursos\/prensa\/hughes-supera-las-5-000-terminales-esa-para-oneweb\" title=\"Hughes supera las 5.000 terminales ESA para OneWeb\" target=\"_self\">Hughes supera las 5.000 terminales ESA para OneWeb<\/a><\/h5><\/div><div class=\"prl-item\">\r\n            <span class=\"eyebrow-text\">06\/13\/2024<\/span>\r\n            <h5 class=\"title\"><a href=\"https:\/\/www.hughes.com\/pe\/recursos\/prensa\/los-acuerdos-que-impulsan-a-hughes-como-lider-mundial-en-conectividad-a-bordo\" title=\"Los acuerdos que impulsan a Hughes como l\u00edder mundial en conectividad a bordo\" target=\"_self\">Los acuerdos que impulsan a Hughes como l\u00edder mundial en conectividad a bordo<\/a><\/h5><\/div><div class=\"prl-item\">\r\n            <span class=\"eyebrow-text\">04\/26\/2024<\/span>\r\n            <h5 class=\"title\"><a href=\"https:\/\/www.hughes.com\/pe\/recursos\/prensa\/hughes-abre-instalacion-de-fabricacion-de-vanguardia-y-un-centro-privado-de-innovacion-5g-en-maryland\" title=\"Hughes abre instalaci\u00f3n de fabricaci\u00f3n de vanguardia y un centro privado de innovaci\u00f3n 5G en Maryland\" target=\"_self\">Hughes abre instalaci\u00f3n de fabricaci\u00f3n de vanguardia y un centro privado de innovaci\u00f3n 5G en Maryland<\/a><\/h5><\/div><div class=\"prl-item\">\r\n            <span class=\"eyebrow-text\">04\/16\/2024<\/span>\r\n            <h5 class=\"title\"><a href=\"https:\/\/www.hughes.com\/pe\/recursos\/prensa\/hughes-habilita-la-conectividad-global-leo-con-la-aprobacion-de-la-nueva-antena-esa-por-parte-do-eutelsat-oneweb\" title=\"Hughes habilita la conectividad global LEO con la aprobaci\u00f3n de la nueva antena ESA por parte do Eutelsat OneWeb\" target=\"_self\">Hughes habilita la conectividad global LEO con la aprobaci\u00f3n de la nueva antena ESA por parte do Eutelsat OneWeb<\/a><\/h5><\/div><div class=\"prl-item\">\r\n            <span class=\"eyebrow-text\">03\/14\/2024<\/span>\r\n            <h5 class=\"title\"><a href=\"https:\/\/www.hughes.com\/pe\/recursos\/prensa\/una-nueva-era-de-conectividad-gracias-al-satelite-jupiter-3-de-hughes\" title=\"Una nueva era de conectividad gracias al sat\u00e9lite JUPITER 3 de Hughes\" target=\"_self\">Una nueva era de conectividad gracias al sat\u00e9lite JUPITER 3 de Hughes<\/a><\/h5><\/div><div class=\"prl-item\">\r\n            <span class=\"eyebrow-text\">11\/22\/2023<\/span>\r\n            <h5 class=\"title\"><a href=\"https:\/\/www.hughes.com\/pe\/recursos\/prensa\/hughes-y-microsoft-se-unen-para-impulsar-la-inclusion-digital-de-america-latina\" title=\"Hughes y Microsoft se unen para impulsar  la inclusi\u00f3n digital de Am\u00e9rica Latina\" target=\"_self\">Hughes y Microsoft se unen para impulsar  la inclusi\u00f3n digital de Am\u00e9rica Latina<\/a><\/h5><\/div><\/div>\r\n                    <div class=\"filter-loader text-center\" style=\"display:none;\">\r\n                        <img decoding=\"async\" src=\"https:\/\/www.hughes.com\/wp-content\/themes\/hughes\/sources\/images\/spinning-dots.svg\" alt=\"Spinning Dots\">\r\n                    <\/div><div class=\"pagination text-center mt-40\">\r\n                            <button class=\"btn btn-primary filter-load-more\" data-current-page=\"1\">Cargar M\u00e1s<\/button>\r\n                        <\/div><\/div>\r\n            <\/div><\/form>\r\n    <\/div>\r\n<\/section>","protected":false},"excerpt":{"rendered":"<p>Acceda a los comunicados de prensa actuales e hist\u00f3ricos de Hughes.<\/p>\n","protected":false},"author":2,"featured_media":0,"parent":0,"menu_order":0,"comment_status":"closed","ping_status":"closed","template":"","meta":{"_acf_changed":false,"_searchwp_excluded":"","footnotes":""},"class_list":["post-38806","page","type-page","status-publish","hentry"],"acf":[],"yoast_head":"<!-- This site is optimized with the Yoast SEO plugin v27.0 - https:\/\/yoast.com\/product\/yoast-seo-wordpress\/ -->\n<title>Prensa - Hughes<\/title>\n<meta name=\"description\" content=\"Acceda a los comunicados de prensa actuales e hist\u00f3ricos de Hughes.\" \/>\n<meta name=\"robots\" content=\"index, follow, max-snippet:-1, max-image-preview:large, max-video-preview:-1\" \/>\n<link rel=\"canonical\" href=\"https:\/\/www.hughes.com\/pe\/prensa\" \/>\n<meta property=\"og:locale\" content=\"es_ES\" \/>\n<meta property=\"og:type\" content=\"article\" \/>\n<meta property=\"og:title\" content=\"Prensa - Hughes\" \/>\n<meta property=\"og:description\" content=\"Acceda a los comunicados de prensa actuales e hist\u00f3ricos de Hughes.\" \/>\n<meta property=\"og:url\" content=\"https:\/\/www.hughes.com\/pe\/prensa\" \/>\n<meta property=\"og:site_name\" content=\"Hughes\" \/>\n<meta property=\"article:publisher\" content=\"https:\/\/www.facebook.com\/HughesConnects\/\" \/>\n<meta property=\"article:modified_time\" content=\"2026-02-17T03:28:08+00:00\" \/>\n<meta property=\"og:image\" content=\"https:\/\/www.hughes.com\/wp-content\/uploads\/2026\/02\/HughesGlobalOpenGraph.jpg\" \/>\n\t<meta property=\"og:image:width\" content=\"1200\" \/>\n\t<meta property=\"og:image:height\" content=\"630\" \/>\n\t<meta property=\"og:image:type\" content=\"image\/jpeg\" \/>\n<meta name=\"twitter:card\" content=\"summary_large_image\" \/>\n<meta name=\"twitter:site\" content=\"@HughesConnects\" \/>\n<script type=\"application\/ld+json\" class=\"yoast-schema-graph\">{\"@context\":\"https:\/\/schema.org\",\"@graph\":[{\"@type\":\"WebPage\",\"@id\":\"https:\/\/www.hughes.com\/pe\/prensa\",\"url\":\"https:\/\/www.hughes.com\/pe\/prensa\",\"name\":\"Prensa - Hughes\",\"isPartOf\":{\"@id\":\"https:\/\/www.hughes.com\/pe\/#website\"},\"datePublished\":\"2025-12-22T10:56:02+00:00\",\"dateModified\":\"2026-02-17T03:28:08+00:00\",\"description\":\"Acceda a los comunicados de prensa actuales e hist\u00f3ricos de Hughes.\",\"breadcrumb\":{\"@id\":\"https:\/\/www.hughes.com\/pe\/prensa#breadcrumb\"},\"inLanguage\":\"es-PE\",\"potentialAction\":[{\"@type\":\"ReadAction\",\"target\":[\"https:\/\/www.hughes.com\/pe\/prensa\"]}]},{\"@type\":\"BreadcrumbList\",\"@id\":\"https:\/\/www.hughes.com\/pe\/prensa#breadcrumb\",\"itemListElement\":[{\"@type\":\"ListItem\",\"position\":1,\"name\":\"Home\",\"item\":\"https:\/\/www.hughes.com\/pe\"},{\"@type\":\"ListItem\",\"position\":2,\"name\":\"Prensa\"}]},{\"@type\":\"WebSite\",\"@id\":\"https:\/\/www.hughes.com\/pe\/#website\",\"url\":\"https:\/\/www.hughes.com\/pe\/\",\"name\":\"Hughes\",\"description\":\"\",\"publisher\":{\"@id\":\"https:\/\/www.hughes.com\/pe\/#organization\"},\"potentialAction\":[{\"@type\":\"SearchAction\",\"target\":{\"@type\":\"EntryPoint\",\"urlTemplate\":\"https:\/\/www.hughes.com\/pe\/?s={search_term_string}\"},\"query-input\":{\"@type\":\"PropertyValueSpecification\",\"valueRequired\":true,\"valueName\":\"search_term_string\"}}],\"inLanguage\":\"es-PE\"},{\"@type\":\"Organization\",\"@id\":\"https:\/\/www.hughes.com\/pe\/#organization\",\"name\":\"Hughes\",\"url\":\"https:\/\/www.hughes.com\/pe\/\",\"logo\":{\"@type\":\"ImageObject\",\"inLanguage\":\"es-PE\",\"@id\":\"https:\/\/www.hughes.com\/pe\/#\/schema\/logo\/image\/\",\"url\":\"https:\/\/www.hughes.com\/wp-content\/uploads\/2026\/02\/HughesEchoStar_Logo.png\",\"contentUrl\":\"https:\/\/www.hughes.com\/wp-content\/uploads\/2026\/02\/HughesEchoStar_Logo.png\",\"width\":593,\"height\":213,\"caption\":\"Hughes\"},\"image\":{\"@id\":\"https:\/\/www.hughes.com\/pe\/#\/schema\/logo\/image\/\"},\"sameAs\":[\"https:\/\/www.facebook.com\/HughesConnects\/\",\"https:\/\/x.com\/HughesConnects\",\"https:\/\/www.youtube.com\/user\/HughesTV\/videos\",\"https:\/\/www.linkedin.com\/company\/3569\/admin\/dashboard\/\"]}]}<\/script>\n<!-- \/ Yoast SEO plugin. -->","yoast_head_json":{"title":"Prensa - Hughes","description":"Acceda a los comunicados de prensa actuales e hist\u00f3ricos de Hughes.","robots":{"index":"index","follow":"follow","max-snippet":"max-snippet:-1","max-image-preview":"max-image-preview:large","max-video-preview":"max-video-preview:-1"},"canonical":"https:\/\/www.hughes.com\/pe\/prensa","og_locale":"es_ES","og_type":"article","og_title":"Prensa - Hughes","og_description":"Acceda a los comunicados de prensa actuales e hist\u00f3ricos de Hughes.","og_url":"https:\/\/www.hughes.com\/pe\/prensa","og_site_name":"Hughes","article_publisher":"https:\/\/www.facebook.com\/HughesConnects\/","article_modified_time":"2026-02-17T03:28:08+00:00","og_image":[{"width":1200,"height":630,"url":"https:\/\/www.hughes.com\/wp-content\/uploads\/2026\/02\/HughesGlobalOpenGraph.jpg","type":"image\/jpeg"}],"twitter_card":"summary_large_image","twitter_site":"@HughesConnects","schema":{"@context":"https:\/\/schema.org","@graph":[{"@type":"WebPage","@id":"https:\/\/www.hughes.com\/pe\/prensa","url":"https:\/\/www.hughes.com\/pe\/prensa","name":"Prensa - Hughes","isPartOf":{"@id":"https:\/\/www.hughes.com\/pe\/#website"},"datePublished":"2025-12-22T10:56:02+00:00","dateModified":"2026-02-17T03:28:08+00:00","description":"Acceda a los comunicados de prensa actuales e hist\u00f3ricos de Hughes.","breadcrumb":{"@id":"https:\/\/www.hughes.com\/pe\/prensa#breadcrumb"},"inLanguage":"es-PE","potentialAction":[{"@type":"ReadAction","target":["https:\/\/www.hughes.com\/pe\/prensa"]}]},{"@type":"BreadcrumbList","@id":"https:\/\/www.hughes.com\/pe\/prensa#breadcrumb","itemListElement":[{"@type":"ListItem","position":1,"name":"Home","item":"https:\/\/www.hughes.com\/pe"},{"@type":"ListItem","position":2,"name":"Prensa"}]},{"@type":"WebSite","@id":"https:\/\/www.hughes.com\/pe\/#website","url":"https:\/\/www.hughes.com\/pe\/","name":"Hughes","description":"","publisher":{"@id":"https:\/\/www.hughes.com\/pe\/#organization"},"potentialAction":[{"@type":"SearchAction","target":{"@type":"EntryPoint","urlTemplate":"https:\/\/www.hughes.com\/pe\/?s={search_term_string}"},"query-input":{"@type":"PropertyValueSpecification","valueRequired":true,"valueName":"search_term_string"}}],"inLanguage":"es-PE"},{"@type":"Organization","@id":"https:\/\/www.hughes.com\/pe\/#organization","name":"Hughes","url":"https:\/\/www.hughes.com\/pe\/","logo":{"@type":"ImageObject","inLanguage":"es-PE","@id":"https:\/\/www.hughes.com\/pe\/#\/schema\/logo\/image\/","url":"https:\/\/www.hughes.com\/wp-content\/uploads\/2026\/02\/HughesEchoStar_Logo.png","contentUrl":"https:\/\/www.hughes.com\/wp-content\/uploads\/2026\/02\/HughesEchoStar_Logo.png","width":593,"height":213,"caption":"Hughes"},"image":{"@id":"https:\/\/www.hughes.com\/pe\/#\/schema\/logo\/image\/"},"sameAs":["https:\/\/www.facebook.com\/HughesConnects\/","https:\/\/x.com\/HughesConnects","https:\/\/www.youtube.com\/user\/HughesTV\/videos","https:\/\/www.linkedin.com\/company\/3569\/admin\/dashboard\/"]}]}},"_links":{"self":[{"href":"https:\/\/www.hughes.com\/pe\/wp-json\/wp\/v2\/pages\/38806","targetHints":{"allow":["GET"]}}],"collection":[{"href":"https:\/\/www.hughes.com\/pe\/wp-json\/wp\/v2\/pages"}],"about":[{"href":"https:\/\/www.hughes.com\/pe\/wp-json\/wp\/v2\/types\/page"}],"author":[{"embeddable":true,"href":"https:\/\/www.hughes.com\/pe\/wp-json\/wp\/v2\/users\/2"}],"replies":[{"embeddable":true,"href":"https:\/\/www.hughes.com\/pe\/wp-json\/wp\/v2\/comments?post=38806"}],"version-history":[{"count":0,"href":"https:\/\/www.hughes.com\/pe\/wp-json\/wp\/v2\/pages\/38806\/revisions"}],"wp:attachment":[{"href":"https:\/\/www.hughes.com\/pe\/wp-json\/wp\/v2\/media?parent=38806"}],"curies":[{"name":"wp","href":"https:\/\/api.w.org\/{rel}","templated":true}]}}