{"id":40291,"date":"2026-02-10T21:02:50","date_gmt":"2026-02-10T21:02:50","guid":{"rendered":"https:\/\/hughes1stg.wpenginepowered.com\/network-management"},"modified":"2026-02-20T23:20:12","modified_gmt":"2026-02-20T23:20:12","slug":"network-management","status":"publish","type":"page","link":"https:\/\/www.hughes.com\/it\/soluzioni\/gestione-della-rete","title":{"rendered":"Network Management"},"content":{"rendered":"<!-- Solution Hero --><section class=\"solution-hero-section\">\r\n    <div class=\"shs-wrapper bg-dark border-radius-bottom-lr\">\r\n        <div class=\"shs-hero\"><div class=\"shs-bg-media\"><img src=\"https:\/\/www.hughes.com\/wp-content\/uploads\/2026\/02\/hughes_web_banner_05.jpeg.webp\" srcset=\"https:\/\/www.hughes.com\/wp-content\/uploads\/2026\/02\/hughes_web_banner_05.jpeg.webp 1280w, https:\/\/www.hughes.com\/wp-content\/uploads\/2026\/02\/hughes_web_banner_05.jpeg-300x113.webp 300w, https:\/\/www.hughes.com\/wp-content\/uploads\/2026\/02\/hughes_web_banner_05.jpeg-1024x384.webp 1024w, https:\/\/www.hughes.com\/wp-content\/uploads\/2026\/02\/hughes_web_banner_05.jpeg-768x288.webp 768w\" sizes=\"(max-width: 1280px) 100vw, 1280px\" alt=\"Network management banner\" class=\"\" loading=\"eager\" decoding=\"async\" width=\"1280\" height=\"480\" fetchpriority=\"high\"><\/div><div class=\"container\">\r\n                <div class=\"shs-hero-content\"><h1 class=\"h1 title\">Gestione della rete<\/h1><\/div>\r\n            <\/div><\/div><div class=\"shs-overview\">\r\n                <div class=\"container\">\r\n                    <div class=\"shs-overview-content row\"><div class=\"introduction -lg cell-12\"><h4>Dal punto di vista tecnologico ci consideriamo agnostici. Cerchiamo le tecnologie di gestione dell&#8217;infrastruttura di rete che meglio rispondono alle esigenze delle imprese, qualunque esse siano<\/h4>\n<\/div><div class=\"left-column -lg cell-md-6\"><h2>Connettivit\u00e0 gestita<\/h2>\n<p>Hughes individua e propone le soluzioni per la connettivit\u00e0 pi\u00f9 efficaci in grado di rispondere puntualmente alle esigenze dell&#8217;organizzazione distribuita delle imprese, semplificando la gestione delle infrastrutture di rete. I nostri servizi per la gestione di reti WAN consentono di massimizzare l&#8217;efficienza e la capacit\u00e0 di previsione per supportare la crescita aziendale grazie a <a href=\"https:\/\/www.hughes.com\/it\/soluzioni\/servizi-di-sicurezza-delle-reti\/servizi-di-business-continuity\">servizi di continuit\u00e0 aziendale<\/a> agili, scalabili e senza interruzioni.<\/p>\n<p>Grazie alla sinergia con partner affidabili, alla competenza e all&#8217;esperienza nel settore, siamo in grado di mettere a disposizione dei nostri clienti <a href=\"https:\/\/europe.hughes.com\/it\/soluzioni\/gestione-della-rete\/servizi-di-connettivita-gestiti\">servizi di connettivit\u00e0 gestita completi<\/a> in tutta Europa, in modo che i nostri clienti possano sfruttare appieno i vantaggi di una soluzione resiliente ad alta disponibilit\u00e0, indipendentemente da dove si trovino, evitando la complessit\u00e0 di dover gestire rapporti con partner diversi.<\/p>\n<p><a href=\"https:\/\/europe.hughes.com\/it\/soluzioni\/gestione-della-rete\/servizi-di-connettivita-gestiti\">Scopri di pi\u00f9 sulle nostre soluzioni per la connettivit\u00e0 gestita &gt;<\/a><\/p>\n<\/div><div class=\"right-column -lg cell-md-6\"><h2>Soluzioni SD-WAN di connettivit\u00e0 gestita<\/h2>\n<p>Il servizio SD-WAN di Hughes aiuta le imprese a rispondere e superare le aspettative di clienti e personale man mano che cambiano. Centralizzando la gestione e il <a href=\"https:\/\/europe.hughes.com\/it\/soluzioni\/soluzioni-di-rete-gestite\/sistemi-di-rete-gestiti-monitoraggio-della-rete\">monitoraggio dell&#8217;infrastruttura di rete,<\/a> Hughes Europe \u00e8 in grado di ottimizzarne capacit\u00e0, disponibilit\u00e0 e prestazioni e parallelamente efficientare i costi IT e di manutenzione.<\/p>\n<p>In Hughes Europe ascoltiamo i bisogni dei clienti, cos\u00ec come le criticit\u00e0 che devono superare per sviluppare una soluzione SD-WAN in grado di soddisfare puntualmente i loro requisiti. Facendo leva sulle competenze e sulle <a href=\"https:\/\/www.hughes.com\/uk\/solutions\/network-management\/networking-technology\">tecnologie<\/a> complementari dei nostri capillari ecosistemi di partner e ridefinendo l&#8217;architettura della rete WAN, la soluzione di gestione dell&#8217;infrastruttura di rete di Hughes Europe riunisce le funzionalit\u00e0 di rete, tra cui l&#8217;ottimizzazione delle funzioni di instradamento, sicurezza e <a href=\"https:\/\/europe.hughes.com\/it\/soluzioni\/soluzioni-di-rete-gestite\/supporto-wan-supporto-sd-wan\">assistenza alla rete WAN<\/a> per garantire un servizio di eccellenza in tutte le sedi dell&#8217;organizzazione.<\/p>\n<p><a href=\"https:\/\/europe.hughes.com\/it\/soluzioni\/gestione-della-rete\/sd-wan-gestita\">Scopri di pi\u00f9 sulle nostre soluzioni SD-WAN di connettivit\u00e0 gestita &gt;<\/a><\/p>\n<\/div><\/div>\r\n                <\/div>\r\n            <\/div><\/div>\r\n<\/section>\n\n<!-- Two-Column Content --><section class=\"two-column-content-section space-lg-m\">\r\n        <div class=\"container\"><div class=\"tccs-row row\"><div class=\"tccs-row-left cell-md-6\"><div class=\"tccs-image-block\">\r\n                                        <div class=\"tccs-image\"><img src=\"https:\/\/www.hughes.com\/wp-content\/uploads\/2026\/02\/Solutions_Technology_WAN-Technology_01.png.webp\" srcset=\"https:\/\/www.hughes.com\/wp-content\/uploads\/2026\/02\/Solutions_Technology_WAN-Technology_01.png.webp 500w, https:\/\/www.hughes.com\/wp-content\/uploads\/2026\/02\/Solutions_Technology_WAN-Technology_01.png-300x270.webp 300w\" sizes=\"auto, (max-width: 500px) 100vw, 500px\" alt=\"Solutions_Technology_WAN Technology\" class=\"\" loading=\"lazy\" decoding=\"async\" width=\"500\" height=\"450\"><\/div>\r\n                                    <\/div><\/div><div class=\"tccs-row-right cell-md-6\"><div class=\"tccs-text-block bullet-styled\"><h2>Tecnologia SD-WAN di connettivit\u00e0 gestita<\/h2>\n<p>Il mercato della <a href=\"https:\/\/www.hughes.com\/it\/solutions\/network-management\/sd-wan-technology\">tecnologia SD-WAN<\/a> \u00e8 affollato da numerosi operatori che propongono strategie diverse alla gestione dell&#8217;infrastruttura di rete e ai potenziali benefici che offre questa tecnologia. Questo scenario pu\u00f2 risultare spesso confuso e pu\u00f2 rendere difficile capire se si tratti di una tecnologia pi\u00f9 o meno adatta per un&#8217;impresa e, nel caso lo sia, quale soluzione scegliere.<\/p>\n<p>Grazie alla strategia multi-vendor, Hughes Europe pu\u00f2 sfruttare le potenzialit\u00e0 delle tecnologie pi\u00f9 evolute per offrire <a href=\"https:\/\/europe.hughes.com\/it\/soluzioni\/soluzioni-di-rete-gestite\">soluzioni di gestione della connettivit\u00e0<\/a> flessibili e di alta qualit\u00e0 in grado di aiutare le imprese a raggiungere gli obiettivi commerciali prefissati e conquistare un vantaggio competitivo sulla concorrenza.<\/p>\n<\/div><div class=\"btn-wrap\"><a class=\"btn\" href=\"https:\/\/www.hughes.com\/it\/solutions\/network-management\/sd-wan-technology\" target=\"_self\" rel=\"nofollow\" aria-label=\"Scopri di pi\u00f9 sulle nostre soluzioni di tecnologia SD-WAN\" >Scopri di pi\u00f9 sulle nostre soluzioni di tecnologia SD-WAN<\/a><\/div><\/div><\/div><\/div>\r\n    <\/section>\r\n<!-- <script>\r\nwindow.hasClicked = window.hasClicked || {};\r\njQuery(document).on('gform_confirmation_loaded', function(event, formId) {\r\n    const formBlocks = document.querySelectorAll('.two-column-content-section .tccs-form-block');\r\n\r\n    formBlocks.forEach(block => {\r\n        const thankYou = block.querySelector('.tccs-thank-you');\r\n\r\n        const leftLink = block.querySelector('[class^=\"left-redirect-link-\"]');\r\n        if(leftLink) {\r\n            const linkFormId = parseInt(leftLink.getAttribute('title'));\r\n            if(!isNaN(linkFormId) && formId === linkFormId) {\r\n                if(thankYou) thankYou.classList.remove('d-none');\r\n                const index = leftLink.className.match(\/left-redirect-link-(\\d+)\/)[1];\r\n                if(!window.hasClicked[index]) {\r\n                    window.hasClicked[index] = true;\r\n                    leftLink.click();\r\n                }\r\n            }\r\n        }\r\n\r\n        const rightLink = block.querySelector('[class^=\"right-redirect-link-\"]');\r\n        if(rightLink) {\r\n            const linkFormId = parseInt(rightLink.getAttribute('title'));\r\n            if(!isNaN(linkFormId) && formId === linkFormId) {\r\n                if(thankYou) thankYou.classList.remove('d-none');\r\n                const index = rightLink.className.match(\/right-redirect-link-(\\d+)\/)[1];\r\n                if(!window.hasClicked[index]) {\r\n                    window.hasClicked[index] = true;\r\n                    rightLink.click();\r\n                }\r\n            }\r\n        }\r\n\r\n    });\r\n});\r\n<\/script> -->\r\n\n\n<!-- Two-Column Content --><section class=\"two-column-content-section space-lg-m\">\r\n        <div class=\"container\"><div class=\"tccs-row row\"><div class=\"tccs-row-left cell-md-6\"><div class=\"tccs-text-block bullet-styled\"><h2>Tecnologia SD-Branch di connettivit\u00e0 gestita<\/h2>\n<p><a href=\"https:\/\/www.hughes.com\/it\/soluzioni\/gestione-della-rete\/sd-branch\">SD-Branch<\/a> \u00e8 una soluzione integrata di gestione, monitoraggio e sicurezza dell&#8217;infrastruttura di reti WAN, <a href=\"https:\/\/www.hughes.com\/it\/solutions\/network-management\/managed-lan\">reti LAN gestite<\/a> e Wi-Fi in grado di migliorarne agilit\u00e0, scalabilit\u00e0 e controllo; in altre parole, una soluzione centralizzata di gestione di ogni singolo aspetto della connettivit\u00e0. Grazia alla stretta collaborazione con una rete capillare di fornitori, Hughes Europe \u00e8 in grado di mettere a disposizione dei suoi clienti il servizio SD-Branch che meglio risponde alle loro esigenze, potendo contare sulle soluzioni di rete pi\u00f9 evolute.<\/p>\n<p>La soluzione SD-Branch elimina la complessit\u00e0 dell&#8217;attuale quadro delle tecnologie di connettivit\u00e0 all&#8217;interno di una stessa sede e tra sedi diverse, mettendo a disposizione dei clienti una piattaforma in grado di ottimizzarne la performance e integrare le nuove applicazioni in modo intuitivo, affidabile e sicuro, al passo con l&#8217;evoluzione della strategia digitale dell&#8217;azienda.<\/p>\n<\/div><div class=\"btn-wrap\"><a class=\"btn\" href=\"https:\/\/europe.hughes.com\/it\/solutions\/network-management\/sd-branch\" target=\"_self\" rel=\"nofollow\" aria-label=\"Scopri di pi\u00f9 sulle nostre soluzioni SD-Branch di connettivit\u00e0 gestita\" >Scopri di pi\u00f9 sulle nostre soluzioni SD-Branch di connettivit\u00e0 gestita<\/a><\/div><\/div><div class=\"tccs-row-right cell-md-6\"><div class=\"tccs-image-block\">\r\n                                        <div class=\"tccs-image\"><img src=\"https:\/\/www.hughes.com\/wp-content\/uploads\/2026\/02\/Solutions_Networks_SD-Branch-_01.png.webp\" srcset=\"https:\/\/www.hughes.com\/wp-content\/uploads\/2026\/02\/Solutions_Networks_SD-Branch-_01.png.webp 500w, https:\/\/www.hughes.com\/wp-content\/uploads\/2026\/02\/Solutions_Networks_SD-Branch-_01.png-300x270.webp 300w\" sizes=\"auto, (max-width: 500px) 100vw, 500px\" alt=\"Solutions_Networks_SD-Branch\" class=\"\" loading=\"lazy\" decoding=\"async\" width=\"500\" height=\"450\"><\/div>\r\n                                    <\/div><\/div><\/div><\/div>\r\n    <\/section>\r\n<!-- <script>\r\nwindow.hasClicked = window.hasClicked || {};\r\njQuery(document).on('gform_confirmation_loaded', function(event, formId) {\r\n    const formBlocks = document.querySelectorAll('.two-column-content-section .tccs-form-block');\r\n\r\n    formBlocks.forEach(block => {\r\n        const thankYou = block.querySelector('.tccs-thank-you');\r\n\r\n        const leftLink = block.querySelector('[class^=\"left-redirect-link-\"]');\r\n        if(leftLink) {\r\n            const linkFormId = parseInt(leftLink.getAttribute('title'));\r\n            if(!isNaN(linkFormId) && formId === linkFormId) {\r\n                if(thankYou) thankYou.classList.remove('d-none');\r\n                const index = leftLink.className.match(\/left-redirect-link-(\\d+)\/)[1];\r\n                if(!window.hasClicked[index]) {\r\n                    window.hasClicked[index] = true;\r\n                    leftLink.click();\r\n                }\r\n            }\r\n        }\r\n\r\n        const rightLink = block.querySelector('[class^=\"right-redirect-link-\"]');\r\n        if(rightLink) {\r\n            const linkFormId = parseInt(rightLink.getAttribute('title'));\r\n            if(!isNaN(linkFormId) && formId === linkFormId) {\r\n                if(thankYou) thankYou.classList.remove('d-none');\r\n                const index = rightLink.className.match(\/right-redirect-link-(\\d+)\/)[1];\r\n                if(!window.hasClicked[index]) {\r\n                    window.hasClicked[index] = true;\r\n                    rightLink.click();\r\n                }\r\n            }\r\n        }\r\n\r\n    });\r\n});\r\n<\/script> -->\r\n\n\n<!-- Two-Column Content --><section class=\"two-column-content-section space-lg-m\">\r\n        <div class=\"container\"><div class=\"tccs-row row\"><div class=\"tccs-row-left cell-md-6\"><div class=\"tccs-image-block\">\r\n                                        <div class=\"tccs-image\"><img src=\"https:\/\/www.hughes.com\/wp-content\/uploads\/2026\/02\/Solutions_Networks_Managed-LAN_01.png.webp\" srcset=\"https:\/\/www.hughes.com\/wp-content\/uploads\/2026\/02\/Solutions_Networks_Managed-LAN_01.png.webp 500w, https:\/\/www.hughes.com\/wp-content\/uploads\/2026\/02\/Solutions_Networks_Managed-LAN_01.png-300x270.webp 300w\" sizes=\"auto, (max-width: 500px) 100vw, 500px\" alt=\"Solutions_Networks_Managed-LAN\" class=\"\" loading=\"lazy\" decoding=\"async\" width=\"500\" height=\"450\"><\/div>\r\n                                    <\/div><\/div><div class=\"tccs-row-right cell-md-6\"><div class=\"tccs-text-block bullet-styled\"><h2>Servizi di gestione di reti LAN<\/h2>\n<p>I nostri <a href=\"https:\/\/www.hughes.com\/it\/solutions\/network-management\/managed-lan\">servizi di gestione end-to-end di reti LAN<\/a> rappresentano una soluzione di gestione dell&#8217;infrastruttura di rete nel suo complesso in grado di connettere persone, luoghi e cose tra sedi e uffici diversi, in altre parole tutto ci\u00f2 di cui un&#8217;azienda ha bisogno per una connettivit\u00e0 senza problemi.<\/p>\n<p>Concepiti in funzione delle esigenze del cliente, i servizi Managed LAN di Hughes gestiscono l&#8217;infrastruttura di rete LAN a 360\u00b0, dall&#8217;installazione e dalla sua configurazione fino all&#8217;assistenza e al reporting o, in alternativa, si occupano di singoli componenti, ad esempio un servizio completo per tutta l&#8217;organizzazione o un servizio di assistenza per una determinata sede.<\/p>\n<\/div><div class=\"btn-wrap\"><a class=\"btn\" href=\"https:\/\/www.hughes.com\/it\/solutions\/network-management\/managed-lan\" target=\"_self\" rel=\"nofollow\" aria-label=\" Scopri di pi\u00f9 sui nostri servizi di gestione delle reti LAN\" > Scopri di pi\u00f9 sui nostri servizi di gestione delle reti LAN<\/a><\/div><\/div><\/div><\/div>\r\n    <\/section>\r\n<!-- <script>\r\nwindow.hasClicked = window.hasClicked || {};\r\njQuery(document).on('gform_confirmation_loaded', function(event, formId) {\r\n    const formBlocks = document.querySelectorAll('.two-column-content-section .tccs-form-block');\r\n\r\n    formBlocks.forEach(block => {\r\n        const thankYou = block.querySelector('.tccs-thank-you');\r\n\r\n        const leftLink = block.querySelector('[class^=\"left-redirect-link-\"]');\r\n        if(leftLink) {\r\n            const linkFormId = parseInt(leftLink.getAttribute('title'));\r\n            if(!isNaN(linkFormId) && formId === linkFormId) {\r\n                if(thankYou) thankYou.classList.remove('d-none');\r\n                const index = leftLink.className.match(\/left-redirect-link-(\\d+)\/)[1];\r\n                if(!window.hasClicked[index]) {\r\n                    window.hasClicked[index] = true;\r\n                    leftLink.click();\r\n                }\r\n            }\r\n        }\r\n\r\n        const rightLink = block.querySelector('[class^=\"right-redirect-link-\"]');\r\n        if(rightLink) {\r\n            const linkFormId = parseInt(rightLink.getAttribute('title'));\r\n            if(!isNaN(linkFormId) && formId === linkFormId) {\r\n                if(thankYou) thankYou.classList.remove('d-none');\r\n                const index = rightLink.className.match(\/right-redirect-link-(\\d+)\/)[1];\r\n                if(!window.hasClicked[index]) {\r\n                    window.hasClicked[index] = true;\r\n                    rightLink.click();\r\n                }\r\n            }\r\n        }\r\n\r\n    });\r\n});\r\n<\/script> -->\r\n\n\n<!-- Full-Width CTA --><section class=\"full-width-cta-section border-radius-top-lr center bg-dark\">\r\n        <div class=\"container\">\r\n            <div class=\"fwc-row row align-items-center\"><div class=\"fwc-left cell-12\">\r\n                        <div class=\"fwc-content\"><h2 class=\"fwc-title\">Scopri come i nostri servizi di gestione della connettivit\u00e0 possono aiutare la tua impresa<\/h2><div class=\"btn-wrap\"><a class=\"btn\" href=\"https:\/\/www.hughes.com\/sites\/europe.hughes.com\/files\/2020-07\/Hughes-WhitePaper-Final_0.pdf\" target=\"_self\" rel=\"nofollow\" aria-label=\"Leggi il nostro e-book\" >Leggi il nostro e-book<\/a><\/div><\/div><\/div><\/div>\r\n        <\/div>\r\n    <\/section>","protected":false},"excerpt":{"rendered":"","protected":false},"author":8,"featured_media":0,"parent":0,"menu_order":0,"comment_status":"closed","ping_status":"closed","template":"","meta":{"_acf_changed":true,"_searchwp_excluded":"","footnotes":""},"class_list":["post-40291","page","type-page","status-publish","hentry"],"acf":[],"yoast_head":"<!-- This site is optimized with the Yoast SEO plugin v27.3 - https:\/\/yoast.com\/product\/yoast-seo-wordpress\/ -->\n<title>Network Management Solutions | Hughes<\/title>\n<meta name=\"description\" content=\"Our Managed SD-WAN service helps your organisation exceed customer and employee expectations as they evolve. Visit us to find our more\" \/>\n<meta name=\"robots\" content=\"index, follow, max-snippet:-1, max-image-preview:large, max-video-preview:-1\" \/>\n<link rel=\"canonical\" href=\"https:\/\/www.hughes.com\/it\/soluzioni\/gestione-della-rete\" \/>\n<meta property=\"og:locale\" content=\"it_IT\" \/>\n<meta property=\"og:type\" content=\"article\" \/>\n<meta property=\"og:title\" content=\"Network Management Solutions | Hughes\" \/>\n<meta property=\"og:description\" content=\"Our Managed SD-WAN service helps your organisation exceed customer and employee expectations as they evolve. Visit us to find our more\" \/>\n<meta property=\"og:url\" content=\"https:\/\/www.hughes.com\/it\/soluzioni\/gestione-della-rete\" \/>\n<meta property=\"og:site_name\" content=\"Hughes\" \/>\n<meta property=\"article:publisher\" content=\"https:\/\/www.facebook.com\/HughesConnects\/\" \/>\n<meta property=\"article:modified_time\" content=\"2026-02-20T23:20:12+00:00\" \/>\n<meta property=\"og:image\" content=\"https:\/\/www.hughes.com\/wp-content\/uploads\/2026\/02\/HughesGlobalOpenGraph.jpg\" \/>\n\t<meta property=\"og:image:width\" content=\"1200\" \/>\n\t<meta property=\"og:image:height\" content=\"630\" \/>\n\t<meta property=\"og:image:type\" content=\"image\/jpeg\" \/>\n<meta name=\"twitter:card\" content=\"summary_large_image\" \/>\n<meta name=\"twitter:site\" content=\"@HughesConnects\" \/>\n<script type=\"application\/ld+json\" class=\"yoast-schema-graph\">{\"@context\":\"https:\\\/\\\/schema.org\",\"@graph\":[{\"@type\":\"WebPage\",\"@id\":\"https:\\\/\\\/www.hughes.com\\\/it\\\/soluzioni\\\/gestione-della-rete\",\"url\":\"https:\\\/\\\/www.hughes.com\\\/it\\\/soluzioni\\\/gestione-della-rete\",\"name\":\"Network Management Solutions | Hughes\",\"isPartOf\":{\"@id\":\"https:\\\/\\\/www.hughes.com\\\/it\\\/#website\"},\"datePublished\":\"2026-02-10T21:02:50+00:00\",\"dateModified\":\"2026-02-20T23:20:12+00:00\",\"description\":\"Our Managed SD-WAN service helps your organisation exceed customer and employee expectations as they evolve. Visit us to find our more\",\"breadcrumb\":{\"@id\":\"https:\\\/\\\/www.hughes.com\\\/it\\\/soluzioni\\\/gestione-della-rete#breadcrumb\"},\"inLanguage\":\"it-IT\",\"potentialAction\":[{\"@type\":\"ReadAction\",\"target\":[\"https:\\\/\\\/www.hughes.com\\\/it\\\/soluzioni\\\/gestione-della-rete\"]}]},{\"@type\":\"BreadcrumbList\",\"@id\":\"https:\\\/\\\/www.hughes.com\\\/it\\\/soluzioni\\\/gestione-della-rete#breadcrumb\",\"itemListElement\":[{\"@type\":\"ListItem\",\"position\":1,\"name\":\"Home\",\"item\":\"https:\\\/\\\/www.hughes.com\\\/it\"},{\"@type\":\"ListItem\",\"position\":2,\"name\":\"Network Management\"}]},{\"@type\":\"WebSite\",\"@id\":\"https:\\\/\\\/www.hughes.com\\\/it\\\/#website\",\"url\":\"https:\\\/\\\/www.hughes.com\\\/it\\\/\",\"name\":\"Hughes\",\"description\":\"\",\"publisher\":{\"@id\":\"https:\\\/\\\/www.hughes.com\\\/it\\\/#organization\"},\"potentialAction\":[{\"@type\":\"SearchAction\",\"target\":{\"@type\":\"EntryPoint\",\"urlTemplate\":\"https:\\\/\\\/www.hughes.com\\\/it\\\/?s={search_term_string}\"},\"query-input\":{\"@type\":\"PropertyValueSpecification\",\"valueRequired\":true,\"valueName\":\"search_term_string\"}}],\"inLanguage\":\"it-IT\"},{\"@type\":\"Organization\",\"@id\":\"https:\\\/\\\/www.hughes.com\\\/it\\\/#organization\",\"name\":\"Hughes\",\"url\":\"https:\\\/\\\/www.hughes.com\\\/it\\\/\",\"logo\":{\"@type\":\"ImageObject\",\"inLanguage\":\"it-IT\",\"@id\":\"https:\\\/\\\/www.hughes.com\\\/it\\\/#\\\/schema\\\/logo\\\/image\\\/\",\"url\":\"https:\\\/\\\/www.hughes.com\\\/wp-content\\\/uploads\\\/2026\\\/02\\\/HughesEchoStar_Logo.png\",\"contentUrl\":\"https:\\\/\\\/www.hughes.com\\\/wp-content\\\/uploads\\\/2026\\\/02\\\/HughesEchoStar_Logo.png\",\"width\":593,\"height\":213,\"caption\":\"Hughes\"},\"image\":{\"@id\":\"https:\\\/\\\/www.hughes.com\\\/it\\\/#\\\/schema\\\/logo\\\/image\\\/\"},\"sameAs\":[\"https:\\\/\\\/www.facebook.com\\\/HughesConnects\\\/\",\"https:\\\/\\\/x.com\\\/HughesConnects\",\"https:\\\/\\\/www.youtube.com\\\/user\\\/HughesTV\\\/videos\",\"https:\\\/\\\/www.linkedin.com\\\/company\\\/3569\\\/admin\\\/dashboard\\\/\"]}]}<\/script>\n<!-- \/ Yoast SEO plugin. -->","yoast_head_json":{"title":"Network Management Solutions | Hughes","description":"Our Managed SD-WAN service helps your organisation exceed customer and employee expectations as they evolve. Visit us to find our more","robots":{"index":"index","follow":"follow","max-snippet":"max-snippet:-1","max-image-preview":"max-image-preview:large","max-video-preview":"max-video-preview:-1"},"canonical":"https:\/\/www.hughes.com\/it\/soluzioni\/gestione-della-rete","og_locale":"it_IT","og_type":"article","og_title":"Network Management Solutions | Hughes","og_description":"Our Managed SD-WAN service helps your organisation exceed customer and employee expectations as they evolve. Visit us to find our more","og_url":"https:\/\/www.hughes.com\/it\/soluzioni\/gestione-della-rete","og_site_name":"Hughes","article_publisher":"https:\/\/www.facebook.com\/HughesConnects\/","article_modified_time":"2026-02-20T23:20:12+00:00","og_image":[{"width":1200,"height":630,"url":"https:\/\/www.hughes.com\/wp-content\/uploads\/2026\/02\/HughesGlobalOpenGraph.jpg","type":"image\/jpeg"}],"twitter_card":"summary_large_image","twitter_site":"@HughesConnects","schema":{"@context":"https:\/\/schema.org","@graph":[{"@type":"WebPage","@id":"https:\/\/www.hughes.com\/it\/soluzioni\/gestione-della-rete","url":"https:\/\/www.hughes.com\/it\/soluzioni\/gestione-della-rete","name":"Network Management Solutions | Hughes","isPartOf":{"@id":"https:\/\/www.hughes.com\/it\/#website"},"datePublished":"2026-02-10T21:02:50+00:00","dateModified":"2026-02-20T23:20:12+00:00","description":"Our Managed SD-WAN service helps your organisation exceed customer and employee expectations as they evolve. Visit us to find our more","breadcrumb":{"@id":"https:\/\/www.hughes.com\/it\/soluzioni\/gestione-della-rete#breadcrumb"},"inLanguage":"it-IT","potentialAction":[{"@type":"ReadAction","target":["https:\/\/www.hughes.com\/it\/soluzioni\/gestione-della-rete"]}]},{"@type":"BreadcrumbList","@id":"https:\/\/www.hughes.com\/it\/soluzioni\/gestione-della-rete#breadcrumb","itemListElement":[{"@type":"ListItem","position":1,"name":"Home","item":"https:\/\/www.hughes.com\/it"},{"@type":"ListItem","position":2,"name":"Network Management"}]},{"@type":"WebSite","@id":"https:\/\/www.hughes.com\/it\/#website","url":"https:\/\/www.hughes.com\/it\/","name":"Hughes","description":"","publisher":{"@id":"https:\/\/www.hughes.com\/it\/#organization"},"potentialAction":[{"@type":"SearchAction","target":{"@type":"EntryPoint","urlTemplate":"https:\/\/www.hughes.com\/it\/?s={search_term_string}"},"query-input":{"@type":"PropertyValueSpecification","valueRequired":true,"valueName":"search_term_string"}}],"inLanguage":"it-IT"},{"@type":"Organization","@id":"https:\/\/www.hughes.com\/it\/#organization","name":"Hughes","url":"https:\/\/www.hughes.com\/it\/","logo":{"@type":"ImageObject","inLanguage":"it-IT","@id":"https:\/\/www.hughes.com\/it\/#\/schema\/logo\/image\/","url":"https:\/\/www.hughes.com\/wp-content\/uploads\/2026\/02\/HughesEchoStar_Logo.png","contentUrl":"https:\/\/www.hughes.com\/wp-content\/uploads\/2026\/02\/HughesEchoStar_Logo.png","width":593,"height":213,"caption":"Hughes"},"image":{"@id":"https:\/\/www.hughes.com\/it\/#\/schema\/logo\/image\/"},"sameAs":["https:\/\/www.facebook.com\/HughesConnects\/","https:\/\/x.com\/HughesConnects","https:\/\/www.youtube.com\/user\/HughesTV\/videos","https:\/\/www.linkedin.com\/company\/3569\/admin\/dashboard\/"]}]}},"_links":{"self":[{"href":"https:\/\/www.hughes.com\/it\/wp-json\/wp\/v2\/pages\/40291","targetHints":{"allow":["GET"]}}],"collection":[{"href":"https:\/\/www.hughes.com\/it\/wp-json\/wp\/v2\/pages"}],"about":[{"href":"https:\/\/www.hughes.com\/it\/wp-json\/wp\/v2\/types\/page"}],"author":[{"embeddable":true,"href":"https:\/\/www.hughes.com\/it\/wp-json\/wp\/v2\/users\/8"}],"replies":[{"embeddable":true,"href":"https:\/\/www.hughes.com\/it\/wp-json\/wp\/v2\/comments?post=40291"}],"version-history":[{"count":0,"href":"https:\/\/www.hughes.com\/it\/wp-json\/wp\/v2\/pages\/40291\/revisions"}],"wp:attachment":[{"href":"https:\/\/www.hughes.com\/it\/wp-json\/wp\/v2\/media?parent=40291"}],"curies":[{"name":"wp","href":"https:\/\/api.w.org\/{rel}","templated":true}]}}