{"id":39998,"date":"2026-02-11T19:12:30","date_gmt":"2026-02-11T19:12:30","guid":{"rendered":"https:\/\/hughes1stg.wpenginepowered.com\/network-security-services"},"modified":"2026-02-20T17:22:01","modified_gmt":"2026-02-20T17:22:01","slug":"network-security-services","status":"publish","type":"page","link":"https:\/\/www.hughes.com\/it\/soluzioni\/servizi-di-sicurezza-di-rete","title":{"rendered":"Servizi di sicurezza di rete"},"content":{"rendered":"<!-- Solution Hero --><section class=\"solution-hero-section\">\r\n    <div class=\"shs-wrapper bg-dark border-radius-bottom-lr\">\r\n        <div class=\"shs-hero\"><div class=\"shs-bg-media\"><img src=\"https:\/\/www.hughes.com\/wp-content\/uploads\/2026\/02\/hughes_web_banner_12.jpeg.webp\" srcset=\"https:\/\/www.hughes.com\/wp-content\/uploads\/2026\/02\/hughes_web_banner_12.jpeg.webp 1280w, https:\/\/www.hughes.com\/wp-content\/uploads\/2026\/02\/hughes_web_banner_12.jpeg-300x113.webp 300w, https:\/\/www.hughes.com\/wp-content\/uploads\/2026\/02\/hughes_web_banner_12.jpeg-1024x384.webp 1024w, https:\/\/www.hughes.com\/wp-content\/uploads\/2026\/02\/hughes_web_banner_12.jpeg-768x288.webp 768w\" sizes=\"(max-width: 1280px) 100vw, 1280px\" alt=\"Network Security Services banner\" class=\"\" loading=\"eager\" decoding=\"async\" width=\"1280\" height=\"480\" fetchpriority=\"high\"><\/div><div class=\"container\">\r\n                <div class=\"shs-hero-content\"><h1 class=\"h1 title\">Servizi di sicurezza di rete<\/h1><\/div>\r\n            <\/div><\/div><div class=\"shs-overview\">\r\n                <div class=\"container\">\r\n                    <div class=\"shs-overview-content row\"><div class=\"introduction -lg cell-12\"><h4><strong>Sono molte le aziende che finiscono per essere vittime di attacchi informatici. Una violazione di sicurezza pu\u00f2 provocare la perdita di clienti e il calo della produttivit\u00e0 e compromettere la reputazione. Hughes pu\u00f2 essere la risposta giusta a questo problema.<\/strong><\/h4>\n<div style=\"margin-bottom: 24px;\"><\/div>\n<\/div><div class=\"left-column -lg cell-md-6\"><p>Non importa se si archiviano i dati sul cloud o a livello locale, tutte le organizzazioni sono esposte al rischio di cancellazione accidentale o maliziosa dei dati, all&#8217;attacco di ransomware oppure ad altre forme di perdita dei dati. La crescita esponenziale del numero di attacchi \u00e8 impressionante. Ogni giorno, Microsoft blocca 300 milioni di tentativi di accesso fraudolento e vengono inviate miliardi di e-mail potenzialmente pericolose. Basta che una riesca a centrare il bersaglio per fare danni che potrebbero costare a un&#8217;azienda una vera fortuna in termini di dati persi, tempi di inattivit\u00e0 o conseguenze per violazioni private. Ogni 11 secondi, un&#8217;azienda subisce l&#8217;attacco di un ransomware, e le piccole e medie imprese sono generalmente le pi\u00f9 vulnerabili.<\/p>\n<\/div><div class=\"right-column -lg cell-md-6\"><p>Purtroppo, la maggior parte non dispone del budget per la sicurezza di rete n\u00e9 delle conoscenze e competenze per difendersi da queste minacce. Gli esperti di sicurezza informatica sono richiestissimi, visto l&#8217;esiguo numero, e per questo chiedono retribuzioni molto elevate.<\/p>\n<p>Grazie alla rete di servizi di sicurezza di Hughes Network Systems Europe oggi le aziende possono difendersi con i servizi di continuit\u00e0 aziendale<a href=\"https:\/\/www.hughes.com\/it\/solutions\/network-security-services\/soc-services\"> Security Operations Centre (SOC) <\/a>e i <a href=\"https:\/\/www.hughes.com\/uk\/solutions\/network-security-services\/managed-firewall-services\">servizi Managed Firewall<\/a>.<\/p>\n<\/div><\/div>\r\n                <\/div>\r\n            <\/div><\/div>\r\n<\/section>\n\n<!-- Multi-Column Cards --><section class=\"multi-column-cards-section space-lg-m\">\r\n    <div class=\"container\"><div class=\"mccs-wrap rows\"><div class=\"mccs-row row\"><div class=\"mccs-col cell-sm-6 cell-lg-4\">\r\n                                <div class=\"mccs-card\"><a class=\"card-bottom -link\" href=\"https:\/\/www.hughes.com\/uk\/solutions\/network-security-services\/soc-services\" target=\"_self\" title=\"Scopri di pi\u00f9\" rel=\"nofollow\"><div class=\"card-content\"><h3 class=\"h6 title\">Servizi SOC<\/h3><\/div><div class=\"btn-wrap\"><span class=\"btn-link -lg\">Scopri di pi\u00f9<\/span><\/div><\/a><\/div>\r\n                            <\/div><div class=\"mccs-col cell-sm-6 cell-lg-4\">\r\n                                <div class=\"mccs-card\"><a class=\"card-bottom -link\" href=\"https:\/\/www.hughes.com\/uk\/solutions\/network-security-services\/business-continuity-services\" target=\"_self\" title=\"Scopri di pi\u00f9\" rel=\"nofollow\"><div class=\"card-content\"><h3 class=\"h6 title\">Continuit\u00e0 aziendale<\/h3><\/div><div class=\"btn-wrap\"><span class=\"btn-link -lg\">Scopri di pi\u00f9<\/span><\/div><\/a><\/div>\r\n                            <\/div><div class=\"mccs-col cell-sm-6 cell-lg-4\">\r\n                                <div class=\"mccs-card\"><a class=\"card-bottom -link\" href=\"https:\/\/www.hughes.com\/uk\/solutions\/network-security-services\/managed-firewall-services\" target=\"_self\" title=\"Scopri di pi\u00f9\" rel=\"nofollow\"><div class=\"card-content\"><h3 class=\"h6 title\">Firewall gestito<\/h3><\/div><div class=\"btn-wrap\"><span class=\"btn-link -lg\">Scopri di pi\u00f9<\/span><\/div><\/a><\/div>\r\n                            <\/div><\/div><\/div><\/div>\r\n<\/section>\n\n<!-- Full-Width CTA --><section class=\"full-width-cta-section border-radius-top-lr center bg-dark\">\r\n        <div class=\"container\">\r\n            <div class=\"fwc-row row align-items-center\"><div class=\"fwc-left cell-12\">\r\n                        <div class=\"fwc-content\"><h2 class=\"fwc-title\">Leggi la nostra brochure sui servizi di gestione della sicurezza<\/h2><div class=\"btn-wrap\"><a class=\"btn\" href=\"https:\/\/www.hughes.com\/sites\/hughes.com\/files\/2021-11\/Brochure_WAN-Security-v2.pdf\" target=\"_blank\" rel=\"noopener noreferrer\" aria-label=\"Scarica la brochure\" >Scarica la brochure<\/a><\/div><\/div><\/div><\/div>\r\n        <\/div>\r\n    <\/section>","protected":false},"excerpt":{"rendered":"","protected":false},"author":8,"featured_media":0,"parent":0,"menu_order":0,"comment_status":"closed","ping_status":"closed","template":"","meta":{"_acf_changed":true,"_searchwp_excluded":"","footnotes":""},"class_list":["post-39998","page","type-page","status-publish","hentry"],"acf":[],"yoast_head":"<!-- This site is optimized with the Yoast SEO plugin v27.3 - https:\/\/yoast.com\/product\/yoast-seo-wordpress\/ -->\n<title>Servizi di sicurezza di rete | Europe.Hughes.com<\/title>\n<meta name=\"description\" content=\"Hughes Europe permette di proteggere le aziende grazie ai firewall gestiti e ai servizi di continuit\u00e0 aziendale offerti dal Centro per le operazioni di sicurezza (Security Operations Centre - SOC).\" \/>\n<meta name=\"robots\" content=\"index, follow, max-snippet:-1, max-image-preview:large, max-video-preview:-1\" \/>\n<link rel=\"canonical\" href=\"https:\/\/www.hughes.com\/it\/soluzioni\/servizi-di-sicurezza-di-rete\" \/>\n<meta property=\"og:locale\" content=\"it_IT\" \/>\n<meta property=\"og:type\" content=\"article\" \/>\n<meta property=\"og:title\" content=\"Servizi di sicurezza di rete | Europe.Hughes.com\" \/>\n<meta property=\"og:description\" content=\"Hughes Europe permette di proteggere le aziende grazie ai firewall gestiti e ai servizi di continuit\u00e0 aziendale offerti dal Centro per le operazioni di sicurezza (Security Operations Centre - SOC).\" \/>\n<meta property=\"og:url\" content=\"https:\/\/www.hughes.com\/it\/soluzioni\/servizi-di-sicurezza-di-rete\" \/>\n<meta property=\"og:site_name\" content=\"Hughes\" \/>\n<meta property=\"article:publisher\" content=\"https:\/\/www.facebook.com\/HughesConnects\/\" \/>\n<meta property=\"article:modified_time\" content=\"2026-02-20T17:22:01+00:00\" \/>\n<meta property=\"og:image\" content=\"https:\/\/www.hughes.com\/wp-content\/uploads\/2026\/02\/HughesGlobalOpenGraph.jpg\" \/>\n\t<meta property=\"og:image:width\" content=\"1200\" \/>\n\t<meta property=\"og:image:height\" content=\"630\" \/>\n\t<meta property=\"og:image:type\" content=\"image\/jpeg\" \/>\n<meta name=\"twitter:card\" content=\"summary_large_image\" \/>\n<meta name=\"twitter:site\" content=\"@HughesConnects\" \/>\n<script type=\"application\/ld+json\" class=\"yoast-schema-graph\">{\"@context\":\"https:\\\/\\\/schema.org\",\"@graph\":[{\"@type\":\"WebPage\",\"@id\":\"https:\\\/\\\/www.hughes.com\\\/it\\\/soluzioni\\\/servizi-di-sicurezza-di-rete\",\"url\":\"https:\\\/\\\/www.hughes.com\\\/it\\\/soluzioni\\\/servizi-di-sicurezza-di-rete\",\"name\":\"Servizi di sicurezza di rete | Europe.Hughes.com\",\"isPartOf\":{\"@id\":\"https:\\\/\\\/www.hughes.com\\\/it\\\/#website\"},\"datePublished\":\"2026-02-11T19:12:30+00:00\",\"dateModified\":\"2026-02-20T17:22:01+00:00\",\"description\":\"Hughes Europe permette di proteggere le aziende grazie ai firewall gestiti e ai servizi di continuit\u00e0 aziendale offerti dal Centro per le operazioni di sicurezza (Security Operations Centre - SOC).\",\"breadcrumb\":{\"@id\":\"https:\\\/\\\/www.hughes.com\\\/it\\\/soluzioni\\\/servizi-di-sicurezza-di-rete#breadcrumb\"},\"inLanguage\":\"it-IT\",\"potentialAction\":[{\"@type\":\"ReadAction\",\"target\":[\"https:\\\/\\\/www.hughes.com\\\/it\\\/soluzioni\\\/servizi-di-sicurezza-di-rete\"]}]},{\"@type\":\"BreadcrumbList\",\"@id\":\"https:\\\/\\\/www.hughes.com\\\/it\\\/soluzioni\\\/servizi-di-sicurezza-di-rete#breadcrumb\",\"itemListElement\":[{\"@type\":\"ListItem\",\"position\":1,\"name\":\"Home\",\"item\":\"https:\\\/\\\/www.hughes.com\\\/it\"},{\"@type\":\"ListItem\",\"position\":2,\"name\":\"Servizi di sicurezza di rete\"}]},{\"@type\":\"WebSite\",\"@id\":\"https:\\\/\\\/www.hughes.com\\\/it\\\/#website\",\"url\":\"https:\\\/\\\/www.hughes.com\\\/it\\\/\",\"name\":\"Hughes\",\"description\":\"\",\"publisher\":{\"@id\":\"https:\\\/\\\/www.hughes.com\\\/it\\\/#organization\"},\"potentialAction\":[{\"@type\":\"SearchAction\",\"target\":{\"@type\":\"EntryPoint\",\"urlTemplate\":\"https:\\\/\\\/www.hughes.com\\\/it\\\/?s={search_term_string}\"},\"query-input\":{\"@type\":\"PropertyValueSpecification\",\"valueRequired\":true,\"valueName\":\"search_term_string\"}}],\"inLanguage\":\"it-IT\"},{\"@type\":\"Organization\",\"@id\":\"https:\\\/\\\/www.hughes.com\\\/it\\\/#organization\",\"name\":\"Hughes\",\"url\":\"https:\\\/\\\/www.hughes.com\\\/it\\\/\",\"logo\":{\"@type\":\"ImageObject\",\"inLanguage\":\"it-IT\",\"@id\":\"https:\\\/\\\/www.hughes.com\\\/it\\\/#\\\/schema\\\/logo\\\/image\\\/\",\"url\":\"https:\\\/\\\/www.hughes.com\\\/wp-content\\\/uploads\\\/2026\\\/02\\\/HughesEchoStar_Logo.png\",\"contentUrl\":\"https:\\\/\\\/www.hughes.com\\\/wp-content\\\/uploads\\\/2026\\\/02\\\/HughesEchoStar_Logo.png\",\"width\":593,\"height\":213,\"caption\":\"Hughes\"},\"image\":{\"@id\":\"https:\\\/\\\/www.hughes.com\\\/it\\\/#\\\/schema\\\/logo\\\/image\\\/\"},\"sameAs\":[\"https:\\\/\\\/www.facebook.com\\\/HughesConnects\\\/\",\"https:\\\/\\\/x.com\\\/HughesConnects\",\"https:\\\/\\\/www.youtube.com\\\/user\\\/HughesTV\\\/videos\",\"https:\\\/\\\/www.linkedin.com\\\/company\\\/3569\\\/admin\\\/dashboard\\\/\"]}]}<\/script>\n<!-- \/ Yoast SEO plugin. -->","yoast_head_json":{"title":"Servizi di sicurezza di rete | Europe.Hughes.com","description":"Hughes Europe permette di proteggere le aziende grazie ai firewall gestiti e ai servizi di continuit\u00e0 aziendale offerti dal Centro per le operazioni di sicurezza (Security Operations Centre - SOC).","robots":{"index":"index","follow":"follow","max-snippet":"max-snippet:-1","max-image-preview":"max-image-preview:large","max-video-preview":"max-video-preview:-1"},"canonical":"https:\/\/www.hughes.com\/it\/soluzioni\/servizi-di-sicurezza-di-rete","og_locale":"it_IT","og_type":"article","og_title":"Servizi di sicurezza di rete | Europe.Hughes.com","og_description":"Hughes Europe permette di proteggere le aziende grazie ai firewall gestiti e ai servizi di continuit\u00e0 aziendale offerti dal Centro per le operazioni di sicurezza (Security Operations Centre - SOC).","og_url":"https:\/\/www.hughes.com\/it\/soluzioni\/servizi-di-sicurezza-di-rete","og_site_name":"Hughes","article_publisher":"https:\/\/www.facebook.com\/HughesConnects\/","article_modified_time":"2026-02-20T17:22:01+00:00","og_image":[{"width":1200,"height":630,"url":"https:\/\/www.hughes.com\/wp-content\/uploads\/2026\/02\/HughesGlobalOpenGraph.jpg","type":"image\/jpeg"}],"twitter_card":"summary_large_image","twitter_site":"@HughesConnects","schema":{"@context":"https:\/\/schema.org","@graph":[{"@type":"WebPage","@id":"https:\/\/www.hughes.com\/it\/soluzioni\/servizi-di-sicurezza-di-rete","url":"https:\/\/www.hughes.com\/it\/soluzioni\/servizi-di-sicurezza-di-rete","name":"Servizi di sicurezza di rete | Europe.Hughes.com","isPartOf":{"@id":"https:\/\/www.hughes.com\/it\/#website"},"datePublished":"2026-02-11T19:12:30+00:00","dateModified":"2026-02-20T17:22:01+00:00","description":"Hughes Europe permette di proteggere le aziende grazie ai firewall gestiti e ai servizi di continuit\u00e0 aziendale offerti dal Centro per le operazioni di sicurezza (Security Operations Centre - SOC).","breadcrumb":{"@id":"https:\/\/www.hughes.com\/it\/soluzioni\/servizi-di-sicurezza-di-rete#breadcrumb"},"inLanguage":"it-IT","potentialAction":[{"@type":"ReadAction","target":["https:\/\/www.hughes.com\/it\/soluzioni\/servizi-di-sicurezza-di-rete"]}]},{"@type":"BreadcrumbList","@id":"https:\/\/www.hughes.com\/it\/soluzioni\/servizi-di-sicurezza-di-rete#breadcrumb","itemListElement":[{"@type":"ListItem","position":1,"name":"Home","item":"https:\/\/www.hughes.com\/it"},{"@type":"ListItem","position":2,"name":"Servizi di sicurezza di rete"}]},{"@type":"WebSite","@id":"https:\/\/www.hughes.com\/it\/#website","url":"https:\/\/www.hughes.com\/it\/","name":"Hughes","description":"","publisher":{"@id":"https:\/\/www.hughes.com\/it\/#organization"},"potentialAction":[{"@type":"SearchAction","target":{"@type":"EntryPoint","urlTemplate":"https:\/\/www.hughes.com\/it\/?s={search_term_string}"},"query-input":{"@type":"PropertyValueSpecification","valueRequired":true,"valueName":"search_term_string"}}],"inLanguage":"it-IT"},{"@type":"Organization","@id":"https:\/\/www.hughes.com\/it\/#organization","name":"Hughes","url":"https:\/\/www.hughes.com\/it\/","logo":{"@type":"ImageObject","inLanguage":"it-IT","@id":"https:\/\/www.hughes.com\/it\/#\/schema\/logo\/image\/","url":"https:\/\/www.hughes.com\/wp-content\/uploads\/2026\/02\/HughesEchoStar_Logo.png","contentUrl":"https:\/\/www.hughes.com\/wp-content\/uploads\/2026\/02\/HughesEchoStar_Logo.png","width":593,"height":213,"caption":"Hughes"},"image":{"@id":"https:\/\/www.hughes.com\/it\/#\/schema\/logo\/image\/"},"sameAs":["https:\/\/www.facebook.com\/HughesConnects\/","https:\/\/x.com\/HughesConnects","https:\/\/www.youtube.com\/user\/HughesTV\/videos","https:\/\/www.linkedin.com\/company\/3569\/admin\/dashboard\/"]}]}},"_links":{"self":[{"href":"https:\/\/www.hughes.com\/it\/wp-json\/wp\/v2\/pages\/39998","targetHints":{"allow":["GET"]}}],"collection":[{"href":"https:\/\/www.hughes.com\/it\/wp-json\/wp\/v2\/pages"}],"about":[{"href":"https:\/\/www.hughes.com\/it\/wp-json\/wp\/v2\/types\/page"}],"author":[{"embeddable":true,"href":"https:\/\/www.hughes.com\/it\/wp-json\/wp\/v2\/users\/8"}],"replies":[{"embeddable":true,"href":"https:\/\/www.hughes.com\/it\/wp-json\/wp\/v2\/comments?post=39998"}],"version-history":[{"count":0,"href":"https:\/\/www.hughes.com\/it\/wp-json\/wp\/v2\/pages\/39998\/revisions"}],"wp:attachment":[{"href":"https:\/\/www.hughes.com\/it\/wp-json\/wp\/v2\/media?parent=39998"}],"curies":[{"name":"wp","href":"https:\/\/api.w.org\/{rel}","templated":true}]}}