{"id":39995,"date":"2026-01-27T11:58:28","date_gmt":"2026-01-27T11:58:28","guid":{"rendered":"https:\/\/hughes1stg.wpenginepowered.com\/managed-network-solutions"},"modified":"2026-02-20T17:06:26","modified_gmt":"2026-02-20T17:06:26","slug":"managed-network-solutions","status":"publish","type":"page","link":"https:\/\/www.hughes.com\/it\/soluzioni\/soluzioni-di-rete-gestite","title":{"rendered":"Soluzioni di rete gestita"},"content":{"rendered":"<!-- Solution Hero --><section class=\"solution-hero-section\">\r\n    <div class=\"shs-wrapper bg-dark border-radius-bottom-lr\">\r\n        <div class=\"shs-hero\"><div class=\"shs-bg-media\"><img src=\"https:\/\/www.hughes.com\/wp-content\/uploads\/2026\/02\/hughes_web_banner_16.webp\" srcset=\"https:\/\/www.hughes.com\/wp-content\/uploads\/2026\/02\/hughes_web_banner_16.webp 1280w, https:\/\/www.hughes.com\/wp-content\/uploads\/2026\/02\/hughes_web_banner_16-300x113.webp 300w, https:\/\/www.hughes.com\/wp-content\/uploads\/2026\/02\/hughes_web_banner_16-1024x384.webp 1024w, https:\/\/www.hughes.com\/wp-content\/uploads\/2026\/02\/hughes_web_banner_16-768x288.webp 768w\" sizes=\"(max-width: 1280px) 100vw, 1280px\" alt=\"Soluzioni di rete gestita Image\" class=\"\" loading=\"eager\" decoding=\"async\" width=\"1280\" height=\"480\" fetchpriority=\"high\"><\/div><div class=\"container\">\r\n                <div class=\"shs-hero-content\"><h1 class=\"h1 title\">Soluzioni di rete gestita<\/h1><h2 class=\"desc\"><p><strong>Le soluzioni di rete gestita di Hughes offrono il sostegno essenziale per affrontare le complessit\u00e0 di ogni trasformazione digitale<\/strong><\/p>\n<\/h2><\/div>\r\n            <\/div><\/div><div class=\"shs-overview\">\r\n                <div class=\"container\">\r\n                    <div class=\"shs-overview-content row\"><div class=\"introduction -lg cell-12\"><p>Le organizzazioni ramificate sul territorio devono affrontare numerose sfide legate all&#8217;infrastruttura di rete. Man mano che il processo di trasformazione digitale si impone, le sfide associate alla connettivit\u00e0 si fanno sempre pi\u00f9 ardue. Grazie alla nostra soluzione di rete gestita, Managed Network Solutions, Hughes \u00e8 in grado di mettere a disposizione delle organizzazioni una suite di soluzioni in grado di dimensionare correttamente l&#8217;infrastruttura, garantirne l&#8217;ottimizzazione in funzione del traffico e renderla sufficientemente agile per adeguarsi alle nuove tecnologie e applicazioni, garantendo al contempo prestazioni di qualit\u00e0 superiore e massima sicurezza per clienti e personale interno.<\/p>\n<\/div><div class=\"left-column -lg cell-md-6\"><h2>Una strategia in 5 fasi<\/h2>\n<p><strong>Valutazione della rete <\/strong>&#8211; Nell&#8217;ambito delle nostre soluzioni di rete gestite, Hughes effettua una valutazione dello stato dell&#8217;infrastruttura di rete, in modo da ottimizzare il rendimento degli investimenti passati e identificare le soluzioni strategiche pi\u00f9 adatte per le esigenze presenti e future.<\/p>\n<p><strong>Efficientamento<\/strong> &#8211; Affidare la gestione di tutti gli aspetti della gestione della connettivit\u00e0, nonch\u00e9 della sua manutenzione e assistenza, per tutte le sedi e in tutti i paesi, sfruttando in questo modo le efficienze che offre una simile scelta.<\/p>\n<p><strong>Ottimizzazione delle prestazioni <\/strong>&#8211; Le soluzioni di Hughes semplificano la complessit\u00e0 dell&#8217;infrastruttura di rete, ne consentono il monitoraggio e la gestione h24, 7 giorni su 7, di ogni singolo aspetto, a garanzia di una performance sempre ottimale.<\/p>\n<p><strong>Gestione della sicurezza <\/strong>&#8211; Un partner cui affidare la gestione dell&#8217;infrastruttura di rete sa cogliere la sfida che oggi propongono le reti ibride, dove il traffico si muove tra cloud pubblico e privato e soluzioni edge a livello periferico, identificando e implementando soluzioni conformi agli standard del settore che garantiscano la sicurezza di clienti, personale e attivit\u00e0 d&#8217;impresa.<\/p>\n<p><strong>Agilit\u00e0 <\/strong>&#8211; Le nostre soluzioni di gestione dell&#8217;infrastruttura di rete offrono la flessibilit\u00e0 necessaria per adattarsi alle nuove tecnologie attraverso l&#8217;adozione di nuove funzionalit\u00e0 e ripensando continuamente la rete perch\u00e9 possa assicurare sempre controllo, efficienza e prestazioni ottimali.<\/p>\n<\/div><div class=\"right-column -lg cell-md-6\"><h2>Esperti nell&#8217;ottimizzazione delle infrastrutture di rete per organizzazioni ramificate sul territorio<\/h2>\n<p>Hughes \u00e8 al fianco delle aziende per aiutarle a raggiungere i propri obiettivi digitali attraverso <a href=\"https:\/\/europe.hughes.com\/it\/soluzioni\/soluzioni-di-rete-gestite\/sistemi-di-rete-gestiti-monitoraggio-della-rete\">sistemi di gestione dell&#8217;infrastruttura di rete<\/a> che garantiscono la disponibilit\u00e0 e la <a href=\"https:\/\/europe.hughes.com\/it\/sfide-aziendali\/resilienza-della-rete-e-sicurezza-della-rete\">resilienza<\/a> che oggi sono imprescindibili per il mondo cliente-centrico delle imprese.<\/p>\n<p><a href=\"https:\/\/europe.hughes.com\/it\/chi-siamo\/i-nostri-clienti\">I nostri clienti <\/a>hanno l&#8217;opportunit\u00e0 di beneficiare dei flussi ininterrotti di dati che consentono loro di accedere a informazioni in tempo reale e servirsi di applicazioni per offrire al personale interno e ai clienti finali un&#8217;esperienza straordinaria.<\/p>\n<h2>Soluzioni flessibili per la gestione della rete<\/h2>\n<p>La metodologia PRISM che Hughes ha scelto per le sue soluzioni flessibili per la gestione dell&#8217;infrastruttura di rete e per l&#8217;implementazione di reti ad alto rendimento in tutta Europa \u00e8 la garanzia della nostra capacit\u00e0 assistere i nostri clienti ovunque siano e ogni volta che ne abbiano bisogno.<\/p>\n<p>In Hughes Europe sappiamo bene che ogni realt\u00e0 imprenditoriale \u00e8 unica e irripetibile; per questo non adottiamo una strategia universale per i nostri servizi di gestione dell&#8217;infrastruttura di rete. Abbiamo piuttosto definito una strategia che consente ai nostri clienti di accedere alle specifiche soluzioni di cui hanno bisogno, quando ne hanno pi\u00f9 bisogno.<\/p>\n<p><a href=\"https:\/\/europe.hughes.com\/it\/soluzioni\/soluzioni-di-rete-gestite\/pianificazione-della-infrastruttura-di-rete\"><strong>Scopri di pi\u00f9 sui nostri servizi professionali &gt;<\/strong><\/a><\/p>\n<\/div><\/div>\r\n                <\/div>\r\n            <\/div><\/div>\r\n<\/section>\n\n<!-- Icon Grid --><section class=\"icon-grid-block space-lg-m\">\r\n    <div class=\"container\"><div class=\"sec-heading text-center\"><h2 class=\"h2\">Si chiama PRISM.<\/h2><div class=\"desc\"><p>PRISM \u00e8 il metodo che Hughes Europe ha scelto per capire esattamente ci\u00f2 che i clienti chiedono alle loro infrastrutture di rete e come liberare il valore su cui fanno affidamento per distinguersi dalla concorrenza. Hughes si avvale della conoscenza specifica nel campo per capire nei dettagli le caratteristiche e le dinamiche dell&#8217;infrastruttura di rete dei clienti e identificare la soluzione di rete ideale per centrare questo obiettivo.<\/p>\n<\/div><\/div><div class=\"ig-grid center -five\" style=\"--cols: 5;\"><div class=\"ig-item\"><div class=\"ig-icon-wrapper\"><div class=\"ig-icon\"><img src=\"https:\/\/www.hughes.com\/wp-content\/uploads\/2026\/02\/plan-icon.webp\" srcset=\"https:\/\/www.hughes.com\/wp-content\/uploads\/2026\/02\/plan-icon.webp 175w, https:\/\/www.hughes.com\/wp-content\/uploads\/2026\/02\/plan-icon-150x150.webp 150w\" sizes=\"auto, (max-width: 175px) 100vw, 175px\" alt=\"plan icon\" class=\"\" loading=\"lazy\" decoding=\"async\" width=\"175\" height=\"175\"><\/div><\/div><div class=\"ig-content\"><h3 class=\"h6\">Pianificazione<\/h3><div class=\"desc\"><p>Verifichiamo, progettiamo e offriamo consulenza tecnica per la gestione dell&#8217;infrastruttura di rete<\/p>\n<\/div><div class=\"btn-wrap\"><a class=\"btn-link -lg\" href=\"https:\/\/europe.hughes.com\/it\/soluzioni\/soluzioni-di-rete-gestite\/pianificazione-della-infrastruttura-di-rete\" target=\"_self\" rel=\"nofollow\" aria-label=\"SCOPRI COME\" ><span>SCOPRI COME<\/span><\/a><\/div><\/div><\/div><div class=\"ig-item\"><div class=\"ig-icon-wrapper\"><div class=\"ig-icon\"><img src=\"https:\/\/www.hughes.com\/wp-content\/uploads\/2026\/02\/resource-icon.webp\" srcset=\"https:\/\/www.hughes.com\/wp-content\/uploads\/2026\/02\/resource-icon.webp 175w, https:\/\/www.hughes.com\/wp-content\/uploads\/2026\/02\/resource-icon-150x150.webp 150w\" sizes=\"auto, (max-width: 175px) 100vw, 175px\" alt=\"resource icon\" class=\"\" loading=\"lazy\" decoding=\"async\" width=\"175\" height=\"175\"><\/div><\/div><div class=\"ig-content\"><h3 class=\"h6\">Risorse<\/h3><div class=\"desc\"><p>Hughes \u00e8 in grado di identificare, procurare e ottenere licenze per qualsiasi esigenza di connettivit\u00e0 e componente dell&#8217;infrastruttura di rete<\/p>\n<\/div><div class=\"btn-wrap\"><a class=\"btn-link -lg\" href=\"https:\/\/europe.hughes.com\/it\/soluzioni\/soluzioni-di-rete-gestite\/acquisizione-della-tecnologia-di-rete\" target=\"_self\" rel=\"nofollow\" aria-label=\"SCOPRI COME\" ><span>SCOPRI COME<\/span><\/a><\/div><\/div><\/div><div class=\"ig-item\"><div class=\"ig-icon-wrapper\"><div class=\"ig-icon\"><img src=\"https:\/\/www.hughes.com\/wp-content\/uploads\/2026\/02\/implement-icon.webp\" srcset=\"https:\/\/www.hughes.com\/wp-content\/uploads\/2026\/02\/implement-icon.webp 175w, https:\/\/www.hughes.com\/wp-content\/uploads\/2026\/02\/implement-icon-150x150.webp 150w\" sizes=\"auto, (max-width: 175px) 100vw, 175px\" alt=\"implement icon\" class=\"\" loading=\"lazy\" decoding=\"async\" width=\"175\" height=\"175\"><\/div><\/div><div class=\"ig-content\"><h3 class=\"h6\">Implementazione<\/h3><div class=\"desc\"><p>Hughes pianifica, verifica, installa e gestisce la soluzione di rete in ogni suo aspetto<\/p>\n<\/div><div class=\"btn-wrap\"><a class=\"btn-link -lg\" href=\"https:\/\/europe.hughes.com\/it\/soluzioni\/soluzioni-di-rete-gestite\/implementazione-della-rete\" target=\"_self\" rel=\"nofollow\" aria-label=\"SCOPRI COME\" ><span>SCOPRI COME<\/span><\/a><\/div><\/div><\/div><div class=\"ig-item\"><div class=\"ig-icon-wrapper\"><div class=\"ig-icon\"><img src=\"https:\/\/www.hughes.com\/wp-content\/uploads\/2026\/02\/support-icon.webp\" srcset=\"https:\/\/www.hughes.com\/wp-content\/uploads\/2026\/02\/support-icon.webp 175w, https:\/\/www.hughes.com\/wp-content\/uploads\/2026\/02\/support-icon-150x150.webp 150w\" sizes=\"auto, (max-width: 175px) 100vw, 175px\" alt=\"support icon\" class=\"\" loading=\"lazy\" decoding=\"async\" width=\"175\" height=\"175\"><\/div><\/div><div class=\"ig-content\"><h3 class=\"h6\">Assistenza <\/h3><div class=\"desc\"><p>Hughes garantisce l&#8217;assistenza completa per l&#8217;intera infrastruttura di rete attraverso una soluzione integrata per gestione degli incidenti, manutenzione e integrazioni, variazioni e modifiche<\/p>\n<\/div><div class=\"btn-wrap\"><a class=\"btn-link -lg\" href=\"https:\/\/europe.hughes.com\/it\/soluzioni\/soluzioni-di-rete-gestite\/supporto-wan-supporto-sd-wan\" target=\"_self\" rel=\"nofollow\" aria-label=\"SCOPRI COME\" ><span>SCOPRI COME<\/span><\/a><\/div><\/div><\/div><div class=\"ig-item\"><div class=\"ig-icon-wrapper\"><div class=\"ig-icon\"><img src=\"https:\/\/www.hughes.com\/wp-content\/uploads\/2026\/02\/manage-icon.webp\" srcset=\"https:\/\/www.hughes.com\/wp-content\/uploads\/2026\/02\/manage-icon.webp 175w, https:\/\/www.hughes.com\/wp-content\/uploads\/2026\/02\/manage-icon-150x150.webp 150w\" sizes=\"auto, (max-width: 175px) 100vw, 175px\" alt=\"manage icon\" class=\"\" loading=\"lazy\" decoding=\"async\" width=\"175\" height=\"175\"><\/div><\/div><div class=\"ig-content\"><h3 class=\"h6\">Gestione<\/h3><div class=\"desc\"><p>Hughes monitora e gestisce proattivamente l&#8217;intera infrastruttura di rete per garantire prestazioni ottimali in termini di resilienza e disponibilit\u00e0 delle applicazioni<\/p>\n<\/div><div class=\"btn-wrap\"><a class=\"btn-link -lg\" href=\"https:\/\/europe.hughes.com\/it\/soluzioni\/soluzioni-di-rete-gestite\/sistemi-di-rete-gestiti-monitoraggio-della-rete\" target=\"_self\" rel=\"nofollow\" aria-label=\"SCOPRI COME\" ><span>SCOPRI COME<\/span><\/a><\/div><\/div><\/div><\/div><\/div>\r\n<\/section>\n\n<!-- Full-Width CTA --><section class=\"full-width-cta-section border-radius-top-lr left bg-dark\">\r\n        <div class=\"container\">\r\n            <div class=\"fwc-row row align-items-center\"><div class=\"fwc-left cell-md-7\">\r\n                        <div class=\"fwc-content\"><h2 class=\"fwc-title\">Leggi il nostro ultimo e-book: Vincere la battaglia della complessit\u00e0 della rete<\/h2><\/div><\/div><div class=\"fwc-right cell-md-5\"><div class=\"btn-wrap text-left text-md-right\"><a class=\"btn\" href=\"https:\/\/www.hughes.com\/sites\/europe.hughes.com\/files\/2020-07\/Hughes-WhitePaper-Final_0.pdf\" target=\"_self\" rel=\"nofollow\" aria-label=\"Scarica l&#039;e-book\" >Scarica l&#039;e-book<\/a><\/div><\/div><\/div>\r\n        <\/div>\r\n    <\/section>","protected":false},"excerpt":{"rendered":"<p>Multi-site network infrastructure is challenging so harness our Managed Network Solutions to navigate complexity and facilitate seamless digital transformation.<\/p>\n","protected":false},"author":2,"featured_media":0,"parent":0,"menu_order":0,"comment_status":"closed","ping_status":"closed","template":"","meta":{"_acf_changed":true,"_searchwp_excluded":"","footnotes":""},"class_list":["post-39995","page","type-page","status-publish","hentry"],"acf":[],"yoast_head":"<!-- This site is optimized with the Yoast SEO plugin v27.3 - https:\/\/yoast.com\/product\/yoast-seo-wordpress\/ -->\n<title>Soluzioni di rete gestite | Europe.Hughes.com<\/title>\n<meta name=\"description\" content=\"L&#039;infrastruttura di rete multisito \u00e8 impegnativa, per questo \u00e8 necessario avvalersi delle nostre soluzioni di rete gestite per superare la complessit\u00e0 e agevolare la trasformazione digitale senza ostacoli.\" \/>\n<meta name=\"robots\" content=\"index, follow, max-snippet:-1, max-image-preview:large, max-video-preview:-1\" \/>\n<link rel=\"canonical\" href=\"https:\/\/www.hughes.com\/it\/soluzioni\/soluzioni-di-rete-gestite\" \/>\n<meta property=\"og:locale\" content=\"it_IT\" \/>\n<meta property=\"og:type\" content=\"article\" \/>\n<meta property=\"og:title\" content=\"Soluzioni di rete gestite | Europe.Hughes.com\" \/>\n<meta property=\"og:description\" content=\"L&#039;infrastruttura di rete multisito \u00e8 impegnativa, per questo \u00e8 necessario avvalersi delle nostre soluzioni di rete gestite per superare la complessit\u00e0 e agevolare la trasformazione digitale senza ostacoli.\" \/>\n<meta property=\"og:url\" content=\"https:\/\/www.hughes.com\/it\/soluzioni\/soluzioni-di-rete-gestite\" \/>\n<meta property=\"og:site_name\" content=\"Hughes\" \/>\n<meta property=\"article:publisher\" content=\"https:\/\/www.facebook.com\/HughesConnects\/\" \/>\n<meta property=\"article:modified_time\" content=\"2026-02-20T17:06:26+00:00\" \/>\n<meta property=\"og:image\" content=\"https:\/\/www.hughes.com\/wp-content\/uploads\/2026\/02\/HughesGlobalOpenGraph.jpg\" \/>\n\t<meta property=\"og:image:width\" content=\"1200\" \/>\n\t<meta property=\"og:image:height\" content=\"630\" \/>\n\t<meta property=\"og:image:type\" content=\"image\/jpeg\" \/>\n<meta name=\"twitter:card\" content=\"summary_large_image\" \/>\n<meta name=\"twitter:site\" content=\"@HughesConnects\" \/>\n<script type=\"application\/ld+json\" class=\"yoast-schema-graph\">{\"@context\":\"https:\\\/\\\/schema.org\",\"@graph\":[{\"@type\":\"WebPage\",\"@id\":\"https:\\\/\\\/www.hughes.com\\\/it\\\/soluzioni\\\/soluzioni-di-rete-gestite\",\"url\":\"https:\\\/\\\/www.hughes.com\\\/it\\\/soluzioni\\\/soluzioni-di-rete-gestite\",\"name\":\"Soluzioni di rete gestite | Europe.Hughes.com\",\"isPartOf\":{\"@id\":\"https:\\\/\\\/www.hughes.com\\\/it\\\/#website\"},\"datePublished\":\"2026-01-27T11:58:28+00:00\",\"dateModified\":\"2026-02-20T17:06:26+00:00\",\"description\":\"L'infrastruttura di rete multisito \u00e8 impegnativa, per questo \u00e8 necessario avvalersi delle nostre soluzioni di rete gestite per superare la complessit\u00e0 e agevolare la trasformazione digitale senza ostacoli.\",\"breadcrumb\":{\"@id\":\"https:\\\/\\\/www.hughes.com\\\/it\\\/soluzioni\\\/soluzioni-di-rete-gestite#breadcrumb\"},\"inLanguage\":\"it-IT\",\"potentialAction\":[{\"@type\":\"ReadAction\",\"target\":[\"https:\\\/\\\/www.hughes.com\\\/it\\\/soluzioni\\\/soluzioni-di-rete-gestite\"]}]},{\"@type\":\"BreadcrumbList\",\"@id\":\"https:\\\/\\\/www.hughes.com\\\/it\\\/soluzioni\\\/soluzioni-di-rete-gestite#breadcrumb\",\"itemListElement\":[{\"@type\":\"ListItem\",\"position\":1,\"name\":\"Home\",\"item\":\"https:\\\/\\\/www.hughes.com\\\/it\"},{\"@type\":\"ListItem\",\"position\":2,\"name\":\"Soluzioni di rete gestita\"}]},{\"@type\":\"WebSite\",\"@id\":\"https:\\\/\\\/www.hughes.com\\\/it\\\/#website\",\"url\":\"https:\\\/\\\/www.hughes.com\\\/it\\\/\",\"name\":\"Hughes\",\"description\":\"\",\"publisher\":{\"@id\":\"https:\\\/\\\/www.hughes.com\\\/it\\\/#organization\"},\"potentialAction\":[{\"@type\":\"SearchAction\",\"target\":{\"@type\":\"EntryPoint\",\"urlTemplate\":\"https:\\\/\\\/www.hughes.com\\\/it\\\/?s={search_term_string}\"},\"query-input\":{\"@type\":\"PropertyValueSpecification\",\"valueRequired\":true,\"valueName\":\"search_term_string\"}}],\"inLanguage\":\"it-IT\"},{\"@type\":\"Organization\",\"@id\":\"https:\\\/\\\/www.hughes.com\\\/it\\\/#organization\",\"name\":\"Hughes\",\"url\":\"https:\\\/\\\/www.hughes.com\\\/it\\\/\",\"logo\":{\"@type\":\"ImageObject\",\"inLanguage\":\"it-IT\",\"@id\":\"https:\\\/\\\/www.hughes.com\\\/it\\\/#\\\/schema\\\/logo\\\/image\\\/\",\"url\":\"https:\\\/\\\/www.hughes.com\\\/wp-content\\\/uploads\\\/2026\\\/02\\\/HughesEchoStar_Logo.png\",\"contentUrl\":\"https:\\\/\\\/www.hughes.com\\\/wp-content\\\/uploads\\\/2026\\\/02\\\/HughesEchoStar_Logo.png\",\"width\":593,\"height\":213,\"caption\":\"Hughes\"},\"image\":{\"@id\":\"https:\\\/\\\/www.hughes.com\\\/it\\\/#\\\/schema\\\/logo\\\/image\\\/\"},\"sameAs\":[\"https:\\\/\\\/www.facebook.com\\\/HughesConnects\\\/\",\"https:\\\/\\\/x.com\\\/HughesConnects\",\"https:\\\/\\\/www.youtube.com\\\/user\\\/HughesTV\\\/videos\",\"https:\\\/\\\/www.linkedin.com\\\/company\\\/3569\\\/admin\\\/dashboard\\\/\"]}]}<\/script>\n<!-- \/ Yoast SEO plugin. -->","yoast_head_json":{"title":"Soluzioni di rete gestite | Europe.Hughes.com","description":"L'infrastruttura di rete multisito \u00e8 impegnativa, per questo \u00e8 necessario avvalersi delle nostre soluzioni di rete gestite per superare la complessit\u00e0 e agevolare la trasformazione digitale senza ostacoli.","robots":{"index":"index","follow":"follow","max-snippet":"max-snippet:-1","max-image-preview":"max-image-preview:large","max-video-preview":"max-video-preview:-1"},"canonical":"https:\/\/www.hughes.com\/it\/soluzioni\/soluzioni-di-rete-gestite","og_locale":"it_IT","og_type":"article","og_title":"Soluzioni di rete gestite | Europe.Hughes.com","og_description":"L'infrastruttura di rete multisito \u00e8 impegnativa, per questo \u00e8 necessario avvalersi delle nostre soluzioni di rete gestite per superare la complessit\u00e0 e agevolare la trasformazione digitale senza ostacoli.","og_url":"https:\/\/www.hughes.com\/it\/soluzioni\/soluzioni-di-rete-gestite","og_site_name":"Hughes","article_publisher":"https:\/\/www.facebook.com\/HughesConnects\/","article_modified_time":"2026-02-20T17:06:26+00:00","og_image":[{"width":1200,"height":630,"url":"https:\/\/www.hughes.com\/wp-content\/uploads\/2026\/02\/HughesGlobalOpenGraph.jpg","type":"image\/jpeg"}],"twitter_card":"summary_large_image","twitter_site":"@HughesConnects","schema":{"@context":"https:\/\/schema.org","@graph":[{"@type":"WebPage","@id":"https:\/\/www.hughes.com\/it\/soluzioni\/soluzioni-di-rete-gestite","url":"https:\/\/www.hughes.com\/it\/soluzioni\/soluzioni-di-rete-gestite","name":"Soluzioni di rete gestite | Europe.Hughes.com","isPartOf":{"@id":"https:\/\/www.hughes.com\/it\/#website"},"datePublished":"2026-01-27T11:58:28+00:00","dateModified":"2026-02-20T17:06:26+00:00","description":"L'infrastruttura di rete multisito \u00e8 impegnativa, per questo \u00e8 necessario avvalersi delle nostre soluzioni di rete gestite per superare la complessit\u00e0 e agevolare la trasformazione digitale senza ostacoli.","breadcrumb":{"@id":"https:\/\/www.hughes.com\/it\/soluzioni\/soluzioni-di-rete-gestite#breadcrumb"},"inLanguage":"it-IT","potentialAction":[{"@type":"ReadAction","target":["https:\/\/www.hughes.com\/it\/soluzioni\/soluzioni-di-rete-gestite"]}]},{"@type":"BreadcrumbList","@id":"https:\/\/www.hughes.com\/it\/soluzioni\/soluzioni-di-rete-gestite#breadcrumb","itemListElement":[{"@type":"ListItem","position":1,"name":"Home","item":"https:\/\/www.hughes.com\/it"},{"@type":"ListItem","position":2,"name":"Soluzioni di rete gestita"}]},{"@type":"WebSite","@id":"https:\/\/www.hughes.com\/it\/#website","url":"https:\/\/www.hughes.com\/it\/","name":"Hughes","description":"","publisher":{"@id":"https:\/\/www.hughes.com\/it\/#organization"},"potentialAction":[{"@type":"SearchAction","target":{"@type":"EntryPoint","urlTemplate":"https:\/\/www.hughes.com\/it\/?s={search_term_string}"},"query-input":{"@type":"PropertyValueSpecification","valueRequired":true,"valueName":"search_term_string"}}],"inLanguage":"it-IT"},{"@type":"Organization","@id":"https:\/\/www.hughes.com\/it\/#organization","name":"Hughes","url":"https:\/\/www.hughes.com\/it\/","logo":{"@type":"ImageObject","inLanguage":"it-IT","@id":"https:\/\/www.hughes.com\/it\/#\/schema\/logo\/image\/","url":"https:\/\/www.hughes.com\/wp-content\/uploads\/2026\/02\/HughesEchoStar_Logo.png","contentUrl":"https:\/\/www.hughes.com\/wp-content\/uploads\/2026\/02\/HughesEchoStar_Logo.png","width":593,"height":213,"caption":"Hughes"},"image":{"@id":"https:\/\/www.hughes.com\/it\/#\/schema\/logo\/image\/"},"sameAs":["https:\/\/www.facebook.com\/HughesConnects\/","https:\/\/x.com\/HughesConnects","https:\/\/www.youtube.com\/user\/HughesTV\/videos","https:\/\/www.linkedin.com\/company\/3569\/admin\/dashboard\/"]}]}},"_links":{"self":[{"href":"https:\/\/www.hughes.com\/it\/wp-json\/wp\/v2\/pages\/39995","targetHints":{"allow":["GET"]}}],"collection":[{"href":"https:\/\/www.hughes.com\/it\/wp-json\/wp\/v2\/pages"}],"about":[{"href":"https:\/\/www.hughes.com\/it\/wp-json\/wp\/v2\/types\/page"}],"author":[{"embeddable":true,"href":"https:\/\/www.hughes.com\/it\/wp-json\/wp\/v2\/users\/2"}],"replies":[{"embeddable":true,"href":"https:\/\/www.hughes.com\/it\/wp-json\/wp\/v2\/comments?post=39995"}],"version-history":[{"count":0,"href":"https:\/\/www.hughes.com\/it\/wp-json\/wp\/v2\/pages\/39995\/revisions"}],"wp:attachment":[{"href":"https:\/\/www.hughes.com\/it\/wp-json\/wp\/v2\/media?parent=39995"}],"curies":[{"name":"wp","href":"https:\/\/api.w.org\/{rel}","templated":true}]}}