{"id":39840,"date":"2026-02-10T18:41:08","date_gmt":"2026-02-10T18:41:08","guid":{"rendered":"https:\/\/hughes1stg.wpenginepowered.com\/thank-you-for-contacting"},"modified":"2026-02-20T16:35:33","modified_gmt":"2026-02-20T16:35:33","slug":"thank-you-for-contacting","status":"publish","type":"page","link":"https:\/\/www.hughes.com\/it\/thank-you-for-contacting","title":{"rendered":"Generic Thank You"},"content":{"rendered":"<!-- Text Block --><section class=\"wysiwyg-component space-md-m\">\n        <div class=\"container\">\n            <div class=\"wc-wrap\"><div class=\"wc-decs bullet-styled\"><h1>Grazie.<\/h1>\n<p>Il tuo messaggio \u00e8 stato ricevuto. Grazie per averci contattato, ti contatteremo a breve. Nel frattempo, ti invitiamo a esplorare di pi\u00f9 sulle nostre soluzioni e servizi sul nostro sito web.<\/p>\n<\/div><\/div>\n        <\/div>\n    <\/section>\n\n<!-- Related Posts --><section class=\"related-posts-section space-lg-m\">\r\n        <div class=\"container\"><div class=\"rrs-card-slider swiper\">\r\n                    <div class=\"rrs-card-list swiper-wrapper\"><div class=\"rrs-grid-item swiper-slide\"><a class=\"rrs-grid-card gradient-border\" href=\"https:\/\/www.hughes.com\/it\/risorse\/intuizioni\/perche-la-connettivita-nel-settore-retail-e-il-tuo-vantaggio-competitivo-oggi-e-in-futuro\" title=\"Perch\u00e9 la connettivit\u00e0 nel settore retail \u00e8 il tuo vantaggio competitivo, oggi e in futuro\" target=\"_self\"><div class=\"rrs-card-img\"><img sizes=\"(max-width: 610px) 100vw, 610px\" srcset=\"https:\/\/www.hughes.com\/wp-content\/uploads\/webp\/2026\/01\/3_1-300x199.webp 300w, https:\/\/www.hughes.com\/wp-content\/uploads\/webp\/2026\/01\/3_1-150x150.webp 150w, https:\/\/www.hughes.com\/wp-content\/uploads\/webp\/2026\/01\/3_1.webp 610w\" decoding=\"async\" src=\"https:\/\/www.hughes.com\/wp-content\/uploads\/webp\/2026\/01\/3_1.webp\" alt=\"Perch\u00e9 la connettivit\u00e0 nel settore retail \u00e8 il tuo vantaggio competitivo, oggi e in futuro\" class=\"\" loading=\"lazy\" width=\"610\" height=\"405\"><\/div><div class=\"rrs-card-bottom\"><div class=\"rrs-card-content\">\r\n                        <h3 class=\"card-title\">Perch\u00e9 la connettivit\u00e0 nel settore retail \u00e8 il tuo vantaggio competitivo, oggi e in futuro<\/h3>\r\n                    <\/div><div class=\"rrs-card-tags\">\r\n                            <span class=\"eyebrow-text -sm\">Blog, Intuizioni<\/span>\r\n                        <\/div><\/div><\/a><\/div><\/div>\r\n                    <div class=\"swiper-arrow\">\r\n                        <button class=\"rrs-button-prev swiper-button-prev\"><svg aria-hidden=\"true\" width=\"24\" height=\"24\" viewBox=\"0 0 24 24\" fill=\"currentColor\"><use xlink:href=\"#icon-btn-arrow\"><\/use><\/svg><\/button>\r\n                        <button class=\"rrs-button-next swiper-button-next\"><svg aria-hidden=\"true\" width=\"24\" height=\"24\" viewBox=\"0 0 24 24\" fill=\"currentColor\"><use xlink:href=\"#icon-btn-arrow\"><\/use><\/svg><\/button>\r\n                    <\/div>\r\n                <\/div><\/div>\r\n    <\/section>","protected":false},"excerpt":{"rendered":"","protected":false},"author":7,"featured_media":0,"parent":0,"menu_order":0,"comment_status":"closed","ping_status":"closed","template":"","meta":{"_acf_changed":true,"_searchwp_excluded":"","footnotes":""},"class_list":["post-39840","page","type-page","status-publish","hentry"],"acf":[],"yoast_head":"<!-- This site is optimized with the Yoast SEO plugin v27.3 - https:\/\/yoast.com\/product\/yoast-seo-wordpress\/ -->\n<title>Thank You for Contacting | Hughes<\/title>\n<meta name=\"robots\" content=\"noindex, nofollow\" \/>\n<meta property=\"og:locale\" content=\"it_IT\" \/>\n<meta property=\"og:type\" content=\"article\" \/>\n<meta property=\"og:title\" content=\"Thank You for Contacting | Hughes\" \/>\n<meta property=\"og:url\" content=\"https:\/\/www.hughes.com\/it\/thank-you-for-contacting\" \/>\n<meta property=\"og:site_name\" content=\"Hughes\" \/>\n<meta property=\"article:publisher\" content=\"https:\/\/www.facebook.com\/HughesConnects\/\" \/>\n<meta property=\"article:modified_time\" content=\"2026-02-20T16:35:33+00:00\" \/>\n<meta property=\"og:image\" content=\"https:\/\/www.hughes.com\/wp-content\/uploads\/2026\/02\/HughesGlobalOpenGraph.jpg\" \/>\n\t<meta property=\"og:image:width\" content=\"1200\" \/>\n\t<meta property=\"og:image:height\" content=\"630\" \/>\n\t<meta property=\"og:image:type\" content=\"image\/jpeg\" \/>\n<meta name=\"twitter:card\" content=\"summary_large_image\" \/>\n<meta name=\"twitter:site\" content=\"@HughesConnects\" \/>\n<script type=\"application\/ld+json\" class=\"yoast-schema-graph\">{\"@context\":\"https:\\\/\\\/schema.org\",\"@graph\":[{\"@type\":\"WebPage\",\"@id\":\"https:\\\/\\\/www.hughes.com\\\/it\\\/thank-you-for-contacting\",\"url\":\"https:\\\/\\\/www.hughes.com\\\/it\\\/thank-you-for-contacting\",\"name\":\"Thank You for Contacting | Hughes\",\"isPartOf\":{\"@id\":\"https:\\\/\\\/www.hughes.com\\\/it\\\/#website\"},\"datePublished\":\"2026-02-10T18:41:08+00:00\",\"dateModified\":\"2026-02-20T16:35:33+00:00\",\"breadcrumb\":{\"@id\":\"https:\\\/\\\/www.hughes.com\\\/it\\\/thank-you-for-contacting#breadcrumb\"},\"inLanguage\":\"it-IT\",\"potentialAction\":[{\"@type\":\"ReadAction\",\"target\":[\"https:\\\/\\\/www.hughes.com\\\/it\\\/thank-you-for-contacting\"]}]},{\"@type\":\"BreadcrumbList\",\"@id\":\"https:\\\/\\\/www.hughes.com\\\/it\\\/thank-you-for-contacting#breadcrumb\",\"itemListElement\":[{\"@type\":\"ListItem\",\"position\":1,\"name\":\"Home\",\"item\":\"https:\\\/\\\/www.hughes.com\\\/it\"},{\"@type\":\"ListItem\",\"position\":2,\"name\":\"Generic Thank You\"}]},{\"@type\":\"WebSite\",\"@id\":\"https:\\\/\\\/www.hughes.com\\\/it\\\/#website\",\"url\":\"https:\\\/\\\/www.hughes.com\\\/it\\\/\",\"name\":\"Hughes\",\"description\":\"\",\"publisher\":{\"@id\":\"https:\\\/\\\/www.hughes.com\\\/it\\\/#organization\"},\"potentialAction\":[{\"@type\":\"SearchAction\",\"target\":{\"@type\":\"EntryPoint\",\"urlTemplate\":\"https:\\\/\\\/www.hughes.com\\\/it\\\/?s={search_term_string}\"},\"query-input\":{\"@type\":\"PropertyValueSpecification\",\"valueRequired\":true,\"valueName\":\"search_term_string\"}}],\"inLanguage\":\"it-IT\"},{\"@type\":\"Organization\",\"@id\":\"https:\\\/\\\/www.hughes.com\\\/it\\\/#organization\",\"name\":\"Hughes\",\"url\":\"https:\\\/\\\/www.hughes.com\\\/it\\\/\",\"logo\":{\"@type\":\"ImageObject\",\"inLanguage\":\"it-IT\",\"@id\":\"https:\\\/\\\/www.hughes.com\\\/it\\\/#\\\/schema\\\/logo\\\/image\\\/\",\"url\":\"https:\\\/\\\/www.hughes.com\\\/wp-content\\\/uploads\\\/2026\\\/02\\\/HughesEchoStar_Logo.png\",\"contentUrl\":\"https:\\\/\\\/www.hughes.com\\\/wp-content\\\/uploads\\\/2026\\\/02\\\/HughesEchoStar_Logo.png\",\"width\":593,\"height\":213,\"caption\":\"Hughes\"},\"image\":{\"@id\":\"https:\\\/\\\/www.hughes.com\\\/it\\\/#\\\/schema\\\/logo\\\/image\\\/\"},\"sameAs\":[\"https:\\\/\\\/www.facebook.com\\\/HughesConnects\\\/\",\"https:\\\/\\\/x.com\\\/HughesConnects\",\"https:\\\/\\\/www.youtube.com\\\/user\\\/HughesTV\\\/videos\",\"https:\\\/\\\/www.linkedin.com\\\/company\\\/3569\\\/admin\\\/dashboard\\\/\"]}]}<\/script>\n<!-- \/ Yoast SEO plugin. -->","yoast_head_json":{"title":"Thank You for Contacting | Hughes","robots":{"index":"noindex","follow":"nofollow"},"og_locale":"it_IT","og_type":"article","og_title":"Thank You for Contacting | Hughes","og_url":"https:\/\/www.hughes.com\/it\/thank-you-for-contacting","og_site_name":"Hughes","article_publisher":"https:\/\/www.facebook.com\/HughesConnects\/","article_modified_time":"2026-02-20T16:35:33+00:00","og_image":[{"width":1200,"height":630,"url":"https:\/\/www.hughes.com\/wp-content\/uploads\/2026\/02\/HughesGlobalOpenGraph.jpg","type":"image\/jpeg"}],"twitter_card":"summary_large_image","twitter_site":"@HughesConnects","schema":{"@context":"https:\/\/schema.org","@graph":[{"@type":"WebPage","@id":"https:\/\/www.hughes.com\/it\/thank-you-for-contacting","url":"https:\/\/www.hughes.com\/it\/thank-you-for-contacting","name":"Thank You for Contacting | Hughes","isPartOf":{"@id":"https:\/\/www.hughes.com\/it\/#website"},"datePublished":"2026-02-10T18:41:08+00:00","dateModified":"2026-02-20T16:35:33+00:00","breadcrumb":{"@id":"https:\/\/www.hughes.com\/it\/thank-you-for-contacting#breadcrumb"},"inLanguage":"it-IT","potentialAction":[{"@type":"ReadAction","target":["https:\/\/www.hughes.com\/it\/thank-you-for-contacting"]}]},{"@type":"BreadcrumbList","@id":"https:\/\/www.hughes.com\/it\/thank-you-for-contacting#breadcrumb","itemListElement":[{"@type":"ListItem","position":1,"name":"Home","item":"https:\/\/www.hughes.com\/it"},{"@type":"ListItem","position":2,"name":"Generic Thank You"}]},{"@type":"WebSite","@id":"https:\/\/www.hughes.com\/it\/#website","url":"https:\/\/www.hughes.com\/it\/","name":"Hughes","description":"","publisher":{"@id":"https:\/\/www.hughes.com\/it\/#organization"},"potentialAction":[{"@type":"SearchAction","target":{"@type":"EntryPoint","urlTemplate":"https:\/\/www.hughes.com\/it\/?s={search_term_string}"},"query-input":{"@type":"PropertyValueSpecification","valueRequired":true,"valueName":"search_term_string"}}],"inLanguage":"it-IT"},{"@type":"Organization","@id":"https:\/\/www.hughes.com\/it\/#organization","name":"Hughes","url":"https:\/\/www.hughes.com\/it\/","logo":{"@type":"ImageObject","inLanguage":"it-IT","@id":"https:\/\/www.hughes.com\/it\/#\/schema\/logo\/image\/","url":"https:\/\/www.hughes.com\/wp-content\/uploads\/2026\/02\/HughesEchoStar_Logo.png","contentUrl":"https:\/\/www.hughes.com\/wp-content\/uploads\/2026\/02\/HughesEchoStar_Logo.png","width":593,"height":213,"caption":"Hughes"},"image":{"@id":"https:\/\/www.hughes.com\/it\/#\/schema\/logo\/image\/"},"sameAs":["https:\/\/www.facebook.com\/HughesConnects\/","https:\/\/x.com\/HughesConnects","https:\/\/www.youtube.com\/user\/HughesTV\/videos","https:\/\/www.linkedin.com\/company\/3569\/admin\/dashboard\/"]}]}},"_links":{"self":[{"href":"https:\/\/www.hughes.com\/it\/wp-json\/wp\/v2\/pages\/39840","targetHints":{"allow":["GET"]}}],"collection":[{"href":"https:\/\/www.hughes.com\/it\/wp-json\/wp\/v2\/pages"}],"about":[{"href":"https:\/\/www.hughes.com\/it\/wp-json\/wp\/v2\/types\/page"}],"author":[{"embeddable":true,"href":"https:\/\/www.hughes.com\/it\/wp-json\/wp\/v2\/users\/7"}],"replies":[{"embeddable":true,"href":"https:\/\/www.hughes.com\/it\/wp-json\/wp\/v2\/comments?post=39840"}],"version-history":[{"count":0,"href":"https:\/\/www.hughes.com\/it\/wp-json\/wp\/v2\/pages\/39840\/revisions"}],"wp:attachment":[{"href":"https:\/\/www.hughes.com\/it\/wp-json\/wp\/v2\/media?parent=39840"}],"curies":[{"name":"wp","href":"https:\/\/api.w.org\/{rel}","templated":true}]}}