{"id":38928,"date":"2026-02-09T20:24:51","date_gmt":"2026-02-09T20:24:51","guid":{"rendered":"https:\/\/hughes1stg.wpenginepowered.com\/soluciones\/comunicaciones-especializadas-de-defensa"},"modified":"2026-02-18T18:36:10","modified_gmt":"2026-02-18T18:36:10","slug":"comunicaciones-especializadas-de-defensa","status":"publish","type":"page","link":"https:\/\/www.hughes.com\/ec\/soluciones\/comunicaciones-especializadas-de-defensa","title":{"rendered":"Comunicaciones Especializadas de Defensa"},"content":{"rendered":"<!-- Solution Hero --><section class=\"solution-hero-section\">\r\n    <div class=\"shs-wrapper bg-dark border-radius-bottom-lr\">\r\n        <div class=\"shs-hero\"><div class=\"shs-bg-media\"><img src=\"https:\/\/www.hughes.com\/wp-content\/uploads\/2026\/02\/mx-comunicaciones-hero.webp\" srcset=\"https:\/\/www.hughes.com\/wp-content\/uploads\/2026\/02\/mx-comunicaciones-hero.webp 1280w, https:\/\/www.hughes.com\/wp-content\/uploads\/2026\/02\/mx-comunicaciones-hero-300x113.webp 300w, https:\/\/www.hughes.com\/wp-content\/uploads\/2026\/02\/mx-comunicaciones-hero-1024x384.webp 1024w, https:\/\/www.hughes.com\/wp-content\/uploads\/2026\/02\/mx-comunicaciones-hero-768x288.webp 768w\" sizes=\"(max-width: 1280px) 100vw, 1280px\" alt=\"people working in NOC\" class=\"\" loading=\"eager\" decoding=\"async\" width=\"1280\" height=\"480\" fetchpriority=\"high\"><\/div><div class=\"container\">\r\n                <div class=\"shs-hero-content\"><h1 class=\"h1 title\">Comunicaciones y Redes de Defensa Seguras<\/h1><h2 class=\"desc\"><p>Proporcione preparaci\u00f3n t\u00e1ctica con redes resilientes e interoperables que ofrezcan comunicaciones seguras, en cualquier momento y en cualquier lugar del mundo.<\/p>\n<\/h2><\/div>\r\n            <\/div><\/div><\/div>\r\n<\/section>\n\n<!-- Two-Column Content --><section class=\"two-column-content-section space-lg-m\">\r\n        <div class=\"container\"><div class=\"tccs-row row\"><div class=\"tccs-row-left cell-md-6\"><div class=\"tccs-text-block bullet-styled\"><p>\n    Con la llegada de la Fuerza Espacial de EE. UU. y la proliferaci\u00f3n de constelaciones comerciales de \u00f3rbita terrestre baja (LEO), hemos entrado claramente en una nueva era en SATCOM militar. Atr\u00e1s quedaron los d\u00edas de comprar ancho de banda o desplegar sistemas aislados. Y aunque las redes de defensa especializadas sol\u00edan tomar prestadas pr\u00e1cticas de implementaci\u00f3n de redes comerciales, estamos viendo cada vez m\u00e1s innovaciones de vanguardia originadas en el sector de defensa: como ejemplo, la primera implementaci\u00f3n \u00e1rtica del servicio gestionado LEO para el Laboratorio de Investigaci\u00f3n de la Fuerza A\u00e9rea.\n<\/p>\n<p>\n    Colaborando con contratistas de defensa, la comunidad de inteligencia y directamente con el Departamento de Defensa (DoD), el equipo de Hughes dise\u00f1a redes SATCOM militares seguras para los clientes del DoD. Ideamos soluciones personalizadas que responden inteligentemente a las condiciones emergentes, unifican m\u00faltiples redes para encontrar el enlace m\u00e1s efectivo y crean comunicaciones seguras e ininterrumpidas. Nuestras soluciones a medida, equipos personalizados y la implementaci\u00f3n adaptada apoyan sus misiones con una garant\u00eda de informaci\u00f3n para el futuro, incluso a medida que el panorama cambia.<\/p>\n<\/div><\/div><div class=\"tccs-row-right cell-md-6\"><div class=\"tccs-text-block bullet-styled\"><h3>Empleando Inteligencia Artificial (IA) y Aprendizaje Autom\u00e1tico (ML)<\/h3>\n<p>En todo nuestro trabajo para los clientes del DoD, aprovechamos las capacidades avanzadas de IA y ML que optimizan la gesti\u00f3n de redes militares SATCOM basadas en datos en tiempo real. Un ejemplo es el Agente de Gesti\u00f3n de Terminales (TMA) de Hughes, que mejora la interoperabilidad entre redes al utilizar interfaces estandarizadas y un adaptador multi m\u00f3dem para que las terminales satelitales puedan desplazarse entre redes. Usando IA y ML, el software TMA detecta interrupciones de se\u00f1al y cambia autom\u00e1ticamente a otro sat\u00e9lite para asegurar un servicio ininterrumpido.<\/p>\n<p><em><strong>Para cumplir con los requisitos de defensa especializados con una conectividad m\u00e1s r\u00e1pida, mayor confiabilidad y una mejor interoperabilidad entre redes SATCOM militares y comerciales, <\/strong><\/em><a href=\"https:\/\/www.hughes.com\/ec\/contactenos\"><em><strong>cont\u00e1ctenos hoy.<\/strong><\/em><\/a><\/p>\n<\/div><\/div><\/div><\/div>\r\n    <\/section>\r\n<!-- <script>\r\nwindow.hasClicked = window.hasClicked || {};\r\njQuery(document).on('gform_confirmation_loaded', function(event, formId) {\r\n    const formBlocks = document.querySelectorAll('.two-column-content-section .tccs-form-block');\r\n\r\n    formBlocks.forEach(block => {\r\n        const thankYou = block.querySelector('.tccs-thank-you');\r\n\r\n        const leftLink = block.querySelector('[class^=\"left-redirect-link-\"]');\r\n        if(leftLink) {\r\n            const linkFormId = parseInt(leftLink.getAttribute('title'));\r\n            if(!isNaN(linkFormId) && formId === linkFormId) {\r\n                if(thankYou) thankYou.classList.remove('d-none');\r\n                const index = leftLink.className.match(\/left-redirect-link-(\\d+)\/)[1];\r\n                if(!window.hasClicked[index]) {\r\n                    window.hasClicked[index] = true;\r\n                    leftLink.click();\r\n                }\r\n            }\r\n        }\r\n\r\n        const rightLink = block.querySelector('[class^=\"right-redirect-link-\"]');\r\n        if(rightLink) {\r\n            const linkFormId = parseInt(rightLink.getAttribute('title'));\r\n            if(!isNaN(linkFormId) && formId === linkFormId) {\r\n                if(thankYou) thankYou.classList.remove('d-none');\r\n                const index = rightLink.className.match(\/right-redirect-link-(\\d+)\/)[1];\r\n                if(!window.hasClicked[index]) {\r\n                    window.hasClicked[index] = true;\r\n                    rightLink.click();\r\n                }\r\n            }\r\n        }\r\n\r\n    });\r\n});\r\n<\/script> -->\r\n","protected":false},"excerpt":{"rendered":"","protected":false},"author":3,"featured_media":0,"parent":38829,"menu_order":0,"comment_status":"closed","ping_status":"closed","template":"","meta":{"_acf_changed":true,"_searchwp_excluded":"","footnotes":""},"class_list":["post-38928","page","type-page","status-publish","hentry"],"acf":[],"yoast_head":"<!-- This site is optimized with the Yoast SEO plugin v27.3 - https:\/\/yoast.com\/product\/yoast-seo-wordpress\/ -->\n<title>Comunicaciones y Redes de Defensa Seguras | Hughes<\/title>\n<meta name=\"description\" content=\"Hughes proporciona comunicaciones seguras y resilientes SATCOM militares innovadoras e interoperables. Colaboramos con la comunidad de defensa para dise\u00f1ar soluciones personalizadas que garanticen conectividad segura en cualquier lugar y en cualquier momento.\" \/>\n<meta name=\"robots\" content=\"index, follow, max-snippet:-1, max-image-preview:large, max-video-preview:-1\" \/>\n<link rel=\"canonical\" href=\"https:\/\/www.hughes.com\/ec\/soluciones\/comunicaciones-especializadas-de-defensa\" \/>\n<meta property=\"og:locale\" content=\"es_ES\" \/>\n<meta property=\"og:type\" content=\"article\" \/>\n<meta property=\"og:title\" content=\"Comunicaciones y Redes de Defensa Seguras | Hughes\" \/>\n<meta property=\"og:description\" content=\"Hughes proporciona comunicaciones seguras y resilientes SATCOM militares innovadoras e interoperables. Colaboramos con la comunidad de defensa para dise\u00f1ar soluciones personalizadas que garanticen conectividad segura en cualquier lugar y en cualquier momento.\" \/>\n<meta property=\"og:url\" content=\"https:\/\/www.hughes.com\/ec\/soluciones\/comunicaciones-especializadas-de-defensa\" \/>\n<meta property=\"og:site_name\" content=\"Hughes\" \/>\n<meta property=\"article:publisher\" content=\"https:\/\/www.facebook.com\/HughesConnects\/\" \/>\n<meta property=\"article:modified_time\" content=\"2026-02-18T18:36:10+00:00\" \/>\n<meta property=\"og:image\" content=\"https:\/\/www.hughes.com\/wp-content\/uploads\/2026\/02\/HughesGlobalOpenGraph.jpg\" \/>\n\t<meta property=\"og:image:width\" content=\"1200\" \/>\n\t<meta property=\"og:image:height\" content=\"630\" \/>\n\t<meta property=\"og:image:type\" content=\"image\/jpeg\" \/>\n<meta name=\"twitter:card\" content=\"summary_large_image\" \/>\n<meta name=\"twitter:site\" content=\"@HughesConnects\" \/>\n<script type=\"application\/ld+json\" class=\"yoast-schema-graph\">{\"@context\":\"https:\\\/\\\/schema.org\",\"@graph\":[{\"@type\":\"WebPage\",\"@id\":\"https:\\\/\\\/www.hughes.com\\\/ec\\\/soluciones\\\/comunicaciones-especializadas-de-defensa\",\"url\":\"https:\\\/\\\/www.hughes.com\\\/ec\\\/soluciones\\\/comunicaciones-especializadas-de-defensa\",\"name\":\"Comunicaciones y Redes de Defensa Seguras | Hughes\",\"isPartOf\":{\"@id\":\"https:\\\/\\\/www.hughes.com\\\/ec\\\/#website\"},\"datePublished\":\"2026-02-09T20:24:51+00:00\",\"dateModified\":\"2026-02-18T18:36:10+00:00\",\"description\":\"Hughes proporciona comunicaciones seguras y resilientes SATCOM militares innovadoras e interoperables. Colaboramos con la comunidad de defensa para dise\u00f1ar soluciones personalizadas que garanticen conectividad segura en cualquier lugar y en cualquier momento.\",\"breadcrumb\":{\"@id\":\"https:\\\/\\\/www.hughes.com\\\/ec\\\/soluciones\\\/comunicaciones-especializadas-de-defensa#breadcrumb\"},\"inLanguage\":\"es-EC\",\"potentialAction\":[{\"@type\":\"ReadAction\",\"target\":[\"https:\\\/\\\/www.hughes.com\\\/ec\\\/soluciones\\\/comunicaciones-especializadas-de-defensa\"]}]},{\"@type\":\"BreadcrumbList\",\"@id\":\"https:\\\/\\\/www.hughes.com\\\/ec\\\/soluciones\\\/comunicaciones-especializadas-de-defensa#breadcrumb\",\"itemListElement\":[{\"@type\":\"ListItem\",\"position\":1,\"name\":\"Home\",\"item\":\"https:\\\/\\\/www.hughes.com\\\/ec\"},{\"@type\":\"ListItem\",\"position\":2,\"name\":\"Soluciones\",\"item\":\"https:\\\/\\\/www.hughes.com\\\/ec\\\/soluciones\"},{\"@type\":\"ListItem\",\"position\":3,\"name\":\"Comunicaciones Especializadas de Defensa\"}]},{\"@type\":\"WebSite\",\"@id\":\"https:\\\/\\\/www.hughes.com\\\/ec\\\/#website\",\"url\":\"https:\\\/\\\/www.hughes.com\\\/ec\\\/\",\"name\":\"Hughes\",\"description\":\"\",\"publisher\":{\"@id\":\"https:\\\/\\\/www.hughes.com\\\/ec\\\/#organization\"},\"potentialAction\":[{\"@type\":\"SearchAction\",\"target\":{\"@type\":\"EntryPoint\",\"urlTemplate\":\"https:\\\/\\\/www.hughes.com\\\/ec\\\/?s={search_term_string}\"},\"query-input\":{\"@type\":\"PropertyValueSpecification\",\"valueRequired\":true,\"valueName\":\"search_term_string\"}}],\"inLanguage\":\"es-EC\"},{\"@type\":\"Organization\",\"@id\":\"https:\\\/\\\/www.hughes.com\\\/ec\\\/#organization\",\"name\":\"Hughes\",\"url\":\"https:\\\/\\\/www.hughes.com\\\/ec\\\/\",\"logo\":{\"@type\":\"ImageObject\",\"inLanguage\":\"es-EC\",\"@id\":\"https:\\\/\\\/www.hughes.com\\\/ec\\\/#\\\/schema\\\/logo\\\/image\\\/\",\"url\":\"https:\\\/\\\/www.hughes.com\\\/wp-content\\\/uploads\\\/2026\\\/02\\\/HughesEchoStar_Logo.png\",\"contentUrl\":\"https:\\\/\\\/www.hughes.com\\\/wp-content\\\/uploads\\\/2026\\\/02\\\/HughesEchoStar_Logo.png\",\"width\":593,\"height\":213,\"caption\":\"Hughes\"},\"image\":{\"@id\":\"https:\\\/\\\/www.hughes.com\\\/ec\\\/#\\\/schema\\\/logo\\\/image\\\/\"},\"sameAs\":[\"https:\\\/\\\/www.facebook.com\\\/HughesConnects\\\/\",\"https:\\\/\\\/x.com\\\/HughesConnects\",\"https:\\\/\\\/www.youtube.com\\\/user\\\/HughesTV\\\/videos\",\"https:\\\/\\\/www.linkedin.com\\\/company\\\/3569\\\/admin\\\/dashboard\\\/\"]}]}<\/script>\n<!-- \/ Yoast SEO plugin. -->","yoast_head_json":{"title":"Comunicaciones y Redes de Defensa Seguras | Hughes","description":"Hughes proporciona comunicaciones seguras y resilientes SATCOM militares innovadoras e interoperables. Colaboramos con la comunidad de defensa para dise\u00f1ar soluciones personalizadas que garanticen conectividad segura en cualquier lugar y en cualquier momento.","robots":{"index":"index","follow":"follow","max-snippet":"max-snippet:-1","max-image-preview":"max-image-preview:large","max-video-preview":"max-video-preview:-1"},"canonical":"https:\/\/www.hughes.com\/ec\/soluciones\/comunicaciones-especializadas-de-defensa","og_locale":"es_ES","og_type":"article","og_title":"Comunicaciones y Redes de Defensa Seguras | Hughes","og_description":"Hughes proporciona comunicaciones seguras y resilientes SATCOM militares innovadoras e interoperables. Colaboramos con la comunidad de defensa para dise\u00f1ar soluciones personalizadas que garanticen conectividad segura en cualquier lugar y en cualquier momento.","og_url":"https:\/\/www.hughes.com\/ec\/soluciones\/comunicaciones-especializadas-de-defensa","og_site_name":"Hughes","article_publisher":"https:\/\/www.facebook.com\/HughesConnects\/","article_modified_time":"2026-02-18T18:36:10+00:00","og_image":[{"width":1200,"height":630,"url":"https:\/\/www.hughes.com\/wp-content\/uploads\/2026\/02\/HughesGlobalOpenGraph.jpg","type":"image\/jpeg"}],"twitter_card":"summary_large_image","twitter_site":"@HughesConnects","schema":{"@context":"https:\/\/schema.org","@graph":[{"@type":"WebPage","@id":"https:\/\/www.hughes.com\/ec\/soluciones\/comunicaciones-especializadas-de-defensa","url":"https:\/\/www.hughes.com\/ec\/soluciones\/comunicaciones-especializadas-de-defensa","name":"Comunicaciones y Redes de Defensa Seguras | Hughes","isPartOf":{"@id":"https:\/\/www.hughes.com\/ec\/#website"},"datePublished":"2026-02-09T20:24:51+00:00","dateModified":"2026-02-18T18:36:10+00:00","description":"Hughes proporciona comunicaciones seguras y resilientes SATCOM militares innovadoras e interoperables. Colaboramos con la comunidad de defensa para dise\u00f1ar soluciones personalizadas que garanticen conectividad segura en cualquier lugar y en cualquier momento.","breadcrumb":{"@id":"https:\/\/www.hughes.com\/ec\/soluciones\/comunicaciones-especializadas-de-defensa#breadcrumb"},"inLanguage":"es-EC","potentialAction":[{"@type":"ReadAction","target":["https:\/\/www.hughes.com\/ec\/soluciones\/comunicaciones-especializadas-de-defensa"]}]},{"@type":"BreadcrumbList","@id":"https:\/\/www.hughes.com\/ec\/soluciones\/comunicaciones-especializadas-de-defensa#breadcrumb","itemListElement":[{"@type":"ListItem","position":1,"name":"Home","item":"https:\/\/www.hughes.com\/ec"},{"@type":"ListItem","position":2,"name":"Soluciones","item":"https:\/\/www.hughes.com\/ec\/soluciones"},{"@type":"ListItem","position":3,"name":"Comunicaciones Especializadas de Defensa"}]},{"@type":"WebSite","@id":"https:\/\/www.hughes.com\/ec\/#website","url":"https:\/\/www.hughes.com\/ec\/","name":"Hughes","description":"","publisher":{"@id":"https:\/\/www.hughes.com\/ec\/#organization"},"potentialAction":[{"@type":"SearchAction","target":{"@type":"EntryPoint","urlTemplate":"https:\/\/www.hughes.com\/ec\/?s={search_term_string}"},"query-input":{"@type":"PropertyValueSpecification","valueRequired":true,"valueName":"search_term_string"}}],"inLanguage":"es-EC"},{"@type":"Organization","@id":"https:\/\/www.hughes.com\/ec\/#organization","name":"Hughes","url":"https:\/\/www.hughes.com\/ec\/","logo":{"@type":"ImageObject","inLanguage":"es-EC","@id":"https:\/\/www.hughes.com\/ec\/#\/schema\/logo\/image\/","url":"https:\/\/www.hughes.com\/wp-content\/uploads\/2026\/02\/HughesEchoStar_Logo.png","contentUrl":"https:\/\/www.hughes.com\/wp-content\/uploads\/2026\/02\/HughesEchoStar_Logo.png","width":593,"height":213,"caption":"Hughes"},"image":{"@id":"https:\/\/www.hughes.com\/ec\/#\/schema\/logo\/image\/"},"sameAs":["https:\/\/www.facebook.com\/HughesConnects\/","https:\/\/x.com\/HughesConnects","https:\/\/www.youtube.com\/user\/HughesTV\/videos","https:\/\/www.linkedin.com\/company\/3569\/admin\/dashboard\/"]}]}},"_links":{"self":[{"href":"https:\/\/www.hughes.com\/ec\/wp-json\/wp\/v2\/pages\/38928","targetHints":{"allow":["GET"]}}],"collection":[{"href":"https:\/\/www.hughes.com\/ec\/wp-json\/wp\/v2\/pages"}],"about":[{"href":"https:\/\/www.hughes.com\/ec\/wp-json\/wp\/v2\/types\/page"}],"author":[{"embeddable":true,"href":"https:\/\/www.hughes.com\/ec\/wp-json\/wp\/v2\/users\/3"}],"replies":[{"embeddable":true,"href":"https:\/\/www.hughes.com\/ec\/wp-json\/wp\/v2\/comments?post=38928"}],"version-history":[{"count":0,"href":"https:\/\/www.hughes.com\/ec\/wp-json\/wp\/v2\/pages\/38928\/revisions"}],"up":[{"embeddable":true,"href":"https:\/\/www.hughes.com\/ec\/wp-json\/wp\/v2\/pages\/38829"}],"wp:attachment":[{"href":"https:\/\/www.hughes.com\/ec\/wp-json\/wp\/v2\/media?parent=38928"}],"curies":[{"name":"wp","href":"https:\/\/api.w.org\/{rel}","templated":true}]}}