{"id":40360,"date":"2026-02-10T17:25:51","date_gmt":"2026-02-10T17:25:51","guid":{"rendered":"https:\/\/hughes1stg.wpenginepowered.com\/satellite-vsat-satellite"},"modified":"2026-02-20T19:11:17","modified_gmt":"2026-02-20T19:11:17","slug":"satellite-vsat-satellite","status":"publish","type":"page","link":"https:\/\/www.hughes.com\/de\/technologien\/satellitendienst\/vsat-satellitendienst","title":{"rendered":"VSAT-Satellitendienst"},"content":{"rendered":"<!-- Solution Hero --><section class=\"solution-hero-section\">\r\n    <div class=\"shs-wrapper bg-dark border-radius-bottom-lr\">\r\n        <div class=\"shs-hero\"><div class=\"shs-bg-media\"><img src=\"https:\/\/www.hughes.com\/wp-content\/uploads\/webp\/2026\/02\/hughes_web_banner_31.webp\" srcset=\"https:\/\/www.hughes.com\/wp-content\/uploads\/webp\/2026\/02\/hughes_web_banner_31-300x113.webp 300w, https:\/\/www.hughes.com\/wp-content\/uploads\/webp\/2026\/02\/hughes_web_banner_31-1024x384.webp 1024w, https:\/\/www.hughes.com\/wp-content\/uploads\/webp\/2026\/02\/hughes_web_banner_31-150x150.webp 150w, https:\/\/www.hughes.com\/wp-content\/uploads\/webp\/2026\/02\/hughes_web_banner_31-768x288.webp 768w, https:\/\/www.hughes.com\/wp-content\/uploads\/webp\/2026\/02\/hughes_web_banner_31-1536x576.webp 1536w, https:\/\/www.hughes.com\/wp-content\/uploads\/webp\/2026\/02\/hughes_web_banner_31.webp 1600w\" sizes=\"(max-width: 1600px) 100vw, 1600px\" alt=\"VSAT banner\" class=\"\" loading=\"eager\" decoding=\"async\" width=\"1600\" height=\"600\" fetchpriority=\"high\"><\/div><div class=\"container\">\r\n                <div class=\"shs-hero-content\"><div class=\"breadcrumbs\"><span property=\"itemListElement\" typeof=\"ListItem\"><a property=\"item\" typeof=\"WebPage\" title=\"Go to Home.\" href=\"https:\/\/www.hughes.com\/de\" class=\"home\" aria-current=\"page\"><span property=\"name\">Home<\/span><\/a><meta property=\"position\" content=\"1\"><\/span><\/div><h1 class=\"h1 title\">VSAT-Satellitendienst<\/h1><\/div>\r\n            <\/div><\/div><div class=\"shs-overview\">\r\n                <div class=\"container\">\r\n                    <div class=\"shs-overview-content row\"><div class=\"introduction -lg cell-12\"><p>W\u00e4hrend die Nachfrage nach Breitbandanschl\u00fcssen weltweit ungebremst steigt, ist die Verf\u00fcgbarkeit \u00fcber terrestrische und mobile Netzwerke in bestimmten Gebieten weiterhin begrenzt. Dabei kann es sich um l\u00e4ndliche, abgelegene oder geografisch schwierige Standorte handeln, manche k\u00f6nnen aber auch n\u00e4her an st\u00e4dtischen Gebieten liegen, als Sie vielleicht denken. Selbst an Orten, an denen Anschl\u00fcsse verf\u00fcgbar sind, k\u00f6nnen die Vorlaufzeiten f\u00fcr terrestrische Verbindungen zu lang und die Mobilfunkverbindungen unzuverl\u00e4ssig oder \u00fcberlastet sein. Hughes Europe bietet einen VSAT-Satellitendienst an, der diese geografische Reichweite bietet und die Verbindung zu jedem beliebigen Standort erm\u00f6glicht.<\/p>\n<\/div><div class=\"left-column -lg cell-md-6\"><p>Als weltweit f\u00fchrender Anbieter von Breitband-Satellitendiensten, -Produkten und verwalteten Netzwerkl\u00f6sungen ist Hughes ideal positioniert, um die Antwort entweder als komplettes, eigenst\u00e4ndiges Netzwerk oder in Kombination mit unseren anderen Zugangstechnologien zu liefern und so eine fl\u00e4chendeckende, physisch heterogene L\u00f6sung in ganz Europa bereitzustellen.<\/p>\n<p>Hughes hat Zugang zu mehreren Ku- und Ka-Band-Satelliten in Europa, die unsere eigene HX- oder JUPITER-Technologie nutzen, um maximale Flexibilit\u00e4t zu gew\u00e4hrleisten. Die Hughes-Technologie wird von vielen Satellitendienstanbietern auf der ganzen Welt genutzt, sodass es immer eine Serviceoption und einen Partner gibt, der Ihre Bed\u00fcrfnisse und Anforderungen erf\u00fcllt.<\/p>\n<\/div><div class=\"right-column -lg cell-md-6\"><p>Durch die Verf\u00fcgbarkeit neuer Satelliten mit hoher Bandbreite in Europa hat sich die Wirtschaftlichkeit von Satellitenverbindungen drastisch ver\u00e4ndert. Sprechen Sie noch heute mit uns dar\u00fcber, wie wir Sie bei der L\u00f6sung Ihrer Konnektivit\u00e4tsprobleme unterst\u00fctzen k\u00f6nnen.<\/p>\n<p>Unsere Satelliten-Kommunikationsverbindung verl\u00e4uft vom VSAT zum Network Operations Centre (NOC). Vom NOC aus stellen wir eine Verbindung zum Internet f\u00fcr Webverkehr und VPNs her, aber f\u00fcr Gesch\u00e4ftsanwendungen haben wir auch die M\u00f6glichkeit, eine direkte Verbindung zum Unternehmen (Zentrale oder Rechenzentrum) herzustellen.<\/p>\n<\/div><\/div>\r\n                <\/div>\r\n            <\/div><\/div>\r\n<\/section>\n\n<!-- Text Block --><section class=\"wysiwyg-component space-md-m\">\n        <div class=\"container\">\n            <div class=\"wc-wrap\"><div class=\"wc-decs bullet-styled\"><h5>Mit unserer Breitband-Satellitentechnologie k\u00f6nnen Sie:<\/h5>\n<ul>\n<li>Alle Ihre verteilten Standorte bedienen (lediglich der S\u00fcdhimmel muss zu sehen sein)<\/li>\n<li>Unternehmensnetzwerke* mit reiner Satelliten- oder hybrider Satelliten-, Mobilfunk- und Festnetztechnologie entweder f\u00fcr komplett neue Netzwerke oder zum Schlie\u00dfen von L\u00fccken in bestehender Infrastruktur einrichten<\/li>\n<li>Eine physisch heterogene Backup-Route f\u00fcr Ihr bestehendes Netzwerk betreiben<\/li>\n<li>Neue Standorte\/Zweigstellen in k\u00fcrzester Zeit einrichten (die Satellitenverbindung ist permanent verf\u00fcgbar, sodass nur die Installation einer VSAT-Au\u00dfenanlage** und eines Innenmodems erforderlich ist)<\/li>\n<li>Standorte rasch verlegen und durch die Wiederverwendung vorhandener Ausr\u00fcstung Geld sparen<\/li>\n<li>Ihr Integrationsrisiko durch die Zusammenarbeit mit einem einzigen Partner \u00fcber mehrere Gebiete und Technologien hinweg senken<\/li>\n<li>Schnell neue Bandbreite zu bestehenden Netzwerkverbindungen hinzuf\u00fcgen<\/li>\n<li>Kosteng\u00fcnstige L\u00f6sungen f\u00fcr kurzfristige Anforderungen bereitstellen, entweder f\u00fcr vor\u00fcbergehende Installationen oder w\u00e4hrend des Wartens auf die Verf\u00fcgbarkeit von terrestrischen Verbindungen<\/li>\n<li>Ihr Netzwerk in ganz Europa entweder \u00fcber einen einzelnen Ku-Satellitenstrahl oder mehrere Ka-Strahlen ausdehnen<\/li>\n<\/ul>\n<\/div><\/div>\n        <\/div>\n    <\/section>\n\n<!-- Multi-Column Cards --><section class=\"multi-column-cards-section space-lg-m\">\r\n    <div class=\"container\"><div class=\"mccs-wrap rows\"><div class=\"mccs-row row\"><div class=\"mccs-col cell-sm-6\">\r\n                                <div class=\"mccs-card\"><div class=\"card-top\"><a class=\"card-media -link\" href=\"\/uk\/technologies\/broadband-satellite-systems\/hn-systems\/hn7000s\" target=\"_self\" title=\"Download the Report\" rel=\"nofollow\"><img src=\"https:\/\/www.hughes.com\/wp-content\/uploads\/webp\/2026\/02\/card-image_comsys-VSAT-report.webp\" srcset=\"https:\/\/www.hughes.com\/wp-content\/uploads\/webp\/2026\/02\/card-image_comsys-VSAT-report-300x169.webp 300w, https:\/\/www.hughes.com\/wp-content\/uploads\/webp\/2026\/02\/card-image_comsys-VSAT-report-150x150.webp 150w, https:\/\/www.hughes.com\/wp-content\/uploads\/webp\/2026\/02\/card-image_comsys-VSAT-report.webp 354w\" sizes=\"(max-width: 354px) 100vw, 354px\" alt=\"comsys\u00a0VSAT report\" class=\"\" loading=\"lazy\" decoding=\"async\" width=\"354\" height=\"199\"><\/a><\/div><a class=\"card-bottom -link\" href=\"\/uk\/technologies\/broadband-satellite-systems\/hn-systems\/hn7000s\" target=\"_self\" title=\"Download the Report\" rel=\"nofollow\"><div class=\"card-content\"><h3 class=\"h6 title\">The Comsys VSAT Report, 14th Edition<\/h3><div class=\"desc\"><p>\u201cVSAT is Hughes and, in many ways, Hughes is VSAT. The company lives and breathes the technology at all levels from chipsets to installation&#8230;\u201d Read more in the report.<\/p>\n<\/div><\/div><div class=\"btn-wrap\"><span class=\"btn-link -lg\">Download the Report<\/span><\/div><\/a><\/div>\r\n                            <\/div><div class=\"mccs-col cell-sm-6\">\r\n                                <div class=\"mccs-card\"><div class=\"card-top\"><a class=\"card-media -link\" href=\"\/uk\/collateral-library\/cellular-backhaul-over-satellite-democratic-republic-congo\" target=\"_self\" title=\"Read the Case Study\" rel=\"nofollow\"><img src=\"https:\/\/www.hughes.com\/wp-content\/uploads\/webp\/2026\/02\/card-image_congo-case-study.webp\" srcset=\"https:\/\/www.hughes.com\/wp-content\/uploads\/webp\/2026\/02\/card-image_congo-case-study-300x169.webp 300w, https:\/\/www.hughes.com\/wp-content\/uploads\/webp\/2026\/02\/card-image_congo-case-study-150x150.webp 150w, https:\/\/www.hughes.com\/wp-content\/uploads\/webp\/2026\/02\/card-image_congo-case-study.webp 354w\" sizes=\"(max-width: 354px) 100vw, 354px\" alt=\"Congo Case study thumbnail\" class=\"\" loading=\"lazy\" decoding=\"async\" width=\"354\" height=\"199\"><\/a><\/div><a class=\"card-bottom -link\" href=\"\/uk\/collateral-library\/cellular-backhaul-over-satellite-democratic-republic-congo\" target=\"_self\" title=\"Read the Case Study\" rel=\"nofollow\"><div class=\"card-content\"><h3 class=\"h6 title\">Cellular Backhaul over Satellite in Democratic Republic of Congo<\/h3><div class=\"desc\"><p>Large African mobile operator overcomes the hurdles of jagged mountains and muddy roads to provide uninterrupted cellular coverage across a country.<\/p>\n<\/div><\/div><div class=\"btn-wrap\"><span class=\"btn-link -lg\">Read the Case Study<\/span><\/div><\/a><\/div>\r\n                            <\/div><\/div><\/div><\/div>\r\n<\/section>","protected":false},"excerpt":{"rendered":"","protected":false},"author":7,"featured_media":0,"parent":0,"menu_order":0,"comment_status":"closed","ping_status":"closed","template":"","meta":{"_acf_changed":true,"_searchwp_excluded":"","footnotes":""},"class_list":["post-40360","page","type-page","status-publish","hentry"],"acf":[],"yoast_head":"<!-- This site is optimized with the Yoast SEO plugin v27.0 - https:\/\/yoast.com\/product\/yoast-seo-wordpress\/ -->\n<title>VSAT-Satellitendienst | Europe.Hughes.com<\/title>\n<meta name=\"description\" content=\"Als weltweit f\u00fchrender Anbieter von Breitband-Satellitendiensten, Produkten und gemanagten Netzwerkl\u00f6sungen, ist Hughes ideal positioniert, um die Antwort zu liefern.\" \/>\n<meta name=\"robots\" content=\"index, follow, max-snippet:-1, max-image-preview:large, max-video-preview:-1\" \/>\n<link rel=\"canonical\" href=\"https:\/\/www.hughes.com\/de\/technologien\/satellitendienst\/vsat-satellitendienst\" \/>\n<meta property=\"og:locale\" content=\"de_DE\" \/>\n<meta property=\"og:type\" content=\"article\" \/>\n<meta property=\"og:title\" content=\"VSAT-Satellitendienst | Europe.Hughes.com\" \/>\n<meta property=\"og:description\" content=\"Als weltweit f\u00fchrender Anbieter von Breitband-Satellitendiensten, Produkten und gemanagten Netzwerkl\u00f6sungen, ist Hughes ideal positioniert, um die Antwort zu liefern.\" \/>\n<meta property=\"og:url\" content=\"https:\/\/www.hughes.com\/de\/technologien\/satellitendienst\/vsat-satellitendienst\" \/>\n<meta property=\"og:site_name\" content=\"Hughes\" \/>\n<meta property=\"article:publisher\" content=\"https:\/\/www.facebook.com\/HughesConnects\/\" \/>\n<meta property=\"article:modified_time\" content=\"2026-02-20T19:11:17+00:00\" \/>\n<meta property=\"og:image\" content=\"https:\/\/www.hughes.com\/wp-content\/uploads\/2026\/02\/HughesGlobalOpenGraph.jpg\" \/>\n\t<meta property=\"og:image:width\" content=\"1200\" \/>\n\t<meta property=\"og:image:height\" content=\"630\" \/>\n\t<meta property=\"og:image:type\" content=\"image\/jpeg\" \/>\n<meta name=\"twitter:card\" content=\"summary_large_image\" \/>\n<meta name=\"twitter:site\" content=\"@HughesConnects\" \/>\n<script type=\"application\/ld+json\" class=\"yoast-schema-graph\">{\"@context\":\"https:\/\/schema.org\",\"@graph\":[{\"@type\":\"WebPage\",\"@id\":\"https:\/\/www.hughes.com\/de\/technologien\/satellitendienst\/vsat-satellitendienst\",\"url\":\"https:\/\/www.hughes.com\/de\/technologien\/satellitendienst\/vsat-satellitendienst\",\"name\":\"VSAT-Satellitendienst | Europe.Hughes.com\",\"isPartOf\":{\"@id\":\"https:\/\/www.hughes.com\/de\/#website\"},\"datePublished\":\"2026-02-10T17:25:51+00:00\",\"dateModified\":\"2026-02-20T19:11:17+00:00\",\"description\":\"Als weltweit f\u00fchrender Anbieter von Breitband-Satellitendiensten, Produkten und gemanagten Netzwerkl\u00f6sungen, ist Hughes ideal positioniert, um die Antwort zu liefern.\",\"breadcrumb\":{\"@id\":\"https:\/\/www.hughes.com\/de\/technologien\/satellitendienst\/vsat-satellitendienst#breadcrumb\"},\"inLanguage\":\"de-DE\",\"potentialAction\":[{\"@type\":\"ReadAction\",\"target\":[\"https:\/\/www.hughes.com\/de\/technologien\/satellitendienst\/vsat-satellitendienst\"]}]},{\"@type\":\"BreadcrumbList\",\"@id\":\"https:\/\/www.hughes.com\/de\/technologien\/satellitendienst\/vsat-satellitendienst#breadcrumb\",\"itemListElement\":[{\"@type\":\"ListItem\",\"position\":1,\"name\":\"Home\",\"item\":\"https:\/\/www.hughes.com\/de\"},{\"@type\":\"ListItem\",\"position\":2,\"name\":\"VSAT-Satellitendienst\"}]},{\"@type\":\"WebSite\",\"@id\":\"https:\/\/www.hughes.com\/de\/#website\",\"url\":\"https:\/\/www.hughes.com\/de\/\",\"name\":\"Hughes\",\"description\":\"\",\"publisher\":{\"@id\":\"https:\/\/www.hughes.com\/de\/#organization\"},\"potentialAction\":[{\"@type\":\"SearchAction\",\"target\":{\"@type\":\"EntryPoint\",\"urlTemplate\":\"https:\/\/www.hughes.com\/de\/?s={search_term_string}\"},\"query-input\":{\"@type\":\"PropertyValueSpecification\",\"valueRequired\":true,\"valueName\":\"search_term_string\"}}],\"inLanguage\":\"de-DE\"},{\"@type\":\"Organization\",\"@id\":\"https:\/\/www.hughes.com\/de\/#organization\",\"name\":\"Hughes\",\"url\":\"https:\/\/www.hughes.com\/de\/\",\"logo\":{\"@type\":\"ImageObject\",\"inLanguage\":\"de-DE\",\"@id\":\"https:\/\/www.hughes.com\/de\/#\/schema\/logo\/image\/\",\"url\":\"https:\/\/www.hughes.com\/wp-content\/uploads\/2026\/02\/HughesEchoStar_Logo.png\",\"contentUrl\":\"https:\/\/www.hughes.com\/wp-content\/uploads\/2026\/02\/HughesEchoStar_Logo.png\",\"width\":593,\"height\":213,\"caption\":\"Hughes\"},\"image\":{\"@id\":\"https:\/\/www.hughes.com\/de\/#\/schema\/logo\/image\/\"},\"sameAs\":[\"https:\/\/www.facebook.com\/HughesConnects\/\",\"https:\/\/x.com\/HughesConnects\",\"https:\/\/www.youtube.com\/user\/HughesTV\/videos\",\"https:\/\/www.linkedin.com\/company\/3569\/admin\/dashboard\/\"]}]}<\/script>\n<!-- \/ Yoast SEO plugin. -->","yoast_head_json":{"title":"VSAT-Satellitendienst | Europe.Hughes.com","description":"Als weltweit f\u00fchrender Anbieter von Breitband-Satellitendiensten, Produkten und gemanagten Netzwerkl\u00f6sungen, ist Hughes ideal positioniert, um die Antwort zu liefern.","robots":{"index":"index","follow":"follow","max-snippet":"max-snippet:-1","max-image-preview":"max-image-preview:large","max-video-preview":"max-video-preview:-1"},"canonical":"https:\/\/www.hughes.com\/de\/technologien\/satellitendienst\/vsat-satellitendienst","og_locale":"de_DE","og_type":"article","og_title":"VSAT-Satellitendienst | Europe.Hughes.com","og_description":"Als weltweit f\u00fchrender Anbieter von Breitband-Satellitendiensten, Produkten und gemanagten Netzwerkl\u00f6sungen, ist Hughes ideal positioniert, um die Antwort zu liefern.","og_url":"https:\/\/www.hughes.com\/de\/technologien\/satellitendienst\/vsat-satellitendienst","og_site_name":"Hughes","article_publisher":"https:\/\/www.facebook.com\/HughesConnects\/","article_modified_time":"2026-02-20T19:11:17+00:00","og_image":[{"width":1200,"height":630,"url":"https:\/\/www.hughes.com\/wp-content\/uploads\/2026\/02\/HughesGlobalOpenGraph.jpg","type":"image\/jpeg"}],"twitter_card":"summary_large_image","twitter_site":"@HughesConnects","schema":{"@context":"https:\/\/schema.org","@graph":[{"@type":"WebPage","@id":"https:\/\/www.hughes.com\/de\/technologien\/satellitendienst\/vsat-satellitendienst","url":"https:\/\/www.hughes.com\/de\/technologien\/satellitendienst\/vsat-satellitendienst","name":"VSAT-Satellitendienst | Europe.Hughes.com","isPartOf":{"@id":"https:\/\/www.hughes.com\/de\/#website"},"datePublished":"2026-02-10T17:25:51+00:00","dateModified":"2026-02-20T19:11:17+00:00","description":"Als weltweit f\u00fchrender Anbieter von Breitband-Satellitendiensten, Produkten und gemanagten Netzwerkl\u00f6sungen, ist Hughes ideal positioniert, um die Antwort zu liefern.","breadcrumb":{"@id":"https:\/\/www.hughes.com\/de\/technologien\/satellitendienst\/vsat-satellitendienst#breadcrumb"},"inLanguage":"de-DE","potentialAction":[{"@type":"ReadAction","target":["https:\/\/www.hughes.com\/de\/technologien\/satellitendienst\/vsat-satellitendienst"]}]},{"@type":"BreadcrumbList","@id":"https:\/\/www.hughes.com\/de\/technologien\/satellitendienst\/vsat-satellitendienst#breadcrumb","itemListElement":[{"@type":"ListItem","position":1,"name":"Home","item":"https:\/\/www.hughes.com\/de"},{"@type":"ListItem","position":2,"name":"VSAT-Satellitendienst"}]},{"@type":"WebSite","@id":"https:\/\/www.hughes.com\/de\/#website","url":"https:\/\/www.hughes.com\/de\/","name":"Hughes","description":"","publisher":{"@id":"https:\/\/www.hughes.com\/de\/#organization"},"potentialAction":[{"@type":"SearchAction","target":{"@type":"EntryPoint","urlTemplate":"https:\/\/www.hughes.com\/de\/?s={search_term_string}"},"query-input":{"@type":"PropertyValueSpecification","valueRequired":true,"valueName":"search_term_string"}}],"inLanguage":"de-DE"},{"@type":"Organization","@id":"https:\/\/www.hughes.com\/de\/#organization","name":"Hughes","url":"https:\/\/www.hughes.com\/de\/","logo":{"@type":"ImageObject","inLanguage":"de-DE","@id":"https:\/\/www.hughes.com\/de\/#\/schema\/logo\/image\/","url":"https:\/\/www.hughes.com\/wp-content\/uploads\/2026\/02\/HughesEchoStar_Logo.png","contentUrl":"https:\/\/www.hughes.com\/wp-content\/uploads\/2026\/02\/HughesEchoStar_Logo.png","width":593,"height":213,"caption":"Hughes"},"image":{"@id":"https:\/\/www.hughes.com\/de\/#\/schema\/logo\/image\/"},"sameAs":["https:\/\/www.facebook.com\/HughesConnects\/","https:\/\/x.com\/HughesConnects","https:\/\/www.youtube.com\/user\/HughesTV\/videos","https:\/\/www.linkedin.com\/company\/3569\/admin\/dashboard\/"]}]}},"_links":{"self":[{"href":"https:\/\/www.hughes.com\/de\/wp-json\/wp\/v2\/pages\/40360","targetHints":{"allow":["GET"]}}],"collection":[{"href":"https:\/\/www.hughes.com\/de\/wp-json\/wp\/v2\/pages"}],"about":[{"href":"https:\/\/www.hughes.com\/de\/wp-json\/wp\/v2\/types\/page"}],"author":[{"embeddable":true,"href":"https:\/\/www.hughes.com\/de\/wp-json\/wp\/v2\/users\/7"}],"replies":[{"embeddable":true,"href":"https:\/\/www.hughes.com\/de\/wp-json\/wp\/v2\/comments?post=40360"}],"version-history":[{"count":0,"href":"https:\/\/www.hughes.com\/de\/wp-json\/wp\/v2\/pages\/40360\/revisions"}],"wp:attachment":[{"href":"https:\/\/www.hughes.com\/de\/wp-json\/wp\/v2\/media?parent=40360"}],"curies":[{"name":"wp","href":"https:\/\/api.w.org\/{rel}","templated":true}]}}