{"id":40351,"date":"2026-02-11T22:20:35","date_gmt":"2026-02-11T22:20:35","guid":{"rendered":"https:\/\/hughes1stg.wpenginepowered.com\/smart-cameras-with-movement-analytics"},"modified":"2026-03-04T18:21:50","modified_gmt":"2026-03-04T18:21:50","slug":"solutions-in-store-technology-smart-stores-smart-cameras-with-movement-analytics","status":"publish","type":"page","link":"https:\/\/www.hughes.com\/de\/solutions\/in-store-technology-smart-stores\/smart-cameras-with-movement-analytics","title":{"rendered":"Intelligente Kameras mit Bewegungsanalyse"},"content":{"rendered":"<!-- Solution Hero --><section class=\"solution-hero-section\">\r\n    <div class=\"shs-wrapper bg-dark border-radius-bottom-lr\">\r\n        <div class=\"shs-hero\"><div class=\"shs-bg-media\"><img src=\"https:\/\/www.hughes.com\/wp-content\/uploads\/2026\/02\/hughes_web_banner_17.jpeg.webp\" srcset=\"https:\/\/www.hughes.com\/wp-content\/uploads\/2026\/02\/hughes_web_banner_17.jpeg.webp 1280w, https:\/\/www.hughes.com\/wp-content\/uploads\/2026\/02\/hughes_web_banner_17.jpeg-300x113.webp 300w, https:\/\/www.hughes.com\/wp-content\/uploads\/2026\/02\/hughes_web_banner_17.jpeg-1024x384.webp 1024w, https:\/\/www.hughes.com\/wp-content\/uploads\/2026\/02\/hughes_web_banner_17.jpeg-768x288.webp 768w\" sizes=\"(max-width: 1280px) 100vw, 1280px\" alt=\"Retail click &amp; collect locker banner\" class=\"\" loading=\"eager\" decoding=\"async\" width=\"1280\" height=\"480\" fetchpriority=\"high\"><\/div><div class=\"container\">\r\n                <div class=\"shs-hero-content\"><h1 class=\"h1 title\">Intelligente Kameras mit Bewegungsanalyse<\/h1><\/div>\r\n            <\/div><\/div><div class=\"shs-overview\">\r\n                <div class=\"container\">\r\n                    <div class=\"shs-overview-content row\"><div class=\"introduction -lg cell-12\"><h4><strong>Intelligente Kameras mit Bewegungsanalyse im Einzelhandel erm\u00f6glichen es Ihnen, Einblicke in Trends im Kundenverhalten zu gewinnen, w\u00e4hrend Sie sich physisch in Ihren Gesch\u00e4ften aufhalten. So erhalten Sie unsch\u00e4tzbare Informationen, die Ihnen bei der Ladengestaltung, dem Merchandising und dem Abbau von Warteschlangen helfen &#8211; um nur einige Vorteile zu nennen.<\/strong><\/h4>\n<\/div><\/div>\r\n                <\/div>\r\n            <\/div><\/div>\r\n<\/section>\n\n<!-- Two-Column Content --><section class=\"two-column-content-section space-lg-m\">\r\n        <div class=\"container\"><div class=\"tccs-row row\"><div class=\"tccs-row-left cell-md-6\"><div class=\"tccs-video-block\"><a href=\"https:\/\/vimeo.com\/801541986\" class=\"inline-media tccs-media\" data-fancybox  aria-label=\"Play video\"><img sizes=\"(max-width: 1499px) 100vw, 1499px\" srcset=\"https:\/\/www.hughes.com\/wp-content\/uploads\/webp\/2026\/02\/Video-thumbnail-300x158.webp 300w, https:\/\/www.hughes.com\/wp-content\/uploads\/webp\/2026\/02\/Video-thumbnail-1024x540.webp 1024w, https:\/\/www.hughes.com\/wp-content\/uploads\/webp\/2026\/02\/Video-thumbnail-150x150.webp 150w, https:\/\/www.hughes.com\/wp-content\/uploads\/webp\/2026\/02\/Video-thumbnail-768x405.webp 768w, https:\/\/www.hughes.com\/wp-content\/uploads\/webp\/2026\/02\/Video-thumbnail.webp 1499w\" decoding=\"async\" src=\"https:\/\/www.hughes.com\/wp-content\/uploads\/webp\/2026\/02\/Video-thumbnail.webp\" alt=\"Smart cameras from Hughes Europe\" class=\"\" loading=\"lazy\" width=\"1499\" height=\"791\"><i class=\"btn-play\"><\/i><\/a><\/div><\/div><div class=\"tccs-row-right cell-md-6\"><div class=\"tccs-text-block bullet-styled\"><h2>Intelligente Kameras von Hughes Europe k\u00f6nnen Ihnen helfen, die Antworten zu finden<\/h2>\n<p>Heben Sie den Einblick in Ihre Gesch\u00e4fte auf eine ganz neue Ebene mit verbesserter Echtzeit-Gesch\u00e4ftsintelligenz. Bieten Sie ein Kundenerlebnis, das den durchschnittlichen Warenkorbwert und die Wiederkaufsrate erh\u00f6ht.<\/p>\n<p>Smart Cameras von Hughes Europe lassen sich einfach und flexibel an verteilten Standorten installieren und vollst\u00e4ndig \u00fcber die Cloud steuern, sodass Sie die Aktivit\u00e4ten vor Ort oder an mehreren Standorten gleichzeitig von einer zentralen Stelle aus beobachten k\u00f6nnen.<\/p>\n<\/div><\/div><\/div><\/div>\r\n    <\/section>\n\n<!-- Two-Column Content --><section class=\"two-column-content-section space-lg-m\">\r\n        <div class=\"container\"><div class=\"tccs-row row\"><div class=\"tccs-row-left cell-md-6\"><div class=\"tccs-text-block bullet-styled\"><p>Auf betrieblicher Ebene k\u00f6nnen die Daten der Kameras dazu verwendet werden, das Verkaufspersonal vor einem drohenden R\u00fcckstau an den Kassen zu warnen und die \u00d6ffnung zus\u00e4tzlicher Kassen auszul\u00f6sen.<\/p>\n<p>Die gesamte gesammelte Intelligenz ist in einem erfrischend einfachen Paket verf\u00fcgbar, das zentral gesteuert werden kann.<\/p>\n<p>Dank des intuitiven, browserbasierten Dashboards und der Zugriffsrollen k\u00f6nnen sich Ihre Benutzer schnell zurechtfinden und von den Business-Intelligence-Funktionen profitieren, ohne stundenlang geschult werden zu m\u00fcssen.<\/p>\n<p>Die Smart Camera Familie bringt Einfachheit und Intelligenz in die Welt der Sicherheitskameras.<\/p>\n<p>Jedes Modell verf\u00fcgt \u00fcber einen leistungsstarken Prozessor, wie er auch in vielen modernen Smartphones zu finden ist, und eine innovative Architektur, die sowohl die physische Infrastruktur als auch die Softwareanforderungen minimiert.<\/p>\n<\/div><\/div><div class=\"tccs-row-right cell-md-6\"><div class=\"tccs-image-block\">\r\n                                        <div class=\"tccs-image\"><img src=\"https:\/\/www.hughes.com\/wp-content\/uploads\/2026\/02\/Solutions_SmartStore_Digital-Media_01.png.webp\" srcset=\"https:\/\/www.hughes.com\/wp-content\/uploads\/2026\/02\/Solutions_SmartStore_Digital-Media_01.png.webp 500w, https:\/\/www.hughes.com\/wp-content\/uploads\/2026\/02\/Solutions_SmartStore_Digital-Media_01.png-300x270.webp 300w\" sizes=\"auto, (max-width: 500px) 100vw, 500px\" alt=\"Solutions_SmartStore_Digital-Media\" class=\"\" loading=\"lazy\" decoding=\"async\" width=\"500\" height=\"450\"><\/div>\r\n                                    <\/div><\/div><\/div><\/div>\r\n    <\/section>\n\n<!-- Full-Width CTA --><section class=\"full-width-cta-section border-radius-top-lr center bg-dark\">\r\n        <div class=\"container\">\r\n            <div class=\"fwc-row row align-items-center\"><div class=\"fwc-left cell-12\">\r\n                        <div class=\"fwc-content\"><h2 class=\"fwc-title\">Lesen Sie mehr \u00fcber unsere Smart Cameras<\/h2><div class=\"btn-wrap\"><a class=\"btn\" href=\"https:\/\/www.hughes.com\/wp-content\/uploads\/2026\/01\/Smart-Cameras-LinkedIn-Carousel-\u2013-1-1-1.pdf\" target=\"_blank\" rel=\"noopener noreferrer\" aria-label=\"PDF hier herunterladen\" >PDF hier herunterladen<\/a><\/div><\/div><\/div><\/div>\r\n        <\/div>\r\n    <\/section>\n\n<!-- Two-Column Content --><section class=\"two-column-content-section space-lg-m\">\r\n        <div class=\"container\"><div class=\"tccs-row row\"><div class=\"tccs-row-left cell-md-6\"><div class=\"tccs-image-block\">\r\n                                        <div class=\"tccs-image\"><img src=\"https:\/\/www.hughes.com\/wp-content\/uploads\/2026\/02\/Solutions_Networks_Managed_SmartStore_dynamic_direction_with_digital_signage.png.webp\" srcset=\"https:\/\/www.hughes.com\/wp-content\/uploads\/2026\/02\/Solutions_Networks_Managed_SmartStore_dynamic_direction_with_digital_signage.png.webp 500w, https:\/\/www.hughes.com\/wp-content\/uploads\/2026\/02\/Solutions_Networks_Managed_SmartStore_dynamic_direction_with_digital_signage.png-300x270.webp 300w\" sizes=\"auto, (max-width: 500px) 100vw, 500px\" alt=\"Solutions_Networks_Managed_SmartStore_dynamic_direction_with_digital_signage\" class=\"\" loading=\"lazy\" decoding=\"async\" width=\"500\" height=\"450\"><\/div>\r\n                                    <\/div><\/div><div class=\"tccs-row-right cell-md-6\"><div class=\"tccs-text-block bullet-styled\"><h2>Verbesserte Sicht f\u00fcr mehr Einblick<\/h2>\n<p>Analysetools wie Bewegungssuche, Bewegungszusammenfassung und Bewegungs-Heatmaps sowie Objekterkennung mit Personenz\u00e4hlung werden in der Cloud ausgef\u00fchrt, ohne dass zus\u00e4tzliche Hardware erforderlich ist. Diese Funktionen bieten eine leistungsstarke Unterst\u00fctzung bei der Rationalisierung Ihrer Gesch\u00e4ftsabl\u00e4ufe durch ein besseres Verst\u00e4ndnis der Verhaltensmuster von Kunden und Mitarbeitern.<\/p>\n<p>Sie k\u00f6nnen anomale oder ungew\u00f6hnliche Ereignisse schnell aufschl\u00fcsseln, um die spezifischen Ursachen noch besser zu verstehen.<\/p>\n<p>Sie werden erstaunt sein, wie viele Informationen diese Smart Cameras mit Bewegungsanalyse \u00fcber Ihre Kunden liefern: Altersverteilung, Geschlechterverteilung, Verweildauer und sogar die Emotionen, die sie empfinden, w\u00e4hrend sie sich in Ihrem Gesch\u00e4ft bewegen! Software mit k\u00fcnstlicher Intelligenz \u00fcberwacht Gesichtsausdr\u00fccke und wendet Stimmungsanalysen an, um die emotionalen Reaktionen auf die Auslagen zu bewerten &#8211; waren die Kunden fasziniert? Am\u00fcsiert? Aufgeregt? Und all diese Informationen werden anonym erfasst und sind somit vollst\u00e4ndig GDPR-konform.<\/p>\n<p>In Verbindung mit Hughes Managed Wi-Fi und Wi-Fi Analytics erhalten Sie noch mehr n\u00fctzliche Einblicke.<\/p>\n<\/div><\/div><\/div><\/div>\r\n    <\/section>\n\n<!-- Two-Column Content --><section class=\"two-column-content-section space-lg-m\">\r\n        <div class=\"container\"><div class=\"tccs-row row\"><div class=\"tccs-row-left cell-md-6\"><div class=\"tccs-text-block bullet-styled\"><h2>Beispiele f\u00fcr Einblicke in die intelligente Kameratechnologie<\/h2>\n<ul>\n<li>Wie bewegen sich die Kunden im Gesch\u00e4ft?<\/li>\n<li>In welchen Bereichen verbringen sie die meiste Zeit?<\/li>\n<li>Welches sind die verkehrsreichsten Stunden?<\/li>\n<li>Wann sind die Warteschlangen am l\u00e4ngsten?<\/li>\n<li>Was erfreut die Kunden?<\/li>\n<li>Womit sind sie weniger zufrieden?<\/li>\n<\/ul>\n<\/div><\/div><div class=\"tccs-row-right cell-md-6\"><div class=\"tccs-image-block\">\r\n                                        <div class=\"tccs-image\"><img src=\"https:\/\/www.hughes.com\/wp-content\/uploads\/2026\/02\/Solutions_Networks_Managed-SmartStore_transform_the_instore_experience.png.webp\" srcset=\"https:\/\/www.hughes.com\/wp-content\/uploads\/2026\/02\/Solutions_Networks_Managed-SmartStore_transform_the_instore_experience.png.webp 500w, https:\/\/www.hughes.com\/wp-content\/uploads\/2026\/02\/Solutions_Networks_Managed-SmartStore_transform_the_instore_experience.png-300x270.webp 300w\" sizes=\"auto, (max-width: 500px) 100vw, 500px\" alt=\"Solutions_Networks_Managed-SmartStore_transform_the_instore_experience\" class=\"\" loading=\"lazy\" decoding=\"async\" width=\"500\" height=\"450\"><\/div>\r\n                                    <\/div><\/div><\/div><\/div>\r\n    <\/section>\n\n<!-- Full-Width CTA --><section class=\"full-width-cta-section border-radius-top-lr left bg-dark\">\r\n        <div class=\"container\">\r\n            <div class=\"fwc-row row align-items-center\"><div class=\"fwc-left cell-md-7\">\r\n                        <div class=\"fwc-content\"><h2 class=\"fwc-title\">Lesen Sie unsere SmartStore Brosch\u00fcre<\/h2><\/div><\/div><div class=\"fwc-right cell-md-5\"><div class=\"btn-wrap text-left text-md-right\"><a class=\"btn\" href=\"https:\/\/www.hughes.com\/sites\/europe.hughes.com\/files\/2021-11\/Brochure_SmartStore-Brochure-Final.pdf\" target=\"_blank\" rel=\"noopener noreferrer\" aria-label=\"PDF hier herunterladen\" >PDF hier herunterladen<\/a><\/div><\/div><\/div>\r\n        <\/div>\r\n    <\/section>","protected":false},"excerpt":{"rendered":"","protected":false},"author":8,"featured_media":0,"parent":0,"menu_order":0,"comment_status":"closed","ping_status":"closed","template":"","meta":{"_acf_changed":true,"_searchwp_excluded":"","footnotes":""},"class_list":["post-40351","page","type-page","status-publish","hentry"],"acf":[],"yoast_head":"<!-- This site is optimized with the Yoast SEO plugin v27.3 - https:\/\/yoast.com\/product\/yoast-seo-wordpress\/ -->\n<title>Intelligente Kameras mit Bewegungsanalyse | Hughes<\/title>\n<meta name=\"description\" content=\"Smart Cameras with Movement Analytics in the retail environment enables you to gain insights on trends in customer behaviour while physically present in your stores.\" \/>\n<meta name=\"robots\" content=\"index, follow, max-snippet:-1, max-image-preview:large, max-video-preview:-1\" \/>\n<link rel=\"canonical\" href=\"https:\/\/www.hughes.com\/de\/solutions\/in-store-technology-smart-stores\/smart-cameras-with-movement-analytics\" \/>\n<meta property=\"og:locale\" content=\"de_DE\" \/>\n<meta property=\"og:type\" content=\"article\" \/>\n<meta property=\"og:title\" content=\"Intelligente Kameras mit Bewegungsanalyse | Hughes\" \/>\n<meta property=\"og:description\" content=\"Smart Cameras with Movement Analytics in the retail environment enables you to gain insights on trends in customer behaviour while physically present in your stores.\" \/>\n<meta property=\"og:url\" content=\"https:\/\/www.hughes.com\/de\/solutions\/in-store-technology-smart-stores\/smart-cameras-with-movement-analytics\" \/>\n<meta property=\"og:site_name\" content=\"Hughes\" \/>\n<meta property=\"article:publisher\" content=\"https:\/\/www.facebook.com\/HughesConnects\/\" \/>\n<meta property=\"article:modified_time\" content=\"2026-03-04T18:21:50+00:00\" \/>\n<meta property=\"og:image\" content=\"https:\/\/www.hughes.com\/wp-content\/uploads\/2026\/02\/HughesGlobalOpenGraph.jpg\" \/>\n\t<meta property=\"og:image:width\" content=\"1200\" \/>\n\t<meta property=\"og:image:height\" content=\"630\" \/>\n\t<meta property=\"og:image:type\" content=\"image\/jpeg\" \/>\n<meta name=\"twitter:card\" content=\"summary_large_image\" \/>\n<meta name=\"twitter:site\" content=\"@HughesConnects\" \/>\n<script type=\"application\/ld+json\" class=\"yoast-schema-graph\">{\"@context\":\"https:\\\/\\\/schema.org\",\"@graph\":[{\"@type\":\"WebPage\",\"@id\":\"https:\\\/\\\/www.hughes.com\\\/de\\\/solutions\\\/in-store-technology-smart-stores\\\/smart-cameras-with-movement-analytics\",\"url\":\"https:\\\/\\\/www.hughes.com\\\/de\\\/solutions\\\/in-store-technology-smart-stores\\\/smart-cameras-with-movement-analytics\",\"name\":\"Intelligente Kameras mit Bewegungsanalyse | Hughes\",\"isPartOf\":{\"@id\":\"https:\\\/\\\/www.hughes.com\\\/de\\\/#website\"},\"datePublished\":\"2026-02-11T22:20:35+00:00\",\"dateModified\":\"2026-03-04T18:21:50+00:00\",\"description\":\"Smart Cameras with Movement Analytics in the retail environment enables you to gain insights on trends in customer behaviour while physically present in your stores.\",\"breadcrumb\":{\"@id\":\"https:\\\/\\\/www.hughes.com\\\/de\\\/solutions\\\/in-store-technology-smart-stores\\\/smart-cameras-with-movement-analytics#breadcrumb\"},\"inLanguage\":\"de-DE\",\"potentialAction\":[{\"@type\":\"ReadAction\",\"target\":[\"https:\\\/\\\/www.hughes.com\\\/de\\\/solutions\\\/in-store-technology-smart-stores\\\/smart-cameras-with-movement-analytics\"]}]},{\"@type\":\"BreadcrumbList\",\"@id\":\"https:\\\/\\\/www.hughes.com\\\/de\\\/solutions\\\/in-store-technology-smart-stores\\\/smart-cameras-with-movement-analytics#breadcrumb\",\"itemListElement\":[{\"@type\":\"ListItem\",\"position\":1,\"name\":\"Home\",\"item\":\"https:\\\/\\\/www.hughes.com\\\/de\"},{\"@type\":\"ListItem\",\"position\":2,\"name\":\"Intelligente Kameras mit Bewegungsanalyse\"}]},{\"@type\":\"WebSite\",\"@id\":\"https:\\\/\\\/www.hughes.com\\\/de\\\/#website\",\"url\":\"https:\\\/\\\/www.hughes.com\\\/de\\\/\",\"name\":\"Hughes\",\"description\":\"\",\"publisher\":{\"@id\":\"https:\\\/\\\/www.hughes.com\\\/de\\\/#organization\"},\"potentialAction\":[{\"@type\":\"SearchAction\",\"target\":{\"@type\":\"EntryPoint\",\"urlTemplate\":\"https:\\\/\\\/www.hughes.com\\\/de\\\/?s={search_term_string}\"},\"query-input\":{\"@type\":\"PropertyValueSpecification\",\"valueRequired\":true,\"valueName\":\"search_term_string\"}}],\"inLanguage\":\"de-DE\"},{\"@type\":\"Organization\",\"@id\":\"https:\\\/\\\/www.hughes.com\\\/de\\\/#organization\",\"name\":\"Hughes\",\"url\":\"https:\\\/\\\/www.hughes.com\\\/de\\\/\",\"logo\":{\"@type\":\"ImageObject\",\"inLanguage\":\"de-DE\",\"@id\":\"https:\\\/\\\/www.hughes.com\\\/de\\\/#\\\/schema\\\/logo\\\/image\\\/\",\"url\":\"https:\\\/\\\/www.hughes.com\\\/wp-content\\\/uploads\\\/2026\\\/02\\\/HughesEchoStar_Logo.png\",\"contentUrl\":\"https:\\\/\\\/www.hughes.com\\\/wp-content\\\/uploads\\\/2026\\\/02\\\/HughesEchoStar_Logo.png\",\"width\":593,\"height\":213,\"caption\":\"Hughes\"},\"image\":{\"@id\":\"https:\\\/\\\/www.hughes.com\\\/de\\\/#\\\/schema\\\/logo\\\/image\\\/\"},\"sameAs\":[\"https:\\\/\\\/www.facebook.com\\\/HughesConnects\\\/\",\"https:\\\/\\\/x.com\\\/HughesConnects\",\"https:\\\/\\\/www.youtube.com\\\/user\\\/HughesTV\\\/videos\",\"https:\\\/\\\/www.linkedin.com\\\/company\\\/3569\\\/admin\\\/dashboard\\\/\"]}]}<\/script>\n<!-- \/ Yoast SEO plugin. -->","yoast_head_json":{"title":"Intelligente Kameras mit Bewegungsanalyse | Hughes","description":"Smart Cameras with Movement Analytics in the retail environment enables you to gain insights on trends in customer behaviour while physically present in your stores.","robots":{"index":"index","follow":"follow","max-snippet":"max-snippet:-1","max-image-preview":"max-image-preview:large","max-video-preview":"max-video-preview:-1"},"canonical":"https:\/\/www.hughes.com\/de\/solutions\/in-store-technology-smart-stores\/smart-cameras-with-movement-analytics","og_locale":"de_DE","og_type":"article","og_title":"Intelligente Kameras mit Bewegungsanalyse | Hughes","og_description":"Smart Cameras with Movement Analytics in the retail environment enables you to gain insights on trends in customer behaviour while physically present in your stores.","og_url":"https:\/\/www.hughes.com\/de\/solutions\/in-store-technology-smart-stores\/smart-cameras-with-movement-analytics","og_site_name":"Hughes","article_publisher":"https:\/\/www.facebook.com\/HughesConnects\/","article_modified_time":"2026-03-04T18:21:50+00:00","og_image":[{"width":1200,"height":630,"url":"https:\/\/www.hughes.com\/wp-content\/uploads\/2026\/02\/HughesGlobalOpenGraph.jpg","type":"image\/jpeg"}],"twitter_card":"summary_large_image","twitter_site":"@HughesConnects","schema":{"@context":"https:\/\/schema.org","@graph":[{"@type":"WebPage","@id":"https:\/\/www.hughes.com\/de\/solutions\/in-store-technology-smart-stores\/smart-cameras-with-movement-analytics","url":"https:\/\/www.hughes.com\/de\/solutions\/in-store-technology-smart-stores\/smart-cameras-with-movement-analytics","name":"Intelligente Kameras mit Bewegungsanalyse | Hughes","isPartOf":{"@id":"https:\/\/www.hughes.com\/de\/#website"},"datePublished":"2026-02-11T22:20:35+00:00","dateModified":"2026-03-04T18:21:50+00:00","description":"Smart Cameras with Movement Analytics in the retail environment enables you to gain insights on trends in customer behaviour while physically present in your stores.","breadcrumb":{"@id":"https:\/\/www.hughes.com\/de\/solutions\/in-store-technology-smart-stores\/smart-cameras-with-movement-analytics#breadcrumb"},"inLanguage":"de-DE","potentialAction":[{"@type":"ReadAction","target":["https:\/\/www.hughes.com\/de\/solutions\/in-store-technology-smart-stores\/smart-cameras-with-movement-analytics"]}]},{"@type":"BreadcrumbList","@id":"https:\/\/www.hughes.com\/de\/solutions\/in-store-technology-smart-stores\/smart-cameras-with-movement-analytics#breadcrumb","itemListElement":[{"@type":"ListItem","position":1,"name":"Home","item":"https:\/\/www.hughes.com\/de"},{"@type":"ListItem","position":2,"name":"Intelligente Kameras mit Bewegungsanalyse"}]},{"@type":"WebSite","@id":"https:\/\/www.hughes.com\/de\/#website","url":"https:\/\/www.hughes.com\/de\/","name":"Hughes","description":"","publisher":{"@id":"https:\/\/www.hughes.com\/de\/#organization"},"potentialAction":[{"@type":"SearchAction","target":{"@type":"EntryPoint","urlTemplate":"https:\/\/www.hughes.com\/de\/?s={search_term_string}"},"query-input":{"@type":"PropertyValueSpecification","valueRequired":true,"valueName":"search_term_string"}}],"inLanguage":"de-DE"},{"@type":"Organization","@id":"https:\/\/www.hughes.com\/de\/#organization","name":"Hughes","url":"https:\/\/www.hughes.com\/de\/","logo":{"@type":"ImageObject","inLanguage":"de-DE","@id":"https:\/\/www.hughes.com\/de\/#\/schema\/logo\/image\/","url":"https:\/\/www.hughes.com\/wp-content\/uploads\/2026\/02\/HughesEchoStar_Logo.png","contentUrl":"https:\/\/www.hughes.com\/wp-content\/uploads\/2026\/02\/HughesEchoStar_Logo.png","width":593,"height":213,"caption":"Hughes"},"image":{"@id":"https:\/\/www.hughes.com\/de\/#\/schema\/logo\/image\/"},"sameAs":["https:\/\/www.facebook.com\/HughesConnects\/","https:\/\/x.com\/HughesConnects","https:\/\/www.youtube.com\/user\/HughesTV\/videos","https:\/\/www.linkedin.com\/company\/3569\/admin\/dashboard\/"]}]}},"_links":{"self":[{"href":"https:\/\/www.hughes.com\/de\/wp-json\/wp\/v2\/pages\/40351","targetHints":{"allow":["GET"]}}],"collection":[{"href":"https:\/\/www.hughes.com\/de\/wp-json\/wp\/v2\/pages"}],"about":[{"href":"https:\/\/www.hughes.com\/de\/wp-json\/wp\/v2\/types\/page"}],"author":[{"embeddable":true,"href":"https:\/\/www.hughes.com\/de\/wp-json\/wp\/v2\/users\/8"}],"replies":[{"embeddable":true,"href":"https:\/\/www.hughes.com\/de\/wp-json\/wp\/v2\/comments?post=40351"}],"version-history":[{"count":0,"href":"https:\/\/www.hughes.com\/de\/wp-json\/wp\/v2\/pages\/40351\/revisions"}],"wp:attachment":[{"href":"https:\/\/www.hughes.com\/de\/wp-json\/wp\/v2\/media?parent=40351"}],"curies":[{"name":"wp","href":"https:\/\/api.w.org\/{rel}","templated":true}]}}