{"id":39997,"date":"2026-02-11T19:12:30","date_gmt":"2026-02-11T19:12:30","guid":{"rendered":"https:\/\/hughes1stg.wpenginepowered.com\/network-security-services"},"modified":"2026-02-20T17:35:12","modified_gmt":"2026-02-20T17:35:12","slug":"network-security-services","status":"publish","type":"page","link":"https:\/\/www.hughes.com\/de\/loesungen\/netzwerksicherheitsdienste","title":{"rendered":"Netzwerksicherheitsdienste"},"content":{"rendered":"<!-- Solution Hero --><section class=\"solution-hero-section\">\r\n    <div class=\"shs-wrapper bg-dark border-radius-bottom-lr\">\r\n        <div class=\"shs-hero\"><div class=\"shs-bg-media\"><img src=\"https:\/\/www.hughes.com\/wp-content\/uploads\/2026\/02\/hughes_web_banner_12.jpeg.webp\" srcset=\"https:\/\/www.hughes.com\/wp-content\/uploads\/2026\/02\/hughes_web_banner_12.jpeg.webp 1280w, https:\/\/www.hughes.com\/wp-content\/uploads\/2026\/02\/hughes_web_banner_12.jpeg-300x113.webp 300w, https:\/\/www.hughes.com\/wp-content\/uploads\/2026\/02\/hughes_web_banner_12.jpeg-1024x384.webp 1024w, https:\/\/www.hughes.com\/wp-content\/uploads\/2026\/02\/hughes_web_banner_12.jpeg-768x288.webp 768w\" sizes=\"(max-width: 1280px) 100vw, 1280px\" alt=\"Network Security Services banner\" class=\"\" loading=\"eager\" decoding=\"async\" width=\"1280\" height=\"480\" fetchpriority=\"high\"><\/div><div class=\"container\">\r\n                <div class=\"shs-hero-content\"><h1 class=\"h1 title\">Netzwerksicherheitsdienste<\/h1><\/div>\r\n            <\/div><\/div><div class=\"shs-overview\">\r\n                <div class=\"container\">\r\n                    <div class=\"shs-overview-content row\"><div class=\"introduction -lg cell-12\"><h4><strong>Viele Unternehmen sind Opfer von Cyberangriffen geworden. Eine Sicherheitsverletzung kann zu Kundenverlusten, Produktivit\u00e4tseinbu\u00dfen und Rufsch\u00e4digung f\u00fchren. So kann Hughes Ihnen helfen.<\/strong><\/h4>\n<\/div><div class=\"left-column -lg cell-md-6\"><p>Ganz gleich, ob Sie Daten vor Ort oder in der Cloud speichern, es besteht die Gefahr einer versehentlichen oder b\u00f6swilligen L\u00f6schung, eines Ransomware-Angriffs und weiterer Arten von Datenverlust. Das Ausma\u00df von Cyberangriffen ist erschreckend. Microsoft stoppt jeden Tag 300 Millionen betr\u00fcgerische Anmeldeversuche. T\u00e4glich werden Milliarden von potenziell b\u00f6sartigen E-Mails verschickt. Nur eine davon muss durchs Netz gehen und Sch\u00e4den verursachen, die Sie durch Datenverlust, Ausfallzeiten oder die Konsequenzen von Sicherheitsverst\u00f6\u00dfen ein Verm\u00f6gen kosten k\u00f6nnen. Alle 11 Sekunden wird ein Unternehmen Opfer eines Ransomware-Angriffs.<\/p>\n<\/div><div class=\"right-column -lg cell-md-6\"><p>Kleine und mittlere Unternehmen sind besonders gef\u00e4hrdet. Den meisten fehlt jedoch das Budget f\u00fcr Netzwerksicherheitsdienste oder das interne IT-Fachwissen, um sich zu sch\u00fctzen. Spezialisten f\u00fcr Cybersicherheit sind knapp und sehr gefragt \u2013 und ihre Geh\u00e4lter sind sehr hoch. ;<\/p>\n<p>Die Netzwerksicherheitsdienste von Hughes Network Systems Europe erm\u00f6glichen es Ihnen jetzt, Ihr Unternehmen mit <a href=\"https:\/\/europe.hughes.com\/de\/loesungen\/netzwerksicherheitsdienste\/soc-dienste\">Security Operations Centre (SOC)<\/a> Business Continuity Services und <a href=\"https:\/\/europe.hughes.com\/de\/loesungen\/netzwerksicherheitsdienste\/verwaltete-firewall-dienste\">Managed Firewall Services<\/a> zu sch\u00fctzen.<\/p>\n<\/div><\/div>\r\n                <\/div>\r\n            <\/div><\/div>\r\n<\/section>\n\n<!-- Multi-Column Cards --><section class=\"multi-column-cards-section space-lg-m\">\r\n    <div class=\"container\"><div class=\"mccs-wrap rows\"><div class=\"mccs-row row\"><div class=\"mccs-col cell-sm-6 cell-lg-4\">\r\n                                <div class=\"mccs-card\"><a class=\"card-bottom -link\" href=\"https:\/\/europe.hughes.com\/de\/loesungen\/netzwerksicherheitsdienste\/soc-dienste\" target=\"_self\" title=\"Weitere Informationen\" rel=\"nofollow\"><div class=\"card-content\"><h3 class=\"h6 title\">SOC-Dienste<\/h3><div class=\"desc\"><p>Proaktive \u00dcberwachung zur Erkennung von Bedrohungen<\/p>\n<\/div><\/div><div class=\"btn-wrap\"><span class=\"btn-link -lg\">Weitere Informationen<\/span><\/div><\/a><\/div>\r\n                            <\/div><div class=\"mccs-col cell-sm-6 cell-lg-4\">\r\n                                <div class=\"mccs-card\"><a class=\"card-bottom -link\" href=\"https:\/\/europe.hughes.com\/de\/loesungen\/netzwerksicherheitsdienste\/geschaeftskontinuitaets-dienste\" target=\"_self\" title=\"Weitere Informationen\" rel=\"nofollow\"><div class=\"card-content\"><h3 class=\"h6 title\">Gesch\u00e4ftskontinuit\u00e4t<\/h3><div class=\"desc\"><p>Datensicherung zur Minimierung von Produktivit\u00e4tsverlusten<\/p>\n<\/div><\/div><div class=\"btn-wrap\"><span class=\"btn-link -lg\">Weitere Informationen<\/span><\/div><\/a><\/div>\r\n                            <\/div><div class=\"mccs-col cell-sm-6 cell-lg-4\">\r\n                                <div class=\"mccs-card\"><a class=\"card-bottom -link\" href=\"https:\/\/europe.hughes.com\/de\/loesungen\/netzwerksicherheitsdienste\/verwaltete-firewall-dienste\" target=\"_self\" title=\"Weitere Informationen\" rel=\"nofollow\"><div class=\"card-content\"><h3 class=\"h6 title\">Verwaltete Firewall<\/h3><div class=\"desc\"><p>Erste Verteidigungslinie zum Schutz vor Bedrohungen<\/p>\n<\/div><\/div><div class=\"btn-wrap\"><span class=\"btn-link -lg\">Weitere Informationen<\/span><\/div><\/a><\/div>\r\n                            <\/div><\/div><\/div><\/div>\r\n<\/section>\n\n<!-- Full-Width CTA --><section class=\"full-width-cta-section border-radius-top-lr center bg-dark\">\r\n        <div class=\"container\">\r\n            <div class=\"fwc-row row align-items-center\"><div class=\"fwc-left cell-12\">\r\n                        <div class=\"fwc-content\"><h2 class=\"fwc-title\">Lesen Sie unsere Brosch\u00fcre \u00fcber verwaltete Sicherheitsdienste.<\/h2><div class=\"btn-wrap\"><a class=\"btn\" href=\"https:\/\/www.hughes.com\/sites\/hughes.com\/files\/2021-11\/Brochure_WAN-Security-v2.pdf\" target=\"_blank\" rel=\"noopener noreferrer\" aria-label=\"Hier herunterladen\" >Hier herunterladen<\/a><\/div><\/div><\/div><\/div>\r\n        <\/div>\r\n    <\/section>","protected":false},"excerpt":{"rendered":"","protected":false},"author":8,"featured_media":0,"parent":40349,"menu_order":0,"comment_status":"closed","ping_status":"closed","template":"","meta":{"_acf_changed":true,"_searchwp_excluded":"","footnotes":""},"class_list":["post-39997","page","type-page","status-publish","hentry"],"acf":[],"yoast_head":"<!-- This site is optimized with the Yoast SEO plugin v27.3 - https:\/\/yoast.com\/product\/yoast-seo-wordpress\/ -->\n<title>Netzwerksicherheitsdienste | Europe.Hughes.com<\/title>\n<meta name=\"description\" content=\"Hughes Europe erm\u00f6glicht Ihnen jetzt den Schutz Ihres Unternehmens mit Security Operations Centre (SOC) Business Continuity Services und Managed Firewall Services.\" \/>\n<meta name=\"robots\" content=\"index, follow, max-snippet:-1, max-image-preview:large, max-video-preview:-1\" \/>\n<link rel=\"canonical\" href=\"https:\/\/www.hughes.com\/de\/loesungen\/netzwerksicherheitsdienste\" \/>\n<meta property=\"og:locale\" content=\"de_DE\" \/>\n<meta property=\"og:type\" content=\"article\" \/>\n<meta property=\"og:title\" content=\"Netzwerksicherheitsdienste | Europe.Hughes.com\" \/>\n<meta property=\"og:description\" content=\"Hughes Europe erm\u00f6glicht Ihnen jetzt den Schutz Ihres Unternehmens mit Security Operations Centre (SOC) Business Continuity Services und Managed Firewall Services.\" \/>\n<meta property=\"og:url\" content=\"https:\/\/www.hughes.com\/de\/loesungen\/netzwerksicherheitsdienste\" \/>\n<meta property=\"og:site_name\" content=\"Hughes\" \/>\n<meta property=\"article:publisher\" content=\"https:\/\/www.facebook.com\/HughesConnects\/\" \/>\n<meta property=\"article:modified_time\" content=\"2026-02-20T17:35:12+00:00\" \/>\n<meta property=\"og:image\" content=\"https:\/\/www.hughes.com\/wp-content\/uploads\/2026\/02\/HughesGlobalOpenGraph.jpg\" \/>\n\t<meta property=\"og:image:width\" content=\"1200\" \/>\n\t<meta property=\"og:image:height\" content=\"630\" \/>\n\t<meta property=\"og:image:type\" content=\"image\/jpeg\" \/>\n<meta name=\"twitter:card\" content=\"summary_large_image\" \/>\n<meta name=\"twitter:site\" content=\"@HughesConnects\" \/>\n<script type=\"application\/ld+json\" class=\"yoast-schema-graph\">{\"@context\":\"https:\\\/\\\/schema.org\",\"@graph\":[{\"@type\":\"WebPage\",\"@id\":\"https:\\\/\\\/www.hughes.com\\\/de\\\/loesungen\\\/netzwerksicherheitsdienste\",\"url\":\"https:\\\/\\\/www.hughes.com\\\/de\\\/loesungen\\\/netzwerksicherheitsdienste\",\"name\":\"Netzwerksicherheitsdienste | Europe.Hughes.com\",\"isPartOf\":{\"@id\":\"https:\\\/\\\/www.hughes.com\\\/de\\\/#website\"},\"datePublished\":\"2026-02-11T19:12:30+00:00\",\"dateModified\":\"2026-02-20T17:35:12+00:00\",\"description\":\"Hughes Europe erm\u00f6glicht Ihnen jetzt den Schutz Ihres Unternehmens mit Security Operations Centre (SOC) Business Continuity Services und Managed Firewall Services.\",\"breadcrumb\":{\"@id\":\"https:\\\/\\\/www.hughes.com\\\/de\\\/loesungen\\\/netzwerksicherheitsdienste#breadcrumb\"},\"inLanguage\":\"de-DE\",\"potentialAction\":[{\"@type\":\"ReadAction\",\"target\":[\"https:\\\/\\\/www.hughes.com\\\/de\\\/loesungen\\\/netzwerksicherheitsdienste\"]}]},{\"@type\":\"BreadcrumbList\",\"@id\":\"https:\\\/\\\/www.hughes.com\\\/de\\\/loesungen\\\/netzwerksicherheitsdienste#breadcrumb\",\"itemListElement\":[{\"@type\":\"ListItem\",\"position\":1,\"name\":\"Home\",\"item\":\"https:\\\/\\\/www.hughes.com\\\/de\"},{\"@type\":\"ListItem\",\"position\":2,\"name\":\"Netzwerksicherheitsdienste\"}]},{\"@type\":\"WebSite\",\"@id\":\"https:\\\/\\\/www.hughes.com\\\/de\\\/#website\",\"url\":\"https:\\\/\\\/www.hughes.com\\\/de\\\/\",\"name\":\"Hughes\",\"description\":\"\",\"publisher\":{\"@id\":\"https:\\\/\\\/www.hughes.com\\\/de\\\/#organization\"},\"potentialAction\":[{\"@type\":\"SearchAction\",\"target\":{\"@type\":\"EntryPoint\",\"urlTemplate\":\"https:\\\/\\\/www.hughes.com\\\/de\\\/?s={search_term_string}\"},\"query-input\":{\"@type\":\"PropertyValueSpecification\",\"valueRequired\":true,\"valueName\":\"search_term_string\"}}],\"inLanguage\":\"de-DE\"},{\"@type\":\"Organization\",\"@id\":\"https:\\\/\\\/www.hughes.com\\\/de\\\/#organization\",\"name\":\"Hughes\",\"url\":\"https:\\\/\\\/www.hughes.com\\\/de\\\/\",\"logo\":{\"@type\":\"ImageObject\",\"inLanguage\":\"de-DE\",\"@id\":\"https:\\\/\\\/www.hughes.com\\\/de\\\/#\\\/schema\\\/logo\\\/image\\\/\",\"url\":\"https:\\\/\\\/www.hughes.com\\\/wp-content\\\/uploads\\\/2026\\\/02\\\/HughesEchoStar_Logo.png\",\"contentUrl\":\"https:\\\/\\\/www.hughes.com\\\/wp-content\\\/uploads\\\/2026\\\/02\\\/HughesEchoStar_Logo.png\",\"width\":593,\"height\":213,\"caption\":\"Hughes\"},\"image\":{\"@id\":\"https:\\\/\\\/www.hughes.com\\\/de\\\/#\\\/schema\\\/logo\\\/image\\\/\"},\"sameAs\":[\"https:\\\/\\\/www.facebook.com\\\/HughesConnects\\\/\",\"https:\\\/\\\/x.com\\\/HughesConnects\",\"https:\\\/\\\/www.youtube.com\\\/user\\\/HughesTV\\\/videos\",\"https:\\\/\\\/www.linkedin.com\\\/company\\\/3569\\\/admin\\\/dashboard\\\/\"]}]}<\/script>\n<!-- \/ Yoast SEO plugin. -->","yoast_head_json":{"title":"Netzwerksicherheitsdienste | Europe.Hughes.com","description":"Hughes Europe erm\u00f6glicht Ihnen jetzt den Schutz Ihres Unternehmens mit Security Operations Centre (SOC) Business Continuity Services und Managed Firewall Services.","robots":{"index":"index","follow":"follow","max-snippet":"max-snippet:-1","max-image-preview":"max-image-preview:large","max-video-preview":"max-video-preview:-1"},"canonical":"https:\/\/www.hughes.com\/de\/loesungen\/netzwerksicherheitsdienste","og_locale":"de_DE","og_type":"article","og_title":"Netzwerksicherheitsdienste | Europe.Hughes.com","og_description":"Hughes Europe erm\u00f6glicht Ihnen jetzt den Schutz Ihres Unternehmens mit Security Operations Centre (SOC) Business Continuity Services und Managed Firewall Services.","og_url":"https:\/\/www.hughes.com\/de\/loesungen\/netzwerksicherheitsdienste","og_site_name":"Hughes","article_publisher":"https:\/\/www.facebook.com\/HughesConnects\/","article_modified_time":"2026-02-20T17:35:12+00:00","og_image":[{"width":1200,"height":630,"url":"https:\/\/www.hughes.com\/wp-content\/uploads\/2026\/02\/HughesGlobalOpenGraph.jpg","type":"image\/jpeg"}],"twitter_card":"summary_large_image","twitter_site":"@HughesConnects","schema":{"@context":"https:\/\/schema.org","@graph":[{"@type":"WebPage","@id":"https:\/\/www.hughes.com\/de\/loesungen\/netzwerksicherheitsdienste","url":"https:\/\/www.hughes.com\/de\/loesungen\/netzwerksicherheitsdienste","name":"Netzwerksicherheitsdienste | Europe.Hughes.com","isPartOf":{"@id":"https:\/\/www.hughes.com\/de\/#website"},"datePublished":"2026-02-11T19:12:30+00:00","dateModified":"2026-02-20T17:35:12+00:00","description":"Hughes Europe erm\u00f6glicht Ihnen jetzt den Schutz Ihres Unternehmens mit Security Operations Centre (SOC) Business Continuity Services und Managed Firewall Services.","breadcrumb":{"@id":"https:\/\/www.hughes.com\/de\/loesungen\/netzwerksicherheitsdienste#breadcrumb"},"inLanguage":"de-DE","potentialAction":[{"@type":"ReadAction","target":["https:\/\/www.hughes.com\/de\/loesungen\/netzwerksicherheitsdienste"]}]},{"@type":"BreadcrumbList","@id":"https:\/\/www.hughes.com\/de\/loesungen\/netzwerksicherheitsdienste#breadcrumb","itemListElement":[{"@type":"ListItem","position":1,"name":"Home","item":"https:\/\/www.hughes.com\/de"},{"@type":"ListItem","position":2,"name":"Netzwerksicherheitsdienste"}]},{"@type":"WebSite","@id":"https:\/\/www.hughes.com\/de\/#website","url":"https:\/\/www.hughes.com\/de\/","name":"Hughes","description":"","publisher":{"@id":"https:\/\/www.hughes.com\/de\/#organization"},"potentialAction":[{"@type":"SearchAction","target":{"@type":"EntryPoint","urlTemplate":"https:\/\/www.hughes.com\/de\/?s={search_term_string}"},"query-input":{"@type":"PropertyValueSpecification","valueRequired":true,"valueName":"search_term_string"}}],"inLanguage":"de-DE"},{"@type":"Organization","@id":"https:\/\/www.hughes.com\/de\/#organization","name":"Hughes","url":"https:\/\/www.hughes.com\/de\/","logo":{"@type":"ImageObject","inLanguage":"de-DE","@id":"https:\/\/www.hughes.com\/de\/#\/schema\/logo\/image\/","url":"https:\/\/www.hughes.com\/wp-content\/uploads\/2026\/02\/HughesEchoStar_Logo.png","contentUrl":"https:\/\/www.hughes.com\/wp-content\/uploads\/2026\/02\/HughesEchoStar_Logo.png","width":593,"height":213,"caption":"Hughes"},"image":{"@id":"https:\/\/www.hughes.com\/de\/#\/schema\/logo\/image\/"},"sameAs":["https:\/\/www.facebook.com\/HughesConnects\/","https:\/\/x.com\/HughesConnects","https:\/\/www.youtube.com\/user\/HughesTV\/videos","https:\/\/www.linkedin.com\/company\/3569\/admin\/dashboard\/"]}]}},"_links":{"self":[{"href":"https:\/\/www.hughes.com\/de\/wp-json\/wp\/v2\/pages\/39997","targetHints":{"allow":["GET"]}}],"collection":[{"href":"https:\/\/www.hughes.com\/de\/wp-json\/wp\/v2\/pages"}],"about":[{"href":"https:\/\/www.hughes.com\/de\/wp-json\/wp\/v2\/types\/page"}],"author":[{"embeddable":true,"href":"https:\/\/www.hughes.com\/de\/wp-json\/wp\/v2\/users\/8"}],"replies":[{"embeddable":true,"href":"https:\/\/www.hughes.com\/de\/wp-json\/wp\/v2\/comments?post=39997"}],"version-history":[{"count":0,"href":"https:\/\/www.hughes.com\/de\/wp-json\/wp\/v2\/pages\/39997\/revisions"}],"up":[{"embeddable":true,"href":"https:\/\/www.hughes.com\/de\/wp-json\/wp\/v2\/pages\/40349"}],"wp:attachment":[{"href":"https:\/\/www.hughes.com\/de\/wp-json\/wp\/v2\/media?parent=39997"}],"curies":[{"name":"wp","href":"https:\/\/api.w.org\/{rel}","templated":true}]}}