{"id":39994,"date":"2026-01-27T11:58:28","date_gmt":"2026-01-27T11:58:28","guid":{"rendered":"https:\/\/hughes1stg.wpenginepowered.com\/managed-network-solutions"},"modified":"2026-02-20T18:34:35","modified_gmt":"2026-02-20T18:34:35","slug":"solutions","status":"publish","type":"page","link":"https:\/\/www.hughes.com\/de\/loesungen\/verwaltete-netzwerkloesungen","title":{"rendered":"Verwaltete Netzwerkl\u00f6sungen"},"content":{"rendered":"<!-- Solution Hero --><section class=\"solution-hero-section\">\r\n    <div class=\"shs-wrapper bg-dark border-radius-bottom-lr\">\r\n        <div class=\"shs-hero\"><div class=\"shs-bg-media\"><img src=\"https:\/\/www.hughes.com\/wp-content\/uploads\/2026\/02\/hughes_web_banner_16.webp\" srcset=\"https:\/\/www.hughes.com\/wp-content\/uploads\/2026\/02\/hughes_web_banner_16.webp 1280w, https:\/\/www.hughes.com\/wp-content\/uploads\/2026\/02\/hughes_web_banner_16-300x113.webp 300w, https:\/\/www.hughes.com\/wp-content\/uploads\/2026\/02\/hughes_web_banner_16-1024x384.webp 1024w, https:\/\/www.hughes.com\/wp-content\/uploads\/2026\/02\/hughes_web_banner_16-768x288.webp 768w\" sizes=\"(max-width: 1280px) 100vw, 1280px\" alt=\"Verwaltete Netzwerkl\u00f6sungen Image\" class=\"\" loading=\"eager\" decoding=\"async\" width=\"1280\" height=\"480\" fetchpriority=\"high\"><\/div><div class=\"container\">\r\n                <div class=\"shs-hero-content\"><h1 class=\"h1 title\">Verwaltete Netzwerkl\u00f6sungen<\/h1><h2 class=\"desc\"><p><strong>Nutzen Sie unsere verwalteten Netzwerkl\u00f6sungen zur Bew\u00e4ltigung komplexer Sachverhalte und zur Unterst\u00fctzung einer nahtlosen digitalen Transformation.<\/strong><\/p>\n<\/h2><\/div>\r\n            <\/div><\/div><div class=\"shs-overview\">\r\n                <div class=\"container\">\r\n                    <div class=\"shs-overview-content row\"><div class=\"introduction -lg cell-12\"><p>Unternehmen mit mehreren Standorten stehen in Bezug auf ihre Netzwerkinfrastruktur vor vielf\u00e4ltigen Herausforderungen. Mit der fortschreitenden digitalen Transformation werden diese Herausforderungen hinsichtlich der Konnektivit\u00e4t nur noch gr\u00f6\u00dfer. Mit unseren verwalteten Netzwerkl\u00f6sungen kann Hughes Ihr Netzwerk richtig dimensionieren und sicherstellen, dass es f\u00fcr die Anforderungen des Datenverkehrs optimiert ist und sich flexibel an neue Technologien und Anwendungen anpassen l\u00e4sst. Gleichzeitig sorgen wir daf\u00fcr, dass Ihren Kunden und Mitarbeitern eine hohe Leistung und Sicherheit geboten sind.<\/p>\n<\/div><div class=\"left-column -lg cell-md-6\"><h2>Wir sind Experten f\u00fcr die Optimierung von Netzwerken f\u00fcr verteilte Unternehmen<\/h2>\n<p>Wir helfen Unternehmen bei der Verwirklichung ihrer digitalen Ziele, indem wir <a href=\"https:\/\/europe.hughes.com\/de\/loesungen\/verwaltete-netzwerkloesungen\/verwaltete-netzwerksysteme-netzwerkueberwachung\">verwaltete Netzwerksysteml\u00f6sungen<\/a> bereitstellen, mit denen die Verf\u00fcgbarkeit und <a href=\"https:\/\/europe.hughes.com\/de\/geschaeftliche-herausforderungen\/ausfallsicherheit-und-schutz-des-netzwerks\">Ausfallsicherheit des Netzwerks<\/a> gew\u00e4hrleistet sind \u2013 eine Voraussetzung f\u00fcr moderne, kundenorientierte Unternehmen.<\/p>\n<p><a href=\"https:\/\/europe.hughes.com\/de\/ueber-hughes-europe\/unsere-kunden\">Unsere Kunden<\/a> profitieren von den unterbrechungsfreien Datenfl\u00fcssen, die den notwendigen Zugriff auf Echtzeit-Informationen und die Verf\u00fcgbarkeit von Anwendungen sicherstellen, um ihren Kunden und Mitarbeitern ein herausragendes Erlebnis bieten zu k\u00f6nnen.<\/p>\n<\/div><div class=\"right-column -lg cell-md-6\"><h2>Flexible verwaltete Netzwerkl\u00f6sungen<\/h2>\n<p>Dank unserer bew\u00e4hrten PRISM-Methode f\u00fcr die Bereitstellung von flexiblen verwalteten Netzwerkl\u00f6sungen und Hochleistungsnetzwerken \u00fcberall in Europa k\u00f6nnen wir unsere Kunden unterst\u00fctzen, wie und wo immer sie es brauchen.<\/p>\n<p>Wir bei Hughes in Europa wissen, dass jedes Unternehmen einzigartig ist. Deshalb verfolgen wir bei unseren verwalteten Netzwerkdiensten keinen Pauschalansatz, der sich f\u00fcr alle eignen soll. Stattdessen haben wir einen Ansatz f\u00fcr unsere Dienste entwickelt, mit dem unsere Kunden genau die L\u00f6sungen erhalten, die sie brauchen, wenn sie sie brauchen.<\/p>\n<p><a href=\"https:\/\/europe.hughes.com\/de\/loesungen\/verwaltete-netzwerkloesungen\/planung-der-netzwerkinfrastruktur\">Weitere Informationen \u00fcber unsere professionellen Dienstleistungen &gt;<\/a><\/p>\n<\/div><\/div>\r\n                <\/div>\r\n            <\/div><\/div>\r\n<\/section>\n\n<!-- Text Block --><section class=\"wysiwyg-component space-md-m\">\n        <div class=\"container\">\n            <div class=\"wc-wrap\"><div class=\"wc-decs bullet-styled\"><h2>Unser 5-stufiger Ansatz<\/h2>\n<p><strong>Netzwerk bewerten &#8211;<\/strong> Als verwaltete Netzwerkl\u00f6sung \u00fcberpr\u00fcfen wir Ihre aktuelle Netzwerkinfrastruktur, um Ihre bisherigen Investitionen zu nutzen und strategische L\u00f6sungen aufzuzeigen, die auf Ihre aktuellen und zuk\u00fcnftigen Anforderungen zugeschnitten sind.<\/p>\n<p><strong>Bereitstellung vereinfachen &#8211;<\/strong> Profitieren Sie von der Effizienz eines Managed-Services-Partners, der s\u00e4mtliche Aspekte Ihrer verwalteten Konnektivit\u00e4tsbereitstellung, -wartung und -unterst\u00fctzung \u00fcber mehrere Standorte und L\u00e4nder hinweg \u00fcbernimmt.<\/p>\n<p><strong>Leistung optimieren &#8211;<\/strong> Unsere L\u00f6sungen verringern die Komplexit\u00e4t Ihres Netzwerks, denn sie \u00fcberwachen und verwalten alle Aspekte Ihres Netzwerks im laufenden Betrieb rund um die Uhr. So k\u00f6nnen Sie sich darauf verlassen, dass alles ordnungsgem\u00e4\u00df funktioniert.<\/p>\n<p><strong>Sicherheit gew\u00e4hrleisten &#8211;<\/strong> A managed network partner appreciates the challenges of a hybrid network, with traffic moving from public to private cloud and branch level edge-based solutions, and will deliver security solutions that comply with industry standards and keep your customers, employees and business safe.\u00a0Ein Managed-Network-Partner kennt die Herausforderungen eines hybriden Netzwerks, in dem sich der Datenverkehr von \u00f6ffentlichen zu privaten Clouds und Edge-basierten L\u00f6sungen auf Zweigstellenebene bewegt, und bietet Sicherheitsl\u00f6sungen, die den Branchenstandards entsprechen und die Sicherheit Ihrer Kunden, Mitarbeiter und Ihres Unternehmens gew\u00e4hrleisten.<\/p>\n<p><strong>Agilit\u00e4t schaffen &#8211;<\/strong> Unsere verwalteten Netzwerkl\u00f6sungen bieten die Flexibilit\u00e4t, sich an neue Technologien anzupassen, neue Funktionen hinzuzuf\u00fcgen und Ihr Netzwerk so weiterzuentwickeln, dass es weiterhin eine hohe Leistung, Effizienz und Kontrolle bietet.<\/p>\n<\/div><\/div>\n        <\/div>\n    <\/section>\n\n<!-- 3-Column CTA --><section class=\"three-column-cta-section space-lg-m\">\r\n        <div class=\"container\"><div class=\"tccs-row row justify-content-center\"><div class=\"tccs-col cell-lg-4 cell-sm-6\"><div class=\"tccs-item text-center\"><div class=\"tccs-img\"><img src=\"https:\/\/www.hughes.com\/wp-content\/uploads\/webp\/2026\/02\/Icon_Plan.webp\" srcset=\"https:\/\/www.hughes.com\/wp-content\/uploads\/webp\/2026\/02\/Icon_Plan-300x161.webp 300w, https:\/\/www.hughes.com\/wp-content\/uploads\/webp\/2026\/02\/Icon_Plan-1024x548.webp 1024w, https:\/\/www.hughes.com\/wp-content\/uploads\/webp\/2026\/02\/Icon_Plan-150x150.webp 150w, https:\/\/www.hughes.com\/wp-content\/uploads\/webp\/2026\/02\/Icon_Plan-768x411.webp 768w, https:\/\/www.hughes.com\/wp-content\/uploads\/webp\/2026\/02\/Icon_Plan.webp 1167w\" sizes=\"(max-width: 1167px) 100vw, 1167px\" alt=\"plan icon\" class=\"\" loading=\"lazy\" decoding=\"async\" width=\"1167\" height=\"625\"><\/div><div class=\"tccs-content\"><h3 class=\"h6\">Planen<\/h3><div class=\"desc\"><p>Wir k\u00f6nnen Ihr Netzwerk pr\u00fcfen, konzipieren und technische Beratung anbieten.<\/p>\n<\/div><div class=\"btn-wrap\"><a class=\"btn-link -lg\" href=\"https:\/\/europe.hughes.com\/de\/loesungen\/verwaltete-netzwerkloesungen\/planung-der-netzwerkinfrastruktur\" target=\"_self\" rel=\"nofollow\" aria-label=\"SO GEHT&#039;S\" ><span>SO GEHT&#039;S<\/span><\/a><\/div><\/div><\/div><\/div><div class=\"tccs-col cell-lg-4 cell-sm-6\"><div class=\"tccs-item text-center\"><div class=\"tccs-img\"><img src=\"https:\/\/www.hughes.com\/wp-content\/uploads\/webp\/2026\/02\/Icon_Resource.webp\" srcset=\"https:\/\/www.hughes.com\/wp-content\/uploads\/webp\/2026\/02\/Icon_Resource-300x161.webp 300w, https:\/\/www.hughes.com\/wp-content\/uploads\/webp\/2026\/02\/Icon_Resource-1024x548.webp 1024w, https:\/\/www.hughes.com\/wp-content\/uploads\/webp\/2026\/02\/Icon_Resource-150x150.webp 150w, https:\/\/www.hughes.com\/wp-content\/uploads\/webp\/2026\/02\/Icon_Resource-768x411.webp 768w, https:\/\/www.hughes.com\/wp-content\/uploads\/webp\/2026\/02\/Icon_Resource.webp 1167w\" sizes=\"(max-width: 1167px) 100vw, 1167px\" alt=\"resource icon\" class=\"\" loading=\"lazy\" decoding=\"async\" width=\"1167\" height=\"625\"><\/div><div class=\"tccs-content\"><h3 class=\"h6\">Ressourcen<\/h3><div class=\"desc\"><p>Wir beschaffen und lizenzieren alles, was Sie an Netzwerkkonnektivit\u00e4t und Ausr\u00fcstung ben\u00f6tigen.<\/p>\n<\/div><div class=\"btn-wrap\"><a class=\"btn-link -lg\" href=\"https:\/\/europe.hughes.com\/de\/loesungen\/verwaltete-netzwerkloesungen\/beschaffung-der-netzwerktechnologie\" target=\"_self\" rel=\"nofollow\" aria-label=\"SO GEHT&#039;S\" ><span>SO GEHT&#039;S<\/span><\/a><\/div><\/div><\/div><\/div><div class=\"tccs-col cell-lg-4 cell-sm-6\"><div class=\"tccs-item text-center\"><div class=\"tccs-img\"><img src=\"https:\/\/www.hughes.com\/wp-content\/uploads\/webp\/2026\/02\/Icon_Implement.webp\" srcset=\"https:\/\/www.hughes.com\/wp-content\/uploads\/webp\/2026\/02\/Icon_Implement-300x160.webp 300w, https:\/\/www.hughes.com\/wp-content\/uploads\/webp\/2026\/02\/Icon_Implement-1024x547.webp 1024w, https:\/\/www.hughes.com\/wp-content\/uploads\/webp\/2026\/02\/Icon_Implement-150x150.webp 150w, https:\/\/www.hughes.com\/wp-content\/uploads\/webp\/2026\/02\/Icon_Implement-768x410.webp 768w, https:\/\/www.hughes.com\/wp-content\/uploads\/webp\/2026\/02\/Icon_Implement.webp 1171w\" sizes=\"(max-width: 1171px) 100vw, 1171px\" alt=\"implement icon\" class=\"\" loading=\"lazy\" decoding=\"async\" width=\"1171\" height=\"625\"><\/div><div class=\"tccs-content\"><h3 class=\"h6\">Implementieren<\/h3><div class=\"desc\"><p>Wir k\u00f6nnen alle Aspekte Ihrer Netzwerkl\u00f6sung konzipieren, testen, installieren und steuern.<\/p>\n<\/div><div class=\"btn-wrap\"><a class=\"btn-link -lg\" href=\"https:\/\/europe.hughes.com\/de\/loesungen\/verwaltete-netzwerkloesungen\/netzwerkimplementierung\" target=\"_self\" rel=\"nofollow\" aria-label=\"SO GEHT&#039;S\" ><span>SO GEHT&#039;S<\/span><\/a><\/div><\/div><\/div><\/div><div class=\"tccs-col cell-lg-4 cell-sm-6\"><div class=\"tccs-item text-center\"><div class=\"tccs-img\"><img src=\"https:\/\/www.hughes.com\/wp-content\/uploads\/webp\/2026\/02\/Icon_Support.webp\" srcset=\"https:\/\/www.hughes.com\/wp-content\/uploads\/webp\/2026\/02\/Icon_Support-300x161.webp 300w, https:\/\/www.hughes.com\/wp-content\/uploads\/webp\/2026\/02\/Icon_Support-1024x548.webp 1024w, https:\/\/www.hughes.com\/wp-content\/uploads\/webp\/2026\/02\/Icon_Support-150x150.webp 150w, https:\/\/www.hughes.com\/wp-content\/uploads\/webp\/2026\/02\/Icon_Support-768x411.webp 768w, https:\/\/www.hughes.com\/wp-content\/uploads\/webp\/2026\/02\/Icon_Support.webp 1167w\" sizes=\"(max-width: 1167px) 100vw, 1167px\" alt=\"support icon\" class=\"\" loading=\"lazy\" decoding=\"async\" width=\"1167\" height=\"625\"><\/div><div class=\"tccs-content\"><h3 class=\"h6\">Support<\/h3><div class=\"desc\"><p>Wir bieten einen umfassenden Support f\u00fcr Ihr Netzwerk mit einer integrierten L\u00f6sung f\u00fcr Ihr Vorfallmanagement, die Wartung und Hinzuf\u00fcgungen, Umz\u00fcge und \u00c4nderungen.<\/p>\n<\/div><div class=\"btn-wrap\"><a class=\"btn-link -lg\" href=\"https:\/\/europe.hughes.com\/de\/loesungen\/verwaltete-netzwerkloesungen\/wan-support-sd-wan-support\" target=\"_self\" rel=\"nofollow\" aria-label=\"SO GEHT&#039;S\" ><span>SO GEHT&#039;S<\/span><\/a><\/div><\/div><\/div><\/div><div class=\"tccs-col cell-lg-4 cell-sm-6\"><div class=\"tccs-item text-center\"><div class=\"tccs-img\"><img src=\"https:\/\/www.hughes.com\/wp-content\/uploads\/webp\/2026\/02\/Icon_Manage.webp\" srcset=\"https:\/\/www.hughes.com\/wp-content\/uploads\/webp\/2026\/02\/Icon_Manage-300x160.webp 300w, https:\/\/www.hughes.com\/wp-content\/uploads\/webp\/2026\/02\/Icon_Manage-1024x547.webp 1024w, https:\/\/www.hughes.com\/wp-content\/uploads\/webp\/2026\/02\/Icon_Manage-150x150.webp 150w, https:\/\/www.hughes.com\/wp-content\/uploads\/webp\/2026\/02\/Icon_Manage-768x410.webp 768w, https:\/\/www.hughes.com\/wp-content\/uploads\/webp\/2026\/02\/Icon_Manage.webp 1171w\" sizes=\"(max-width: 1171px) 100vw, 1171px\" alt=\"manage icon\" class=\"\" loading=\"lazy\" decoding=\"async\" width=\"1171\" height=\"625\"><\/div><div class=\"tccs-content\"><h3 class=\"h6\">Management<\/h3><div class=\"desc\"><p>Wir k\u00f6nnen Ihr Netzwerk proaktiv \u00fcberwachen und verwalten, um eine optimierte Leistung im Hinblick auf Ausfallsicherheit und Anwendungsverf\u00fcgbarkeit zu gew\u00e4hrleisten.<\/p>\n<\/div><div class=\"btn-wrap\"><a class=\"btn-link -lg\" href=\"https:\/\/europe.hughes.com\/de\/loesungen\/verwaltete-netzwerkloesungen\/verwaltete-netzwerksysteme-netzwerkueberwachung\" target=\"_self\" rel=\"nofollow\" aria-label=\"SO GEHT&#039;S\" ><span>SO GEHT&#039;S<\/span><\/a><\/div><\/div><\/div><\/div><\/div><\/div>\r\n    <\/section>\n\n<!-- Full-Width CTA --><section class=\"full-width-cta-section border-radius-top-lr left bg-dark\">\r\n        <div class=\"container\">\r\n            <div class=\"fwc-row row align-items-center\"><div class=\"fwc-left cell-md-7\">\r\n                        <div class=\"fwc-content\"><h2 class=\"fwc-title\">Lesen Sie unser aktuelles E-aBook: Die Komplexit\u00e4t von Netzwerken erfolgreich meistern<\/h2><\/div><\/div><div class=\"fwc-right cell-md-5\"><div class=\"btn-wrap text-left text-md-right\"><a class=\"btn\" href=\"https:\/\/www.hughes.com\/sites\/europe.hughes.com\/files\/2020-07\/Hughes-WhitePaper-Final_0.pdf\" target=\"_self\" rel=\"nofollow\" aria-label=\"Kontakt\" >Kontakt<\/a><\/div><\/div><\/div>\r\n        <\/div>\r\n    <\/section>","protected":false},"excerpt":{"rendered":"<p>Eine \u00fcber mehrere Standorte verteilte Netzwerkinfrastruktur birgt Herausforderungen \u2013 nutzen Sie daher unsere verwalteten Netzwerkl\u00f6sungen zur Bew\u00e4ltigung komplexer Sachverhalte und zur Unterst\u00fctzung einer nahtlosen digitalen Transformation.<\/p>\n","protected":false},"author":2,"featured_media":0,"parent":40349,"menu_order":0,"comment_status":"closed","ping_status":"closed","template":"","meta":{"_acf_changed":true,"_searchwp_excluded":"","footnotes":""},"class_list":["post-39994","page","type-page","status-publish","hentry"],"acf":[],"yoast_head":"<!-- This site is optimized with the Yoast SEO plugin v27.3 - https:\/\/yoast.com\/product\/yoast-seo-wordpress\/ -->\n<title>Verwaltete Netzwerkl\u00f6sungen | Europe.Hughes.com<\/title>\n<meta name=\"description\" content=\"Eine \u00fcber mehrere Standorte verteilte Netzwerkinfrastruktur birgt Herausforderungen \u2013 nutzen Sie daher unsere verwalteten Netzwerkl\u00f6sungen zur Bew\u00e4ltigung komplexer Sachverhalte und zur Unterst\u00fctzung einer nahtlosen digitalen Transformation.\" \/>\n<meta name=\"robots\" content=\"index, follow, max-snippet:-1, max-image-preview:large, max-video-preview:-1\" \/>\n<link rel=\"canonical\" href=\"https:\/\/www.hughes.com\/de\/loesungen\/verwaltete-netzwerkloesungen\" \/>\n<meta property=\"og:locale\" content=\"de_DE\" \/>\n<meta property=\"og:type\" content=\"article\" \/>\n<meta property=\"og:title\" content=\"Verwaltete Netzwerkl\u00f6sungen | Europe.Hughes.com\" \/>\n<meta property=\"og:description\" content=\"Eine \u00fcber mehrere Standorte verteilte Netzwerkinfrastruktur birgt Herausforderungen \u2013 nutzen Sie daher unsere verwalteten Netzwerkl\u00f6sungen zur Bew\u00e4ltigung komplexer Sachverhalte und zur Unterst\u00fctzung einer nahtlosen digitalen Transformation.\" \/>\n<meta property=\"og:url\" content=\"https:\/\/www.hughes.com\/de\/loesungen\/verwaltete-netzwerkloesungen\" \/>\n<meta property=\"og:site_name\" content=\"Hughes\" \/>\n<meta property=\"article:publisher\" content=\"https:\/\/www.facebook.com\/HughesConnects\/\" \/>\n<meta property=\"article:modified_time\" content=\"2026-02-20T18:34:35+00:00\" \/>\n<meta property=\"og:image\" content=\"https:\/\/www.hughes.com\/wp-content\/uploads\/2026\/02\/HughesGlobalOpenGraph.jpg\" \/>\n\t<meta property=\"og:image:width\" content=\"1200\" \/>\n\t<meta property=\"og:image:height\" content=\"630\" \/>\n\t<meta property=\"og:image:type\" content=\"image\/jpeg\" \/>\n<meta name=\"twitter:card\" content=\"summary_large_image\" \/>\n<meta name=\"twitter:site\" content=\"@HughesConnects\" \/>\n<script type=\"application\/ld+json\" class=\"yoast-schema-graph\">{\"@context\":\"https:\\\/\\\/schema.org\",\"@graph\":[{\"@type\":\"WebPage\",\"@id\":\"https:\\\/\\\/www.hughes.com\\\/de\\\/loesungen\\\/verwaltete-netzwerkloesungen\",\"url\":\"https:\\\/\\\/www.hughes.com\\\/de\\\/loesungen\\\/verwaltete-netzwerkloesungen\",\"name\":\"Verwaltete Netzwerkl\u00f6sungen | Europe.Hughes.com\",\"isPartOf\":{\"@id\":\"https:\\\/\\\/www.hughes.com\\\/de\\\/#website\"},\"datePublished\":\"2026-01-27T11:58:28+00:00\",\"dateModified\":\"2026-02-20T18:34:35+00:00\",\"description\":\"Eine \u00fcber mehrere Standorte verteilte Netzwerkinfrastruktur birgt Herausforderungen \u2013 nutzen Sie daher unsere verwalteten Netzwerkl\u00f6sungen zur Bew\u00e4ltigung komplexer Sachverhalte und zur Unterst\u00fctzung einer nahtlosen digitalen Transformation.\",\"breadcrumb\":{\"@id\":\"https:\\\/\\\/www.hughes.com\\\/de\\\/loesungen\\\/verwaltete-netzwerkloesungen#breadcrumb\"},\"inLanguage\":\"de-DE\",\"potentialAction\":[{\"@type\":\"ReadAction\",\"target\":[\"https:\\\/\\\/www.hughes.com\\\/de\\\/loesungen\\\/verwaltete-netzwerkloesungen\"]}]},{\"@type\":\"BreadcrumbList\",\"@id\":\"https:\\\/\\\/www.hughes.com\\\/de\\\/loesungen\\\/verwaltete-netzwerkloesungen#breadcrumb\",\"itemListElement\":[{\"@type\":\"ListItem\",\"position\":1,\"name\":\"Home\",\"item\":\"https:\\\/\\\/www.hughes.com\\\/de\"},{\"@type\":\"ListItem\",\"position\":2,\"name\":\"Managed Network Solution\",\"item\":\"https:\\\/\\\/www.hughes.com\\\/de\\\/solutions\"},{\"@type\":\"ListItem\",\"position\":3,\"name\":\"Verwaltete Netzwerkl\u00f6sungen\"}]},{\"@type\":\"WebSite\",\"@id\":\"https:\\\/\\\/www.hughes.com\\\/de\\\/#website\",\"url\":\"https:\\\/\\\/www.hughes.com\\\/de\\\/\",\"name\":\"Hughes\",\"description\":\"\",\"publisher\":{\"@id\":\"https:\\\/\\\/www.hughes.com\\\/de\\\/#organization\"},\"potentialAction\":[{\"@type\":\"SearchAction\",\"target\":{\"@type\":\"EntryPoint\",\"urlTemplate\":\"https:\\\/\\\/www.hughes.com\\\/de\\\/?s={search_term_string}\"},\"query-input\":{\"@type\":\"PropertyValueSpecification\",\"valueRequired\":true,\"valueName\":\"search_term_string\"}}],\"inLanguage\":\"de-DE\"},{\"@type\":\"Organization\",\"@id\":\"https:\\\/\\\/www.hughes.com\\\/de\\\/#organization\",\"name\":\"Hughes\",\"url\":\"https:\\\/\\\/www.hughes.com\\\/de\\\/\",\"logo\":{\"@type\":\"ImageObject\",\"inLanguage\":\"de-DE\",\"@id\":\"https:\\\/\\\/www.hughes.com\\\/de\\\/#\\\/schema\\\/logo\\\/image\\\/\",\"url\":\"https:\\\/\\\/www.hughes.com\\\/wp-content\\\/uploads\\\/2026\\\/02\\\/HughesEchoStar_Logo.png\",\"contentUrl\":\"https:\\\/\\\/www.hughes.com\\\/wp-content\\\/uploads\\\/2026\\\/02\\\/HughesEchoStar_Logo.png\",\"width\":593,\"height\":213,\"caption\":\"Hughes\"},\"image\":{\"@id\":\"https:\\\/\\\/www.hughes.com\\\/de\\\/#\\\/schema\\\/logo\\\/image\\\/\"},\"sameAs\":[\"https:\\\/\\\/www.facebook.com\\\/HughesConnects\\\/\",\"https:\\\/\\\/x.com\\\/HughesConnects\",\"https:\\\/\\\/www.youtube.com\\\/user\\\/HughesTV\\\/videos\",\"https:\\\/\\\/www.linkedin.com\\\/company\\\/3569\\\/admin\\\/dashboard\\\/\"]}]}<\/script>\n<!-- \/ Yoast SEO plugin. -->","yoast_head_json":{"title":"Verwaltete Netzwerkl\u00f6sungen | Europe.Hughes.com","description":"Eine \u00fcber mehrere Standorte verteilte Netzwerkinfrastruktur birgt Herausforderungen \u2013 nutzen Sie daher unsere verwalteten Netzwerkl\u00f6sungen zur Bew\u00e4ltigung komplexer Sachverhalte und zur Unterst\u00fctzung einer nahtlosen digitalen Transformation.","robots":{"index":"index","follow":"follow","max-snippet":"max-snippet:-1","max-image-preview":"max-image-preview:large","max-video-preview":"max-video-preview:-1"},"canonical":"https:\/\/www.hughes.com\/de\/loesungen\/verwaltete-netzwerkloesungen","og_locale":"de_DE","og_type":"article","og_title":"Verwaltete Netzwerkl\u00f6sungen | Europe.Hughes.com","og_description":"Eine \u00fcber mehrere Standorte verteilte Netzwerkinfrastruktur birgt Herausforderungen \u2013 nutzen Sie daher unsere verwalteten Netzwerkl\u00f6sungen zur Bew\u00e4ltigung komplexer Sachverhalte und zur Unterst\u00fctzung einer nahtlosen digitalen Transformation.","og_url":"https:\/\/www.hughes.com\/de\/loesungen\/verwaltete-netzwerkloesungen","og_site_name":"Hughes","article_publisher":"https:\/\/www.facebook.com\/HughesConnects\/","article_modified_time":"2026-02-20T18:34:35+00:00","og_image":[{"width":1200,"height":630,"url":"https:\/\/www.hughes.com\/wp-content\/uploads\/2026\/02\/HughesGlobalOpenGraph.jpg","type":"image\/jpeg"}],"twitter_card":"summary_large_image","twitter_site":"@HughesConnects","schema":{"@context":"https:\/\/schema.org","@graph":[{"@type":"WebPage","@id":"https:\/\/www.hughes.com\/de\/loesungen\/verwaltete-netzwerkloesungen","url":"https:\/\/www.hughes.com\/de\/loesungen\/verwaltete-netzwerkloesungen","name":"Verwaltete Netzwerkl\u00f6sungen | Europe.Hughes.com","isPartOf":{"@id":"https:\/\/www.hughes.com\/de\/#website"},"datePublished":"2026-01-27T11:58:28+00:00","dateModified":"2026-02-20T18:34:35+00:00","description":"Eine \u00fcber mehrere Standorte verteilte Netzwerkinfrastruktur birgt Herausforderungen \u2013 nutzen Sie daher unsere verwalteten Netzwerkl\u00f6sungen zur Bew\u00e4ltigung komplexer Sachverhalte und zur Unterst\u00fctzung einer nahtlosen digitalen Transformation.","breadcrumb":{"@id":"https:\/\/www.hughes.com\/de\/loesungen\/verwaltete-netzwerkloesungen#breadcrumb"},"inLanguage":"de-DE","potentialAction":[{"@type":"ReadAction","target":["https:\/\/www.hughes.com\/de\/loesungen\/verwaltete-netzwerkloesungen"]}]},{"@type":"BreadcrumbList","@id":"https:\/\/www.hughes.com\/de\/loesungen\/verwaltete-netzwerkloesungen#breadcrumb","itemListElement":[{"@type":"ListItem","position":1,"name":"Home","item":"https:\/\/www.hughes.com\/de"},{"@type":"ListItem","position":2,"name":"Managed Network Solution","item":"https:\/\/www.hughes.com\/de\/solutions"},{"@type":"ListItem","position":3,"name":"Verwaltete Netzwerkl\u00f6sungen"}]},{"@type":"WebSite","@id":"https:\/\/www.hughes.com\/de\/#website","url":"https:\/\/www.hughes.com\/de\/","name":"Hughes","description":"","publisher":{"@id":"https:\/\/www.hughes.com\/de\/#organization"},"potentialAction":[{"@type":"SearchAction","target":{"@type":"EntryPoint","urlTemplate":"https:\/\/www.hughes.com\/de\/?s={search_term_string}"},"query-input":{"@type":"PropertyValueSpecification","valueRequired":true,"valueName":"search_term_string"}}],"inLanguage":"de-DE"},{"@type":"Organization","@id":"https:\/\/www.hughes.com\/de\/#organization","name":"Hughes","url":"https:\/\/www.hughes.com\/de\/","logo":{"@type":"ImageObject","inLanguage":"de-DE","@id":"https:\/\/www.hughes.com\/de\/#\/schema\/logo\/image\/","url":"https:\/\/www.hughes.com\/wp-content\/uploads\/2026\/02\/HughesEchoStar_Logo.png","contentUrl":"https:\/\/www.hughes.com\/wp-content\/uploads\/2026\/02\/HughesEchoStar_Logo.png","width":593,"height":213,"caption":"Hughes"},"image":{"@id":"https:\/\/www.hughes.com\/de\/#\/schema\/logo\/image\/"},"sameAs":["https:\/\/www.facebook.com\/HughesConnects\/","https:\/\/x.com\/HughesConnects","https:\/\/www.youtube.com\/user\/HughesTV\/videos","https:\/\/www.linkedin.com\/company\/3569\/admin\/dashboard\/"]}]}},"_links":{"self":[{"href":"https:\/\/www.hughes.com\/de\/wp-json\/wp\/v2\/pages\/39994","targetHints":{"allow":["GET"]}}],"collection":[{"href":"https:\/\/www.hughes.com\/de\/wp-json\/wp\/v2\/pages"}],"about":[{"href":"https:\/\/www.hughes.com\/de\/wp-json\/wp\/v2\/types\/page"}],"author":[{"embeddable":true,"href":"https:\/\/www.hughes.com\/de\/wp-json\/wp\/v2\/users\/2"}],"replies":[{"embeddable":true,"href":"https:\/\/www.hughes.com\/de\/wp-json\/wp\/v2\/comments?post=39994"}],"version-history":[{"count":0,"href":"https:\/\/www.hughes.com\/de\/wp-json\/wp\/v2\/pages\/39994\/revisions"}],"up":[{"embeddable":true,"href":"https:\/\/www.hughes.com\/de\/wp-json\/wp\/v2\/pages\/40349"}],"wp:attachment":[{"href":"https:\/\/www.hughes.com\/de\/wp-json\/wp\/v2\/media?parent=39994"}],"curies":[{"name":"wp","href":"https:\/\/api.w.org\/{rel}","templated":true}]}}