{"id":39929,"date":"2026-02-11T03:36:45","date_gmt":"2026-02-11T03:36:45","guid":{"rendered":"https:\/\/hughes1stg.wpenginepowered.com\/wan-optimisation"},"modified":"2026-02-20T02:20:15","modified_gmt":"2026-02-20T02:20:15","slug":"loesungen-netzwerk-management-netzwerk-technologie-optimiertes-wan","status":"publish","type":"page","link":"https:\/\/www.hughes.com\/de\/loesungen\/netzwerk-management\/netzwerk-technologie\/optimiertes-wan","title":{"rendered":"Optimiertes WAN"},"content":{"rendered":"<!-- Solution Hero --><section class=\"solution-hero-section\">\r\n    <div class=\"shs-wrapper bg-dark border-radius-bottom-lr\">\r\n        <div class=\"shs-hero\"><div class=\"shs-bg-media\"><img src=\"https:\/\/www.hughes.com\/wp-content\/uploads\/2026\/02\/hughes_web_banner_29.jpeg.webp\" srcset=\"https:\/\/www.hughes.com\/wp-content\/uploads\/2026\/02\/hughes_web_banner_29.jpeg.webp 1280w, https:\/\/www.hughes.com\/wp-content\/uploads\/2026\/02\/hughes_web_banner_29.jpeg-300x113.webp 300w, https:\/\/www.hughes.com\/wp-content\/uploads\/2026\/02\/hughes_web_banner_29.jpeg-1024x384.webp 1024w, https:\/\/www.hughes.com\/wp-content\/uploads\/2026\/02\/hughes_web_banner_29.jpeg-768x288.webp 768w\" sizes=\"(max-width: 1280px) 100vw, 1280px\" alt=\"Optimised WAN banner\" class=\"\" loading=\"eager\" decoding=\"async\" width=\"1280\" height=\"480\" fetchpriority=\"high\"><\/div><div class=\"container\">\r\n                <div class=\"shs-hero-content\"><h1 class=\"h1 title\">Optimiertes WAN<\/h1><\/div>\r\n            <\/div><\/div><div class=\"shs-overview\">\r\n                <div class=\"container\">\r\n                    <div class=\"shs-overview-content row\"><div class=\"introduction -lg cell-12\"><h4><strong>Die richtige Technologie ausw\u00e4hlen \u2013 optimiertes WAN<\/strong><\/h4>\n<p>Wenn SD-WAN nicht die richtige L\u00f6sung ist, k\u00f6nnen wir WAN-Technologie mit zuverl\u00e4ssigen, optimierten Routing-Funktionen f\u00fcr verteilte Unternehmen bereitstellen.<\/p>\n<p>Wir arbeiten mit f\u00fchrenden Anbietern von Netzwerk-Routing-Technologie zusammen, um zu gew\u00e4hrleisten, dass unsere Kunden robuste Netzwerkl\u00f6sungen zu einem angemessenen Preis erhalten.<\/p>\n<p>Ganz gleich, ob Sie das bestm\u00f6gliche Netzwerk bereitstellen m\u00f6chten, um die Kosteneffizienz zu optimieren oder um neue Arbeitsweisen zu unterst\u00fctzen \u2013 wir helfen Ihnen, die richtige optimierte WAN-L\u00f6sung zum richtigen Preis zu finden und zu beschaffen.<\/p>\n<\/div><\/div>\r\n                <\/div>\r\n            <\/div><\/div>\r\n<\/section>\n\n<!-- Expandable Listing --><section class=\"expandable-listing-section space-lg-m\">\r\n        <div class=\"container\"><div class=\"els-list accordion-list\"><div class=\"els-item accordion-item\"><div class=\"els-title accordion-title has-content\">\r\n                                    <span>WAN optimisation is able to support the growing number of real-time applications<\/span><i class=\"icon\"><svg aria-hidden=\"true\" width=\"24\" height=\"24\" viewBox=\"0 0 24 24\" fill=\"currentColor\"><use xlink:href=\"#icon-btn-arrow\"><\/use><\/svg><\/i><\/div><div class=\"els-content accordion-content\"><div class=\"els-desc\"><p>With an increasing pressure to deliver real-time applications that both enhance productivity and improve the customer and employee experience, our customers are looking to new and innovative ways to ensure their network can cope with these new demands.<\/p>\n<p>Hughes in Europe can help.<\/p>\n<p>With our vendor agnostic approach, we work with <a href=\"https:\/\/europe.hughes.com\/about-hughes-europe\/our-customers\">our customers<\/a> to ensure a network design that supports dynamic prioritisation of applications, dual path resilience where needed and quality of service capability to deliver the right user experience every time.<\/p>\n<\/div><\/div><\/div><div class=\"els-item accordion-item\"><div class=\"els-title accordion-title has-content\">\r\n                                    <span>WAN optimisation is able to support complex environments<\/span><i class=\"icon\"><svg aria-hidden=\"true\" width=\"24\" height=\"24\" viewBox=\"0 0 24 24\" fill=\"currentColor\"><use xlink:href=\"#icon-btn-arrow\"><\/use><\/svg><\/i><\/div><div class=\"els-content accordion-content\"><div class=\"els-desc\"><p>If you have a vast distributed estate where driving consistency and cost efficiency is top of the agenda, Hughes can provide cost effective WAN optimisation solutions.<\/p>\n<p>With our experience and our strategic relationships with leading vendors, we can craft optimised network solutions that are right sized to an individual site level making sure you can benefit from mixed technologies and connectivity types to match the needs of different parts of your estate.<\/p>\n<\/div><\/div><\/div><\/div><\/div>\r\n    <\/section>\n\n<!-- Promo Media --><section class=\"promo-media-section space-sm-m bg-gradient-blue-bottom border-radius-bottom-lr\">\r\n    <div class=\"container\">\r\n        <div class=\"pms-row row align-items-center\"><div class=\"pms-left cell-md-6\">\r\n                    <div class=\"pms-content\"><div class=\"desc\"><h3>Sehen Sie sich unsere Infografik an. Sie zeigt Ihnen, welche Art von WAN-L\u00f6sung die beste f\u00fcr Ihr Unternehmen sein k\u00f6nnte.<\/h3>\n<\/div><div class=\"btn-wrap\"><a class=\"btn\" href=\"https:\/\/www.hughes.com\/sites\/europe.hughes.com\/files\/2019-06\/Infographic%20final.pdf\" target=\"_blank\" rel=\"noopener noreferrer\" aria-label=\"Herunterladen\" >Herunterladen<\/a><\/div><\/div>\r\n                <\/div><div class=\"pms-right cell-md-6\"><div class=\"pms-media\"><img src=\"https:\/\/www.hughes.com\/wp-content\/uploads\/webp\/2026\/02\/2019-08-26_0842.webp\" srcset=\"https:\/\/www.hughes.com\/wp-content\/uploads\/webp\/2026\/02\/2019-08-26_0842-300x113.webp 300w, https:\/\/www.hughes.com\/wp-content\/uploads\/webp\/2026\/02\/2019-08-26_0842-1024x387.webp 1024w, https:\/\/www.hughes.com\/wp-content\/uploads\/webp\/2026\/02\/2019-08-26_0842-150x150.webp 150w, https:\/\/www.hughes.com\/wp-content\/uploads\/webp\/2026\/02\/2019-08-26_0842-768x290.webp 768w, https:\/\/www.hughes.com\/wp-content\/uploads\/webp\/2026\/02\/2019-08-26_0842-1536x580.webp 1536w, https:\/\/www.hughes.com\/wp-content\/uploads\/webp\/2026\/02\/2019-08-26_0842.webp 1848w\" sizes=\"(max-width: 1848px) 100vw, 1848px\" alt=\"Optimised WAN banner\" class=\"\" loading=\"lazy\" decoding=\"async\" width=\"1848\" height=\"698\"><\/div><\/div><\/div>\r\n    <\/div>\r\n<\/section>\n\n<!-- Text Block --><section class=\"wysiwyg-component space-md-m\">\n        <div class=\"container\">\n            <div class=\"wc-wrap\"><div class=\"wc-decs bullet-styled\"><div style=\"border-bottom: 3px solid #E4E5E3; margin: 10px 0 40px;\"><\/div>\n<h2 class=\"text-align-center\">Ermittlung Ihrer Bed\u00fcrfnisse mithilfe von PRISM<\/h2>\n<p class=\"text-align-center\">Mithilfe von PRISM k\u00f6nnen wir wirklich verstehen, was unsere Kunden von ihrem Netzwerk erwarten, und den n\u00f6tigen Mehrwert bieten, damit sie sich von der Konkurrenz abheben. Wir nutzen unser Expertenwissen zum Verst\u00e4ndnis Ihres Netzwerks, damit wir die optimale Netzwerkl\u00f6sung f\u00fcr Sie empfehlen k\u00f6nnen.<\/p>\n<\/div><\/div>\n        <\/div>\n    <\/section>\n\n<!-- 3-Column CTA --><section class=\"three-column-cta-section space-lg-m\">\r\n        <div class=\"container\"><div class=\"tccs-row row justify-content-center\"><div class=\"tccs-col cell-lg-4 cell-sm-6\"><div class=\"tccs-item text-center\"><div class=\"tccs-img\"><img src=\"https:\/\/www.hughes.com\/wp-content\/uploads\/webp\/2026\/02\/Icon_Plan.webp\" srcset=\"https:\/\/www.hughes.com\/wp-content\/uploads\/webp\/2026\/02\/Icon_Plan-300x161.webp 300w, https:\/\/www.hughes.com\/wp-content\/uploads\/webp\/2026\/02\/Icon_Plan-1024x548.webp 1024w, https:\/\/www.hughes.com\/wp-content\/uploads\/webp\/2026\/02\/Icon_Plan-150x150.webp 150w, https:\/\/www.hughes.com\/wp-content\/uploads\/webp\/2026\/02\/Icon_Plan-768x411.webp 768w, https:\/\/www.hughes.com\/wp-content\/uploads\/webp\/2026\/02\/Icon_Plan.webp 1167w\" sizes=\"(max-width: 1167px) 100vw, 1167px\" alt=\"plan icon\" class=\"\" loading=\"lazy\" decoding=\"async\" width=\"1167\" height=\"625\"><\/div><div class=\"tccs-content\"><h3 class=\"h6\">Planen<\/h3><div class=\"desc\"><p>Wir k\u00f6nnen Ihr Netzwerk pr\u00fcfen, konzipieren und technische Beratung anbieten.<\/p>\n<\/div><div class=\"btn-wrap\"><a class=\"btn-link -lg\" href=\"https:\/\/europe.hughes.com\/de\/loesungen\/verwaltete-netzwerkloesungen\/planung-der-netzwerkinfrastruktur\" target=\"_self\" rel=\"nofollow\" aria-label=\"SO GET&#039;S\" ><span>SO GET&#039;S<\/span><\/a><\/div><\/div><\/div><\/div><div class=\"tccs-col cell-lg-4 cell-sm-6\"><div class=\"tccs-item text-center\"><div class=\"tccs-img\"><img src=\"https:\/\/www.hughes.com\/wp-content\/uploads\/webp\/2026\/02\/Icon_Resource.webp\" srcset=\"https:\/\/www.hughes.com\/wp-content\/uploads\/webp\/2026\/02\/Icon_Resource-300x161.webp 300w, https:\/\/www.hughes.com\/wp-content\/uploads\/webp\/2026\/02\/Icon_Resource-1024x548.webp 1024w, https:\/\/www.hughes.com\/wp-content\/uploads\/webp\/2026\/02\/Icon_Resource-150x150.webp 150w, https:\/\/www.hughes.com\/wp-content\/uploads\/webp\/2026\/02\/Icon_Resource-768x411.webp 768w, https:\/\/www.hughes.com\/wp-content\/uploads\/webp\/2026\/02\/Icon_Resource.webp 1167w\" sizes=\"(max-width: 1167px) 100vw, 1167px\" alt=\"resource icon\" class=\"\" loading=\"lazy\" decoding=\"async\" width=\"1167\" height=\"625\"><\/div><div class=\"tccs-content\"><h3 class=\"h6\">Ressourcen<\/h3><div class=\"desc\"><p>Wir beschaffen und lizenzieren alles, was Sie an Netzwerkkonnektivit\u00e4t und Ausr\u00fcstung ben\u00f6tigen.<\/p>\n<\/div><div class=\"btn-wrap\"><a class=\"btn-link -lg\" href=\"https:\/\/europe.hughes.com\/de\/loesungen\/verwaltete-netzwerkloesungen\/beschaffung-der-netzwerktechnologie\" target=\"_self\" rel=\"nofollow\" aria-label=\"SO GEHT&#039;S\" ><span>SO GEHT&#039;S<\/span><\/a><\/div><\/div><\/div><\/div><div class=\"tccs-col cell-lg-4 cell-sm-6\"><div class=\"tccs-item text-center\"><div class=\"tccs-img\"><img src=\"https:\/\/www.hughes.com\/wp-content\/uploads\/webp\/2026\/02\/Icon_Implement.webp\" srcset=\"https:\/\/www.hughes.com\/wp-content\/uploads\/webp\/2026\/02\/Icon_Implement-300x160.webp 300w, https:\/\/www.hughes.com\/wp-content\/uploads\/webp\/2026\/02\/Icon_Implement-1024x547.webp 1024w, https:\/\/www.hughes.com\/wp-content\/uploads\/webp\/2026\/02\/Icon_Implement-150x150.webp 150w, https:\/\/www.hughes.com\/wp-content\/uploads\/webp\/2026\/02\/Icon_Implement-768x410.webp 768w, https:\/\/www.hughes.com\/wp-content\/uploads\/webp\/2026\/02\/Icon_Implement.webp 1171w\" sizes=\"(max-width: 1171px) 100vw, 1171px\" alt=\"implement icon\" class=\"\" loading=\"lazy\" decoding=\"async\" width=\"1171\" height=\"625\"><\/div><div class=\"tccs-content\"><h3 class=\"h6\">Implementieren<\/h3><div class=\"desc\"><p>Wir k\u00f6nnen alle Aspekte Ihrer Netzwerkl\u00f6sung konzipieren, testen, installieren und steuern.<\/p>\n<\/div><div class=\"btn-wrap\"><a class=\"btn-link -lg\" href=\"https:\/\/europe.hughes.com\/de\/loesungen\/verwaltete-netzwerkloesungen\/netzwerkimplementierung\" target=\"_self\" rel=\"nofollow\" aria-label=\"SO GEHT&#039;S\" ><span>SO GEHT&#039;S<\/span><\/a><\/div><\/div><\/div><\/div><div class=\"tccs-col cell-lg-4 cell-sm-6\"><div class=\"tccs-item text-center\"><div class=\"tccs-img\"><img src=\"https:\/\/www.hughes.com\/wp-content\/uploads\/webp\/2026\/02\/Icon_Support.webp\" srcset=\"https:\/\/www.hughes.com\/wp-content\/uploads\/webp\/2026\/02\/Icon_Support-300x161.webp 300w, https:\/\/www.hughes.com\/wp-content\/uploads\/webp\/2026\/02\/Icon_Support-1024x548.webp 1024w, https:\/\/www.hughes.com\/wp-content\/uploads\/webp\/2026\/02\/Icon_Support-150x150.webp 150w, https:\/\/www.hughes.com\/wp-content\/uploads\/webp\/2026\/02\/Icon_Support-768x411.webp 768w, https:\/\/www.hughes.com\/wp-content\/uploads\/webp\/2026\/02\/Icon_Support.webp 1167w\" sizes=\"(max-width: 1167px) 100vw, 1167px\" alt=\"support icon\" class=\"\" loading=\"lazy\" decoding=\"async\" width=\"1167\" height=\"625\"><\/div><div class=\"tccs-content\"><h3 class=\"h6\">Support<\/h3><div class=\"desc\"><p>Wir bieten einen umfassenden Support f\u00fcr Ihr Netzwerk mit einer integrierten L\u00f6sung f\u00fcr Ihr Vorfallmanagement, die Wartung und Hinzuf\u00fcgungen, Umz\u00fcge und \u00c4nderungen.<\/p>\n<\/div><div class=\"btn-wrap\"><a class=\"btn-link -lg\" href=\"https:\/\/europe.hughes.com\/de\/loesungen\/verwaltete-netzwerkloesungen\/wan-support-sd-wan-support\" target=\"_self\" rel=\"nofollow\" aria-label=\"SO GEHT&#039;S\" ><span>SO GEHT&#039;S<\/span><\/a><\/div><\/div><\/div><\/div><div class=\"tccs-col cell-lg-4 cell-sm-6\"><div class=\"tccs-item text-center\"><div class=\"tccs-img\"><img src=\"https:\/\/www.hughes.com\/wp-content\/uploads\/webp\/2026\/02\/Icon_Manage.webp\" srcset=\"https:\/\/www.hughes.com\/wp-content\/uploads\/webp\/2026\/02\/Icon_Manage-300x160.webp 300w, https:\/\/www.hughes.com\/wp-content\/uploads\/webp\/2026\/02\/Icon_Manage-1024x547.webp 1024w, https:\/\/www.hughes.com\/wp-content\/uploads\/webp\/2026\/02\/Icon_Manage-150x150.webp 150w, https:\/\/www.hughes.com\/wp-content\/uploads\/webp\/2026\/02\/Icon_Manage-768x410.webp 768w, https:\/\/www.hughes.com\/wp-content\/uploads\/webp\/2026\/02\/Icon_Manage.webp 1171w\" sizes=\"(max-width: 1171px) 100vw, 1171px\" alt=\"manage icon\" class=\"\" loading=\"lazy\" decoding=\"async\" width=\"1171\" height=\"625\"><\/div><div class=\"tccs-content\"><h3 class=\"h6\">Management<\/h3><div class=\"desc\"><p>Wir k\u00f6nnen Ihr Netzwerk proaktiv \u00fcberwachen und verwalten, um eine optimierte Leistung im Hinblick auf Ausfallsicherheit und Anwendungsverf\u00fcgbarkeit zu gew\u00e4hrleisten.<\/p>\n<\/div><div class=\"btn-wrap\"><a class=\"btn-link -lg\" href=\"https:\/\/europe.hughes.com\/de\/loesungen\/verwaltete-netzwerkloesungen\/verwaltete-netzwerksysteme-netzwerkueberwachung\" target=\"_self\" rel=\"nofollow\" aria-label=\"SO GEHT&#039;S\" ><span>SO GEHT&#039;S<\/span><\/a><\/div><\/div><\/div><\/div><\/div><\/div>\r\n    <\/section>","protected":false},"excerpt":{"rendered":"","protected":false},"author":8,"featured_media":0,"parent":40357,"menu_order":0,"comment_status":"closed","ping_status":"closed","template":"","meta":{"_acf_changed":true,"_searchwp_excluded":"","footnotes":""},"class_list":["post-39929","page","type-page","status-publish","hentry"],"acf":[],"yoast_head":"<!-- This site is optimized with the Yoast SEO plugin v27.3 - https:\/\/yoast.com\/product\/yoast-seo-wordpress\/ -->\n<title>Optimierte WAN-Technologie und -L\u00f6sungen | Hughes Europe<\/title>\n<meta name=\"description\" content=\"Wenn SD-WAN nicht die richtige L\u00f6sung ist, bieten wir optimierte WAN-Technologie f\u00fcr europaweit verteilte Unternehmen. Weitere Informationen \u00fcber Hughes ...\" \/>\n<meta name=\"robots\" content=\"index, follow, max-snippet:-1, max-image-preview:large, max-video-preview:-1\" \/>\n<link rel=\"canonical\" href=\"https:\/\/www.hughes.com\/de\/loesungen\/netzwerk-management\/netzwerk-technologie\/optimiertes-wan\" \/>\n<meta property=\"og:locale\" content=\"de_DE\" \/>\n<meta property=\"og:type\" content=\"article\" \/>\n<meta property=\"og:title\" content=\"Optimierte WAN-Technologie und -L\u00f6sungen | Hughes Europe\" \/>\n<meta property=\"og:description\" content=\"Wenn SD-WAN nicht die richtige L\u00f6sung ist, bieten wir optimierte WAN-Technologie f\u00fcr europaweit verteilte Unternehmen. Weitere Informationen \u00fcber Hughes ...\" \/>\n<meta property=\"og:url\" content=\"https:\/\/www.hughes.com\/de\/loesungen\/netzwerk-management\/netzwerk-technologie\/optimiertes-wan\" \/>\n<meta property=\"og:site_name\" content=\"Hughes\" \/>\n<meta property=\"article:publisher\" content=\"https:\/\/www.facebook.com\/HughesConnects\/\" \/>\n<meta property=\"article:modified_time\" content=\"2026-02-20T02:20:15+00:00\" \/>\n<meta property=\"og:image\" content=\"https:\/\/www.hughes.com\/wp-content\/uploads\/2026\/02\/HughesGlobalOpenGraph.jpg\" \/>\n\t<meta property=\"og:image:width\" content=\"1200\" \/>\n\t<meta property=\"og:image:height\" content=\"630\" \/>\n\t<meta property=\"og:image:type\" content=\"image\/jpeg\" \/>\n<meta name=\"twitter:card\" content=\"summary_large_image\" \/>\n<meta name=\"twitter:site\" content=\"@HughesConnects\" \/>\n<script type=\"application\/ld+json\" class=\"yoast-schema-graph\">{\"@context\":\"https:\\\/\\\/schema.org\",\"@graph\":[{\"@type\":\"WebPage\",\"@id\":\"https:\\\/\\\/www.hughes.com\\\/de\\\/loesungen\\\/netzwerk-management\\\/netzwerk-technologie\\\/optimiertes-wan\",\"url\":\"https:\\\/\\\/www.hughes.com\\\/de\\\/loesungen\\\/netzwerk-management\\\/netzwerk-technologie\\\/optimiertes-wan\",\"name\":\"Optimierte WAN-Technologie und -L\u00f6sungen | Hughes Europe\",\"isPartOf\":{\"@id\":\"https:\\\/\\\/www.hughes.com\\\/de\\\/#website\"},\"datePublished\":\"2026-02-11T03:36:45+00:00\",\"dateModified\":\"2026-02-20T02:20:15+00:00\",\"description\":\"Wenn SD-WAN nicht die richtige L\u00f6sung ist, bieten wir optimierte WAN-Technologie f\u00fcr europaweit verteilte Unternehmen. Weitere Informationen \u00fcber Hughes ...\",\"breadcrumb\":{\"@id\":\"https:\\\/\\\/www.hughes.com\\\/de\\\/loesungen\\\/netzwerk-management\\\/netzwerk-technologie\\\/optimiertes-wan#breadcrumb\"},\"inLanguage\":\"de-DE\",\"potentialAction\":[{\"@type\":\"ReadAction\",\"target\":[\"https:\\\/\\\/www.hughes.com\\\/de\\\/loesungen\\\/netzwerk-management\\\/netzwerk-technologie\\\/optimiertes-wan\"]}]},{\"@type\":\"BreadcrumbList\",\"@id\":\"https:\\\/\\\/www.hughes.com\\\/de\\\/loesungen\\\/netzwerk-management\\\/netzwerk-technologie\\\/optimiertes-wan#breadcrumb\",\"itemListElement\":[{\"@type\":\"ListItem\",\"position\":1,\"name\":\"Home\",\"item\":\"https:\\\/\\\/www.hughes.com\\\/de\"},{\"@type\":\"ListItem\",\"position\":2,\"name\":\"Optimiertes WAN\"}]},{\"@type\":\"WebSite\",\"@id\":\"https:\\\/\\\/www.hughes.com\\\/de\\\/#website\",\"url\":\"https:\\\/\\\/www.hughes.com\\\/de\\\/\",\"name\":\"Hughes\",\"description\":\"\",\"publisher\":{\"@id\":\"https:\\\/\\\/www.hughes.com\\\/de\\\/#organization\"},\"potentialAction\":[{\"@type\":\"SearchAction\",\"target\":{\"@type\":\"EntryPoint\",\"urlTemplate\":\"https:\\\/\\\/www.hughes.com\\\/de\\\/?s={search_term_string}\"},\"query-input\":{\"@type\":\"PropertyValueSpecification\",\"valueRequired\":true,\"valueName\":\"search_term_string\"}}],\"inLanguage\":\"de-DE\"},{\"@type\":\"Organization\",\"@id\":\"https:\\\/\\\/www.hughes.com\\\/de\\\/#organization\",\"name\":\"Hughes\",\"url\":\"https:\\\/\\\/www.hughes.com\\\/de\\\/\",\"logo\":{\"@type\":\"ImageObject\",\"inLanguage\":\"de-DE\",\"@id\":\"https:\\\/\\\/www.hughes.com\\\/de\\\/#\\\/schema\\\/logo\\\/image\\\/\",\"url\":\"https:\\\/\\\/www.hughes.com\\\/wp-content\\\/uploads\\\/2026\\\/02\\\/HughesEchoStar_Logo.png\",\"contentUrl\":\"https:\\\/\\\/www.hughes.com\\\/wp-content\\\/uploads\\\/2026\\\/02\\\/HughesEchoStar_Logo.png\",\"width\":593,\"height\":213,\"caption\":\"Hughes\"},\"image\":{\"@id\":\"https:\\\/\\\/www.hughes.com\\\/de\\\/#\\\/schema\\\/logo\\\/image\\\/\"},\"sameAs\":[\"https:\\\/\\\/www.facebook.com\\\/HughesConnects\\\/\",\"https:\\\/\\\/x.com\\\/HughesConnects\",\"https:\\\/\\\/www.youtube.com\\\/user\\\/HughesTV\\\/videos\",\"https:\\\/\\\/www.linkedin.com\\\/company\\\/3569\\\/admin\\\/dashboard\\\/\"]}]}<\/script>\n<!-- \/ Yoast SEO plugin. -->","yoast_head_json":{"title":"Optimierte WAN-Technologie und -L\u00f6sungen | Hughes Europe","description":"Wenn SD-WAN nicht die richtige L\u00f6sung ist, bieten wir optimierte WAN-Technologie f\u00fcr europaweit verteilte Unternehmen. Weitere Informationen \u00fcber Hughes ...","robots":{"index":"index","follow":"follow","max-snippet":"max-snippet:-1","max-image-preview":"max-image-preview:large","max-video-preview":"max-video-preview:-1"},"canonical":"https:\/\/www.hughes.com\/de\/loesungen\/netzwerk-management\/netzwerk-technologie\/optimiertes-wan","og_locale":"de_DE","og_type":"article","og_title":"Optimierte WAN-Technologie und -L\u00f6sungen | Hughes Europe","og_description":"Wenn SD-WAN nicht die richtige L\u00f6sung ist, bieten wir optimierte WAN-Technologie f\u00fcr europaweit verteilte Unternehmen. Weitere Informationen \u00fcber Hughes ...","og_url":"https:\/\/www.hughes.com\/de\/loesungen\/netzwerk-management\/netzwerk-technologie\/optimiertes-wan","og_site_name":"Hughes","article_publisher":"https:\/\/www.facebook.com\/HughesConnects\/","article_modified_time":"2026-02-20T02:20:15+00:00","og_image":[{"width":1200,"height":630,"url":"https:\/\/www.hughes.com\/wp-content\/uploads\/2026\/02\/HughesGlobalOpenGraph.jpg","type":"image\/jpeg"}],"twitter_card":"summary_large_image","twitter_site":"@HughesConnects","schema":{"@context":"https:\/\/schema.org","@graph":[{"@type":"WebPage","@id":"https:\/\/www.hughes.com\/de\/loesungen\/netzwerk-management\/netzwerk-technologie\/optimiertes-wan","url":"https:\/\/www.hughes.com\/de\/loesungen\/netzwerk-management\/netzwerk-technologie\/optimiertes-wan","name":"Optimierte WAN-Technologie und -L\u00f6sungen | Hughes Europe","isPartOf":{"@id":"https:\/\/www.hughes.com\/de\/#website"},"datePublished":"2026-02-11T03:36:45+00:00","dateModified":"2026-02-20T02:20:15+00:00","description":"Wenn SD-WAN nicht die richtige L\u00f6sung ist, bieten wir optimierte WAN-Technologie f\u00fcr europaweit verteilte Unternehmen. Weitere Informationen \u00fcber Hughes ...","breadcrumb":{"@id":"https:\/\/www.hughes.com\/de\/loesungen\/netzwerk-management\/netzwerk-technologie\/optimiertes-wan#breadcrumb"},"inLanguage":"de-DE","potentialAction":[{"@type":"ReadAction","target":["https:\/\/www.hughes.com\/de\/loesungen\/netzwerk-management\/netzwerk-technologie\/optimiertes-wan"]}]},{"@type":"BreadcrumbList","@id":"https:\/\/www.hughes.com\/de\/loesungen\/netzwerk-management\/netzwerk-technologie\/optimiertes-wan#breadcrumb","itemListElement":[{"@type":"ListItem","position":1,"name":"Home","item":"https:\/\/www.hughes.com\/de"},{"@type":"ListItem","position":2,"name":"Optimiertes WAN"}]},{"@type":"WebSite","@id":"https:\/\/www.hughes.com\/de\/#website","url":"https:\/\/www.hughes.com\/de\/","name":"Hughes","description":"","publisher":{"@id":"https:\/\/www.hughes.com\/de\/#organization"},"potentialAction":[{"@type":"SearchAction","target":{"@type":"EntryPoint","urlTemplate":"https:\/\/www.hughes.com\/de\/?s={search_term_string}"},"query-input":{"@type":"PropertyValueSpecification","valueRequired":true,"valueName":"search_term_string"}}],"inLanguage":"de-DE"},{"@type":"Organization","@id":"https:\/\/www.hughes.com\/de\/#organization","name":"Hughes","url":"https:\/\/www.hughes.com\/de\/","logo":{"@type":"ImageObject","inLanguage":"de-DE","@id":"https:\/\/www.hughes.com\/de\/#\/schema\/logo\/image\/","url":"https:\/\/www.hughes.com\/wp-content\/uploads\/2026\/02\/HughesEchoStar_Logo.png","contentUrl":"https:\/\/www.hughes.com\/wp-content\/uploads\/2026\/02\/HughesEchoStar_Logo.png","width":593,"height":213,"caption":"Hughes"},"image":{"@id":"https:\/\/www.hughes.com\/de\/#\/schema\/logo\/image\/"},"sameAs":["https:\/\/www.facebook.com\/HughesConnects\/","https:\/\/x.com\/HughesConnects","https:\/\/www.youtube.com\/user\/HughesTV\/videos","https:\/\/www.linkedin.com\/company\/3569\/admin\/dashboard\/"]}]}},"_links":{"self":[{"href":"https:\/\/www.hughes.com\/de\/wp-json\/wp\/v2\/pages\/39929","targetHints":{"allow":["GET"]}}],"collection":[{"href":"https:\/\/www.hughes.com\/de\/wp-json\/wp\/v2\/pages"}],"about":[{"href":"https:\/\/www.hughes.com\/de\/wp-json\/wp\/v2\/types\/page"}],"author":[{"embeddable":true,"href":"https:\/\/www.hughes.com\/de\/wp-json\/wp\/v2\/users\/8"}],"replies":[{"embeddable":true,"href":"https:\/\/www.hughes.com\/de\/wp-json\/wp\/v2\/comments?post=39929"}],"version-history":[{"count":0,"href":"https:\/\/www.hughes.com\/de\/wp-json\/wp\/v2\/pages\/39929\/revisions"}],"up":[{"embeddable":true,"href":"https:\/\/www.hughes.com\/de\/wp-json\/wp\/v2\/pages\/40357"}],"wp:attachment":[{"href":"https:\/\/www.hughes.com\/de\/wp-json\/wp\/v2\/media?parent=39929"}],"curies":[{"name":"wp","href":"https:\/\/api.w.org\/{rel}","templated":true}]}}