{"id":39844,"date":"2026-02-10T21:02:50","date_gmt":"2026-02-10T21:02:50","guid":{"rendered":"https:\/\/hughes1stg.wpenginepowered.com\/network-management"},"modified":"2026-02-20T00:48:41","modified_gmt":"2026-02-20T00:48:41","slug":"network-management","status":"publish","type":"page","link":"https:\/\/www.hughes.com\/de\/loesungen\/netzwerk-management","title":{"rendered":"Netzwerkmanagement"},"content":{"rendered":"<!-- Solution Hero --><section class=\"solution-hero-section\">\r\n    <div class=\"shs-wrapper bg-dark border-radius-bottom-lr\">\r\n        <div class=\"shs-hero\"><div class=\"shs-bg-media\"><img src=\"https:\/\/www.hughes.com\/wp-content\/uploads\/2026\/02\/hughes_web_banner_05.jpeg.webp\" srcset=\"https:\/\/www.hughes.com\/wp-content\/uploads\/2026\/02\/hughes_web_banner_05.jpeg.webp 1280w, https:\/\/www.hughes.com\/wp-content\/uploads\/2026\/02\/hughes_web_banner_05.jpeg-300x113.webp 300w, https:\/\/www.hughes.com\/wp-content\/uploads\/2026\/02\/hughes_web_banner_05.jpeg-1024x384.webp 1024w, https:\/\/www.hughes.com\/wp-content\/uploads\/2026\/02\/hughes_web_banner_05.jpeg-768x288.webp 768w\" sizes=\"(max-width: 1280px) 100vw, 1280px\" alt=\"Network management banner\" class=\"\" loading=\"eager\" decoding=\"async\" width=\"1280\" height=\"480\" fetchpriority=\"high\"><\/div><div class=\"container\">\r\n                <div class=\"shs-hero-content\"><h1 class=\"h1 title\">Netzwerkmanagement<\/h1><\/div>\r\n            <\/div><\/div><div class=\"shs-overview\">\r\n                <div class=\"container\">\r\n                    <div class=\"shs-overview-content row\"><div class=\"introduction -lg cell-12\"><h4>Wir sind technologieunabh\u00e4ngig. Unsere L\u00f6sungen f\u00fcr das Netzwerkmanagement sind auf die beste Technologie f\u00fcr die Bed\u00fcrfnisse Ihres Unternehmens ausgerichtet.<\/h4>\n<\/div><div class=\"left-column -lg cell-md-6\"><h2>Verwaltete Konnektivit\u00e4t<\/h2>\n<p>Wir verringern die Komplexit\u00e4t der Verwaltung von Netzwerken an mehreren Standorten und stellen Ihnen die effektivsten Konnektivit\u00e4tsl\u00f6sungen zur Verf\u00fcgung, die genau auf die Anforderungen Ihres verteilten Unternehmens zugeschnitten sind. Unsere Managed-Wide-Area-Network-Services sorgen f\u00fcr durchg\u00e4ngige <a href=\"https:\/\/europe.hughes.com\/de\/loesungen\/netzwerksicherheitsdienste\/geschaeftskontinuitaets-dienste\">Gesch\u00e4ftskontinuit\u00e4t<\/a> und gleichzeitig f\u00fcr Agilit\u00e4t und Skalierbarkeit. Sie bieten maximale Effizienz und Vorhersagbarkeit zur Unterst\u00fctzung Ihres Unternehmenswachstums.<\/p>\n<p>Dank der richtigen Partnerschaften, Kompetenzen und Erfahrungen k\u00f6nnen wir umfassende <a href=\"https:\/\/europe.hughes.com\/de\/loesungen\/netzwerk-management\/managed-connectivity-services\">Managed-Connectivity-Dienste<\/a> in ganz Europa anbieten. Dadurch profitieren unsere Kunden von einer ausfallsicheren, hochverf\u00fcgbaren L\u00f6sung ohne die komplexe Verwaltung von Beziehungen zu mehreren Anbietern \u2013 egal, wo sich ihre Standorte befinden.<\/p>\n<p><a href=\"https:\/\/europe.hughes.com\/de\/loesungen\/netzwerk-management\/managed-connectivity-services\"><strong>Weitere Informationen \u00fcber unsere Managed-Connectivity-L\u00f6sungen &gt;<\/strong><\/a><\/p>\n<\/div><div class=\"right-column -lg cell-md-6\"><h2>Verwaltete SD-WAN-L\u00f6sungen<\/h2>\n<p>Unser verwalteter SD-WAN-Dienst erleichtert es Ihrem Unternehmen, die wachsenden Erwartungen von Kunden und Mitarbeitern zu erf\u00fcllen. Durch die zentrale <a href=\"https:\/\/europe.hughes.com\/de\/loesungen\/verwaltete-netzwerkloesungen\/verwaltete-netzwerksysteme-netzwerkueberwachung\">\u00dcberwachung und Verwaltung<\/a> Ihres Netzwerks optimieren wir Ihre Netzwerkkapazit\u00e4t, -verf\u00fcgbarkeit und -leistung bei gleichzeitiger Senkung der IT- und Wartungskosten.<\/p>\n<p>Bei Hughes Europe h\u00f6ren wir uns Ihre Bed\u00fcrfnisse und Herausforderungen gut an und entwickeln dann eine SD-WAN-L\u00f6sung, die genau Ihren Anforderungen entspricht. Durch die Nutzung der komplement\u00e4ren F\u00e4higkeiten und Technologien unseres umfangreichen Partner-\u00d6kosystems und durch die Implementierung einer neuen WAN-Architektur kann unsere Netzwerkmanagementl\u00f6sung Netzwerkfunktionen wie Routing, Sicherheit und <a href=\"https:\/\/europe.hughes.com\/de\/loesungen\/verwaltete-netzwerkloesungen\/wan-support-sd-wan-support\">WAN-Support-Optimierung<\/a> zusammenf\u00fchren und an allen Standorten hochwertige Dienste bereitstellen.<\/p>\n<p><a href=\"https:\/\/europe.hughes.com\/de\/loesungen\/netzwerk-management\/verwaltete-sd-wan-loesungen\"><strong>Weitere Informationen \u00fcber unsere verwalteten SD-WAN-L\u00f6sungen &gt;<\/strong><\/a><\/p>\n<\/div><\/div>\r\n                <\/div>\r\n            <\/div><\/div>\r\n<\/section>\n\n<!-- Two-Column Content --><section class=\"two-column-content-section space-lg-m\">\r\n        <div class=\"container\"><div class=\"tccs-row row\"><div class=\"tccs-row-left cell-md-6\"><div class=\"tccs-image-block\">\r\n                                        <div class=\"tccs-image\"><img src=\"https:\/\/www.hughes.com\/wp-content\/uploads\/2026\/02\/Solutions_Technology_WAN-Technology_01.png.webp\" srcset=\"https:\/\/www.hughes.com\/wp-content\/uploads\/2026\/02\/Solutions_Technology_WAN-Technology_01.png.webp 500w, https:\/\/www.hughes.com\/wp-content\/uploads\/2026\/02\/Solutions_Technology_WAN-Technology_01.png-300x270.webp 300w\" sizes=\"auto, (max-width: 500px) 100vw, 500px\" alt=\"Solutions_Technology_WAN Technology\" class=\"\" loading=\"lazy\" decoding=\"async\" width=\"500\" height=\"450\"><\/div>\r\n                                    <\/div><\/div><div class=\"tccs-row-right cell-md-6\"><div class=\"tccs-text-block bullet-styled\"><h2>SD-WAN-Technologie<\/h2>\n<p>Auf dem Markt f\u00fcr <a href=\"https:\/\/europe.hughes.com\/de\/loesungen\/netzwerk-management\/sd-wan-technologie\">SD-WAN-Technologie<\/a> gibt es zahlreiche verschiedene Ans\u00e4tze f\u00fcr das Netzwerkmanagement und die Nutzung der potenziellen Vorteile, die diese Technologie bieten kann. Das kann oft verwirrend sein und die Entscheidung erschweren, ob sie sich f\u00fcr Ihr Unternehmen eignet oder nicht \u2013 und wenn ja, welche Option Sie w\u00e4hlen sollten.<\/p>\n<p>Mit unserem Multi-Vendor-Ansatz nutzen wir die M\u00f6glichkeiten der neuesten Technologie, um hochwertige, flexible <a href=\"https:\/\/europe.hughes.com\/de\/loesungen\/verwaltete-netzwerkloesungen\">Managed-Network-L\u00f6sungen<\/a> anzubieten, die die wirtschaftlichen Ziele Ihres Unternehmens erf\u00fcllen und Ihnen einen Wettbewerbsvorteil verschaffen.<\/p>\n<\/div><div class=\"btn-wrap\"><a class=\"btn\" href=\"https:\/\/europe.hughes.com\/de\/loesungen\/netzwerk-management\/sd-wan-technologie\" target=\"_self\" rel=\"nofollow\" aria-label=\"Weitere Informationen \u00fcber unsere L\u00f6sungen auf Basis von SD-WAN-Technologie\" >Weitere Informationen \u00fcber unsere L\u00f6sungen auf Basis von SD-WAN-Technologie<\/a><\/div><\/div><\/div><\/div>\r\n    <\/section>\r\n<!-- <script>\r\nwindow.hasClicked = window.hasClicked || {};\r\njQuery(document).on('gform_confirmation_loaded', function(event, formId) {\r\n    const formBlocks = document.querySelectorAll('.two-column-content-section .tccs-form-block');\r\n\r\n    formBlocks.forEach(block => {\r\n        const thankYou = block.querySelector('.tccs-thank-you');\r\n\r\n        const leftLink = block.querySelector('[class^=\"left-redirect-link-\"]');\r\n        if(leftLink) {\r\n            const linkFormId = parseInt(leftLink.getAttribute('title'));\r\n            if(!isNaN(linkFormId) && formId === linkFormId) {\r\n                if(thankYou) thankYou.classList.remove('d-none');\r\n                const index = leftLink.className.match(\/left-redirect-link-(\\d+)\/)[1];\r\n                if(!window.hasClicked[index]) {\r\n                    window.hasClicked[index] = true;\r\n                    leftLink.click();\r\n                }\r\n            }\r\n        }\r\n\r\n        const rightLink = block.querySelector('[class^=\"right-redirect-link-\"]');\r\n        if(rightLink) {\r\n            const linkFormId = parseInt(rightLink.getAttribute('title'));\r\n            if(!isNaN(linkFormId) && formId === linkFormId) {\r\n                if(thankYou) thankYou.classList.remove('d-none');\r\n                const index = rightLink.className.match(\/right-redirect-link-(\\d+)\/)[1];\r\n                if(!window.hasClicked[index]) {\r\n                    window.hasClicked[index] = true;\r\n                    rightLink.click();\r\n                }\r\n            }\r\n        }\r\n\r\n    });\r\n});\r\n<\/script> -->\r\n\n\n<!-- Two-Column Content --><section class=\"two-column-content-section space-lg-m\">\r\n        <div class=\"container\"><div class=\"tccs-row row\"><div class=\"tccs-row-left cell-md-6\"><div class=\"tccs-text-block bullet-styled\"><h2>Verwaltete SD-Branch-L\u00f6sungen<\/h2>\n<p><a href=\"https:\/\/europe.hughes.com\/de\/loesungen\/netzwerk-management\/sd-branch\">SD-Branch<\/a> bietet ein vollst\u00e4ndig integriertes Netzwerkmanagement und die \u00dcberwachung Ihres WAN, <a href=\"https:\/\/europe.hughes.com\/de\/loesungen\/netzwerk-management\/verwaltete-lan-loesungen\">Managed LAN<\/a>, WLAN und Sicherheit. Damit erhalten Sie bessere Agilit\u00e4t, Skalierbarkeit und Kontrolle sowie eine zentrale L\u00f6sung f\u00fcr jeden Aspekt Ihrer Konnektivit\u00e4t. Bei Hughes Europe k\u00f6nnen wir den besten SD-Branch-Service f\u00fcr Ihre Bed\u00fcrfnisse anbieten, denn wir arbeiten mit einer Vielzahl von Anbietern zusammen und setzen die neuesten Netzwerkl\u00f6sungen ein.<\/p>\n<p>SD-Branch verringert die Komplexit\u00e4t der heutigen Netzwerktechnologie innerhalb von und \u00fcber mehrere Filialen hinweg, verbessert die Leistung und bietet eine Plattform zur einfachen, zuverl\u00e4ssigen und sicheren Integration neuer Anwendungen, wenn sich Ihre digitale Strategie weiterentwickelt. SD-Branch removes the complexity of today&#8217;s connected technology within and across multiple branches, enhancing performance and providing a platform to integrate new applications with ease, reliability and security as your digital strategy evolves.<\/p>\n<\/div><div class=\"btn-wrap\"><a class=\"btn\" href=\"https:\/\/europe.hughes.com\/de\/loesungen\/netzwerk-management\/sd-branch\" target=\"_self\" rel=\"nofollow\" aria-label=\"Weitere Informationen \u00fcber unsere verwalteten SD-Branch-L\u00f6sungen \" >Weitere Informationen \u00fcber unsere verwalteten SD-Branch-L\u00f6sungen <\/a><\/div><\/div><div class=\"tccs-row-right cell-md-6\"><div class=\"tccs-image-block\">\r\n                                        <div class=\"tccs-image\"><img src=\"https:\/\/www.hughes.com\/wp-content\/uploads\/2026\/02\/Solutions_Networks_SD-Branch-_01.png.webp\" srcset=\"https:\/\/www.hughes.com\/wp-content\/uploads\/2026\/02\/Solutions_Networks_SD-Branch-_01.png.webp 500w, https:\/\/www.hughes.com\/wp-content\/uploads\/2026\/02\/Solutions_Networks_SD-Branch-_01.png-300x270.webp 300w\" sizes=\"auto, (max-width: 500px) 100vw, 500px\" alt=\"Solutions_Networks_SD-Branch\" class=\"\" loading=\"lazy\" decoding=\"async\" width=\"500\" height=\"450\"><\/div>\r\n                                    <\/div><\/div><\/div><\/div>\r\n    <\/section>\r\n<!-- <script>\r\nwindow.hasClicked = window.hasClicked || {};\r\njQuery(document).on('gform_confirmation_loaded', function(event, formId) {\r\n    const formBlocks = document.querySelectorAll('.two-column-content-section .tccs-form-block');\r\n\r\n    formBlocks.forEach(block => {\r\n        const thankYou = block.querySelector('.tccs-thank-you');\r\n\r\n        const leftLink = block.querySelector('[class^=\"left-redirect-link-\"]');\r\n        if(leftLink) {\r\n            const linkFormId = parseInt(leftLink.getAttribute('title'));\r\n            if(!isNaN(linkFormId) && formId === linkFormId) {\r\n                if(thankYou) thankYou.classList.remove('d-none');\r\n                const index = leftLink.className.match(\/left-redirect-link-(\\d+)\/)[1];\r\n                if(!window.hasClicked[index]) {\r\n                    window.hasClicked[index] = true;\r\n                    leftLink.click();\r\n                }\r\n            }\r\n        }\r\n\r\n        const rightLink = block.querySelector('[class^=\"right-redirect-link-\"]');\r\n        if(rightLink) {\r\n            const linkFormId = parseInt(rightLink.getAttribute('title'));\r\n            if(!isNaN(linkFormId) && formId === linkFormId) {\r\n                if(thankYou) thankYou.classList.remove('d-none');\r\n                const index = rightLink.className.match(\/right-redirect-link-(\\d+)\/)[1];\r\n                if(!window.hasClicked[index]) {\r\n                    window.hasClicked[index] = true;\r\n                    rightLink.click();\r\n                }\r\n            }\r\n        }\r\n\r\n    });\r\n});\r\n<\/script> -->\r\n\n\n<!-- Two-Column Content --><section class=\"two-column-content-section space-lg-m\">\r\n        <div class=\"container\"><div class=\"tccs-row row\"><div class=\"tccs-row-left cell-md-6\"><div class=\"tccs-image-block\">\r\n                                        <div class=\"tccs-image\"><img src=\"https:\/\/www.hughes.com\/wp-content\/uploads\/2026\/02\/Solutions_Networks_Managed-LAN_01.png.webp\" srcset=\"https:\/\/www.hughes.com\/wp-content\/uploads\/2026\/02\/Solutions_Networks_Managed-LAN_01.png.webp 500w, https:\/\/www.hughes.com\/wp-content\/uploads\/2026\/02\/Solutions_Networks_Managed-LAN_01.png-300x270.webp 300w\" sizes=\"auto, (max-width: 500px) 100vw, 500px\" alt=\"Solutions_Networks_Managed-LAN\" class=\"\" loading=\"lazy\" decoding=\"async\" width=\"500\" height=\"450\"><\/div>\r\n                                    <\/div><\/div><div class=\"tccs-row-right cell-md-6\"><div class=\"tccs-text-block bullet-styled\"><h2>Verwaltete LAN-L\u00f6sungen<\/h2>\n<p>Unsere durchg\u00e4ngigen, verwalteten <a href=\"https:\/\/europe.hughes.com\/de\/loesungen\/netzwerk-management\/verwaltete-lan-loesungen\">LAN-Services<\/a> bieten eine einheitliche L\u00f6sung f\u00fcr das Netzwerkmanagement zur Verbindung von Menschen, Orten und Ressourcen an Ihren verteilten Standorten. Sie umfassen alles, was Sie f\u00fcr eine st\u00f6rungsfreie Konnektivit\u00e4t ben\u00f6tigen.<\/p>\n<p>Abgestimmt auf die Bed\u00fcrfnisse Ihres Unternehmens k\u00f6nnen wir mit Hughes Managed LAN alles von der Einrichtung \u00fcber die Installation bis hin zum Support und der Berichterstattung \u00fcbernehmen \u2013 oder nur die Elemente, die Sie ben\u00f6tigen. Das kann entweder als umfassender unternehmensweiter Service oder mit branchenspezifischem Support geschehen.<\/p>\n<\/div><div class=\"btn-wrap\"><a class=\"btn\" href=\"https:\/\/europe.hughes.com\/de\/loesungen\/netzwerk-management\/verwaltete-lan-loesungen\" target=\"_self\" rel=\"nofollow\" aria-label=\"Weitere Informationen \u00fcber unsere verwalteten LAN-Services\" >Weitere Informationen \u00fcber unsere verwalteten LAN-Services<\/a><\/div><\/div><\/div><\/div>\r\n    <\/section>\r\n<!-- <script>\r\nwindow.hasClicked = window.hasClicked || {};\r\njQuery(document).on('gform_confirmation_loaded', function(event, formId) {\r\n    const formBlocks = document.querySelectorAll('.two-column-content-section .tccs-form-block');\r\n\r\n    formBlocks.forEach(block => {\r\n        const thankYou = block.querySelector('.tccs-thank-you');\r\n\r\n        const leftLink = block.querySelector('[class^=\"left-redirect-link-\"]');\r\n        if(leftLink) {\r\n            const linkFormId = parseInt(leftLink.getAttribute('title'));\r\n            if(!isNaN(linkFormId) && formId === linkFormId) {\r\n                if(thankYou) thankYou.classList.remove('d-none');\r\n                const index = leftLink.className.match(\/left-redirect-link-(\\d+)\/)[1];\r\n                if(!window.hasClicked[index]) {\r\n                    window.hasClicked[index] = true;\r\n                    leftLink.click();\r\n                }\r\n            }\r\n        }\r\n\r\n        const rightLink = block.querySelector('[class^=\"right-redirect-link-\"]');\r\n        if(rightLink) {\r\n            const linkFormId = parseInt(rightLink.getAttribute('title'));\r\n            if(!isNaN(linkFormId) && formId === linkFormId) {\r\n                if(thankYou) thankYou.classList.remove('d-none');\r\n                const index = rightLink.className.match(\/right-redirect-link-(\\d+)\/)[1];\r\n                if(!window.hasClicked[index]) {\r\n                    window.hasClicked[index] = true;\r\n                    rightLink.click();\r\n                }\r\n            }\r\n        }\r\n\r\n    });\r\n});\r\n<\/script> -->\r\n\n\n<!-- Full-Width CTA --><section class=\"full-width-cta-section border-radius-top-lr center bg-dark\">\r\n        <div class=\"container\">\r\n            <div class=\"fwc-row row align-items-center\"><div class=\"fwc-left cell-12\">\r\n                        <div class=\"fwc-content\"><h2 class=\"fwc-title\">Entdecken Sie, wie unsere Netzwerkmanagementdienste Ihrem Unternehmen helfen k\u00f6nnen.<\/h2><div class=\"btn-wrap\"><a class=\"btn\" href=\"https:\/\/www.hughes.com\/sites\/hughes.com\/files\/2024-08\/Hughes-WhitePaper-Final_0.pdf\" target=\"_self\" rel=\"nofollow\" aria-label=\"Lesen Sie jetzt unser E-Book\" >Lesen Sie jetzt unser E-Book<\/a><\/div><\/div><\/div><\/div>\r\n        <\/div>\r\n    <\/section>","protected":false},"excerpt":{"rendered":"","protected":false},"author":8,"featured_media":0,"parent":40349,"menu_order":0,"comment_status":"closed","ping_status":"closed","template":"","meta":{"_acf_changed":true,"_searchwp_excluded":"","footnotes":""},"class_list":["post-39844","page","type-page","status-publish","hentry"],"acf":[],"yoast_head":"<!-- This site is optimized with the Yoast SEO plugin v27.3 - https:\/\/yoast.com\/product\/yoast-seo-wordpress\/ -->\n<title>Netzwerkmanagement | Europe.Hughes.com<\/title>\n<meta name=\"description\" content=\"Unser verwalteter SD-WAN-Dienst erleichtert es Ihrem Unternehmen, die wachsenden Erwartungen von Kunden und Mitarbeitern zu erf\u00fcllen. Besuchen Sie uns, um mehr dar\u00fcber zu erfahren.\" \/>\n<meta name=\"robots\" content=\"index, follow, max-snippet:-1, max-image-preview:large, max-video-preview:-1\" \/>\n<link rel=\"canonical\" href=\"https:\/\/www.hughes.com\/de\/loesungen\/netzwerk-management\" \/>\n<meta property=\"og:locale\" content=\"de_DE\" \/>\n<meta property=\"og:type\" content=\"article\" \/>\n<meta property=\"og:title\" content=\"Netzwerkmanagement | Europe.Hughes.com\" \/>\n<meta property=\"og:description\" content=\"Unser verwalteter SD-WAN-Dienst erleichtert es Ihrem Unternehmen, die wachsenden Erwartungen von Kunden und Mitarbeitern zu erf\u00fcllen. Besuchen Sie uns, um mehr dar\u00fcber zu erfahren.\" \/>\n<meta property=\"og:url\" content=\"https:\/\/www.hughes.com\/de\/loesungen\/netzwerk-management\" \/>\n<meta property=\"og:site_name\" content=\"Hughes\" \/>\n<meta property=\"article:publisher\" content=\"https:\/\/www.facebook.com\/HughesConnects\/\" \/>\n<meta property=\"article:modified_time\" content=\"2026-02-20T00:48:41+00:00\" \/>\n<meta property=\"og:image\" content=\"https:\/\/www.hughes.com\/wp-content\/uploads\/2026\/02\/HughesGlobalOpenGraph.jpg\" \/>\n\t<meta property=\"og:image:width\" content=\"1200\" \/>\n\t<meta property=\"og:image:height\" content=\"630\" \/>\n\t<meta property=\"og:image:type\" content=\"image\/jpeg\" \/>\n<meta name=\"twitter:card\" content=\"summary_large_image\" \/>\n<meta name=\"twitter:site\" content=\"@HughesConnects\" \/>\n<script type=\"application\/ld+json\" class=\"yoast-schema-graph\">{\"@context\":\"https:\\\/\\\/schema.org\",\"@graph\":[{\"@type\":\"WebPage\",\"@id\":\"https:\\\/\\\/www.hughes.com\\\/de\\\/loesungen\\\/netzwerk-management\",\"url\":\"https:\\\/\\\/www.hughes.com\\\/de\\\/loesungen\\\/netzwerk-management\",\"name\":\"Netzwerkmanagement | Europe.Hughes.com\",\"isPartOf\":{\"@id\":\"https:\\\/\\\/www.hughes.com\\\/de\\\/#website\"},\"datePublished\":\"2026-02-10T21:02:50+00:00\",\"dateModified\":\"2026-02-20T00:48:41+00:00\",\"description\":\"Unser verwalteter SD-WAN-Dienst erleichtert es Ihrem Unternehmen, die wachsenden Erwartungen von Kunden und Mitarbeitern zu erf\u00fcllen. Besuchen Sie uns, um mehr dar\u00fcber zu erfahren.\",\"breadcrumb\":{\"@id\":\"https:\\\/\\\/www.hughes.com\\\/de\\\/loesungen\\\/netzwerk-management#breadcrumb\"},\"inLanguage\":\"de-DE\",\"potentialAction\":[{\"@type\":\"ReadAction\",\"target\":[\"https:\\\/\\\/www.hughes.com\\\/de\\\/loesungen\\\/netzwerk-management\"]}]},{\"@type\":\"BreadcrumbList\",\"@id\":\"https:\\\/\\\/www.hughes.com\\\/de\\\/loesungen\\\/netzwerk-management#breadcrumb\",\"itemListElement\":[{\"@type\":\"ListItem\",\"position\":1,\"name\":\"Home\",\"item\":\"https:\\\/\\\/www.hughes.com\\\/de\"},{\"@type\":\"ListItem\",\"position\":2,\"name\":\"Netzwerkmanagement\"}]},{\"@type\":\"WebSite\",\"@id\":\"https:\\\/\\\/www.hughes.com\\\/de\\\/#website\",\"url\":\"https:\\\/\\\/www.hughes.com\\\/de\\\/\",\"name\":\"Hughes\",\"description\":\"\",\"publisher\":{\"@id\":\"https:\\\/\\\/www.hughes.com\\\/de\\\/#organization\"},\"potentialAction\":[{\"@type\":\"SearchAction\",\"target\":{\"@type\":\"EntryPoint\",\"urlTemplate\":\"https:\\\/\\\/www.hughes.com\\\/de\\\/?s={search_term_string}\"},\"query-input\":{\"@type\":\"PropertyValueSpecification\",\"valueRequired\":true,\"valueName\":\"search_term_string\"}}],\"inLanguage\":\"de-DE\"},{\"@type\":\"Organization\",\"@id\":\"https:\\\/\\\/www.hughes.com\\\/de\\\/#organization\",\"name\":\"Hughes\",\"url\":\"https:\\\/\\\/www.hughes.com\\\/de\\\/\",\"logo\":{\"@type\":\"ImageObject\",\"inLanguage\":\"de-DE\",\"@id\":\"https:\\\/\\\/www.hughes.com\\\/de\\\/#\\\/schema\\\/logo\\\/image\\\/\",\"url\":\"https:\\\/\\\/www.hughes.com\\\/wp-content\\\/uploads\\\/2026\\\/02\\\/HughesEchoStar_Logo.png\",\"contentUrl\":\"https:\\\/\\\/www.hughes.com\\\/wp-content\\\/uploads\\\/2026\\\/02\\\/HughesEchoStar_Logo.png\",\"width\":593,\"height\":213,\"caption\":\"Hughes\"},\"image\":{\"@id\":\"https:\\\/\\\/www.hughes.com\\\/de\\\/#\\\/schema\\\/logo\\\/image\\\/\"},\"sameAs\":[\"https:\\\/\\\/www.facebook.com\\\/HughesConnects\\\/\",\"https:\\\/\\\/x.com\\\/HughesConnects\",\"https:\\\/\\\/www.youtube.com\\\/user\\\/HughesTV\\\/videos\",\"https:\\\/\\\/www.linkedin.com\\\/company\\\/3569\\\/admin\\\/dashboard\\\/\"]}]}<\/script>\n<!-- \/ Yoast SEO plugin. -->","yoast_head_json":{"title":"Netzwerkmanagement | Europe.Hughes.com","description":"Unser verwalteter SD-WAN-Dienst erleichtert es Ihrem Unternehmen, die wachsenden Erwartungen von Kunden und Mitarbeitern zu erf\u00fcllen. Besuchen Sie uns, um mehr dar\u00fcber zu erfahren.","robots":{"index":"index","follow":"follow","max-snippet":"max-snippet:-1","max-image-preview":"max-image-preview:large","max-video-preview":"max-video-preview:-1"},"canonical":"https:\/\/www.hughes.com\/de\/loesungen\/netzwerk-management","og_locale":"de_DE","og_type":"article","og_title":"Netzwerkmanagement | Europe.Hughes.com","og_description":"Unser verwalteter SD-WAN-Dienst erleichtert es Ihrem Unternehmen, die wachsenden Erwartungen von Kunden und Mitarbeitern zu erf\u00fcllen. Besuchen Sie uns, um mehr dar\u00fcber zu erfahren.","og_url":"https:\/\/www.hughes.com\/de\/loesungen\/netzwerk-management","og_site_name":"Hughes","article_publisher":"https:\/\/www.facebook.com\/HughesConnects\/","article_modified_time":"2026-02-20T00:48:41+00:00","og_image":[{"width":1200,"height":630,"url":"https:\/\/www.hughes.com\/wp-content\/uploads\/2026\/02\/HughesGlobalOpenGraph.jpg","type":"image\/jpeg"}],"twitter_card":"summary_large_image","twitter_site":"@HughesConnects","schema":{"@context":"https:\/\/schema.org","@graph":[{"@type":"WebPage","@id":"https:\/\/www.hughes.com\/de\/loesungen\/netzwerk-management","url":"https:\/\/www.hughes.com\/de\/loesungen\/netzwerk-management","name":"Netzwerkmanagement | Europe.Hughes.com","isPartOf":{"@id":"https:\/\/www.hughes.com\/de\/#website"},"datePublished":"2026-02-10T21:02:50+00:00","dateModified":"2026-02-20T00:48:41+00:00","description":"Unser verwalteter SD-WAN-Dienst erleichtert es Ihrem Unternehmen, die wachsenden Erwartungen von Kunden und Mitarbeitern zu erf\u00fcllen. Besuchen Sie uns, um mehr dar\u00fcber zu erfahren.","breadcrumb":{"@id":"https:\/\/www.hughes.com\/de\/loesungen\/netzwerk-management#breadcrumb"},"inLanguage":"de-DE","potentialAction":[{"@type":"ReadAction","target":["https:\/\/www.hughes.com\/de\/loesungen\/netzwerk-management"]}]},{"@type":"BreadcrumbList","@id":"https:\/\/www.hughes.com\/de\/loesungen\/netzwerk-management#breadcrumb","itemListElement":[{"@type":"ListItem","position":1,"name":"Home","item":"https:\/\/www.hughes.com\/de"},{"@type":"ListItem","position":2,"name":"Netzwerkmanagement"}]},{"@type":"WebSite","@id":"https:\/\/www.hughes.com\/de\/#website","url":"https:\/\/www.hughes.com\/de\/","name":"Hughes","description":"","publisher":{"@id":"https:\/\/www.hughes.com\/de\/#organization"},"potentialAction":[{"@type":"SearchAction","target":{"@type":"EntryPoint","urlTemplate":"https:\/\/www.hughes.com\/de\/?s={search_term_string}"},"query-input":{"@type":"PropertyValueSpecification","valueRequired":true,"valueName":"search_term_string"}}],"inLanguage":"de-DE"},{"@type":"Organization","@id":"https:\/\/www.hughes.com\/de\/#organization","name":"Hughes","url":"https:\/\/www.hughes.com\/de\/","logo":{"@type":"ImageObject","inLanguage":"de-DE","@id":"https:\/\/www.hughes.com\/de\/#\/schema\/logo\/image\/","url":"https:\/\/www.hughes.com\/wp-content\/uploads\/2026\/02\/HughesEchoStar_Logo.png","contentUrl":"https:\/\/www.hughes.com\/wp-content\/uploads\/2026\/02\/HughesEchoStar_Logo.png","width":593,"height":213,"caption":"Hughes"},"image":{"@id":"https:\/\/www.hughes.com\/de\/#\/schema\/logo\/image\/"},"sameAs":["https:\/\/www.facebook.com\/HughesConnects\/","https:\/\/x.com\/HughesConnects","https:\/\/www.youtube.com\/user\/HughesTV\/videos","https:\/\/www.linkedin.com\/company\/3569\/admin\/dashboard\/"]}]}},"_links":{"self":[{"href":"https:\/\/www.hughes.com\/de\/wp-json\/wp\/v2\/pages\/39844","targetHints":{"allow":["GET"]}}],"collection":[{"href":"https:\/\/www.hughes.com\/de\/wp-json\/wp\/v2\/pages"}],"about":[{"href":"https:\/\/www.hughes.com\/de\/wp-json\/wp\/v2\/types\/page"}],"author":[{"embeddable":true,"href":"https:\/\/www.hughes.com\/de\/wp-json\/wp\/v2\/users\/8"}],"replies":[{"embeddable":true,"href":"https:\/\/www.hughes.com\/de\/wp-json\/wp\/v2\/comments?post=39844"}],"version-history":[{"count":0,"href":"https:\/\/www.hughes.com\/de\/wp-json\/wp\/v2\/pages\/39844\/revisions"}],"up":[{"embeddable":true,"href":"https:\/\/www.hughes.com\/de\/wp-json\/wp\/v2\/pages\/40349"}],"wp:attachment":[{"href":"https:\/\/www.hughes.com\/de\/wp-json\/wp\/v2\/media?parent=39844"}],"curies":[{"name":"wp","href":"https:\/\/api.w.org\/{rel}","templated":true}]}}