{"id":39685,"date":"2026-02-16T01:18:18","date_gmt":"2026-02-16T01:18:18","guid":{"rendered":"https:\/\/hughes1stg.wpenginepowered.com\/sd-wan-connectivity"},"modified":"2026-02-19T20:51:47","modified_gmt":"2026-02-19T20:51:47","slug":"dienste-ressourcen-netzwerkkonnektivitaet-konnektivitaet","status":"publish","type":"page","link":"https:\/\/www.hughes.com\/de\/dienste\/ressourcen\/netzwerkkonnektivitaet\/konnektivitaet","title":{"rendered":"Konnektivit\u00e4t"},"content":{"rendered":"<!-- Solution Hero --><section class=\"solution-hero-section\">\r\n    <div class=\"shs-wrapper bg-dark border-radius-bottom-lr\">\r\n        <div class=\"shs-hero\"><div class=\"shs-bg-media\"><img src=\"https:\/\/www.hughes.com\/wp-content\/uploads\/2026\/02\/Connectivity-Header.webp\" srcset=\"https:\/\/www.hughes.com\/wp-content\/uploads\/2026\/02\/Connectivity-Header.webp 1280w, https:\/\/www.hughes.com\/wp-content\/uploads\/2026\/02\/Connectivity-Header-300x113.webp 300w, https:\/\/www.hughes.com\/wp-content\/uploads\/2026\/02\/Connectivity-Header-1024x384.webp 1024w, https:\/\/www.hughes.com\/wp-content\/uploads\/2026\/02\/Connectivity-Header-768x288.webp 768w\" sizes=\"(max-width: 1280px) 100vw, 1280px\" alt=\"Konnektivit\u00e4t Image\" class=\"\" loading=\"eager\" decoding=\"async\" width=\"1280\" height=\"480\" fetchpriority=\"high\"><\/div><div class=\"container\">\r\n                <div class=\"shs-hero-content\"><h1 class=\"h1 title\">Konnektivit\u00e4t<\/h1><h2 class=\"desc\"><h4><strong>Mit welchen Folgen m\u00fcsste Ihr Unternehmen rechnen, wenn Ihre Au\u00dfenstellen, Mitarbeiter, Gesch\u00e4fts- und Logistikpartner, Filialen oder Kunden keine Verbindung zu Ihnen h\u00e4tten?<\/strong><\/h4>\n<\/h2><\/div>\r\n            <\/div><\/div><div class=\"shs-overview\">\r\n                <div class=\"container\">\r\n                    <div class=\"shs-overview-content row\"><div class=\"left-column -lg cell-md-6\"><p>Unternehmen ben\u00f6tigen schnelle, sichere Internetdienste, um jederzeit zuverl\u00e4ssige, durchg\u00e4ngige Verbindungen mit Kunden, Lieferanten, Partnern und G\u00e4sten zu gew\u00e4hrleisten. Die Produktivit\u00e4t der Mitarbeiter ist von der Geschwindigkeit des Zugriffs auf Gesch\u00e4ftsanwendungen abh\u00e4ngig. Verz\u00f6gerungen bei der Konnektivit\u00e4t k\u00f6nnen erhebliche Konsequenzen f\u00fcr Unternehmen haben: von Produktionseinbu\u00dfen \u00fcber Umsatzverluste bis hin zu langsamen Reaktionszeiten. Das gilt vor allem, wenn Sie bei Ihren Dienstleistungen f\u00fcr Kunden auf Mehrkanal-Konnektivit\u00e4t angewiesen sind. Ganz gleich, ob Sie Ihre Gesch\u00e4ftsanwendungen in die Cloud verlagern oder bereits dort betreiben, ob Sie entfernte Standorte oder Filialen anbinden oder international expandieren \u2013 die richtigen Konnektivit\u00e4tsl\u00f6sungen sind bei all diesen Ma\u00dfnahmen von entscheidender Bedeutung.<\/p>\n<\/div><div class=\"right-column -lg cell-md-6\"><p>Angesichts datenintensiver Anwendungen und eines hohen Datenvolumens kommt es nicht nur auf das Tempo, sondern auch auf die erforderliche Bandbreite f\u00fcr Ihre digitale Strategie an, die Ihnen den Ausbau Ihres Unternehmens, die Einf\u00fchrung neuer Dienste, die Information Ihrer Mitarbeiter und die Verbesserung des Kundenerlebnisses erm\u00f6glicht.<\/p>\n<p>Keine Kabelverbindung kann eine Verf\u00fcgbarkeit von 100 % garantieren. Die Frage ist nicht, ob Sie an einem (oder mehreren) Ihrer Standorte die Internetverbindung verlieren werden. Die Frage ist vielmehr, wie Sie Ihr Unternehmen vor Verlusten und Unterbrechungen sch\u00fctzen k\u00f6nnen, wenn dies passiert, und zwar mit einer zuverl\u00e4ssigen, sicheren Konnektivit\u00e4t, unabh\u00e4ngig vom Standort.<\/p>\n<\/div><\/div>\r\n                <\/div>\r\n            <\/div><\/div>\r\n<\/section>\n\n<!-- Two-Column Content --><section class=\"two-column-content-section space-lg-m\">\r\n        <div class=\"container\"><div class=\"tccs-row row\"><div class=\"tccs-row-left cell-md-6\"><div class=\"tccs-text-block bullet-styled\"><h3>AUSWAHL AN GESCHWINDIGKEITEN<\/h3>\n<p class=\"text-align-justify\">Mit einer Auswahl an Geschwindigkeiten und Schaltungstypen \u2013 von einfachen terrestrischen DSL-Breitbandverbindungen \u00fcber schnelle Glasfaser- und dedizierte Ethernet-Schaltungen bis hin zu drahtlosen 3G\/4G-Verbindungen in Kombination mit Satelliten \u2013 kann Hughes Konnektivit\u00e4tsl\u00f6sungen f\u00fcr Unternehmen an jedem Standort anbieten.<\/p>\n<\/div><\/div><div class=\"tccs-row-right cell-md-6\"><div class=\"tccs-text-block bullet-styled\"><h3>MANAGED SERVICE<\/h3>\n<p class=\"text-align-justify\">Hughes wei\u00df, dass kein Unternehmen dem anderen gleicht. Deshalb arbeiten wir mit Ihnen zusammen, um ma\u00dfgeschneiderte L\u00f6sungen f\u00fcr Ihre individuellen Bed\u00fcrfnisse zu entwickeln. Unsere Managed-Connectivity-Services werden durch unseren umfassenden verwalteten Dienst und unsere herausragenden europ\u00e4ischen Support-Teams unterst\u00fctzt, die daf\u00fcr sorgen, dass Ihre Verbindung rund um die Uhr an 365 Tagen im Jahr verf\u00fcgbar ist \u2013 mit einem Net Promoter Score von 89 %.<\/p>\n<\/div><\/div><\/div><\/div>\r\n    <\/section>\r\n<!-- <script>\r\nwindow.hasClicked = window.hasClicked || {};\r\njQuery(document).on('gform_confirmation_loaded', function(event, formId) {\r\n    const formBlocks = document.querySelectorAll('.two-column-content-section .tccs-form-block');\r\n\r\n    formBlocks.forEach(block => {\r\n        const thankYou = block.querySelector('.tccs-thank-you');\r\n\r\n        const leftLink = block.querySelector('[class^=\"left-redirect-link-\"]');\r\n        if(leftLink) {\r\n            const linkFormId = parseInt(leftLink.getAttribute('title'));\r\n            if(!isNaN(linkFormId) && formId === linkFormId) {\r\n                if(thankYou) thankYou.classList.remove('d-none');\r\n                const index = leftLink.className.match(\/left-redirect-link-(\\d+)\/)[1];\r\n                if(!window.hasClicked[index]) {\r\n                    window.hasClicked[index] = true;\r\n                    leftLink.click();\r\n                }\r\n            }\r\n        }\r\n\r\n        const rightLink = block.querySelector('[class^=\"right-redirect-link-\"]');\r\n        if(rightLink) {\r\n            const linkFormId = parseInt(rightLink.getAttribute('title'));\r\n            if(!isNaN(linkFormId) && formId === linkFormId) {\r\n                if(thankYou) thankYou.classList.remove('d-none');\r\n                const index = rightLink.className.match(\/right-redirect-link-(\\d+)\/)[1];\r\n                if(!window.hasClicked[index]) {\r\n                    window.hasClicked[index] = true;\r\n                    rightLink.click();\r\n                }\r\n            }\r\n        }\r\n\r\n    });\r\n});\r\n<\/script> -->\r\n\n\n<!-- Text Block --><section class=\"wysiwyg-component space-md-m\">\n        <div class=\"container\">\n            <div class=\"wc-wrap\"><div class=\"wc-decs bullet-styled\"><h3 style=\"display:block;overflow:hidden;text-align:left;width:100%;\">\n    <meta charset=\"utf-8\"><meta charset=\"utf-8\">BUSINESS-KONNEKTIVIT\u00c4TSDIENSTE VON HUGHES EUROPE<br \/>\n<\/h3>\n<table class=\"table\">\n<tbody>\n<tr>\n<td>\n<h5 class=\"text-align-center\" dir=\"ltr\">\n                    Schaltungstyp<br \/>\n                <\/h5>\n<\/td>\n<td>\n<h5 class=\"text-align-center\" dir=\"ltr\">\n                    Beschreibung<br \/>\n                <\/h5>\n<\/td>\n<td>\n<h5 class=\"text-align-center\" dir=\"ltr\">\n                    Download<br \/>\n                <\/h5>\n<\/td>\n<td>\n<h5 class=\"text-align-center\" dir=\"ltr\">\n                    Upload<br \/>\n                <\/h5>\n<\/td>\n<\/tr>\n<tr>\n<td>\n<p dir=\"ltr\">\n                    ADSL \/ ADSL2+\n                <\/p>\n<\/td>\n<td>\n<p dir=\"ltr\">\n                    Asynchrone digitale Anschlussdienste, die \u00fcber bestehende oder neue Festnetzleitungen kosteng\u00fcnstige Internetanschl\u00fcsse f\u00fcr Unternehmen bieten\n                <\/p>\n<\/td>\n<td>\n<p dir=\"ltr\">\n                    bis zu 24 MBit\/s\n                <\/p>\n<\/td>\n<td>\n<p dir=\"ltr\">\n                    bis zu 1 MBit\/s\n                <\/p>\n<\/td>\n<\/tr>\n<tr>\n<td>\n<p dir=\"ltr\">\n                    SDSL\/ SHDSL\n                <\/p>\n<\/td>\n<td>\n<p dir=\"ltr\">\n                    Es handelt sich um eine garantierte, unbeschr\u00e4nkte symmetrische Breitbandverbindung, die dieselben Upload- und Download-Geschwindigkeiten bietet, ohne dass es wie bei anderen Breitbanddiensten zu Konflikten kommt (einschlie\u00dflich Glasfaser-Breitband).\n                <\/p>\n<\/td>\n<td colspan=\"2\">\n<p dir=\"ltr\">\n                    bis zu 20 MBit\/s\n                <\/p>\n<\/td>\n<\/tr>\n<tr>\n<td>\n<p dir=\"ltr\">\n                    VDSL\n                <\/p>\n<\/td>\n<td>\n<p dir=\"ltr\">\n                    Mit VDSL bis zu 4 x schneller als Standard-Breitband\n                <\/p>\n<\/td>\n<td>\n<p dir=\"ltr\">\n                    bis zu 80 MBit\/s\n                <\/p>\n<\/td>\n<td>\n<p dir=\"ltr\">\n                    bis zu 20 MBit\/s\n                <\/p>\n<\/td>\n<\/tr>\n<tr>\n<td>\n<p dir=\"ltr\">\n                    Glasfaser\n                <\/p>\n<\/td>\n<td>\n<p dir=\"ltr\">\n                    Hochgeschwindigkeits-Konnektivit\u00e4t in beide Richtungen\n                <\/p>\n<\/td>\n<td colspan=\"2\">\n<p dir=\"ltr\">\n                    bis zu 1 GBit\/s\n                <\/p>\n<\/td>\n<\/tr>\n<tr>\n<td rowspan=\"3\">\n<p dir=\"ltr\">\n                    Ethernet-Dienste\n                <\/p>\n<\/td>\n<td>\n<p dir=\"ltr\">\n                    Ethernet-Dienste EFM (Ethernet in the First Mile) \u2013 zwischen zwei und acht Kupferpaare werden geb\u00fcndelt, um synchrone Ethernet-Geschwindigkeiten zu liefern bis zu 35 MBit\/s\n                <\/p>\n<\/td>\n<td colspan=\"2\">\n<p dir=\"ltr\">\n                    bis zu 35 MBit\/s\n                <\/p>\n<\/td>\n<\/tr>\n<tr>\n<td>\n<p dir=\"ltr\">\n                    DIA (Dedicated Internet Access bzw. dedizierter Internetzugang) \u2013 Highspeed-Leitungen \u00fcber Kupferkabel von Ihrem Standort zum Schaltschrank in der Stra\u00dfe und dann \u00fcber Glasfaser zur Vermittlungsstelle\n                <\/p>\n<\/td>\n<td colspan=\"2\">\n<p dir=\"ltr\">\n                    2 MBit\/s bis zu 1 GBit\/s\n                <\/p>\n<\/td>\n<\/tr>\n<tr>\n<td>\n<p dir=\"ltr\">\n                    GEA (Generic Ethernet Service) \u2013 Unbeschr\u00e4nkte Standleitung: GEA wird \u00fcber Kupferkabel von Ihrem Standort zum Schaltschrank in der Stra\u00dfe und dann \u00fcber Glasfaser zur Vermittlungsstelle bereitgestellt. Nach der Vermittlungsstelle wird der Verkehr \u00fcber Ethernet\/MPLS-Schaltungen abgewickelt.\n                <\/p>\n<\/td>\n<td>\n<p dir=\"ltr\">\n                    bis zu 20 MBit\/s\n                <\/p>\n<\/td>\n<td>\n<p dir=\"ltr\">\n                    bis zu 20 MBit\/s\n                <\/p>\n<\/td>\n<\/tr>\n<tr>\n<td>\n<p dir=\"ltr\">\n                    3G \/ 4G\n                <\/p>\n<\/td>\n<td>\n<p dir=\"ltr\">\n                    Sprach- und Daten\u00fcbertragungsdienste\n                <\/p>\n<\/td>\n<td colspan=\"2\">\n<p dir=\"ltr\">\n                    Geschwindigkeit abh\u00e4ngig vom Netzwerk. Verschiedene monatliche Datenpakete\n                <\/p>\n<\/td>\n<\/tr>\n<tr>\n<td>\n<p dir=\"ltr\">\n                    IoT\n                <\/p>\n<\/td>\n<td>\n<p dir=\"ltr\">\n                    Reine Datendienste \u2013 Unbegrenzt auf LAN-Seite mit SLA\n                <\/p>\n<\/td>\n<td colspan=\"2\">\n<p dir=\"ltr\">\n                    Geschwindigkeit abh\u00e4ngig vom Netzwerk. Verschiedene monatliche Datenpakete\n                <\/p>\n<\/td>\n<\/tr>\n<tr>\n<td>\n<p dir=\"ltr\">\n                    Satellitendienst\n                <\/p>\n<\/td>\n<td>\n<p dir=\"ltr\">\n                    Satellitendienst VSAT \u2013 Very Small Aperture Terminal (Terminal mit sehr kleinem \u00d6ffnungswinkel), das eine \u00e4u\u00dferst zuverl\u00e4ssige Konnektivit\u00e4t f\u00fcr den station\u00e4ren oder mobilen Betrieb bietet bis zu 10 MBit\/s bis zu 2 MBit\/s\n                <\/p>\n<\/td>\n<td>\n<p dir=\"ltr\">\n                    bis zu 10 MBit\/s\n                <\/p>\n<\/td>\n<td>\n<p dir=\"ltr\">\n                    bis zu 2 MBit\/s\n                <\/p>\n<\/td>\n<\/tr>\n<tr>\n<td>\n<p dir=\"ltr\">\n                    Layer 2\n                <\/p>\n<\/td>\n<td>\n<p dir=\"ltr\">\n                    Private dedizierte Schaltungen\n                <\/p>\n<\/td>\n<td colspan=\"2\">\n<p dir=\"ltr\">\n                    Layer 2 Private dedizierte Schaltungen Je nach Schaltungstyp\n                <\/p>\n<\/td>\n<\/tr>\n<tr>\n<td>\n<p dir=\"ltr\">\n                    Layer 3\n                <\/p>\n<\/td>\n<td>\n<p dir=\"ltr\">\n                    Zugang \u00fcber das Internet \u00fcber ein sicheres VPN\n                <\/p>\n<\/td>\n<td colspan=\"2\">\n<p dir=\"ltr\">\n                    Je nach Schaltungstyp\n                <\/p>\n<\/td>\n<\/tr>\n<tr>\n<td>\n<p dir=\"ltr\">\n                    SD-WAN\n                <\/p>\n<\/td>\n<td>\n<p dir=\"ltr\">\n                    Traffic-Verteilung \u00fcber mehrere Pfade (DSL, 3G\/4G, Satellit) mit dynamischer Pfadauswahl, Lastausgleich und automatischen Failover-Funktionen in Kombination mit zentralisierter Layer-7-Sichtbarkeit und Kontrolle von Anwendungen, die \u00fcber das Netzwerk laufen, mit QoS und Bandbreitenmanagement. Sichere Konnektivit\u00e4t am Netzwerkrand mit integrierter Firewall, AES-Verschl\u00fcsselung und IPSec zur Gew\u00e4hrleistung sicherer Verbindungen und des Datenschutzes\n                <\/p>\n<\/td>\n<td colspan=\"2\">\n<p dir=\"ltr\">\n                    Unabh\u00e4ngig vom WAN\n                <\/p>\n<\/td>\n<\/tr>\n<\/tbody>\n<\/table>\n<p dir=\"ltr\">\n    &nbsp;\n<\/p>\n<p dir=\"ltr\">\n    <meta charset=\"utf-8\">\n<\/p>\n<h3 class=\"text-align-justify\" dir=\"ltr\">\n    BEDIENTE L\u00c4NDER<br \/>\n<\/h3>\n<p class=\"text-align-justify\" dir=\"ltr\">\n    Hughes Europe unterh\u00e4lt Beziehungen zu Anbietern von Schaltkreisen und Services in den folgenden L\u00e4ndern: Albanien, Belgien, Bosnien-Herzegowina, Bulgarien, D\u00e4nemark, Deutschland, Estland, Finnland, Frankreich, Griechenland, Irland, Kroatien, Lettland, Litauen, Luxemburg, Niederlande, Norwegen, \u00d6sterreich, Polen, Rum\u00e4nien, Schweden, Schweiz, Serbien, Slowakei, Spanien, Tschechische Republik, T\u00fcrkei, Ukraine, Ungarn und Vereinigtes K\u00f6nigreich. Zus\u00e4tzlich zu den Beziehungen in Europa hat Hughes Partner auf der ganzen Welt, die globale Managed Services anbieten.\n<\/p>\n<p class=\"text-align-justify\" dir=\"ltr\">\n    <em>Wenn Hughes derzeit keine Beziehungen zu Dienstleistern unterh\u00e4lt, geht es Partnerschaften mit Providern f\u00fcr Projekte nach Bedarf ein.<\/em>\n<\/p>\n<h3 class=\"text-align-justify\" dir=\"ltr\">\n    DIE VORTEILE BEI HUGHES<br \/>\n<\/h3>\n<ul dir=\"ltr\">\n<li data-list-item-id=\"e83fe7acb2295d3aef6f97f8116b9c8f7\">\n<p class=\"text-align-justify\">\n            <strong>Keine \u201eFunkl\u00f6cher\u201c &#8211;&nbsp;<\/strong>Konnektivit\u00e4tsl\u00f6sungen f\u00fcr s\u00e4mtliche Standorte.\n        <\/p>\n<\/li>\n<li data-list-item-id=\"eb0c98a3db4741457311982d106c9606c\">\n<p class=\"text-align-justify\">\n            <strong>Internationale Bereitstellung &#8211;&nbsp;<\/strong>Wenn Sie Standorte in verschiedenen L\u00e4ndern Europas haben oder Ihr Gesch\u00e4ft in Europa ausweiten m\u00f6chten, wie gehen Sie mit all den unterschiedlichen Dienstleistern und Sprachen um? Hughes Europe \u00fcbernimmt das f\u00fcr Sie und bietet Ihnen eine zentrale Anlaufstelle f\u00fcr s\u00e4mtliche WAN-Konnektivit\u00e4tsanforderungen sowie eine einzige Rechnungsstellung und Service-Level-Vereinbarung f\u00fcr Ihr gesamtes WAN.\n        <\/p>\n<\/li>\n<li data-list-item-id=\"ef78b8377b7b96c580c49fd4caad0ec4a\">\n<p class=\"text-align-justify\">\n            <strong>Integration mehrerer Marken &#8211;&nbsp;<\/strong>Fusionen und \u00dcbernahmen erfordern oft die Integration mehrerer Marken in ein einziges Netzwerk, wobei die einzelnen Unternehmensbereiche getrennt bleiben. Hughes hat Erfahrung mit der Zusammenf\u00fchrung mehrerer Marken unter einem einzigen Dach.\n        <\/p>\n<\/li>\n<li data-list-item-id=\"eb7bafcede118f212c50f73c1084ad823\">\n<p class=\"text-align-justify\">\n            <strong>Schwierige Standorte &#8211;&nbsp;<\/strong>Hughes ist mit der Arbeit an schwierigen Standorten wie Flugh\u00e4fen und Bahnh\u00f6fen bestens vertraut.\n        <\/p>\n<\/li>\n<li data-list-item-id=\"e9257a75c6a8a0f92642eab33ef92b500\">\n<p class=\"text-align-justify\">\n            <strong>Schnelle Bereitstellung &#8211;&nbsp;<\/strong>Vor\u00fcbergehende Konnektivit\u00e4t \u00fcber Satellitendienste oder 3G\/4G, damit Ihr Unternehmen sofort betriebsbereit ist, w\u00e4hrend Sie auf eine Festnetzanbindung warten.\n        <\/p>\n<\/li>\n<li data-list-item-id=\"eee5335685037fbff85df17d327160cb4\">\n<p class=\"text-align-justify\">\n            <strong>\u00dcbertragung &#8211;&nbsp;<\/strong>Hughes kann Ihre bestehenden Schaltungen f\u00fcr einen durchg\u00e4ngigen Dienst auf seinen verwalteten Service \u00fcbertragen.\n        <\/p>\n<\/li>\n<li data-list-item-id=\"e0c446c7f4f668ed85f376498b2c15d6c\">\n<p class=\"text-align-justify\">\n            <strong>Wir k\u00fcmmern uns um alles &#8211;&nbsp;<\/strong>Wir k\u00fcmmern uns umfassend um Ihre Konnektivit\u00e4t, sodass Sie sich um nichts sorgen m\u00fcssen. Mit einem Net Promoter Score von 89 % k\u00f6nnen Sie sicher sein, dass Sie den Service erhalten, den Sie erwarten.\n        <\/p>\n<\/li>\n<\/ul>\n<\/div><\/div>\n        <\/div>\n    <\/section>","protected":false},"excerpt":{"rendered":"<p>Hughes versteht, dass alle Unternehmen unterschiedlich sind, deshalb arbeiten wir mit Ihnen zusammen, um ma\u00dfgeschneiderte L\u00f6sungen f\u00fcr Ihre individuellen Bed\u00fcrfnisse bereitzustellen.<\/p>\n","protected":false},"author":2,"featured_media":0,"parent":0,"menu_order":0,"comment_status":"closed","ping_status":"closed","template":"","meta":{"_acf_changed":true,"_searchwp_excluded":"","footnotes":""},"class_list":["post-39685","page","type-page","status-publish","hentry"],"acf":[],"yoast_head":"<!-- This site is optimized with the Yoast SEO plugin v27.0 - https:\/\/yoast.com\/product\/yoast-seo-wordpress\/ -->\n<title>Konnektivit\u00e4t | Europe.Hughes.com<\/title>\n<meta name=\"description\" content=\"Hughes versteht, dass alle Unternehmen unterschiedlich sind, deshalb arbeiten wir mit Ihnen zusammen, um ma\u00dfgeschneiderte L\u00f6sungen f\u00fcr Ihre individuellen Bed\u00fcrfnisse bereitzustellen.\" \/>\n<meta name=\"robots\" content=\"index, follow, max-snippet:-1, max-image-preview:large, max-video-preview:-1\" \/>\n<link rel=\"canonical\" href=\"https:\/\/www.hughes.com\/de\/dienste\/ressourcen\/netzwerkkonnektivitaet\/konnektivitaet\" \/>\n<meta property=\"og:locale\" content=\"de_DE\" \/>\n<meta property=\"og:type\" content=\"article\" \/>\n<meta property=\"og:title\" content=\"Konnektivit\u00e4t | Europe.Hughes.com\" \/>\n<meta property=\"og:description\" content=\"Hughes versteht, dass alle Unternehmen unterschiedlich sind, deshalb arbeiten wir mit Ihnen zusammen, um ma\u00dfgeschneiderte L\u00f6sungen f\u00fcr Ihre individuellen Bed\u00fcrfnisse bereitzustellen.\" \/>\n<meta property=\"og:url\" content=\"https:\/\/www.hughes.com\/de\/dienste\/ressourcen\/netzwerkkonnektivitaet\/konnektivitaet\" \/>\n<meta property=\"og:site_name\" content=\"Hughes\" \/>\n<meta property=\"article:publisher\" content=\"https:\/\/www.facebook.com\/HughesConnects\/\" \/>\n<meta property=\"article:modified_time\" content=\"2026-02-19T20:51:47+00:00\" \/>\n<meta property=\"og:image\" content=\"https:\/\/www.hughes.com\/wp-content\/uploads\/2026\/02\/HughesGlobalOpenGraph.jpg\" \/>\n\t<meta property=\"og:image:width\" content=\"1200\" \/>\n\t<meta property=\"og:image:height\" content=\"630\" \/>\n\t<meta property=\"og:image:type\" content=\"image\/jpeg\" \/>\n<meta name=\"twitter:card\" content=\"summary_large_image\" \/>\n<meta name=\"twitter:site\" content=\"@HughesConnects\" \/>\n<script type=\"application\/ld+json\" class=\"yoast-schema-graph\">{\"@context\":\"https:\/\/schema.org\",\"@graph\":[{\"@type\":\"WebPage\",\"@id\":\"https:\/\/www.hughes.com\/de\/dienste\/ressourcen\/netzwerkkonnektivitaet\/konnektivitaet\",\"url\":\"https:\/\/www.hughes.com\/de\/dienste\/ressourcen\/netzwerkkonnektivitaet\/konnektivitaet\",\"name\":\"Konnektivit\u00e4t | Europe.Hughes.com\",\"isPartOf\":{\"@id\":\"https:\/\/www.hughes.com\/de\/#website\"},\"datePublished\":\"2026-02-16T01:18:18+00:00\",\"dateModified\":\"2026-02-19T20:51:47+00:00\",\"description\":\"Hughes versteht, dass alle Unternehmen unterschiedlich sind, deshalb arbeiten wir mit Ihnen zusammen, um ma\u00dfgeschneiderte L\u00f6sungen f\u00fcr Ihre individuellen Bed\u00fcrfnisse bereitzustellen.\",\"breadcrumb\":{\"@id\":\"https:\/\/www.hughes.com\/de\/dienste\/ressourcen\/netzwerkkonnektivitaet\/konnektivitaet#breadcrumb\"},\"inLanguage\":\"de-DE\",\"potentialAction\":[{\"@type\":\"ReadAction\",\"target\":[\"https:\/\/www.hughes.com\/de\/dienste\/ressourcen\/netzwerkkonnektivitaet\/konnektivitaet\"]}]},{\"@type\":\"BreadcrumbList\",\"@id\":\"https:\/\/www.hughes.com\/de\/dienste\/ressourcen\/netzwerkkonnektivitaet\/konnektivitaet#breadcrumb\",\"itemListElement\":[{\"@type\":\"ListItem\",\"position\":1,\"name\":\"Home\",\"item\":\"https:\/\/www.hughes.com\/de\"},{\"@type\":\"ListItem\",\"position\":2,\"name\":\"Konnektivit\u00e4t\"}]},{\"@type\":\"WebSite\",\"@id\":\"https:\/\/www.hughes.com\/de\/#website\",\"url\":\"https:\/\/www.hughes.com\/de\/\",\"name\":\"Hughes\",\"description\":\"\",\"publisher\":{\"@id\":\"https:\/\/www.hughes.com\/de\/#organization\"},\"potentialAction\":[{\"@type\":\"SearchAction\",\"target\":{\"@type\":\"EntryPoint\",\"urlTemplate\":\"https:\/\/www.hughes.com\/de\/?s={search_term_string}\"},\"query-input\":{\"@type\":\"PropertyValueSpecification\",\"valueRequired\":true,\"valueName\":\"search_term_string\"}}],\"inLanguage\":\"de-DE\"},{\"@type\":\"Organization\",\"@id\":\"https:\/\/www.hughes.com\/de\/#organization\",\"name\":\"Hughes\",\"url\":\"https:\/\/www.hughes.com\/de\/\",\"logo\":{\"@type\":\"ImageObject\",\"inLanguage\":\"de-DE\",\"@id\":\"https:\/\/www.hughes.com\/de\/#\/schema\/logo\/image\/\",\"url\":\"https:\/\/www.hughes.com\/wp-content\/uploads\/2026\/02\/HughesEchoStar_Logo.png\",\"contentUrl\":\"https:\/\/www.hughes.com\/wp-content\/uploads\/2026\/02\/HughesEchoStar_Logo.png\",\"width\":593,\"height\":213,\"caption\":\"Hughes\"},\"image\":{\"@id\":\"https:\/\/www.hughes.com\/de\/#\/schema\/logo\/image\/\"},\"sameAs\":[\"https:\/\/www.facebook.com\/HughesConnects\/\",\"https:\/\/x.com\/HughesConnects\",\"https:\/\/www.youtube.com\/user\/HughesTV\/videos\",\"https:\/\/www.linkedin.com\/company\/3569\/admin\/dashboard\/\"]}]}<\/script>\n<!-- \/ Yoast SEO plugin. -->","yoast_head_json":{"title":"Konnektivit\u00e4t | Europe.Hughes.com","description":"Hughes versteht, dass alle Unternehmen unterschiedlich sind, deshalb arbeiten wir mit Ihnen zusammen, um ma\u00dfgeschneiderte L\u00f6sungen f\u00fcr Ihre individuellen Bed\u00fcrfnisse bereitzustellen.","robots":{"index":"index","follow":"follow","max-snippet":"max-snippet:-1","max-image-preview":"max-image-preview:large","max-video-preview":"max-video-preview:-1"},"canonical":"https:\/\/www.hughes.com\/de\/dienste\/ressourcen\/netzwerkkonnektivitaet\/konnektivitaet","og_locale":"de_DE","og_type":"article","og_title":"Konnektivit\u00e4t | Europe.Hughes.com","og_description":"Hughes versteht, dass alle Unternehmen unterschiedlich sind, deshalb arbeiten wir mit Ihnen zusammen, um ma\u00dfgeschneiderte L\u00f6sungen f\u00fcr Ihre individuellen Bed\u00fcrfnisse bereitzustellen.","og_url":"https:\/\/www.hughes.com\/de\/dienste\/ressourcen\/netzwerkkonnektivitaet\/konnektivitaet","og_site_name":"Hughes","article_publisher":"https:\/\/www.facebook.com\/HughesConnects\/","article_modified_time":"2026-02-19T20:51:47+00:00","og_image":[{"width":1200,"height":630,"url":"https:\/\/www.hughes.com\/wp-content\/uploads\/2026\/02\/HughesGlobalOpenGraph.jpg","type":"image\/jpeg"}],"twitter_card":"summary_large_image","twitter_site":"@HughesConnects","schema":{"@context":"https:\/\/schema.org","@graph":[{"@type":"WebPage","@id":"https:\/\/www.hughes.com\/de\/dienste\/ressourcen\/netzwerkkonnektivitaet\/konnektivitaet","url":"https:\/\/www.hughes.com\/de\/dienste\/ressourcen\/netzwerkkonnektivitaet\/konnektivitaet","name":"Konnektivit\u00e4t | Europe.Hughes.com","isPartOf":{"@id":"https:\/\/www.hughes.com\/de\/#website"},"datePublished":"2026-02-16T01:18:18+00:00","dateModified":"2026-02-19T20:51:47+00:00","description":"Hughes versteht, dass alle Unternehmen unterschiedlich sind, deshalb arbeiten wir mit Ihnen zusammen, um ma\u00dfgeschneiderte L\u00f6sungen f\u00fcr Ihre individuellen Bed\u00fcrfnisse bereitzustellen.","breadcrumb":{"@id":"https:\/\/www.hughes.com\/de\/dienste\/ressourcen\/netzwerkkonnektivitaet\/konnektivitaet#breadcrumb"},"inLanguage":"de-DE","potentialAction":[{"@type":"ReadAction","target":["https:\/\/www.hughes.com\/de\/dienste\/ressourcen\/netzwerkkonnektivitaet\/konnektivitaet"]}]},{"@type":"BreadcrumbList","@id":"https:\/\/www.hughes.com\/de\/dienste\/ressourcen\/netzwerkkonnektivitaet\/konnektivitaet#breadcrumb","itemListElement":[{"@type":"ListItem","position":1,"name":"Home","item":"https:\/\/www.hughes.com\/de"},{"@type":"ListItem","position":2,"name":"Konnektivit\u00e4t"}]},{"@type":"WebSite","@id":"https:\/\/www.hughes.com\/de\/#website","url":"https:\/\/www.hughes.com\/de\/","name":"Hughes","description":"","publisher":{"@id":"https:\/\/www.hughes.com\/de\/#organization"},"potentialAction":[{"@type":"SearchAction","target":{"@type":"EntryPoint","urlTemplate":"https:\/\/www.hughes.com\/de\/?s={search_term_string}"},"query-input":{"@type":"PropertyValueSpecification","valueRequired":true,"valueName":"search_term_string"}}],"inLanguage":"de-DE"},{"@type":"Organization","@id":"https:\/\/www.hughes.com\/de\/#organization","name":"Hughes","url":"https:\/\/www.hughes.com\/de\/","logo":{"@type":"ImageObject","inLanguage":"de-DE","@id":"https:\/\/www.hughes.com\/de\/#\/schema\/logo\/image\/","url":"https:\/\/www.hughes.com\/wp-content\/uploads\/2026\/02\/HughesEchoStar_Logo.png","contentUrl":"https:\/\/www.hughes.com\/wp-content\/uploads\/2026\/02\/HughesEchoStar_Logo.png","width":593,"height":213,"caption":"Hughes"},"image":{"@id":"https:\/\/www.hughes.com\/de\/#\/schema\/logo\/image\/"},"sameAs":["https:\/\/www.facebook.com\/HughesConnects\/","https:\/\/x.com\/HughesConnects","https:\/\/www.youtube.com\/user\/HughesTV\/videos","https:\/\/www.linkedin.com\/company\/3569\/admin\/dashboard\/"]}]}},"_links":{"self":[{"href":"https:\/\/www.hughes.com\/de\/wp-json\/wp\/v2\/pages\/39685","targetHints":{"allow":["GET"]}}],"collection":[{"href":"https:\/\/www.hughes.com\/de\/wp-json\/wp\/v2\/pages"}],"about":[{"href":"https:\/\/www.hughes.com\/de\/wp-json\/wp\/v2\/types\/page"}],"author":[{"embeddable":true,"href":"https:\/\/www.hughes.com\/de\/wp-json\/wp\/v2\/users\/2"}],"replies":[{"embeddable":true,"href":"https:\/\/www.hughes.com\/de\/wp-json\/wp\/v2\/comments?post=39685"}],"version-history":[{"count":0,"href":"https:\/\/www.hughes.com\/de\/wp-json\/wp\/v2\/pages\/39685\/revisions"}],"wp:attachment":[{"href":"https:\/\/www.hughes.com\/de\/wp-json\/wp\/v2\/media?parent=39685"}],"curies":[{"name":"wp","href":"https:\/\/api.w.org\/{rel}","templated":true}]}}