{"id":38966,"date":"2026-01-27T11:58:55","date_gmt":"2026-01-27T11:58:55","guid":{"rendered":"https:\/\/hughes1stg.wpenginepowered.com\/soluciones\/servicios-satelitales-systems-terrestre"},"modified":"2026-02-19T02:08:09","modified_gmt":"2026-02-19T02:08:09","slug":"servicios-satelitales-systems-terrestre","status":"publish","type":"page","link":"https:\/\/www.hughes.com\/co\/soluciones\/servicios-satelitales-systems-terrestre","title":{"rendered":"Servicios Satelitales y Sistema Terrestre"},"content":{"rendered":"<!-- Solution Hero --><section class=\"solution-hero-section\">\r\n    <div class=\"shs-wrapper bg-dark border-radius-bottom-lr\">\r\n        <div class=\"shs-hero\"><div class=\"shs-bg-media\"><img src=\"https:\/\/www.hughes.com\/wp-content\/uploads\/2026\/02\/WWO-SATELLITE-ASSETS.png.webp\" srcset=\"https:\/\/www.hughes.com\/wp-content\/uploads\/2026\/02\/WWO-SATELLITE-ASSETS.png.webp 1280w, https:\/\/www.hughes.com\/wp-content\/uploads\/2026\/02\/WWO-SATELLITE-ASSETS.png-300x113.webp 300w, https:\/\/www.hughes.com\/wp-content\/uploads\/2026\/02\/WWO-SATELLITE-ASSETS.png-1024x384.webp 1024w, https:\/\/www.hughes.com\/wp-content\/uploads\/2026\/02\/WWO-SATELLITE-ASSETS.png-768x288.webp 768w\" sizes=\"(max-width: 1280px) 100vw, 1280px\" alt=\"WWO_Satellite-Assets_hero-image\" class=\"\" loading=\"eager\" decoding=\"async\" width=\"1280\" height=\"480\" fetchpriority=\"high\"><\/div><div class=\"container\">\r\n                <div class=\"shs-hero-content\"><h1 class=\"h1 title\">Servicios Satelitales y Sistema Terrestre<\/h1><h2 class=\"desc\"><p>Cumpla con los requisitos de desempe\u00f1o de su red con servicios satelitales geoestacionarios y no geoestacionarios de Hughes.<\/p>\n<\/h2><\/div>\r\n            <\/div><\/div><\/div>\r\n<\/section>\n\n<!-- Two-Column Content --><section class=\"two-column-content-section space-lg-m\">\r\n        <div class=\"container\"><div class=\"tccs-row row\"><div class=\"tccs-row-left cell-md-6\"><div class=\"tccs-text-block bullet-styled\"><p>En los \u00faltimos a\u00f1os, el n\u00famero de lanzamientos de sat\u00e9lites se ha multiplicado exponencialmente. Se espera que esta tendencia contin\u00fae con nuevos sat\u00e9lites e incluso nuevos lanzadores que se apresuren a poner sus sat\u00e9lites en \u00f3rbita. En la carrera por desplegar m\u00e1s servicios con estos notables activos operando a millas sobre la Tierra, la experiencia importa.<\/p>\n<p>Es por eso que los operadores cuentan con Hughes para sus sistemas terrestres satelitales. Y es por eso que usted deber\u00eda considerar a Hughes para sus servicios satelitales gestionados utilizando la capacidad de nuestros socios en todo el mundo, adem\u00e1s de:<\/p>\n<\/div><\/div><div class=\"tccs-row-right cell-md-6\"><div class=\"tccs-text-block bullet-styled\"><ul>\n<li data-list-item-id=\"ed20c618e5ebce34fdd024d885571bce1\"><a href=\"https:\/\/www.hughes.com\/co\/soluciones\/servicios-satelitales-systems-terrestre\/flota-satelites-de-jupiter\"><strong>Flota de Sat\u00e9lites JUPITER\u2122 de Hughes<\/strong><\/a><strong>: <\/strong>El servicio satelital de alto rendimiento en banda Ka geoestacionario m\u00e1s grande del continente americano.<\/li>\n<li data-list-item-id=\"e9217b3a19734cbb04bb2593a6631ee37\"><a href=\"https:\/\/www.hughes.com\/co\/soluciones\/servicios-satelitales-systems-terrestre\/hughes-leo\"><strong>OneWeb:<\/strong><\/a> Constelaci\u00f3n de sat\u00e9lites de baja \u00f3rbita terrestre que es la primera en entregar servicio en el \u00c1rtico y se est\u00e1 expandiendo mundialmente.<\/li>\n<\/ul>\n<p><a href=\"https:\/\/www.hughes.com\/co\/contactenos\">Cont\u00e1ctenos hoy<\/a> para convertir nuestra capacidad satelital en conectividad satelital que satisfaga sus necesidades \u2013 y las de sus clientes \u2013 en cualquier lugar del mundo.<\/p>\n<\/div><\/div><\/div><\/div>\r\n    <\/section>\r\n<!-- <script>\r\nwindow.hasClicked = window.hasClicked || {};\r\njQuery(document).on('gform_confirmation_loaded', function(event, formId) {\r\n    const formBlocks = document.querySelectorAll('.two-column-content-section .tccs-form-block');\r\n\r\n    formBlocks.forEach(block => {\r\n        const thankYou = block.querySelector('.tccs-thank-you');\r\n\r\n        const leftLink = block.querySelector('[class^=\"left-redirect-link-\"]');\r\n        if(leftLink) {\r\n            const linkFormId = parseInt(leftLink.getAttribute('title'));\r\n            if(!isNaN(linkFormId) && formId === linkFormId) {\r\n                if(thankYou) thankYou.classList.remove('d-none');\r\n                const index = leftLink.className.match(\/left-redirect-link-(\\d+)\/)[1];\r\n                if(!window.hasClicked[index]) {\r\n                    window.hasClicked[index] = true;\r\n                    leftLink.click();\r\n                }\r\n            }\r\n        }\r\n\r\n        const rightLink = block.querySelector('[class^=\"right-redirect-link-\"]');\r\n        if(rightLink) {\r\n            const linkFormId = parseInt(rightLink.getAttribute('title'));\r\n            if(!isNaN(linkFormId) && formId === linkFormId) {\r\n                if(thankYou) thankYou.classList.remove('d-none');\r\n                const index = rightLink.className.match(\/right-redirect-link-(\\d+)\/)[1];\r\n                if(!window.hasClicked[index]) {\r\n                    window.hasClicked[index] = true;\r\n                    rightLink.click();\r\n                }\r\n            }\r\n        }\r\n\r\n    });\r\n});\r\n<\/script> -->\r\n","protected":false},"excerpt":{"rendered":"","protected":false},"author":1,"featured_media":0,"parent":38832,"menu_order":0,"comment_status":"closed","ping_status":"closed","template":"","meta":{"_acf_changed":true,"_searchwp_excluded":"","footnotes":""},"class_list":["post-38966","page","type-page","status-publish","hentry"],"acf":[],"yoast_head":"<!-- This site is optimized with the Yoast SEO plugin v27.3 - https:\/\/yoast.com\/product\/yoast-seo-wordpress\/ -->\n<title>Conecte su red con Capacidad Satelital | Hughes<\/title>\n<meta name=\"description\" content=\"Descubra las soluciones avanzadas de Hughes en servicios satelitales y sistemas terrestres. Mejore la conectividad y eficiencia de su empresa con tecnolog\u00eda de vanguardia.\" \/>\n<meta name=\"robots\" content=\"index, follow, max-snippet:-1, max-image-preview:large, max-video-preview:-1\" \/>\n<link rel=\"canonical\" href=\"https:\/\/www.hughes.com\/co\/soluciones\/servicios-satelitales-systems-terrestre\" \/>\n<meta property=\"og:locale\" content=\"es_ES\" \/>\n<meta property=\"og:type\" content=\"article\" \/>\n<meta property=\"og:title\" content=\"Conecte su red con Capacidad Satelital | Hughes\" \/>\n<meta property=\"og:description\" content=\"Descubra las soluciones avanzadas de Hughes en servicios satelitales y sistemas terrestres. Mejore la conectividad y eficiencia de su empresa con tecnolog\u00eda de vanguardia.\" \/>\n<meta property=\"og:url\" content=\"https:\/\/www.hughes.com\/co\/soluciones\/servicios-satelitales-systems-terrestre\" \/>\n<meta property=\"og:site_name\" content=\"Hughes\" \/>\n<meta property=\"article:publisher\" content=\"https:\/\/www.facebook.com\/HughesConnects\/\" \/>\n<meta property=\"article:modified_time\" content=\"2026-02-19T02:08:09+00:00\" \/>\n<meta property=\"og:image\" content=\"https:\/\/www.hughes.com\/wp-content\/uploads\/2026\/02\/HughesGlobalOpenGraph.jpg\" \/>\n\t<meta property=\"og:image:width\" content=\"1200\" \/>\n\t<meta property=\"og:image:height\" content=\"630\" \/>\n\t<meta property=\"og:image:type\" content=\"image\/jpeg\" \/>\n<meta name=\"twitter:card\" content=\"summary_large_image\" \/>\n<meta name=\"twitter:site\" content=\"@HughesConnects\" \/>\n<script type=\"application\/ld+json\" class=\"yoast-schema-graph\">{\"@context\":\"https:\\\/\\\/schema.org\",\"@graph\":[{\"@type\":\"WebPage\",\"@id\":\"https:\\\/\\\/www.hughes.com\\\/co\\\/soluciones\\\/servicios-satelitales-systems-terrestre\",\"url\":\"https:\\\/\\\/www.hughes.com\\\/co\\\/soluciones\\\/servicios-satelitales-systems-terrestre\",\"name\":\"Conecte su red con Capacidad Satelital | Hughes\",\"isPartOf\":{\"@id\":\"https:\\\/\\\/www.hughes.com\\\/co\\\/#website\"},\"datePublished\":\"2026-01-27T11:58:55+00:00\",\"dateModified\":\"2026-02-19T02:08:09+00:00\",\"description\":\"Descubra las soluciones avanzadas de Hughes en servicios satelitales y sistemas terrestres. Mejore la conectividad y eficiencia de su empresa con tecnolog\u00eda de vanguardia.\",\"breadcrumb\":{\"@id\":\"https:\\\/\\\/www.hughes.com\\\/co\\\/soluciones\\\/servicios-satelitales-systems-terrestre#breadcrumb\"},\"inLanguage\":\"es-CO\",\"potentialAction\":[{\"@type\":\"ReadAction\",\"target\":[\"https:\\\/\\\/www.hughes.com\\\/co\\\/soluciones\\\/servicios-satelitales-systems-terrestre\"]}]},{\"@type\":\"BreadcrumbList\",\"@id\":\"https:\\\/\\\/www.hughes.com\\\/co\\\/soluciones\\\/servicios-satelitales-systems-terrestre#breadcrumb\",\"itemListElement\":[{\"@type\":\"ListItem\",\"position\":1,\"name\":\"Home\",\"item\":\"https:\\\/\\\/www.hughes.com\\\/co\"},{\"@type\":\"ListItem\",\"position\":2,\"name\":\"Soluciones\",\"item\":\"https:\\\/\\\/www.hughes.com\\\/co\\\/soluciones\"},{\"@type\":\"ListItem\",\"position\":3,\"name\":\"Servicios Satelitales y Sistema Terrestre\"}]},{\"@type\":\"WebSite\",\"@id\":\"https:\\\/\\\/www.hughes.com\\\/co\\\/#website\",\"url\":\"https:\\\/\\\/www.hughes.com\\\/co\\\/\",\"name\":\"Hughes\",\"description\":\"\",\"publisher\":{\"@id\":\"https:\\\/\\\/www.hughes.com\\\/co\\\/#organization\"},\"potentialAction\":[{\"@type\":\"SearchAction\",\"target\":{\"@type\":\"EntryPoint\",\"urlTemplate\":\"https:\\\/\\\/www.hughes.com\\\/co\\\/?s={search_term_string}\"},\"query-input\":{\"@type\":\"PropertyValueSpecification\",\"valueRequired\":true,\"valueName\":\"search_term_string\"}}],\"inLanguage\":\"es-CO\"},{\"@type\":\"Organization\",\"@id\":\"https:\\\/\\\/www.hughes.com\\\/co\\\/#organization\",\"name\":\"Hughes\",\"url\":\"https:\\\/\\\/www.hughes.com\\\/co\\\/\",\"logo\":{\"@type\":\"ImageObject\",\"inLanguage\":\"es-CO\",\"@id\":\"https:\\\/\\\/www.hughes.com\\\/co\\\/#\\\/schema\\\/logo\\\/image\\\/\",\"url\":\"https:\\\/\\\/www.hughes.com\\\/wp-content\\\/uploads\\\/2026\\\/02\\\/HughesEchoStar_Logo.png\",\"contentUrl\":\"https:\\\/\\\/www.hughes.com\\\/wp-content\\\/uploads\\\/2026\\\/02\\\/HughesEchoStar_Logo.png\",\"width\":593,\"height\":213,\"caption\":\"Hughes\"},\"image\":{\"@id\":\"https:\\\/\\\/www.hughes.com\\\/co\\\/#\\\/schema\\\/logo\\\/image\\\/\"},\"sameAs\":[\"https:\\\/\\\/www.facebook.com\\\/HughesConnects\\\/\",\"https:\\\/\\\/x.com\\\/HughesConnects\",\"https:\\\/\\\/www.youtube.com\\\/user\\\/HughesTV\\\/videos\",\"https:\\\/\\\/www.linkedin.com\\\/company\\\/3569\\\/admin\\\/dashboard\\\/\"]}]}<\/script>\n<!-- \/ Yoast SEO plugin. -->","yoast_head_json":{"title":"Conecte su red con Capacidad Satelital | Hughes","description":"Descubra las soluciones avanzadas de Hughes en servicios satelitales y sistemas terrestres. Mejore la conectividad y eficiencia de su empresa con tecnolog\u00eda de vanguardia.","robots":{"index":"index","follow":"follow","max-snippet":"max-snippet:-1","max-image-preview":"max-image-preview:large","max-video-preview":"max-video-preview:-1"},"canonical":"https:\/\/www.hughes.com\/co\/soluciones\/servicios-satelitales-systems-terrestre","og_locale":"es_ES","og_type":"article","og_title":"Conecte su red con Capacidad Satelital | Hughes","og_description":"Descubra las soluciones avanzadas de Hughes en servicios satelitales y sistemas terrestres. Mejore la conectividad y eficiencia de su empresa con tecnolog\u00eda de vanguardia.","og_url":"https:\/\/www.hughes.com\/co\/soluciones\/servicios-satelitales-systems-terrestre","og_site_name":"Hughes","article_publisher":"https:\/\/www.facebook.com\/HughesConnects\/","article_modified_time":"2026-02-19T02:08:09+00:00","og_image":[{"width":1200,"height":630,"url":"https:\/\/www.hughes.com\/wp-content\/uploads\/2026\/02\/HughesGlobalOpenGraph.jpg","type":"image\/jpeg"}],"twitter_card":"summary_large_image","twitter_site":"@HughesConnects","schema":{"@context":"https:\/\/schema.org","@graph":[{"@type":"WebPage","@id":"https:\/\/www.hughes.com\/co\/soluciones\/servicios-satelitales-systems-terrestre","url":"https:\/\/www.hughes.com\/co\/soluciones\/servicios-satelitales-systems-terrestre","name":"Conecte su red con Capacidad Satelital | Hughes","isPartOf":{"@id":"https:\/\/www.hughes.com\/co\/#website"},"datePublished":"2026-01-27T11:58:55+00:00","dateModified":"2026-02-19T02:08:09+00:00","description":"Descubra las soluciones avanzadas de Hughes en servicios satelitales y sistemas terrestres. Mejore la conectividad y eficiencia de su empresa con tecnolog\u00eda de vanguardia.","breadcrumb":{"@id":"https:\/\/www.hughes.com\/co\/soluciones\/servicios-satelitales-systems-terrestre#breadcrumb"},"inLanguage":"es-CO","potentialAction":[{"@type":"ReadAction","target":["https:\/\/www.hughes.com\/co\/soluciones\/servicios-satelitales-systems-terrestre"]}]},{"@type":"BreadcrumbList","@id":"https:\/\/www.hughes.com\/co\/soluciones\/servicios-satelitales-systems-terrestre#breadcrumb","itemListElement":[{"@type":"ListItem","position":1,"name":"Home","item":"https:\/\/www.hughes.com\/co"},{"@type":"ListItem","position":2,"name":"Soluciones","item":"https:\/\/www.hughes.com\/co\/soluciones"},{"@type":"ListItem","position":3,"name":"Servicios Satelitales y Sistema Terrestre"}]},{"@type":"WebSite","@id":"https:\/\/www.hughes.com\/co\/#website","url":"https:\/\/www.hughes.com\/co\/","name":"Hughes","description":"","publisher":{"@id":"https:\/\/www.hughes.com\/co\/#organization"},"potentialAction":[{"@type":"SearchAction","target":{"@type":"EntryPoint","urlTemplate":"https:\/\/www.hughes.com\/co\/?s={search_term_string}"},"query-input":{"@type":"PropertyValueSpecification","valueRequired":true,"valueName":"search_term_string"}}],"inLanguage":"es-CO"},{"@type":"Organization","@id":"https:\/\/www.hughes.com\/co\/#organization","name":"Hughes","url":"https:\/\/www.hughes.com\/co\/","logo":{"@type":"ImageObject","inLanguage":"es-CO","@id":"https:\/\/www.hughes.com\/co\/#\/schema\/logo\/image\/","url":"https:\/\/www.hughes.com\/wp-content\/uploads\/2026\/02\/HughesEchoStar_Logo.png","contentUrl":"https:\/\/www.hughes.com\/wp-content\/uploads\/2026\/02\/HughesEchoStar_Logo.png","width":593,"height":213,"caption":"Hughes"},"image":{"@id":"https:\/\/www.hughes.com\/co\/#\/schema\/logo\/image\/"},"sameAs":["https:\/\/www.facebook.com\/HughesConnects\/","https:\/\/x.com\/HughesConnects","https:\/\/www.youtube.com\/user\/HughesTV\/videos","https:\/\/www.linkedin.com\/company\/3569\/admin\/dashboard\/"]}]}},"_links":{"self":[{"href":"https:\/\/www.hughes.com\/co\/wp-json\/wp\/v2\/pages\/38966","targetHints":{"allow":["GET"]}}],"collection":[{"href":"https:\/\/www.hughes.com\/co\/wp-json\/wp\/v2\/pages"}],"about":[{"href":"https:\/\/www.hughes.com\/co\/wp-json\/wp\/v2\/types\/page"}],"author":[{"embeddable":true,"href":"https:\/\/www.hughes.com\/co\/wp-json\/wp\/v2\/users\/1"}],"replies":[{"embeddable":true,"href":"https:\/\/www.hughes.com\/co\/wp-json\/wp\/v2\/comments?post=38966"}],"version-history":[{"count":0,"href":"https:\/\/www.hughes.com\/co\/wp-json\/wp\/v2\/pages\/38966\/revisions"}],"up":[{"embeddable":true,"href":"https:\/\/www.hughes.com\/co\/wp-json\/wp\/v2\/pages\/38832"}],"wp:attachment":[{"href":"https:\/\/www.hughes.com\/co\/wp-json\/wp\/v2\/media?parent=38966"}],"curies":[{"name":"wp","href":"https:\/\/api.w.org\/{rel}","templated":true}]}}