{"id":38954,"date":"2025-12-22T10:09:22","date_gmt":"2025-12-22T10:09:22","guid":{"rendered":"https:\/\/hughes1stg.wpenginepowered.com\/soluciones\/para-la-brecha-digital\/conectividad-para-escuelas"},"modified":"2026-02-19T02:01:35","modified_gmt":"2026-02-19T02:01:35","slug":"conectividad-para-escuelas","status":"publish","type":"page","link":"https:\/\/www.hughes.com\/co\/soluciones\/para-la-brecha-digital\/conectividad-para-escuelas","title":{"rendered":"Conectividad para Escuelas"},"content":{"rendered":"<!-- Solution Hero --><section class=\"solution-hero-section\">\r\n    <div class=\"shs-wrapper bg-dark border-radius-bottom-lr\">\r\n        <div class=\"shs-hero\"><div class=\"shs-bg-media\"><img src=\"https:\/\/www.hughes.com\/wp-content\/uploads\/2026\/02\/schools-connectivity.jpg.webp\" srcset=\"https:\/\/www.hughes.com\/wp-content\/uploads\/2026\/02\/schools-connectivity.jpg.webp 1600w, https:\/\/www.hughes.com\/wp-content\/uploads\/2026\/02\/schools-connectivity.jpg-300x113.webp 300w, https:\/\/www.hughes.com\/wp-content\/uploads\/2026\/02\/schools-connectivity.jpg-1024x384.webp 1024w, https:\/\/www.hughes.com\/wp-content\/uploads\/2026\/02\/schools-connectivity.jpg-768x288.webp 768w, https:\/\/www.hughes.com\/wp-content\/uploads\/2026\/02\/schools-connectivity.jpg-1536x576.webp 1536w\" sizes=\"(max-width: 1600px) 100vw, 1600px\" alt=\"schools connectivity\" class=\"\" loading=\"eager\" decoding=\"async\" width=\"1600\" height=\"600\" fetchpriority=\"high\"><\/div><div class=\"container\">\r\n                <div class=\"shs-hero-content\"><h1 class=\"h1 title\">Soluciones de Educaci\u00f3n a Distancia con Internet Satelital<\/h1><h2 class=\"desc\"><p>Empoderando a estudiantes, docentes y educadores en todo el mundo a trav\u00e9s del acceso a la conectividad satelital y herramientas de educaci\u00f3n a distancia.<\/p>\n<\/h2><\/div>\r\n            <\/div><\/div><\/div>\r\n<\/section>\n\n<!-- Two-Column Content --><section class=\"two-column-content-section space-lg-m\">\r\n        <div class=\"container\"><div class=\"tccs-row row\"><div class=\"tccs-row-left cell-md-6\"><div class=\"tccs-text-block bullet-styled\"><p><strong>Internet satelital para escuelas<\/strong><\/p>\n<p>En comunidades rurales y remotas sin banda ancha terrestre, Hughes proporciona la conectividad satelital que necesitan las escuelas, las cuales a menudo sirven como puntos de acceso Wi-Fi para la comunidad local fuera del horario escolar.<\/p>\n<\/div><\/div><div class=\"tccs-row-right cell-md-6\"><div class=\"tccs-text-block bullet-styled\"><p>\n    Aproximadamente 50,000 escuelas alrededor del mundo dependen del Sistema JUPITER\u2122 de Hughes para una conectividad escolar r\u00e1pida y eficiente. En toda Am\u00e9rica Latina, incluyendo Colombia, ofrecemos a las escuelas una soluci\u00f3n integrada que combina nuestra capacidad satelital de alto rendimiento en banda Ka con equipos y gesti\u00f3n de red.\n<\/p>\n<p>\n    Para obtener m\u00e1s informaci\u00f3n sobre soluciones de conectividad en su instituci\u00f3n educativa <a href=\"https:\/\/www.hughes.com\/co\/contactenos\">cont\u00e1ctenos<\/a> hoy mismo.<\/p>\n<\/div><\/div><\/div><\/div>\r\n    <\/section>\r\n<!-- <script>\r\nwindow.hasClicked = window.hasClicked || {};\r\njQuery(document).on('gform_confirmation_loaded', function(event, formId) {\r\n    const formBlocks = document.querySelectorAll('.two-column-content-section .tccs-form-block');\r\n\r\n    formBlocks.forEach(block => {\r\n        const thankYou = block.querySelector('.tccs-thank-you');\r\n\r\n        const leftLink = block.querySelector('[class^=\"left-redirect-link-\"]');\r\n        if(leftLink) {\r\n            const linkFormId = parseInt(leftLink.getAttribute('title'));\r\n            if(!isNaN(linkFormId) && formId === linkFormId) {\r\n                if(thankYou) thankYou.classList.remove('d-none');\r\n                const index = leftLink.className.match(\/left-redirect-link-(\\d+)\/)[1];\r\n                if(!window.hasClicked[index]) {\r\n                    window.hasClicked[index] = true;\r\n                    leftLink.click();\r\n                }\r\n            }\r\n        }\r\n\r\n        const rightLink = block.querySelector('[class^=\"right-redirect-link-\"]');\r\n        if(rightLink) {\r\n            const linkFormId = parseInt(rightLink.getAttribute('title'));\r\n            if(!isNaN(linkFormId) && formId === linkFormId) {\r\n                if(thankYou) thankYou.classList.remove('d-none');\r\n                const index = rightLink.className.match(\/right-redirect-link-(\\d+)\/)[1];\r\n                if(!window.hasClicked[index]) {\r\n                    window.hasClicked[index] = true;\r\n                    rightLink.click();\r\n                }\r\n            }\r\n        }\r\n\r\n    });\r\n});\r\n<\/script> -->\r\n","protected":false},"excerpt":{"rendered":"","protected":false},"author":1,"featured_media":0,"parent":38940,"menu_order":0,"comment_status":"closed","ping_status":"closed","template":"","meta":{"_acf_changed":true,"_searchwp_excluded":"","footnotes":""},"class_list":["post-38954","page","type-page","status-publish","hentry"],"acf":[],"yoast_head":"<!-- This site is optimized with the Yoast SEO plugin v27.3 - https:\/\/yoast.com\/product\/yoast-seo-wordpress\/ -->\n<title>Soluciones de Educaci\u00f3n a Distancia | Hughes<\/title>\n<meta name=\"description\" content=\"Hughes impulsa la educaci\u00f3n. Ofrecemos soluciones de conectividad para escuelas, cerrando la brecha digital y proporcionando acceso a internet de alta calidad para estudiantes y docentes.\" \/>\n<meta name=\"robots\" content=\"index, follow, max-snippet:-1, max-image-preview:large, max-video-preview:-1\" \/>\n<link rel=\"canonical\" href=\"https:\/\/www.hughes.com\/co\/soluciones\/para-la-brecha-digital\/conectividad-para-escuelas\" \/>\n<meta property=\"og:locale\" content=\"es_ES\" \/>\n<meta property=\"og:type\" content=\"article\" \/>\n<meta property=\"og:title\" content=\"Soluciones de Educaci\u00f3n a Distancia | Hughes\" \/>\n<meta property=\"og:description\" content=\"Hughes impulsa la educaci\u00f3n. Ofrecemos soluciones de conectividad para escuelas, cerrando la brecha digital y proporcionando acceso a internet de alta calidad para estudiantes y docentes.\" \/>\n<meta property=\"og:url\" content=\"https:\/\/www.hughes.com\/co\/soluciones\/para-la-brecha-digital\/conectividad-para-escuelas\" \/>\n<meta property=\"og:site_name\" content=\"Hughes\" \/>\n<meta property=\"article:publisher\" content=\"https:\/\/www.facebook.com\/HughesConnects\/\" \/>\n<meta property=\"article:modified_time\" content=\"2026-02-19T02:01:35+00:00\" \/>\n<meta property=\"og:image\" content=\"https:\/\/www.hughes.com\/wp-content\/uploads\/2026\/02\/HughesGlobalOpenGraph.jpg\" \/>\n\t<meta property=\"og:image:width\" content=\"1200\" \/>\n\t<meta property=\"og:image:height\" content=\"630\" \/>\n\t<meta property=\"og:image:type\" content=\"image\/jpeg\" \/>\n<meta name=\"twitter:card\" content=\"summary_large_image\" \/>\n<meta name=\"twitter:site\" content=\"@HughesConnects\" \/>\n<script type=\"application\/ld+json\" class=\"yoast-schema-graph\">{\"@context\":\"https:\\\/\\\/schema.org\",\"@graph\":[{\"@type\":\"WebPage\",\"@id\":\"https:\\\/\\\/www.hughes.com\\\/co\\\/soluciones\\\/para-la-brecha-digital\\\/conectividad-para-escuelas\",\"url\":\"https:\\\/\\\/www.hughes.com\\\/co\\\/soluciones\\\/para-la-brecha-digital\\\/conectividad-para-escuelas\",\"name\":\"Soluciones de Educaci\u00f3n a Distancia | Hughes\",\"isPartOf\":{\"@id\":\"https:\\\/\\\/www.hughes.com\\\/co\\\/#website\"},\"datePublished\":\"2025-12-22T10:09:22+00:00\",\"dateModified\":\"2026-02-19T02:01:35+00:00\",\"description\":\"Hughes impulsa la educaci\u00f3n. Ofrecemos soluciones de conectividad para escuelas, cerrando la brecha digital y proporcionando acceso a internet de alta calidad para estudiantes y docentes.\",\"breadcrumb\":{\"@id\":\"https:\\\/\\\/www.hughes.com\\\/co\\\/soluciones\\\/para-la-brecha-digital\\\/conectividad-para-escuelas#breadcrumb\"},\"inLanguage\":\"es-CO\",\"potentialAction\":[{\"@type\":\"ReadAction\",\"target\":[\"https:\\\/\\\/www.hughes.com\\\/co\\\/soluciones\\\/para-la-brecha-digital\\\/conectividad-para-escuelas\"]}]},{\"@type\":\"BreadcrumbList\",\"@id\":\"https:\\\/\\\/www.hughes.com\\\/co\\\/soluciones\\\/para-la-brecha-digital\\\/conectividad-para-escuelas#breadcrumb\",\"itemListElement\":[{\"@type\":\"ListItem\",\"position\":1,\"name\":\"Home\",\"item\":\"https:\\\/\\\/www.hughes.com\\\/co\"},{\"@type\":\"ListItem\",\"position\":2,\"name\":\"Soluciones\",\"item\":\"https:\\\/\\\/www.hughes.com\\\/co\\\/soluciones\"},{\"@type\":\"ListItem\",\"position\":3,\"name\":\"Soluciones para la Brecha Digital\",\"item\":\"https:\\\/\\\/www.hughes.com\\\/co\\\/soluciones\\\/para-la-brecha-digital\"},{\"@type\":\"ListItem\",\"position\":4,\"name\":\"Conectividad para Escuelas\"}]},{\"@type\":\"WebSite\",\"@id\":\"https:\\\/\\\/www.hughes.com\\\/co\\\/#website\",\"url\":\"https:\\\/\\\/www.hughes.com\\\/co\\\/\",\"name\":\"Hughes\",\"description\":\"\",\"publisher\":{\"@id\":\"https:\\\/\\\/www.hughes.com\\\/co\\\/#organization\"},\"potentialAction\":[{\"@type\":\"SearchAction\",\"target\":{\"@type\":\"EntryPoint\",\"urlTemplate\":\"https:\\\/\\\/www.hughes.com\\\/co\\\/?s={search_term_string}\"},\"query-input\":{\"@type\":\"PropertyValueSpecification\",\"valueRequired\":true,\"valueName\":\"search_term_string\"}}],\"inLanguage\":\"es-CO\"},{\"@type\":\"Organization\",\"@id\":\"https:\\\/\\\/www.hughes.com\\\/co\\\/#organization\",\"name\":\"Hughes\",\"url\":\"https:\\\/\\\/www.hughes.com\\\/co\\\/\",\"logo\":{\"@type\":\"ImageObject\",\"inLanguage\":\"es-CO\",\"@id\":\"https:\\\/\\\/www.hughes.com\\\/co\\\/#\\\/schema\\\/logo\\\/image\\\/\",\"url\":\"https:\\\/\\\/www.hughes.com\\\/wp-content\\\/uploads\\\/2026\\\/02\\\/HughesEchoStar_Logo.png\",\"contentUrl\":\"https:\\\/\\\/www.hughes.com\\\/wp-content\\\/uploads\\\/2026\\\/02\\\/HughesEchoStar_Logo.png\",\"width\":593,\"height\":213,\"caption\":\"Hughes\"},\"image\":{\"@id\":\"https:\\\/\\\/www.hughes.com\\\/co\\\/#\\\/schema\\\/logo\\\/image\\\/\"},\"sameAs\":[\"https:\\\/\\\/www.facebook.com\\\/HughesConnects\\\/\",\"https:\\\/\\\/x.com\\\/HughesConnects\",\"https:\\\/\\\/www.youtube.com\\\/user\\\/HughesTV\\\/videos\",\"https:\\\/\\\/www.linkedin.com\\\/company\\\/3569\\\/admin\\\/dashboard\\\/\"]}]}<\/script>\n<!-- \/ Yoast SEO plugin. -->","yoast_head_json":{"title":"Soluciones de Educaci\u00f3n a Distancia | Hughes","description":"Hughes impulsa la educaci\u00f3n. Ofrecemos soluciones de conectividad para escuelas, cerrando la brecha digital y proporcionando acceso a internet de alta calidad para estudiantes y docentes.","robots":{"index":"index","follow":"follow","max-snippet":"max-snippet:-1","max-image-preview":"max-image-preview:large","max-video-preview":"max-video-preview:-1"},"canonical":"https:\/\/www.hughes.com\/co\/soluciones\/para-la-brecha-digital\/conectividad-para-escuelas","og_locale":"es_ES","og_type":"article","og_title":"Soluciones de Educaci\u00f3n a Distancia | Hughes","og_description":"Hughes impulsa la educaci\u00f3n. Ofrecemos soluciones de conectividad para escuelas, cerrando la brecha digital y proporcionando acceso a internet de alta calidad para estudiantes y docentes.","og_url":"https:\/\/www.hughes.com\/co\/soluciones\/para-la-brecha-digital\/conectividad-para-escuelas","og_site_name":"Hughes","article_publisher":"https:\/\/www.facebook.com\/HughesConnects\/","article_modified_time":"2026-02-19T02:01:35+00:00","og_image":[{"width":1200,"height":630,"url":"https:\/\/www.hughes.com\/wp-content\/uploads\/2026\/02\/HughesGlobalOpenGraph.jpg","type":"image\/jpeg"}],"twitter_card":"summary_large_image","twitter_site":"@HughesConnects","schema":{"@context":"https:\/\/schema.org","@graph":[{"@type":"WebPage","@id":"https:\/\/www.hughes.com\/co\/soluciones\/para-la-brecha-digital\/conectividad-para-escuelas","url":"https:\/\/www.hughes.com\/co\/soluciones\/para-la-brecha-digital\/conectividad-para-escuelas","name":"Soluciones de Educaci\u00f3n a Distancia | Hughes","isPartOf":{"@id":"https:\/\/www.hughes.com\/co\/#website"},"datePublished":"2025-12-22T10:09:22+00:00","dateModified":"2026-02-19T02:01:35+00:00","description":"Hughes impulsa la educaci\u00f3n. Ofrecemos soluciones de conectividad para escuelas, cerrando la brecha digital y proporcionando acceso a internet de alta calidad para estudiantes y docentes.","breadcrumb":{"@id":"https:\/\/www.hughes.com\/co\/soluciones\/para-la-brecha-digital\/conectividad-para-escuelas#breadcrumb"},"inLanguage":"es-CO","potentialAction":[{"@type":"ReadAction","target":["https:\/\/www.hughes.com\/co\/soluciones\/para-la-brecha-digital\/conectividad-para-escuelas"]}]},{"@type":"BreadcrumbList","@id":"https:\/\/www.hughes.com\/co\/soluciones\/para-la-brecha-digital\/conectividad-para-escuelas#breadcrumb","itemListElement":[{"@type":"ListItem","position":1,"name":"Home","item":"https:\/\/www.hughes.com\/co"},{"@type":"ListItem","position":2,"name":"Soluciones","item":"https:\/\/www.hughes.com\/co\/soluciones"},{"@type":"ListItem","position":3,"name":"Soluciones para la Brecha Digital","item":"https:\/\/www.hughes.com\/co\/soluciones\/para-la-brecha-digital"},{"@type":"ListItem","position":4,"name":"Conectividad para Escuelas"}]},{"@type":"WebSite","@id":"https:\/\/www.hughes.com\/co\/#website","url":"https:\/\/www.hughes.com\/co\/","name":"Hughes","description":"","publisher":{"@id":"https:\/\/www.hughes.com\/co\/#organization"},"potentialAction":[{"@type":"SearchAction","target":{"@type":"EntryPoint","urlTemplate":"https:\/\/www.hughes.com\/co\/?s={search_term_string}"},"query-input":{"@type":"PropertyValueSpecification","valueRequired":true,"valueName":"search_term_string"}}],"inLanguage":"es-CO"},{"@type":"Organization","@id":"https:\/\/www.hughes.com\/co\/#organization","name":"Hughes","url":"https:\/\/www.hughes.com\/co\/","logo":{"@type":"ImageObject","inLanguage":"es-CO","@id":"https:\/\/www.hughes.com\/co\/#\/schema\/logo\/image\/","url":"https:\/\/www.hughes.com\/wp-content\/uploads\/2026\/02\/HughesEchoStar_Logo.png","contentUrl":"https:\/\/www.hughes.com\/wp-content\/uploads\/2026\/02\/HughesEchoStar_Logo.png","width":593,"height":213,"caption":"Hughes"},"image":{"@id":"https:\/\/www.hughes.com\/co\/#\/schema\/logo\/image\/"},"sameAs":["https:\/\/www.facebook.com\/HughesConnects\/","https:\/\/x.com\/HughesConnects","https:\/\/www.youtube.com\/user\/HughesTV\/videos","https:\/\/www.linkedin.com\/company\/3569\/admin\/dashboard\/"]}]}},"_links":{"self":[{"href":"https:\/\/www.hughes.com\/co\/wp-json\/wp\/v2\/pages\/38954","targetHints":{"allow":["GET"]}}],"collection":[{"href":"https:\/\/www.hughes.com\/co\/wp-json\/wp\/v2\/pages"}],"about":[{"href":"https:\/\/www.hughes.com\/co\/wp-json\/wp\/v2\/types\/page"}],"author":[{"embeddable":true,"href":"https:\/\/www.hughes.com\/co\/wp-json\/wp\/v2\/users\/1"}],"replies":[{"embeddable":true,"href":"https:\/\/www.hughes.com\/co\/wp-json\/wp\/v2\/comments?post=38954"}],"version-history":[{"count":0,"href":"https:\/\/www.hughes.com\/co\/wp-json\/wp\/v2\/pages\/38954\/revisions"}],"up":[{"embeddable":true,"href":"https:\/\/www.hughes.com\/co\/wp-json\/wp\/v2\/pages\/38940"}],"wp:attachment":[{"href":"https:\/\/www.hughes.com\/co\/wp-json\/wp\/v2\/media?parent=38954"}],"curies":[{"name":"wp","href":"https:\/\/api.w.org\/{rel}","templated":true}]}}