{"id":38935,"date":"2026-01-27T11:58:55","date_gmt":"2026-01-27T11:58:55","guid":{"rendered":"https:\/\/hughes1stg.wpenginepowered.com\/soluciones\/internet-satelital"},"modified":"2026-02-20T05:10:08","modified_gmt":"2026-02-20T05:10:08","slug":"internet-satelital","status":"publish","type":"page","link":"https:\/\/www.hughes.com\/co\/soluciones\/internet-satelital","title":{"rendered":"Internet Satelital"},"content":{"rendered":"<!-- Solution Hero --><section class=\"solution-hero-section\">\r\n    <div class=\"shs-wrapper bg-dark border-radius-bottom-lr\">\r\n        <div class=\"shs-hero\"><div class=\"shs-bg-media\"><img src=\"https:\/\/www.hughes.com\/wp-content\/uploads\/2026\/02\/WWO_Satellite-Internet_compressed.png.webp\" srcset=\"https:\/\/www.hughes.com\/wp-content\/uploads\/2026\/02\/WWO_Satellite-Internet_compressed.png.webp 1280w, https:\/\/www.hughes.com\/wp-content\/uploads\/2026\/02\/WWO_Satellite-Internet_compressed.png-300x113.webp 300w, https:\/\/www.hughes.com\/wp-content\/uploads\/2026\/02\/WWO_Satellite-Internet_compressed.png-1024x384.webp 1024w, https:\/\/www.hughes.com\/wp-content\/uploads\/2026\/02\/WWO_Satellite-Internet_compressed.png-768x288.webp 768w\" sizes=\"(max-width: 1280px) 100vw, 1280px\" alt=\"couple using satellite internet\" class=\"\" loading=\"eager\" decoding=\"async\" width=\"1280\" height=\"480\" fetchpriority=\"high\"><\/div><div class=\"container\">\r\n                <div class=\"shs-hero-content\"><h1 class=\"h1 title\">Servicio de internet satelital proporcionado por la compa\u00f1\u00eda que lo invent\u00f3<\/h1><h2 class=\"desc\"><p>Conf\u00eda en el proveedor pionero de internet satelital para conectar tu hogar, comunidad, oficina o empresa.<\/p>\n<p>En Hughes, somos apasionados por conectar a los no conectados mediante tecnolog\u00edas y servicios innovadores y en constante evoluci\u00f3n que hacen que el acceso a internet sea m\u00e1s r\u00e1pido, sencillo y asequible. Todo comenz\u00f3 en 1996, cuando nuestros ingenieros idearon una forma de reducir los tiempos de descarga de archivos de una hora a solo 90 segundos, utilizando conectividad satelital. Y no hemos dejado de innovar.<\/p>\n<\/h2><\/div>\r\n            <\/div><\/div><\/div>\r\n<\/section>\n\n<!-- Two-Column Content --><section class=\"two-column-content-section space-lg-m\">\r\n        <div class=\"container\"><div class=\"tccs-row row\"><div class=\"tccs-row-left cell-md-6\"><div class=\"tccs-text-block bullet-styled\"><p class=\"text-align-justify\">\n    De hecho, desde que inventamos la tecnolog\u00eda para proporcionar acceso en l\u00ednea a trav\u00e9s de sat\u00e9lites en el espacio hace m\u00e1s de 25 a\u00f1os, hemos seguido invirtiendo en mejorar y avanzar en el internet satelital para llegar a m\u00e1s personas. Hoy en d\u00eda, nuestro servicio l\u00edder en la industria de internet satelital, Hughesnet\u00ae, conecta a millones de personas en todo el continente americano.&nbsp;\n<\/p>\n<p class=\"text-align-justify\">\n    Hughesnet est\u00e1 disponible en <a href=\"https:\/\/www.hughesnet.com.br\/\" target=\"_blank\" rel=\"noopener\">Brasil<\/a>, <a href=\"https:\/\/www.hughesnet.com.mx\/\" target=\"_blank\" rel=\"noopener\">M\u00e9xico<\/a>, <a href=\"https:\/\/www.hughesnet.com.co\/\" target=\"_blank\" rel=\"noopener\">Colombia<\/a>, <a href=\"https:\/\/www.hughesnet.com.pe\/\" target=\"_blank\" rel=\"noopener\">Per\u00fa <\/a>, <a href=\"https:\/\/www.hughesnet.com.ec\/\" target=\"_blank\" rel=\"noopener\">Ecuador<\/a>, y <a href=\"https:\/\/www.hughesnet.cl\" target=\"_blank\" rel=\"noopener\">Chile<\/a>.<\/p>\n<\/div><\/div><div class=\"tccs-row-right cell-md-6\"><div class=\"tccs-text-block bullet-styled\"><p class=\"text-align-justify\">\n    El sistema JUPITER de Hughes hace que cada conexi\u00f3n sea posible con una arquitectura definida por software, un dise\u00f1o preparado para 5G y una gesti\u00f3n de red virtualizada habilitada para la nube. Dise\u00f1ado por Hughes, el sistema JUPITER alimenta millones de conexiones en todo el mundo.\n<\/p>\n<div class=\"paragraph fourtysixty-two-col-content paragraph--type--fourtysixty-two-col-content paragraph--view-mode--default\">\n<\/div><div class=\"btn-wrap\"><a class=\"btn\" href=\"https:\/\/www.hughes.com\/co\/soluciones\/servicios-satelitales-systems-terrestre\/sistema-jupiter\" target=\"_self\" rel=\"nofollow\" aria-label=\"M\u00e1s informaci\u00f3n sobre JUPITER\" >M\u00e1s informaci\u00f3n sobre JUPITER<\/a><\/div><\/div><\/div><\/div>\r\n    <\/section>\r\n<!-- <script>\r\nwindow.hasClicked = window.hasClicked || {};\r\njQuery(document).on('gform_confirmation_loaded', function(event, formId) {\r\n    const formBlocks = document.querySelectorAll('.two-column-content-section .tccs-form-block');\r\n\r\n    formBlocks.forEach(block => {\r\n        const thankYou = block.querySelector('.tccs-thank-you');\r\n\r\n        const leftLink = block.querySelector('[class^=\"left-redirect-link-\"]');\r\n        if(leftLink) {\r\n            const linkFormId = parseInt(leftLink.getAttribute('title'));\r\n            if(!isNaN(linkFormId) && formId === linkFormId) {\r\n                if(thankYou) thankYou.classList.remove('d-none');\r\n                const index = leftLink.className.match(\/left-redirect-link-(\\d+)\/)[1];\r\n                if(!window.hasClicked[index]) {\r\n                    window.hasClicked[index] = true;\r\n                    leftLink.click();\r\n                }\r\n            }\r\n        }\r\n\r\n        const rightLink = block.querySelector('[class^=\"right-redirect-link-\"]');\r\n        if(rightLink) {\r\n            const linkFormId = parseInt(rightLink.getAttribute('title'));\r\n            if(!isNaN(linkFormId) && formId === linkFormId) {\r\n                if(thankYou) thankYou.classList.remove('d-none');\r\n                const index = rightLink.className.match(\/right-redirect-link-(\\d+)\/)[1];\r\n                if(!window.hasClicked[index]) {\r\n                    window.hasClicked[index] = true;\r\n                    rightLink.click();\r\n                }\r\n            }\r\n        }\r\n\r\n    });\r\n});\r\n<\/script> -->\r\n","protected":false},"excerpt":{"rendered":"<p>El proveedor l\u00edder de servicios satelitales de banda ancha puede conectar su hogar, comunidad, oficina o negocio. <\/p>\n","protected":false},"author":1,"featured_media":0,"parent":38832,"menu_order":0,"comment_status":"closed","ping_status":"closed","template":"","meta":{"_acf_changed":true,"_searchwp_excluded":"","footnotes":""},"class_list":["post-38935","page","type-page","status-publish","hentry"],"acf":[],"yoast_head":"<!-- This site is optimized with the Yoast SEO plugin v27.3 - https:\/\/yoast.com\/product\/yoast-seo-wordpress\/ -->\n<title>Internet Satelital en Colombia | Hughes<\/title>\n<meta name=\"description\" content=\"El proveedor l\u00edder de servicios satelitales de banda ancha puede conectar su hogar, comunidad, oficina o negocio.\" \/>\n<meta name=\"robots\" content=\"index, follow, max-snippet:-1, max-image-preview:large, max-video-preview:-1\" \/>\n<link rel=\"canonical\" href=\"https:\/\/www.hughes.com\/co\/soluciones\/internet-satelital\" \/>\n<meta property=\"og:locale\" content=\"es_ES\" \/>\n<meta property=\"og:type\" content=\"article\" \/>\n<meta property=\"og:title\" content=\"Internet Satelital en Colombia | Hughes\" \/>\n<meta property=\"og:description\" content=\"El proveedor l\u00edder de servicios satelitales de banda ancha puede conectar su hogar, comunidad, oficina o negocio.\" \/>\n<meta property=\"og:url\" content=\"https:\/\/www.hughes.com\/co\/soluciones\/internet-satelital\" \/>\n<meta property=\"og:site_name\" content=\"Hughes\" \/>\n<meta property=\"article:publisher\" content=\"https:\/\/www.facebook.com\/HughesConnects\/\" \/>\n<meta property=\"article:modified_time\" content=\"2026-02-20T05:10:08+00:00\" \/>\n<meta property=\"og:image\" content=\"https:\/\/www.hughes.com\/wp-content\/uploads\/2026\/02\/HughesGlobalOpenGraph.jpg\" \/>\n\t<meta property=\"og:image:width\" content=\"1200\" \/>\n\t<meta property=\"og:image:height\" content=\"630\" \/>\n\t<meta property=\"og:image:type\" content=\"image\/jpeg\" \/>\n<meta name=\"twitter:card\" content=\"summary_large_image\" \/>\n<meta name=\"twitter:site\" content=\"@HughesConnects\" \/>\n<script type=\"application\/ld+json\" class=\"yoast-schema-graph\">{\"@context\":\"https:\\\/\\\/schema.org\",\"@graph\":[{\"@type\":\"WebPage\",\"@id\":\"https:\\\/\\\/www.hughes.com\\\/co\\\/soluciones\\\/internet-satelital\",\"url\":\"https:\\\/\\\/www.hughes.com\\\/co\\\/soluciones\\\/internet-satelital\",\"name\":\"Internet Satelital en Colombia | Hughes\",\"isPartOf\":{\"@id\":\"https:\\\/\\\/www.hughes.com\\\/co\\\/#website\"},\"datePublished\":\"2026-01-27T11:58:55+00:00\",\"dateModified\":\"2026-02-20T05:10:08+00:00\",\"description\":\"El proveedor l\u00edder de servicios satelitales de banda ancha puede conectar su hogar, comunidad, oficina o negocio.\",\"breadcrumb\":{\"@id\":\"https:\\\/\\\/www.hughes.com\\\/co\\\/soluciones\\\/internet-satelital#breadcrumb\"},\"inLanguage\":\"es-CO\",\"potentialAction\":[{\"@type\":\"ReadAction\",\"target\":[\"https:\\\/\\\/www.hughes.com\\\/co\\\/soluciones\\\/internet-satelital\"]}]},{\"@type\":\"BreadcrumbList\",\"@id\":\"https:\\\/\\\/www.hughes.com\\\/co\\\/soluciones\\\/internet-satelital#breadcrumb\",\"itemListElement\":[{\"@type\":\"ListItem\",\"position\":1,\"name\":\"Home\",\"item\":\"https:\\\/\\\/www.hughes.com\\\/co\"},{\"@type\":\"ListItem\",\"position\":2,\"name\":\"Soluciones\",\"item\":\"https:\\\/\\\/www.hughes.com\\\/co\\\/soluciones\"},{\"@type\":\"ListItem\",\"position\":3,\"name\":\"Internet Satelital\"}]},{\"@type\":\"WebSite\",\"@id\":\"https:\\\/\\\/www.hughes.com\\\/co\\\/#website\",\"url\":\"https:\\\/\\\/www.hughes.com\\\/co\\\/\",\"name\":\"Hughes\",\"description\":\"\",\"publisher\":{\"@id\":\"https:\\\/\\\/www.hughes.com\\\/co\\\/#organization\"},\"potentialAction\":[{\"@type\":\"SearchAction\",\"target\":{\"@type\":\"EntryPoint\",\"urlTemplate\":\"https:\\\/\\\/www.hughes.com\\\/co\\\/?s={search_term_string}\"},\"query-input\":{\"@type\":\"PropertyValueSpecification\",\"valueRequired\":true,\"valueName\":\"search_term_string\"}}],\"inLanguage\":\"es-CO\"},{\"@type\":\"Organization\",\"@id\":\"https:\\\/\\\/www.hughes.com\\\/co\\\/#organization\",\"name\":\"Hughes\",\"url\":\"https:\\\/\\\/www.hughes.com\\\/co\\\/\",\"logo\":{\"@type\":\"ImageObject\",\"inLanguage\":\"es-CO\",\"@id\":\"https:\\\/\\\/www.hughes.com\\\/co\\\/#\\\/schema\\\/logo\\\/image\\\/\",\"url\":\"https:\\\/\\\/www.hughes.com\\\/wp-content\\\/uploads\\\/2026\\\/02\\\/HughesEchoStar_Logo.png\",\"contentUrl\":\"https:\\\/\\\/www.hughes.com\\\/wp-content\\\/uploads\\\/2026\\\/02\\\/HughesEchoStar_Logo.png\",\"width\":593,\"height\":213,\"caption\":\"Hughes\"},\"image\":{\"@id\":\"https:\\\/\\\/www.hughes.com\\\/co\\\/#\\\/schema\\\/logo\\\/image\\\/\"},\"sameAs\":[\"https:\\\/\\\/www.facebook.com\\\/HughesConnects\\\/\",\"https:\\\/\\\/x.com\\\/HughesConnects\",\"https:\\\/\\\/www.youtube.com\\\/user\\\/HughesTV\\\/videos\",\"https:\\\/\\\/www.linkedin.com\\\/company\\\/3569\\\/admin\\\/dashboard\\\/\"]}]}<\/script>\n<!-- \/ Yoast SEO plugin. -->","yoast_head_json":{"title":"Internet Satelital en Colombia | Hughes","description":"El proveedor l\u00edder de servicios satelitales de banda ancha puede conectar su hogar, comunidad, oficina o negocio.","robots":{"index":"index","follow":"follow","max-snippet":"max-snippet:-1","max-image-preview":"max-image-preview:large","max-video-preview":"max-video-preview:-1"},"canonical":"https:\/\/www.hughes.com\/co\/soluciones\/internet-satelital","og_locale":"es_ES","og_type":"article","og_title":"Internet Satelital en Colombia | Hughes","og_description":"El proveedor l\u00edder de servicios satelitales de banda ancha puede conectar su hogar, comunidad, oficina o negocio.","og_url":"https:\/\/www.hughes.com\/co\/soluciones\/internet-satelital","og_site_name":"Hughes","article_publisher":"https:\/\/www.facebook.com\/HughesConnects\/","article_modified_time":"2026-02-20T05:10:08+00:00","og_image":[{"width":1200,"height":630,"url":"https:\/\/www.hughes.com\/wp-content\/uploads\/2026\/02\/HughesGlobalOpenGraph.jpg","type":"image\/jpeg"}],"twitter_card":"summary_large_image","twitter_site":"@HughesConnects","schema":{"@context":"https:\/\/schema.org","@graph":[{"@type":"WebPage","@id":"https:\/\/www.hughes.com\/co\/soluciones\/internet-satelital","url":"https:\/\/www.hughes.com\/co\/soluciones\/internet-satelital","name":"Internet Satelital en Colombia | Hughes","isPartOf":{"@id":"https:\/\/www.hughes.com\/co\/#website"},"datePublished":"2026-01-27T11:58:55+00:00","dateModified":"2026-02-20T05:10:08+00:00","description":"El proveedor l\u00edder de servicios satelitales de banda ancha puede conectar su hogar, comunidad, oficina o negocio.","breadcrumb":{"@id":"https:\/\/www.hughes.com\/co\/soluciones\/internet-satelital#breadcrumb"},"inLanguage":"es-CO","potentialAction":[{"@type":"ReadAction","target":["https:\/\/www.hughes.com\/co\/soluciones\/internet-satelital"]}]},{"@type":"BreadcrumbList","@id":"https:\/\/www.hughes.com\/co\/soluciones\/internet-satelital#breadcrumb","itemListElement":[{"@type":"ListItem","position":1,"name":"Home","item":"https:\/\/www.hughes.com\/co"},{"@type":"ListItem","position":2,"name":"Soluciones","item":"https:\/\/www.hughes.com\/co\/soluciones"},{"@type":"ListItem","position":3,"name":"Internet Satelital"}]},{"@type":"WebSite","@id":"https:\/\/www.hughes.com\/co\/#website","url":"https:\/\/www.hughes.com\/co\/","name":"Hughes","description":"","publisher":{"@id":"https:\/\/www.hughes.com\/co\/#organization"},"potentialAction":[{"@type":"SearchAction","target":{"@type":"EntryPoint","urlTemplate":"https:\/\/www.hughes.com\/co\/?s={search_term_string}"},"query-input":{"@type":"PropertyValueSpecification","valueRequired":true,"valueName":"search_term_string"}}],"inLanguage":"es-CO"},{"@type":"Organization","@id":"https:\/\/www.hughes.com\/co\/#organization","name":"Hughes","url":"https:\/\/www.hughes.com\/co\/","logo":{"@type":"ImageObject","inLanguage":"es-CO","@id":"https:\/\/www.hughes.com\/co\/#\/schema\/logo\/image\/","url":"https:\/\/www.hughes.com\/wp-content\/uploads\/2026\/02\/HughesEchoStar_Logo.png","contentUrl":"https:\/\/www.hughes.com\/wp-content\/uploads\/2026\/02\/HughesEchoStar_Logo.png","width":593,"height":213,"caption":"Hughes"},"image":{"@id":"https:\/\/www.hughes.com\/co\/#\/schema\/logo\/image\/"},"sameAs":["https:\/\/www.facebook.com\/HughesConnects\/","https:\/\/x.com\/HughesConnects","https:\/\/www.youtube.com\/user\/HughesTV\/videos","https:\/\/www.linkedin.com\/company\/3569\/admin\/dashboard\/"]}]}},"_links":{"self":[{"href":"https:\/\/www.hughes.com\/co\/wp-json\/wp\/v2\/pages\/38935","targetHints":{"allow":["GET"]}}],"collection":[{"href":"https:\/\/www.hughes.com\/co\/wp-json\/wp\/v2\/pages"}],"about":[{"href":"https:\/\/www.hughes.com\/co\/wp-json\/wp\/v2\/types\/page"}],"author":[{"embeddable":true,"href":"https:\/\/www.hughes.com\/co\/wp-json\/wp\/v2\/users\/1"}],"replies":[{"embeddable":true,"href":"https:\/\/www.hughes.com\/co\/wp-json\/wp\/v2\/comments?post=38935"}],"version-history":[{"count":0,"href":"https:\/\/www.hughes.com\/co\/wp-json\/wp\/v2\/pages\/38935\/revisions"}],"up":[{"embeddable":true,"href":"https:\/\/www.hughes.com\/co\/wp-json\/wp\/v2\/pages\/38832"}],"wp:attachment":[{"href":"https:\/\/www.hughes.com\/co\/wp-json\/wp\/v2\/media?parent=38935"}],"curies":[{"name":"wp","href":"https:\/\/api.w.org\/{rel}","templated":true}]}}