{"id":38991,"date":"2026-02-11T19:09:07","date_gmt":"2026-02-11T19:09:07","guid":{"rendered":"https:\/\/hughes1stg.wpenginepowered.com\/sistema-jupiter\/implementaciones-de-satelite"},"modified":"2026-02-19T02:30:49","modified_gmt":"2026-02-19T02:30:49","slug":"implementaciones-de-satelite","status":"publish","type":"page","link":"https:\/\/www.hughes.com\/cl\/soluciones\/servicios-satelitales-systems-terrestre\/sistema-jupiter\/implementaciones-de-satelite","title":{"rendered":"Implementaciones de Sat\u00e9lite"},"content":{"rendered":"<!-- Solution Hero --><section class=\"solution-hero-section\">\r\n    <div class=\"shs-wrapper bg-dark border-radius-bottom-lr\">\r\n        <div class=\"shs-hero\"><div class=\"shs-bg-media\"><img src=\"https:\/\/www.hughes.com\/wp-content\/uploads\/2026\/02\/HTGW-Racks-resized.png.webp\" srcset=\"https:\/\/www.hughes.com\/wp-content\/uploads\/2026\/02\/HTGW-Racks-resized.png.webp 1440w, https:\/\/www.hughes.com\/wp-content\/uploads\/2026\/02\/HTGW-Racks-resized.png-300x169.webp 300w, https:\/\/www.hughes.com\/wp-content\/uploads\/2026\/02\/HTGW-Racks-resized.png-1024x576.webp 1024w, https:\/\/www.hughes.com\/wp-content\/uploads\/2026\/02\/HTGW-Racks-resized.png-768x432.webp 768w\" sizes=\"(max-width: 1440px) 100vw, 1440px\" alt=\"server room racks\" class=\"\" loading=\"eager\" decoding=\"async\" width=\"1440\" height=\"810\" fetchpriority=\"high\"><\/div><div class=\"container\">\r\n                <div class=\"shs-hero-content\"><h1 class=\"h1 title\">Implementaciones de Sat\u00e9lite<\/h1><h2 class=\"desc\"><p>Plataforma de pr\u00f3xima generaci\u00f3n de alto rendimiento para redes satelitales.<\/p>\n<\/h2><\/div>\r\n            <\/div><\/div><div class=\"shs-overview\">\r\n                <div class=\"container\">\r\n                    <div class=\"shs-overview-content row\"><div class=\"introduction -lg cell-12\"><p>El Sistema JUPITER de Hughes es una plataforma satelital de alto rendimiento y alta eficiencia, dise\u00f1ada para operar una amplia gama de aplicaciones en redes de usuarios, empresas, gobiernos y de movilidad.\u00a0 El Sistema JUPITER, impulsor de HughesNet, el mayor servicio de Internet satelital del mundo, ha sido utilizado por los principales operadores del mundo que usan tanto sat\u00e9lites de Alto Rendimiento (HTS) como sat\u00e9lites convencionales, convirti\u00e9ndolo en la opci\u00f3n tecnol\u00f3gica preferida para el suministro de servicios de redes avanzados.<\/p>\n<\/div><\/div>\r\n                <\/div>\r\n            <\/div><\/div>\r\n<\/section>\n\n<!-- Two-Column Content --><section class=\"two-column-content-section space-lg-m\">\r\n        <div class=\"container\"><div class=\"tccs-row row\"><div class=\"tccs-row-left cell-md-6\"><div class=\"tccs-text-block bullet-styled\"><p>El Sistema JUPITER controla el tr\u00e1fico y los niveles de calidad de servicio mediante cinco prioridades de tr\u00e1fico, basadas en el est\u00e1ndar 3GPP. El sistema tambi\u00e9n realiza asignaciones de ancho de banda inteligentes y adecuadas a los protocolos por medio de la Tasa de Informaci\u00f3n Comprometida (CIR), la Tasa de Bits Comprometida (CBR) a pedido, la CBR Adaptiva (saliente y entrante) y el estatus seg\u00fan el retraso. El Sistema JUPITER, mediante su interconexi\u00f3n continua con los encaminadores (routers) terrestres, permite seleccionar rutas alternas y equilibrar la carga en los enlaces satelitales y terrestres.<\/p>\n<p>Teniendo en cuenta que las redes que operan con sat\u00e9lites convencionales mediante transpondedores de 36 \u00f3 72 MHz son distintas de las redes HTS, el Sistema JUPITER tiene una configuraci\u00f3n de gateway dise\u00f1ada y optimizada para las operaciones de sat\u00e9lites convencionales. Para aplicaciones HTS multi-gateway y multi-haces, el Sistema JUPITER se puede configurar con un gateway de alta densidad para lograr una capacidad casi ilimitada.<\/p>\n<\/div><\/div><div class=\"tccs-row-right cell-md-6\"><div class=\"tccs-text-block bullet-styled\"><p>Impulsado por el Sistema JUPITER integrado en un Chip, cada terminal es capaz de alcanzar m\u00e1s de 100 Mbps de rendimiento, lo que permite una amplia variedad de aplicaciones:<\/p>\n<ul>\n<li data-list-item-id=\"e009ea0e54a0353805460fa5c3cb0e6a0\"><a href=\"https:\/\/www.hughes.com\/cl\/soluciones\/internet-satelital\">Acceso a Internet de alta velocidad<\/a><\/li>\n<li data-list-item-id=\"e40d7435defac0c5e953f29c073f429c3\">Redes empresariales<\/li>\n<li data-list-item-id=\"e677e16dff9abf0ec66e205d7a19b0f3d\"><a href=\"https:\/\/www.hughes.com\/cl\/soluciones\/para-la-brecha-digital\/backhaul-celular\">Backhaul celular<\/a><\/li>\n<li data-list-item-id=\"e2c95d94b0cf748535ddfa1cd82a8f65b\">Extensi\u00f3n MPLS<\/li>\n<li data-list-item-id=\"e2d2a807cc2daedcbf048020e3a6a047e\">Videoconferencia<\/li>\n<li data-list-item-id=\"eb67ace877f77a8dab3036bc8ca612baa\">Movilidad<\/li>\n<\/ul>\n<\/div><\/div><\/div><\/div>\r\n    <\/section>\r\n<!-- <script>\r\nwindow.hasClicked = window.hasClicked || {};\r\njQuery(document).on('gform_confirmation_loaded', function(event, formId) {\r\n    const formBlocks = document.querySelectorAll('.two-column-content-section .tccs-form-block');\r\n\r\n    formBlocks.forEach(block => {\r\n        const thankYou = block.querySelector('.tccs-thank-you');\r\n\r\n        const leftLink = block.querySelector('[class^=\"left-redirect-link-\"]');\r\n        if(leftLink) {\r\n            const linkFormId = parseInt(leftLink.getAttribute('title'));\r\n            if(!isNaN(linkFormId) && formId === linkFormId) {\r\n                if(thankYou) thankYou.classList.remove('d-none');\r\n                const index = leftLink.className.match(\/left-redirect-link-(\\d+)\/)[1];\r\n                if(!window.hasClicked[index]) {\r\n                    window.hasClicked[index] = true;\r\n                    leftLink.click();\r\n                }\r\n            }\r\n        }\r\n\r\n        const rightLink = block.querySelector('[class^=\"right-redirect-link-\"]');\r\n        if(rightLink) {\r\n            const linkFormId = parseInt(rightLink.getAttribute('title'));\r\n            if(!isNaN(linkFormId) && formId === linkFormId) {\r\n                if(thankYou) thankYou.classList.remove('d-none');\r\n                const index = rightLink.className.match(\/right-redirect-link-(\\d+)\/)[1];\r\n                if(!window.hasClicked[index]) {\r\n                    window.hasClicked[index] = true;\r\n                    rightLink.click();\r\n                }\r\n            }\r\n        }\r\n\r\n    });\r\n});\r\n<\/script> -->\r\n\n\n<!-- Full-Width Image Promo --><section class=\"full-width-image-promo-section bg-gradient\"><div class=\"container\"><div class=\"fwips-content\"><h2 class=\"h2\">Disfrute hasta un 30% de ahorro en las implementaciones satelitales con el Sistema JUPITER<\/h2><div class=\"btn-wrap\"><a class=\"btn -secondary\" href=\"https:\/\/www.hughes.com\/wp-content\/uploads\/2026\/02\/ES-Keys-for-Bandwidth-Savings-on-Satellite-Implementations.pdf\" target=\"_blank\" rel=\"noopener noreferrer\" aria-label=\"DESCARGAR INFOGRAF\u00cdA\" >DESCARGAR INFOGRAF\u00cdA<\/a><\/div><\/div><\/div>\r\n<\/section>","protected":false},"excerpt":{"rendered":"<p>El Sistema JUPITER de Hughes es una plataforma satelital de alto rendimiento y alta eficiencia, dise\u00f1ada para operar una amplia gama de aplicaciones en redes de usuarios, empresas, gobiernos y de movilidad.<\/p>\n","protected":false},"author":3,"featured_media":0,"parent":38987,"menu_order":0,"comment_status":"closed","ping_status":"closed","template":"","meta":{"_acf_changed":true,"_searchwp_excluded":"","footnotes":""},"class_list":["post-38991","page","type-page","status-publish","hentry"],"acf":[],"yoast_head":"<!-- This site is optimized with the Yoast SEO plugin v27.0 - https:\/\/yoast.com\/product\/yoast-seo-wordpress\/ -->\n<title>Implementaciones de Sat\u00e9lite - Hughes<\/title>\n<meta name=\"description\" content=\"El Sistema JUPITER de Hughes es una plataforma satelital de alto rendimiento y alta eficiencia, dise\u00f1ada para operar una amplia gama de aplicaciones en redes de usuarios, empresas, gobiernos y de movilidad.\" \/>\n<meta name=\"robots\" content=\"index, follow, max-snippet:-1, max-image-preview:large, max-video-preview:-1\" \/>\n<link rel=\"canonical\" href=\"https:\/\/www.hughes.com\/cl\/soluciones\/servicios-satelitales-systems-terrestre\/sistema-jupiter\/implementaciones-de-satelite\" \/>\n<meta property=\"og:locale\" content=\"es_ES\" \/>\n<meta property=\"og:type\" content=\"article\" \/>\n<meta property=\"og:title\" content=\"Implementaciones de Sat\u00e9lite - Hughes\" \/>\n<meta property=\"og:description\" content=\"El Sistema JUPITER de Hughes es una plataforma satelital de alto rendimiento y alta eficiencia, dise\u00f1ada para operar una amplia gama de aplicaciones en redes de usuarios, empresas, gobiernos y de movilidad.\" \/>\n<meta property=\"og:url\" content=\"https:\/\/www.hughes.com\/cl\/soluciones\/servicios-satelitales-systems-terrestre\/sistema-jupiter\/implementaciones-de-satelite\" \/>\n<meta property=\"og:site_name\" content=\"Hughes\" \/>\n<meta property=\"article:publisher\" content=\"https:\/\/www.facebook.com\/HughesConnects\/\" \/>\n<meta property=\"article:modified_time\" content=\"2026-02-19T02:30:49+00:00\" \/>\n<meta property=\"og:image\" content=\"https:\/\/www.hughes.com\/wp-content\/uploads\/2026\/02\/HughesGlobalOpenGraph.jpg\" \/>\n\t<meta property=\"og:image:width\" content=\"1200\" \/>\n\t<meta property=\"og:image:height\" content=\"630\" \/>\n\t<meta property=\"og:image:type\" content=\"image\/jpeg\" \/>\n<meta name=\"twitter:card\" content=\"summary_large_image\" \/>\n<meta name=\"twitter:site\" content=\"@HughesConnects\" \/>\n<script type=\"application\/ld+json\" class=\"yoast-schema-graph\">{\"@context\":\"https:\/\/schema.org\",\"@graph\":[{\"@type\":\"WebPage\",\"@id\":\"https:\/\/www.hughes.com\/cl\/soluciones\/servicios-satelitales-systems-terrestre\/sistema-jupiter\/implementaciones-de-satelite\",\"url\":\"https:\/\/www.hughes.com\/cl\/soluciones\/servicios-satelitales-systems-terrestre\/sistema-jupiter\/implementaciones-de-satelite\",\"name\":\"Implementaciones de Sat\u00e9lite - Hughes\",\"isPartOf\":{\"@id\":\"https:\/\/www.hughes.com\/cl\/#website\"},\"datePublished\":\"2026-02-11T19:09:07+00:00\",\"dateModified\":\"2026-02-19T02:30:49+00:00\",\"description\":\"El Sistema JUPITER de Hughes es una plataforma satelital de alto rendimiento y alta eficiencia, dise\u00f1ada para operar una amplia gama de aplicaciones en redes de usuarios, empresas, gobiernos y de movilidad.\",\"breadcrumb\":{\"@id\":\"https:\/\/www.hughes.com\/cl\/soluciones\/servicios-satelitales-systems-terrestre\/sistema-jupiter\/implementaciones-de-satelite#breadcrumb\"},\"inLanguage\":\"es-CL\",\"potentialAction\":[{\"@type\":\"ReadAction\",\"target\":[\"https:\/\/www.hughes.com\/cl\/soluciones\/servicios-satelitales-systems-terrestre\/sistema-jupiter\/implementaciones-de-satelite\"]}]},{\"@type\":\"BreadcrumbList\",\"@id\":\"https:\/\/www.hughes.com\/cl\/soluciones\/servicios-satelitales-systems-terrestre\/sistema-jupiter\/implementaciones-de-satelite#breadcrumb\",\"itemListElement\":[{\"@type\":\"ListItem\",\"position\":1,\"name\":\"Home\",\"item\":\"https:\/\/www.hughes.com\/cl\"},{\"@type\":\"ListItem\",\"position\":2,\"name\":\"Sistema JUPITER\",\"item\":\"https:\/\/www.hughes.com\/cl\/soluciones\/servicios-satelitales-systems-terrestre\/sistema-jupiter\"},{\"@type\":\"ListItem\",\"position\":3,\"name\":\"Implementaciones de Sat\u00e9lite\"}]},{\"@type\":\"WebSite\",\"@id\":\"https:\/\/www.hughes.com\/cl\/#website\",\"url\":\"https:\/\/www.hughes.com\/cl\/\",\"name\":\"Hughes\",\"description\":\"\",\"publisher\":{\"@id\":\"https:\/\/www.hughes.com\/cl\/#organization\"},\"potentialAction\":[{\"@type\":\"SearchAction\",\"target\":{\"@type\":\"EntryPoint\",\"urlTemplate\":\"https:\/\/www.hughes.com\/cl\/?s={search_term_string}\"},\"query-input\":{\"@type\":\"PropertyValueSpecification\",\"valueRequired\":true,\"valueName\":\"search_term_string\"}}],\"inLanguage\":\"es-CL\"},{\"@type\":\"Organization\",\"@id\":\"https:\/\/www.hughes.com\/cl\/#organization\",\"name\":\"Hughes\",\"url\":\"https:\/\/www.hughes.com\/cl\/\",\"logo\":{\"@type\":\"ImageObject\",\"inLanguage\":\"es-CL\",\"@id\":\"https:\/\/www.hughes.com\/cl\/#\/schema\/logo\/image\/\",\"url\":\"https:\/\/www.hughes.com\/wp-content\/uploads\/2026\/02\/HughesEchoStar_Logo.png\",\"contentUrl\":\"https:\/\/www.hughes.com\/wp-content\/uploads\/2026\/02\/HughesEchoStar_Logo.png\",\"width\":593,\"height\":213,\"caption\":\"Hughes\"},\"image\":{\"@id\":\"https:\/\/www.hughes.com\/cl\/#\/schema\/logo\/image\/\"},\"sameAs\":[\"https:\/\/www.facebook.com\/HughesConnects\/\",\"https:\/\/x.com\/HughesConnects\",\"https:\/\/www.youtube.com\/user\/HughesTV\/videos\",\"https:\/\/www.linkedin.com\/company\/3569\/admin\/dashboard\/\"]}]}<\/script>\n<!-- \/ Yoast SEO plugin. -->","yoast_head_json":{"title":"Implementaciones de Sat\u00e9lite - Hughes","description":"El Sistema JUPITER de Hughes es una plataforma satelital de alto rendimiento y alta eficiencia, dise\u00f1ada para operar una amplia gama de aplicaciones en redes de usuarios, empresas, gobiernos y de movilidad.","robots":{"index":"index","follow":"follow","max-snippet":"max-snippet:-1","max-image-preview":"max-image-preview:large","max-video-preview":"max-video-preview:-1"},"canonical":"https:\/\/www.hughes.com\/cl\/soluciones\/servicios-satelitales-systems-terrestre\/sistema-jupiter\/implementaciones-de-satelite","og_locale":"es_ES","og_type":"article","og_title":"Implementaciones de Sat\u00e9lite - Hughes","og_description":"El Sistema JUPITER de Hughes es una plataforma satelital de alto rendimiento y alta eficiencia, dise\u00f1ada para operar una amplia gama de aplicaciones en redes de usuarios, empresas, gobiernos y de movilidad.","og_url":"https:\/\/www.hughes.com\/cl\/soluciones\/servicios-satelitales-systems-terrestre\/sistema-jupiter\/implementaciones-de-satelite","og_site_name":"Hughes","article_publisher":"https:\/\/www.facebook.com\/HughesConnects\/","article_modified_time":"2026-02-19T02:30:49+00:00","og_image":[{"width":1200,"height":630,"url":"https:\/\/www.hughes.com\/wp-content\/uploads\/2026\/02\/HughesGlobalOpenGraph.jpg","type":"image\/jpeg"}],"twitter_card":"summary_large_image","twitter_site":"@HughesConnects","schema":{"@context":"https:\/\/schema.org","@graph":[{"@type":"WebPage","@id":"https:\/\/www.hughes.com\/cl\/soluciones\/servicios-satelitales-systems-terrestre\/sistema-jupiter\/implementaciones-de-satelite","url":"https:\/\/www.hughes.com\/cl\/soluciones\/servicios-satelitales-systems-terrestre\/sistema-jupiter\/implementaciones-de-satelite","name":"Implementaciones de Sat\u00e9lite - Hughes","isPartOf":{"@id":"https:\/\/www.hughes.com\/cl\/#website"},"datePublished":"2026-02-11T19:09:07+00:00","dateModified":"2026-02-19T02:30:49+00:00","description":"El Sistema JUPITER de Hughes es una plataforma satelital de alto rendimiento y alta eficiencia, dise\u00f1ada para operar una amplia gama de aplicaciones en redes de usuarios, empresas, gobiernos y de movilidad.","breadcrumb":{"@id":"https:\/\/www.hughes.com\/cl\/soluciones\/servicios-satelitales-systems-terrestre\/sistema-jupiter\/implementaciones-de-satelite#breadcrumb"},"inLanguage":"es-CL","potentialAction":[{"@type":"ReadAction","target":["https:\/\/www.hughes.com\/cl\/soluciones\/servicios-satelitales-systems-terrestre\/sistema-jupiter\/implementaciones-de-satelite"]}]},{"@type":"BreadcrumbList","@id":"https:\/\/www.hughes.com\/cl\/soluciones\/servicios-satelitales-systems-terrestre\/sistema-jupiter\/implementaciones-de-satelite#breadcrumb","itemListElement":[{"@type":"ListItem","position":1,"name":"Home","item":"https:\/\/www.hughes.com\/cl"},{"@type":"ListItem","position":2,"name":"Sistema JUPITER","item":"https:\/\/www.hughes.com\/cl\/soluciones\/servicios-satelitales-systems-terrestre\/sistema-jupiter"},{"@type":"ListItem","position":3,"name":"Implementaciones de Sat\u00e9lite"}]},{"@type":"WebSite","@id":"https:\/\/www.hughes.com\/cl\/#website","url":"https:\/\/www.hughes.com\/cl\/","name":"Hughes","description":"","publisher":{"@id":"https:\/\/www.hughes.com\/cl\/#organization"},"potentialAction":[{"@type":"SearchAction","target":{"@type":"EntryPoint","urlTemplate":"https:\/\/www.hughes.com\/cl\/?s={search_term_string}"},"query-input":{"@type":"PropertyValueSpecification","valueRequired":true,"valueName":"search_term_string"}}],"inLanguage":"es-CL"},{"@type":"Organization","@id":"https:\/\/www.hughes.com\/cl\/#organization","name":"Hughes","url":"https:\/\/www.hughes.com\/cl\/","logo":{"@type":"ImageObject","inLanguage":"es-CL","@id":"https:\/\/www.hughes.com\/cl\/#\/schema\/logo\/image\/","url":"https:\/\/www.hughes.com\/wp-content\/uploads\/2026\/02\/HughesEchoStar_Logo.png","contentUrl":"https:\/\/www.hughes.com\/wp-content\/uploads\/2026\/02\/HughesEchoStar_Logo.png","width":593,"height":213,"caption":"Hughes"},"image":{"@id":"https:\/\/www.hughes.com\/cl\/#\/schema\/logo\/image\/"},"sameAs":["https:\/\/www.facebook.com\/HughesConnects\/","https:\/\/x.com\/HughesConnects","https:\/\/www.youtube.com\/user\/HughesTV\/videos","https:\/\/www.linkedin.com\/company\/3569\/admin\/dashboard\/"]}]}},"_links":{"self":[{"href":"https:\/\/www.hughes.com\/cl\/wp-json\/wp\/v2\/pages\/38991","targetHints":{"allow":["GET"]}}],"collection":[{"href":"https:\/\/www.hughes.com\/cl\/wp-json\/wp\/v2\/pages"}],"about":[{"href":"https:\/\/www.hughes.com\/cl\/wp-json\/wp\/v2\/types\/page"}],"author":[{"embeddable":true,"href":"https:\/\/www.hughes.com\/cl\/wp-json\/wp\/v2\/users\/3"}],"replies":[{"embeddable":true,"href":"https:\/\/www.hughes.com\/cl\/wp-json\/wp\/v2\/comments?post=38991"}],"version-history":[{"count":0,"href":"https:\/\/www.hughes.com\/cl\/wp-json\/wp\/v2\/pages\/38991\/revisions"}],"up":[{"embeddable":true,"href":"https:\/\/www.hughes.com\/cl\/wp-json\/wp\/v2\/pages\/38987"}],"wp:attachment":[{"href":"https:\/\/www.hughes.com\/cl\/wp-json\/wp\/v2\/media?parent=38991"}],"curies":[{"name":"wp","href":"https:\/\/api.w.org\/{rel}","templated":true}]}}