{"id":38945,"date":"2025-12-22T10:09:01","date_gmt":"2025-12-22T10:09:01","guid":{"rendered":"https:\/\/hughes1stg.wpenginepowered.com\/soluciones\/para-la-brecha-digital\/acceso-a-internet"},"modified":"2026-02-19T02:21:54","modified_gmt":"2026-02-19T02:21:54","slug":"acceso-a-internet","status":"publish","type":"page","link":"https:\/\/www.hughes.com\/cl\/soluciones\/para-la-brecha-digital\/acceso-a-internet","title":{"rendered":"Acceso a Internet"},"content":{"rendered":"<!-- Solution Hero --><section class=\"solution-hero-section\">\r\n    <div class=\"shs-wrapper bg-dark border-radius-bottom-lr\">\r\n        <div class=\"shs-hero\"><div class=\"shs-bg-media\"><img src=\"https:\/\/www.hughes.com\/wp-content\/uploads\/2026\/02\/internetaccess.jpg.webp\" srcset=\"https:\/\/www.hughes.com\/wp-content\/uploads\/2026\/02\/internetaccess.jpg.webp 1600w, https:\/\/www.hughes.com\/wp-content\/uploads\/2026\/02\/internetaccess.jpg-300x113.webp 300w, https:\/\/www.hughes.com\/wp-content\/uploads\/2026\/02\/internetaccess.jpg-1024x384.webp 1024w, https:\/\/www.hughes.com\/wp-content\/uploads\/2026\/02\/internetaccess.jpg-768x288.webp 768w, https:\/\/www.hughes.com\/wp-content\/uploads\/2026\/02\/internetaccess.jpg-1536x576.webp 1536w\" sizes=\"(max-width: 1600px) 100vw, 1600px\" alt=\"kids on laptop\" class=\"\" loading=\"eager\" decoding=\"async\" width=\"1600\" height=\"600\" fetchpriority=\"high\"><\/div><div class=\"container\">\r\n                <div class=\"shs-hero-content\"><h1 class=\"h1 title\">Acceso a Internet r\u00e1pido y costo-eficiente para m\u00e1s personas<\/h1><h2 class=\"desc\"><p>Lleve acceso a internet a comunidades fuera del alcance del cable y la fibra r\u00e1pidamente y sin gastos de capital.<\/p>\n<\/h2><\/div>\r\n            <\/div><\/div><div class=\"shs-overview\">\r\n                <div class=\"container\">\r\n                    <div class=\"shs-overview-content row\"><div class=\"introduction -lg cell-12\"><p>Para las personas en todas partes, el acceso a internet es tan esencial como la electricidad. Pero en muchos lugares, especialmente en \u00e1reas rurales fuera del alcance de los servicios de cable y fibra, la conectividad es dif\u00edcil, si no imposible, de conseguir. El sat\u00e9lite presenta una soluci\u00f3n simple y probada para conectar hogares, peque\u00f1as empresas y comunidades a internet r\u00e1pidamente y con poco o ning\u00fan gasto de capital.<\/p>\n<\/div><\/div>\r\n                <\/div>\r\n            <\/div><\/div>\r\n<\/section>\n\n<!-- Two-Column Content --><section class=\"two-column-content-section space-lg-m\">\r\n        <div class=\"container\"><div class=\"tccs-row row\"><div class=\"tccs-row-left cell-md-6\"><div class=\"tccs-text-block bullet-styled\"><p>\n    Si usted es un proveedor de servicios que busca expandir su base de clientes o una entidad de Gobierno que busca implementar soluciones para reducir la brecha digital, considere el internet satelital como parte de su plan.\n<\/p>\n<p>\n    <strong>Es r\u00e1pido. <\/strong>Mientras que las implementaciones de cable y fibra pueden tardar meses o incluso a\u00f1os en construirse, el internet satelital puede activarse en d\u00edas o semanas.\n<\/p>\n<p>\n    <strong>Es rentable. <\/strong>Las implementaciones de fibra pueden costar m\u00e1s de USD 50,000 por milla para construir. Por otro lado, un sat\u00e9lite, una vez en servicio, puede conectar a cualquiera dentro de la cobertura de sus beams sin ning\u00fan gasto adicional de capital.\n<\/p>\n<p>\n    <strong>Se puede compartir. <\/strong>En lugares donde un servicio de suscripci\u00f3n mensual no es realista, las soluciones de acceso compartido, como los puntos de acceso <a href=\"https:\/\/www.hughes.com\/cl\/soluciones\/para-la-brecha-digital\/wifi-comunitario\">Wi-Fi comunitarios<\/a>, hacen que el acceso a internet est\u00e9 disponible para comunidades enteras a un precio bajo por uso, o incluso gratis con subsidios gubernamentales.<\/p>\n<\/div><\/div><div class=\"tccs-row-right cell-md-6\"><div class=\"tccs-text-block bullet-styled\"><p>\n    <strong>Soluciones integrales de internet satelital. <\/strong>En Am\u00e9rica del Norte y Am\u00e9rica del Sur, Hughes ofrece una soluci\u00f3n integral y verticalmente integrada con capacidad satelital de alto rendimiento en banda Ka, gesti\u00f3n de red y terminales de Apertura Muy Peque\u00f1a (VSAT) para los usuarios. En otros mercados alrededor del mundo, tenemos relaciones de larga data con operadores satelitales para poder dise\u00f1ar e implementar un servicio de banda ancha, incluyendo capacidad, gesti\u00f3n de red y equipos para los usuarios.\n<\/p>\n<p>\n    <strong>Equipos y servicios de internet satelital. <\/strong>Dondequiera que el sat\u00e9lite conecte a los no conectados, es probable que el Sistema JUPITER\u2122 de Hughes est\u00e9 en funcionamiento. El Sistema JUPITER, el est\u00e1ndar por excelencia para implementaciones satelitales, opera en docenas de sat\u00e9lites convencionales y de alto rendimiento (HTS) en todo el mundo. Soporta m\u00e1s de la mitad de todas las implementaciones VSAT a nivel global, incluyendo millones de suscriptores de <a href=\"https:\/\/www.hughesnet.com.cl\/\" target=\"_blank\">Hughesnet\u00ae<\/a> en todo el continente americano, suscriptores de YahClick en \u00c1frica y el Medio Oriente, y clientes de puntos de acceso Wi-Fi en todo el mundo.<\/p>\n<\/div><\/div><\/div><\/div>\r\n    <\/section>\r\n<!-- <script>\r\nwindow.hasClicked = window.hasClicked || {};\r\njQuery(document).on('gform_confirmation_loaded', function(event, formId) {\r\n    const formBlocks = document.querySelectorAll('.two-column-content-section .tccs-form-block');\r\n\r\n    formBlocks.forEach(block => {\r\n        const thankYou = block.querySelector('.tccs-thank-you');\r\n\r\n        const leftLink = block.querySelector('[class^=\"left-redirect-link-\"]');\r\n        if(leftLink) {\r\n            const linkFormId = parseInt(leftLink.getAttribute('title'));\r\n            if(!isNaN(linkFormId) && formId === linkFormId) {\r\n                if(thankYou) thankYou.classList.remove('d-none');\r\n                const index = leftLink.className.match(\/left-redirect-link-(\\d+)\/)[1];\r\n                if(!window.hasClicked[index]) {\r\n                    window.hasClicked[index] = true;\r\n                    leftLink.click();\r\n                }\r\n            }\r\n        }\r\n\r\n        const rightLink = block.querySelector('[class^=\"right-redirect-link-\"]');\r\n        if(rightLink) {\r\n            const linkFormId = parseInt(rightLink.getAttribute('title'));\r\n            if(!isNaN(linkFormId) && formId === linkFormId) {\r\n                if(thankYou) thankYou.classList.remove('d-none');\r\n                const index = rightLink.className.match(\/right-redirect-link-(\\d+)\/)[1];\r\n                if(!window.hasClicked[index]) {\r\n                    window.hasClicked[index] = true;\r\n                    rightLink.click();\r\n                }\r\n            }\r\n        }\r\n\r\n    });\r\n});\r\n<\/script> -->\r\n","protected":false},"excerpt":{"rendered":"","protected":false},"author":1,"featured_media":0,"parent":38939,"menu_order":0,"comment_status":"closed","ping_status":"closed","template":"","meta":{"_acf_changed":true,"_searchwp_excluded":"","footnotes":""},"class_list":["post-38945","page","type-page","status-publish","hentry"],"acf":[],"yoast_head":"<!-- This site is optimized with the Yoast SEO plugin v27.3 - https:\/\/yoast.com\/product\/yoast-seo-wordpress\/ -->\n<title>Acceso a Internet | Hughes<\/title>\n<meta name=\"description\" content=\"Hughes ofrece una soluci\u00f3n r\u00e1pida y rentable para llevar conectividad a \u00e1reas rurales y remotas, aportando al cierre de la brecha digital con acceso a internet r\u00e1pido y aseuible para hogares, empresas y comunidades.\" \/>\n<meta name=\"robots\" content=\"index, follow, max-snippet:-1, max-image-preview:large, max-video-preview:-1\" \/>\n<link rel=\"canonical\" href=\"https:\/\/www.hughes.com\/cl\/soluciones\/para-la-brecha-digital\/acceso-a-internet\" \/>\n<meta property=\"og:locale\" content=\"es_ES\" \/>\n<meta property=\"og:type\" content=\"article\" \/>\n<meta property=\"og:title\" content=\"Acceso a Internet | Hughes\" \/>\n<meta property=\"og:description\" content=\"Hughes ofrece una soluci\u00f3n r\u00e1pida y rentable para llevar conectividad a \u00e1reas rurales y remotas, aportando al cierre de la brecha digital con acceso a internet r\u00e1pido y aseuible para hogares, empresas y comunidades.\" \/>\n<meta property=\"og:url\" content=\"https:\/\/www.hughes.com\/cl\/soluciones\/para-la-brecha-digital\/acceso-a-internet\" \/>\n<meta property=\"og:site_name\" content=\"Hughes\" \/>\n<meta property=\"article:publisher\" content=\"https:\/\/www.facebook.com\/HughesConnects\/\" \/>\n<meta property=\"article:modified_time\" content=\"2026-02-19T02:21:54+00:00\" \/>\n<meta property=\"og:image\" content=\"https:\/\/www.hughes.com\/wp-content\/uploads\/2026\/02\/HughesGlobalOpenGraph.jpg\" \/>\n\t<meta property=\"og:image:width\" content=\"1200\" \/>\n\t<meta property=\"og:image:height\" content=\"630\" \/>\n\t<meta property=\"og:image:type\" content=\"image\/jpeg\" \/>\n<meta name=\"twitter:card\" content=\"summary_large_image\" \/>\n<meta name=\"twitter:site\" content=\"@HughesConnects\" \/>\n<script type=\"application\/ld+json\" class=\"yoast-schema-graph\">{\"@context\":\"https:\\\/\\\/schema.org\",\"@graph\":[{\"@type\":\"WebPage\",\"@id\":\"https:\\\/\\\/www.hughes.com\\\/cl\\\/soluciones\\\/para-la-brecha-digital\\\/acceso-a-internet\",\"url\":\"https:\\\/\\\/www.hughes.com\\\/cl\\\/soluciones\\\/para-la-brecha-digital\\\/acceso-a-internet\",\"name\":\"Acceso a Internet | Hughes\",\"isPartOf\":{\"@id\":\"https:\\\/\\\/www.hughes.com\\\/cl\\\/#website\"},\"datePublished\":\"2025-12-22T10:09:01+00:00\",\"dateModified\":\"2026-02-19T02:21:54+00:00\",\"description\":\"Hughes ofrece una soluci\u00f3n r\u00e1pida y rentable para llevar conectividad a \u00e1reas rurales y remotas, aportando al cierre de la brecha digital con acceso a internet r\u00e1pido y aseuible para hogares, empresas y comunidades.\",\"breadcrumb\":{\"@id\":\"https:\\\/\\\/www.hughes.com\\\/cl\\\/soluciones\\\/para-la-brecha-digital\\\/acceso-a-internet#breadcrumb\"},\"inLanguage\":\"es-CL\",\"potentialAction\":[{\"@type\":\"ReadAction\",\"target\":[\"https:\\\/\\\/www.hughes.com\\\/cl\\\/soluciones\\\/para-la-brecha-digital\\\/acceso-a-internet\"]}]},{\"@type\":\"BreadcrumbList\",\"@id\":\"https:\\\/\\\/www.hughes.com\\\/cl\\\/soluciones\\\/para-la-brecha-digital\\\/acceso-a-internet#breadcrumb\",\"itemListElement\":[{\"@type\":\"ListItem\",\"position\":1,\"name\":\"Home\",\"item\":\"https:\\\/\\\/www.hughes.com\\\/cl\"},{\"@type\":\"ListItem\",\"position\":2,\"name\":\"Soluciones\",\"item\":\"https:\\\/\\\/www.hughes.com\\\/cl\\\/soluciones\"},{\"@type\":\"ListItem\",\"position\":3,\"name\":\"Soluciones para la Brecha Digital\",\"item\":\"https:\\\/\\\/www.hughes.com\\\/cl\\\/soluciones\\\/para-la-brecha-digital\"},{\"@type\":\"ListItem\",\"position\":4,\"name\":\"Acceso a Internet\"}]},{\"@type\":\"WebSite\",\"@id\":\"https:\\\/\\\/www.hughes.com\\\/cl\\\/#website\",\"url\":\"https:\\\/\\\/www.hughes.com\\\/cl\\\/\",\"name\":\"Hughes\",\"description\":\"\",\"publisher\":{\"@id\":\"https:\\\/\\\/www.hughes.com\\\/cl\\\/#organization\"},\"potentialAction\":[{\"@type\":\"SearchAction\",\"target\":{\"@type\":\"EntryPoint\",\"urlTemplate\":\"https:\\\/\\\/www.hughes.com\\\/cl\\\/?s={search_term_string}\"},\"query-input\":{\"@type\":\"PropertyValueSpecification\",\"valueRequired\":true,\"valueName\":\"search_term_string\"}}],\"inLanguage\":\"es-CL\"},{\"@type\":\"Organization\",\"@id\":\"https:\\\/\\\/www.hughes.com\\\/cl\\\/#organization\",\"name\":\"Hughes\",\"url\":\"https:\\\/\\\/www.hughes.com\\\/cl\\\/\",\"logo\":{\"@type\":\"ImageObject\",\"inLanguage\":\"es-CL\",\"@id\":\"https:\\\/\\\/www.hughes.com\\\/cl\\\/#\\\/schema\\\/logo\\\/image\\\/\",\"url\":\"https:\\\/\\\/www.hughes.com\\\/wp-content\\\/uploads\\\/2026\\\/02\\\/HughesEchoStar_Logo.png\",\"contentUrl\":\"https:\\\/\\\/www.hughes.com\\\/wp-content\\\/uploads\\\/2026\\\/02\\\/HughesEchoStar_Logo.png\",\"width\":593,\"height\":213,\"caption\":\"Hughes\"},\"image\":{\"@id\":\"https:\\\/\\\/www.hughes.com\\\/cl\\\/#\\\/schema\\\/logo\\\/image\\\/\"},\"sameAs\":[\"https:\\\/\\\/www.facebook.com\\\/HughesConnects\\\/\",\"https:\\\/\\\/x.com\\\/HughesConnects\",\"https:\\\/\\\/www.youtube.com\\\/user\\\/HughesTV\\\/videos\",\"https:\\\/\\\/www.linkedin.com\\\/company\\\/3569\\\/admin\\\/dashboard\\\/\"]}]}<\/script>\n<!-- \/ Yoast SEO plugin. -->","yoast_head_json":{"title":"Acceso a Internet | Hughes","description":"Hughes ofrece una soluci\u00f3n r\u00e1pida y rentable para llevar conectividad a \u00e1reas rurales y remotas, aportando al cierre de la brecha digital con acceso a internet r\u00e1pido y aseuible para hogares, empresas y comunidades.","robots":{"index":"index","follow":"follow","max-snippet":"max-snippet:-1","max-image-preview":"max-image-preview:large","max-video-preview":"max-video-preview:-1"},"canonical":"https:\/\/www.hughes.com\/cl\/soluciones\/para-la-brecha-digital\/acceso-a-internet","og_locale":"es_ES","og_type":"article","og_title":"Acceso a Internet | Hughes","og_description":"Hughes ofrece una soluci\u00f3n r\u00e1pida y rentable para llevar conectividad a \u00e1reas rurales y remotas, aportando al cierre de la brecha digital con acceso a internet r\u00e1pido y aseuible para hogares, empresas y comunidades.","og_url":"https:\/\/www.hughes.com\/cl\/soluciones\/para-la-brecha-digital\/acceso-a-internet","og_site_name":"Hughes","article_publisher":"https:\/\/www.facebook.com\/HughesConnects\/","article_modified_time":"2026-02-19T02:21:54+00:00","og_image":[{"width":1200,"height":630,"url":"https:\/\/www.hughes.com\/wp-content\/uploads\/2026\/02\/HughesGlobalOpenGraph.jpg","type":"image\/jpeg"}],"twitter_card":"summary_large_image","twitter_site":"@HughesConnects","schema":{"@context":"https:\/\/schema.org","@graph":[{"@type":"WebPage","@id":"https:\/\/www.hughes.com\/cl\/soluciones\/para-la-brecha-digital\/acceso-a-internet","url":"https:\/\/www.hughes.com\/cl\/soluciones\/para-la-brecha-digital\/acceso-a-internet","name":"Acceso a Internet | Hughes","isPartOf":{"@id":"https:\/\/www.hughes.com\/cl\/#website"},"datePublished":"2025-12-22T10:09:01+00:00","dateModified":"2026-02-19T02:21:54+00:00","description":"Hughes ofrece una soluci\u00f3n r\u00e1pida y rentable para llevar conectividad a \u00e1reas rurales y remotas, aportando al cierre de la brecha digital con acceso a internet r\u00e1pido y aseuible para hogares, empresas y comunidades.","breadcrumb":{"@id":"https:\/\/www.hughes.com\/cl\/soluciones\/para-la-brecha-digital\/acceso-a-internet#breadcrumb"},"inLanguage":"es-CL","potentialAction":[{"@type":"ReadAction","target":["https:\/\/www.hughes.com\/cl\/soluciones\/para-la-brecha-digital\/acceso-a-internet"]}]},{"@type":"BreadcrumbList","@id":"https:\/\/www.hughes.com\/cl\/soluciones\/para-la-brecha-digital\/acceso-a-internet#breadcrumb","itemListElement":[{"@type":"ListItem","position":1,"name":"Home","item":"https:\/\/www.hughes.com\/cl"},{"@type":"ListItem","position":2,"name":"Soluciones","item":"https:\/\/www.hughes.com\/cl\/soluciones"},{"@type":"ListItem","position":3,"name":"Soluciones para la Brecha Digital","item":"https:\/\/www.hughes.com\/cl\/soluciones\/para-la-brecha-digital"},{"@type":"ListItem","position":4,"name":"Acceso a Internet"}]},{"@type":"WebSite","@id":"https:\/\/www.hughes.com\/cl\/#website","url":"https:\/\/www.hughes.com\/cl\/","name":"Hughes","description":"","publisher":{"@id":"https:\/\/www.hughes.com\/cl\/#organization"},"potentialAction":[{"@type":"SearchAction","target":{"@type":"EntryPoint","urlTemplate":"https:\/\/www.hughes.com\/cl\/?s={search_term_string}"},"query-input":{"@type":"PropertyValueSpecification","valueRequired":true,"valueName":"search_term_string"}}],"inLanguage":"es-CL"},{"@type":"Organization","@id":"https:\/\/www.hughes.com\/cl\/#organization","name":"Hughes","url":"https:\/\/www.hughes.com\/cl\/","logo":{"@type":"ImageObject","inLanguage":"es-CL","@id":"https:\/\/www.hughes.com\/cl\/#\/schema\/logo\/image\/","url":"https:\/\/www.hughes.com\/wp-content\/uploads\/2026\/02\/HughesEchoStar_Logo.png","contentUrl":"https:\/\/www.hughes.com\/wp-content\/uploads\/2026\/02\/HughesEchoStar_Logo.png","width":593,"height":213,"caption":"Hughes"},"image":{"@id":"https:\/\/www.hughes.com\/cl\/#\/schema\/logo\/image\/"},"sameAs":["https:\/\/www.facebook.com\/HughesConnects\/","https:\/\/x.com\/HughesConnects","https:\/\/www.youtube.com\/user\/HughesTV\/videos","https:\/\/www.linkedin.com\/company\/3569\/admin\/dashboard\/"]}]}},"_links":{"self":[{"href":"https:\/\/www.hughes.com\/cl\/wp-json\/wp\/v2\/pages\/38945","targetHints":{"allow":["GET"]}}],"collection":[{"href":"https:\/\/www.hughes.com\/cl\/wp-json\/wp\/v2\/pages"}],"about":[{"href":"https:\/\/www.hughes.com\/cl\/wp-json\/wp\/v2\/types\/page"}],"author":[{"embeddable":true,"href":"https:\/\/www.hughes.com\/cl\/wp-json\/wp\/v2\/users\/1"}],"replies":[{"embeddable":true,"href":"https:\/\/www.hughes.com\/cl\/wp-json\/wp\/v2\/comments?post=38945"}],"version-history":[{"count":0,"href":"https:\/\/www.hughes.com\/cl\/wp-json\/wp\/v2\/pages\/38945\/revisions"}],"up":[{"embeddable":true,"href":"https:\/\/www.hughes.com\/cl\/wp-json\/wp\/v2\/pages\/38939"}],"wp:attachment":[{"href":"https:\/\/www.hughes.com\/cl\/wp-json\/wp\/v2\/media?parent=38945"}],"curies":[{"name":"wp","href":"https:\/\/api.w.org\/{rel}","templated":true}]}}