{"id":38939,"date":"2025-12-22T10:05:27","date_gmt":"2025-12-22T10:05:27","guid":{"rendered":"https:\/\/hughes1stg.wpenginepowered.com\/soluciones\/para-la-brecha-digital"},"modified":"2026-02-19T02:19:03","modified_gmt":"2026-02-19T02:19:03","slug":"para-la-brecha-digital","status":"publish","type":"page","link":"https:\/\/www.hughes.com\/cl\/soluciones\/para-la-brecha-digital","title":{"rendered":"Soluciones para la Brecha Digital"},"content":{"rendered":"<!-- Solution Hero --><section class=\"solution-hero-section\">\r\n    <div class=\"shs-wrapper bg-dark border-radius-bottom-lr\">\r\n        <div class=\"shs-hero\"><div class=\"shs-bg-media\"><img src=\"https:\/\/www.hughes.com\/wp-content\/uploads\/2026\/02\/WWO-DIGITAL-DIVIDE-SOLUTIONS_0.png.webp\" srcset=\"https:\/\/www.hughes.com\/wp-content\/uploads\/2026\/02\/WWO-DIGITAL-DIVIDE-SOLUTIONS_0.png.webp 1600w, https:\/\/www.hughes.com\/wp-content\/uploads\/2026\/02\/WWO-DIGITAL-DIVIDE-SOLUTIONS_0.png-300x113.webp 300w, https:\/\/www.hughes.com\/wp-content\/uploads\/2026\/02\/WWO-DIGITAL-DIVIDE-SOLUTIONS_0.png-1024x384.webp 1024w, https:\/\/www.hughes.com\/wp-content\/uploads\/2026\/02\/WWO-DIGITAL-DIVIDE-SOLUTIONS_0.png-768x288.webp 768w, https:\/\/www.hughes.com\/wp-content\/uploads\/2026\/02\/WWO-DIGITAL-DIVIDE-SOLUTIONS_0.png-1536x576.webp 1536w\" sizes=\"(max-width: 1600px) 100vw, 1600px\" alt=\"Digital_Divide_hero-image\" class=\"\" loading=\"eager\" decoding=\"async\" width=\"1600\" height=\"600\" fetchpriority=\"high\"><\/div><div class=\"container\">\r\n                <div class=\"shs-hero-content\"><h1 class=\"h1 title\">Conecte a los no Conectados con servicios esenciales de Banda Ancha<\/h1><h2 class=\"desc\"><p>Cerrando la brecha digital para conectar a millones de personas, comunidades y negocios en todo el mundo.<\/p>\n<\/h2><\/div>\r\n            <\/div><\/div><\/div>\r\n<\/section>\n\n<!-- Two-Column Content --><section class=\"two-column-content-section space-lg-m\">\r\n        <div class=\"container\"><div class=\"tccs-row row\"><div class=\"tccs-row-left cell-md-6\"><div class=\"tccs-text-block bullet-styled\"><p>\n    Casi la mitad de la poblaci\u00f3n mundial carece de conectividad y en Hughes estamos comprometidos con aportar a cerrar la vasta brecha digital. Nuestras tecnolog\u00edas y servicios satelitales innovadores hacen posible ofrecer banda ancha incluso en \u00e1reas rurales y remotas de dif\u00edcil acceso, desde Argelia hasta Alaska y el Amazonas.\n<\/p>\n<p>\n    Para aquellos fuera del alcance de la banda ancha terrestre, el sat\u00e9lite ofrece la soluci\u00f3n ideal para proporcionar conectividad confiable. En Hughes, no s\u00f3lo inventamos el internet satelital, sino que tambi\u00e9n operamos el servicio de internet satelital l\u00edder en el mundo, Hughesnet\u00ae, conectando a millones de personas en todo el continente americano.\n<\/p>\n<p>\n    Hacemos que la tecnolog\u00eda innovadora del Sistema JUPITER\u2122 que impulsa <a href=\"https:\/\/www.hughesnet.com.cl\/\" target=\"_blank\">Hughesnet<\/a> est\u00e9 disponible para otros operadores y socios en todo el mundo para sus implementaciones satelitales. Como resultado, nuestro sistema es el est\u00e1ndar por excelencia para implementaciones satelitales, conectando a millones de usuarios en seis continentes y representando m\u00e1s del 50% &nbsp;del mercado global de Terminales de Apertura Muy Peque\u00f1a (VSAT).<\/p>\n<\/div><\/div><div class=\"tccs-row-right cell-md-6\"><div class=\"tccs-text-block bullet-styled\"><p>\n    Nuestras soluciones para el cierre de la brecha digital incluyen:\n<\/p>\n<p>\n    <a href=\"https:\/\/www.hughes.com\/cl\/soluciones\/para-la-brecha-digital\/backhaul-celular\"><strong>Backhaul Celular<\/strong><\/a><strong>:<\/strong> Para los Operadores de Redes M\u00f3viles (ORM) que intentan atender sitios remotos, el backhaul celular ofrece un medio econ\u00f3micamente viable y efectivo para interconectar estaciones base celulares, sin importar la distancia, la infraestructura o el terreno.\n<\/p>\n<p>\n    <a href=\"https:\/\/www.hughes.com\/cl\/soluciones\/para-la-brecha-digital\/wifi-comunitario\"><strong>Wi-Fi Comunitario<\/strong><\/a><strong>: <\/strong>Los operadores y gobiernos pueden llevar Wi-Fi Comunitario habilitado por sat\u00e9lite a escuelas, bibliotecas, centros comunitarios y tiendas, ofreciendo puntos de acceso compartidos en ubicaciones desatendidas.\n<\/p>\n<p>\n    <a href=\"https:\/\/www.hughes.com\/cl\/soluciones\/para-la-brecha-digital\/acceso-a-internet\"><strong>Acceso a Internet<\/strong><\/a><strong>: <\/strong>Apoyando los servicios de internet satelital en todo el continente americano y a trav\u00e9s de operadores en todo el mundo con el Sistema JUPITER de Hughes.\n<\/p>\n<p>\n    <a href=\"https:\/\/www.hughes.com\/cl\/soluciones\/para-la-brecha-digital\/conectividad-para-escuelas\"><strong>Conectividad Escolar<\/strong><\/a><strong>:<\/strong> El acceso a internet es fundamental para estudiantes, profesores y docentes por igual. Nuestras soluciones de conectividad mejoran las opciones de aprendizaje presencial y permiten el aprendizaje a distancia sin importar la ubicaci\u00f3n.<\/p>\n<\/div><\/div><\/div><\/div>\r\n    <\/section>\r\n<!-- <script>\r\nwindow.hasClicked = window.hasClicked || {};\r\njQuery(document).on('gform_confirmation_loaded', function(event, formId) {\r\n    const formBlocks = document.querySelectorAll('.two-column-content-section .tccs-form-block');\r\n\r\n    formBlocks.forEach(block => {\r\n        const thankYou = block.querySelector('.tccs-thank-you');\r\n\r\n        const leftLink = block.querySelector('[class^=\"left-redirect-link-\"]');\r\n        if(leftLink) {\r\n            const linkFormId = parseInt(leftLink.getAttribute('title'));\r\n            if(!isNaN(linkFormId) && formId === linkFormId) {\r\n                if(thankYou) thankYou.classList.remove('d-none');\r\n                const index = leftLink.className.match(\/left-redirect-link-(\\d+)\/)[1];\r\n                if(!window.hasClicked[index]) {\r\n                    window.hasClicked[index] = true;\r\n                    leftLink.click();\r\n                }\r\n            }\r\n        }\r\n\r\n        const rightLink = block.querySelector('[class^=\"right-redirect-link-\"]');\r\n        if(rightLink) {\r\n            const linkFormId = parseInt(rightLink.getAttribute('title'));\r\n            if(!isNaN(linkFormId) && formId === linkFormId) {\r\n                if(thankYou) thankYou.classList.remove('d-none');\r\n                const index = rightLink.className.match(\/right-redirect-link-(\\d+)\/)[1];\r\n                if(!window.hasClicked[index]) {\r\n                    window.hasClicked[index] = true;\r\n                    rightLink.click();\r\n                }\r\n            }\r\n        }\r\n\r\n    });\r\n});\r\n<\/script> -->\r\n","protected":false},"excerpt":{"rendered":"<p>Hughes est\u00e1 comprometido con aportar al cierre de la brecha digital con soluciones de internet satelital innovadoras y confiables. Nuestras tecnolog\u00edas conectan a millones en \u00e1reas remotas, apoyando backhaul celular, Wi-Fi comunitario, acceso a internet y conectividad escolar en todo el mundo.<\/p>\n","protected":false},"author":1,"featured_media":0,"parent":38831,"menu_order":0,"comment_status":"closed","ping_status":"closed","template":"","meta":{"_acf_changed":true,"_searchwp_excluded":"","footnotes":""},"class_list":["post-38939","page","type-page","status-publish","hentry"],"acf":[],"yoast_head":"<!-- This site is optimized with the Yoast SEO plugin v27.3 - https:\/\/yoast.com\/product\/yoast-seo-wordpress\/ -->\n<title>Soluciones para la Brecha Digital | Hughes<\/title>\n<meta name=\"description\" content=\"Hughes est\u00e1 comprometido con aportar al cierre de la brecha digital con soluciones de internet satelital innovadoras y confiables. Nuestras tecnolog\u00edas conectan a millones en \u00e1reas remotas, apoyando backhaul celular, Wi-Fi comunitario, acceso a internet y conectividad escolar en todo el mundo.\" \/>\n<meta name=\"robots\" content=\"index, follow, max-snippet:-1, max-image-preview:large, max-video-preview:-1\" \/>\n<link rel=\"canonical\" href=\"https:\/\/www.hughes.com\/cl\/soluciones\/para-la-brecha-digital\" \/>\n<meta property=\"og:locale\" content=\"es_ES\" \/>\n<meta property=\"og:type\" content=\"article\" \/>\n<meta property=\"og:title\" content=\"Soluciones para la Brecha Digital | Hughes\" \/>\n<meta property=\"og:description\" content=\"Hughes est\u00e1 comprometido con aportar al cierre de la brecha digital con soluciones de internet satelital innovadoras y confiables. Nuestras tecnolog\u00edas conectan a millones en \u00e1reas remotas, apoyando backhaul celular, Wi-Fi comunitario, acceso a internet y conectividad escolar en todo el mundo.\" \/>\n<meta property=\"og:url\" content=\"https:\/\/www.hughes.com\/cl\/soluciones\/para-la-brecha-digital\" \/>\n<meta property=\"og:site_name\" content=\"Hughes\" \/>\n<meta property=\"article:publisher\" content=\"https:\/\/www.facebook.com\/HughesConnects\/\" \/>\n<meta property=\"article:modified_time\" content=\"2026-02-19T02:19:03+00:00\" \/>\n<meta property=\"og:image\" content=\"https:\/\/www.hughes.com\/wp-content\/uploads\/2026\/02\/HughesGlobalOpenGraph.jpg\" \/>\n\t<meta property=\"og:image:width\" content=\"1200\" \/>\n\t<meta property=\"og:image:height\" content=\"630\" \/>\n\t<meta property=\"og:image:type\" content=\"image\/jpeg\" \/>\n<meta name=\"twitter:card\" content=\"summary_large_image\" \/>\n<meta name=\"twitter:site\" content=\"@HughesConnects\" \/>\n<script type=\"application\/ld+json\" class=\"yoast-schema-graph\">{\"@context\":\"https:\\\/\\\/schema.org\",\"@graph\":[{\"@type\":\"WebPage\",\"@id\":\"https:\\\/\\\/www.hughes.com\\\/cl\\\/soluciones\\\/para-la-brecha-digital\",\"url\":\"https:\\\/\\\/www.hughes.com\\\/cl\\\/soluciones\\\/para-la-brecha-digital\",\"name\":\"Soluciones para la Brecha Digital | Hughes\",\"isPartOf\":{\"@id\":\"https:\\\/\\\/www.hughes.com\\\/cl\\\/#website\"},\"datePublished\":\"2025-12-22T10:05:27+00:00\",\"dateModified\":\"2026-02-19T02:19:03+00:00\",\"description\":\"Hughes est\u00e1 comprometido con aportar al cierre de la brecha digital con soluciones de internet satelital innovadoras y confiables. Nuestras tecnolog\u00edas conectan a millones en \u00e1reas remotas, apoyando backhaul celular, Wi-Fi comunitario, acceso a internet y conectividad escolar en todo el mundo.\",\"breadcrumb\":{\"@id\":\"https:\\\/\\\/www.hughes.com\\\/cl\\\/soluciones\\\/para-la-brecha-digital#breadcrumb\"},\"inLanguage\":\"es-CL\",\"potentialAction\":[{\"@type\":\"ReadAction\",\"target\":[\"https:\\\/\\\/www.hughes.com\\\/cl\\\/soluciones\\\/para-la-brecha-digital\"]}]},{\"@type\":\"BreadcrumbList\",\"@id\":\"https:\\\/\\\/www.hughes.com\\\/cl\\\/soluciones\\\/para-la-brecha-digital#breadcrumb\",\"itemListElement\":[{\"@type\":\"ListItem\",\"position\":1,\"name\":\"Home\",\"item\":\"https:\\\/\\\/www.hughes.com\\\/cl\"},{\"@type\":\"ListItem\",\"position\":2,\"name\":\"Soluciones\",\"item\":\"https:\\\/\\\/www.hughes.com\\\/cl\\\/soluciones\"},{\"@type\":\"ListItem\",\"position\":3,\"name\":\"Soluciones para la Brecha Digital\"}]},{\"@type\":\"WebSite\",\"@id\":\"https:\\\/\\\/www.hughes.com\\\/cl\\\/#website\",\"url\":\"https:\\\/\\\/www.hughes.com\\\/cl\\\/\",\"name\":\"Hughes\",\"description\":\"\",\"publisher\":{\"@id\":\"https:\\\/\\\/www.hughes.com\\\/cl\\\/#organization\"},\"potentialAction\":[{\"@type\":\"SearchAction\",\"target\":{\"@type\":\"EntryPoint\",\"urlTemplate\":\"https:\\\/\\\/www.hughes.com\\\/cl\\\/?s={search_term_string}\"},\"query-input\":{\"@type\":\"PropertyValueSpecification\",\"valueRequired\":true,\"valueName\":\"search_term_string\"}}],\"inLanguage\":\"es-CL\"},{\"@type\":\"Organization\",\"@id\":\"https:\\\/\\\/www.hughes.com\\\/cl\\\/#organization\",\"name\":\"Hughes\",\"url\":\"https:\\\/\\\/www.hughes.com\\\/cl\\\/\",\"logo\":{\"@type\":\"ImageObject\",\"inLanguage\":\"es-CL\",\"@id\":\"https:\\\/\\\/www.hughes.com\\\/cl\\\/#\\\/schema\\\/logo\\\/image\\\/\",\"url\":\"https:\\\/\\\/www.hughes.com\\\/wp-content\\\/uploads\\\/2026\\\/02\\\/HughesEchoStar_Logo.png\",\"contentUrl\":\"https:\\\/\\\/www.hughes.com\\\/wp-content\\\/uploads\\\/2026\\\/02\\\/HughesEchoStar_Logo.png\",\"width\":593,\"height\":213,\"caption\":\"Hughes\"},\"image\":{\"@id\":\"https:\\\/\\\/www.hughes.com\\\/cl\\\/#\\\/schema\\\/logo\\\/image\\\/\"},\"sameAs\":[\"https:\\\/\\\/www.facebook.com\\\/HughesConnects\\\/\",\"https:\\\/\\\/x.com\\\/HughesConnects\",\"https:\\\/\\\/www.youtube.com\\\/user\\\/HughesTV\\\/videos\",\"https:\\\/\\\/www.linkedin.com\\\/company\\\/3569\\\/admin\\\/dashboard\\\/\"]}]}<\/script>\n<!-- \/ Yoast SEO plugin. -->","yoast_head_json":{"title":"Soluciones para la Brecha Digital | Hughes","description":"Hughes est\u00e1 comprometido con aportar al cierre de la brecha digital con soluciones de internet satelital innovadoras y confiables. Nuestras tecnolog\u00edas conectan a millones en \u00e1reas remotas, apoyando backhaul celular, Wi-Fi comunitario, acceso a internet y conectividad escolar en todo el mundo.","robots":{"index":"index","follow":"follow","max-snippet":"max-snippet:-1","max-image-preview":"max-image-preview:large","max-video-preview":"max-video-preview:-1"},"canonical":"https:\/\/www.hughes.com\/cl\/soluciones\/para-la-brecha-digital","og_locale":"es_ES","og_type":"article","og_title":"Soluciones para la Brecha Digital | Hughes","og_description":"Hughes est\u00e1 comprometido con aportar al cierre de la brecha digital con soluciones de internet satelital innovadoras y confiables. Nuestras tecnolog\u00edas conectan a millones en \u00e1reas remotas, apoyando backhaul celular, Wi-Fi comunitario, acceso a internet y conectividad escolar en todo el mundo.","og_url":"https:\/\/www.hughes.com\/cl\/soluciones\/para-la-brecha-digital","og_site_name":"Hughes","article_publisher":"https:\/\/www.facebook.com\/HughesConnects\/","article_modified_time":"2026-02-19T02:19:03+00:00","og_image":[{"width":1200,"height":630,"url":"https:\/\/www.hughes.com\/wp-content\/uploads\/2026\/02\/HughesGlobalOpenGraph.jpg","type":"image\/jpeg"}],"twitter_card":"summary_large_image","twitter_site":"@HughesConnects","schema":{"@context":"https:\/\/schema.org","@graph":[{"@type":"WebPage","@id":"https:\/\/www.hughes.com\/cl\/soluciones\/para-la-brecha-digital","url":"https:\/\/www.hughes.com\/cl\/soluciones\/para-la-brecha-digital","name":"Soluciones para la Brecha Digital | Hughes","isPartOf":{"@id":"https:\/\/www.hughes.com\/cl\/#website"},"datePublished":"2025-12-22T10:05:27+00:00","dateModified":"2026-02-19T02:19:03+00:00","description":"Hughes est\u00e1 comprometido con aportar al cierre de la brecha digital con soluciones de internet satelital innovadoras y confiables. Nuestras tecnolog\u00edas conectan a millones en \u00e1reas remotas, apoyando backhaul celular, Wi-Fi comunitario, acceso a internet y conectividad escolar en todo el mundo.","breadcrumb":{"@id":"https:\/\/www.hughes.com\/cl\/soluciones\/para-la-brecha-digital#breadcrumb"},"inLanguage":"es-CL","potentialAction":[{"@type":"ReadAction","target":["https:\/\/www.hughes.com\/cl\/soluciones\/para-la-brecha-digital"]}]},{"@type":"BreadcrumbList","@id":"https:\/\/www.hughes.com\/cl\/soluciones\/para-la-brecha-digital#breadcrumb","itemListElement":[{"@type":"ListItem","position":1,"name":"Home","item":"https:\/\/www.hughes.com\/cl"},{"@type":"ListItem","position":2,"name":"Soluciones","item":"https:\/\/www.hughes.com\/cl\/soluciones"},{"@type":"ListItem","position":3,"name":"Soluciones para la Brecha Digital"}]},{"@type":"WebSite","@id":"https:\/\/www.hughes.com\/cl\/#website","url":"https:\/\/www.hughes.com\/cl\/","name":"Hughes","description":"","publisher":{"@id":"https:\/\/www.hughes.com\/cl\/#organization"},"potentialAction":[{"@type":"SearchAction","target":{"@type":"EntryPoint","urlTemplate":"https:\/\/www.hughes.com\/cl\/?s={search_term_string}"},"query-input":{"@type":"PropertyValueSpecification","valueRequired":true,"valueName":"search_term_string"}}],"inLanguage":"es-CL"},{"@type":"Organization","@id":"https:\/\/www.hughes.com\/cl\/#organization","name":"Hughes","url":"https:\/\/www.hughes.com\/cl\/","logo":{"@type":"ImageObject","inLanguage":"es-CL","@id":"https:\/\/www.hughes.com\/cl\/#\/schema\/logo\/image\/","url":"https:\/\/www.hughes.com\/wp-content\/uploads\/2026\/02\/HughesEchoStar_Logo.png","contentUrl":"https:\/\/www.hughes.com\/wp-content\/uploads\/2026\/02\/HughesEchoStar_Logo.png","width":593,"height":213,"caption":"Hughes"},"image":{"@id":"https:\/\/www.hughes.com\/cl\/#\/schema\/logo\/image\/"},"sameAs":["https:\/\/www.facebook.com\/HughesConnects\/","https:\/\/x.com\/HughesConnects","https:\/\/www.youtube.com\/user\/HughesTV\/videos","https:\/\/www.linkedin.com\/company\/3569\/admin\/dashboard\/"]}]}},"_links":{"self":[{"href":"https:\/\/www.hughes.com\/cl\/wp-json\/wp\/v2\/pages\/38939","targetHints":{"allow":["GET"]}}],"collection":[{"href":"https:\/\/www.hughes.com\/cl\/wp-json\/wp\/v2\/pages"}],"about":[{"href":"https:\/\/www.hughes.com\/cl\/wp-json\/wp\/v2\/types\/page"}],"author":[{"embeddable":true,"href":"https:\/\/www.hughes.com\/cl\/wp-json\/wp\/v2\/users\/1"}],"replies":[{"embeddable":true,"href":"https:\/\/www.hughes.com\/cl\/wp-json\/wp\/v2\/comments?post=38939"}],"version-history":[{"count":0,"href":"https:\/\/www.hughes.com\/cl\/wp-json\/wp\/v2\/pages\/38939\/revisions"}],"up":[{"embeddable":true,"href":"https:\/\/www.hughes.com\/cl\/wp-json\/wp\/v2\/pages\/38831"}],"wp:attachment":[{"href":"https:\/\/www.hughes.com\/cl\/wp-json\/wp\/v2\/media?parent=38939"}],"curies":[{"name":"wp","href":"https:\/\/api.w.org\/{rel}","templated":true}]}}